{"id":9977,"date":"2021-03-10T16:44:47","date_gmt":"2021-03-10T15:44:47","guid":{"rendered":"https:\/\/www.abanico.de\/abanico\/?post_type=product&#038;p=9977"},"modified":"2024-08-21T08:42:07","modified_gmt":"2024-08-21T06:42:07","slug":"a-lot-tapi-tapi-3-download-de","status":"publish","type":"product","link":"https:\/\/www.abanico.de\/abanico\/shop\/download-de\/seminar-videos-download-de\/alotarnisliveonlinetraining\/a-lot-tapi-tapi-3-download-de\/","title":{"rendered":"A-LOT-Tapi-Tapi-3 &#8211; Download &#8211; DE"},"content":{"rendered":"<p><strong>Dies ist das Video vom Arnis Live-Online-Training, A-LOT, das GM Datu Dieter Kn\u00fcttel, 10. Dan Modern Arnis, zum Thema:<\/strong><\/p>\n<h4><strong>Tapi-Tapi 3: Enwaffnungen und Abanicos<\/strong><\/h4>\n<ul>\n<li><strong>Entwaffnungen im Tapi<\/strong><\/li>\n<li><strong>Entwaffnungsans\u00e4tze mit rechts und links<br \/>\n<\/strong><\/li>\n<li><strong> Abanicos aus Reverse bl\u00f6cken rechts und links<br \/>\n<\/strong><\/li>\n<\/ul>\n<p><strong>Es sind Techniken aus dem Gr\u00fcngurtprogramm des DAV<\/strong><br \/>\n<strong>Es wird die Technik, Methodik und Didaktik des Unterrichtens sowie viele Details f\u00fcr die Ausf\u00fchrung der Technik erkl\u00e4rt und demonstriert.<\/strong><\/p>\n<p><strong>Das Video hat Kapitelmarker.<\/strong><br \/>\n<strong>Erkl\u00e4rung hier: <em><a href=\"https:\/\/www.abanico.de\/abanico\/kapitel-in-download-videos\/\"><span style=\"color: #ff0000;\">Kapitelmarker<\/span><\/a><\/em><\/strong><\/p>\n<p><strong>Hier der Inhalt des Live-Trainings-Videos:<\/strong><\/p>\n<p><strong>00:00\u00a0 Vorspann<br \/>\n00:15\u00a0 Einleitung<br \/>\n00:36\u00a0 Entwaffnungen und Entwaffnungsans\u00e4tze<br \/>\n01:18\u00a0\u00a0\u00a0\u00a0 &#8211; Entwaffnungen mit rechts<br \/>\n01:23\u00a0\u00a0\u00a0\u00a0\u00a0\u00a0\u00a0\u00a0 &#8211; 1. Serie auf Angriff 1<br \/>\n01:57\u00a0\u00a0\u00a0\u00a0 &#8211; Warum Entwaffnungen im Tapi-Tapi einfach und doch anspruchsvoll sind<br \/>\n02:36\u00a0\u00a0\u00a0\u00a0 &#8211; Warum trainieren wir Entwaffnungsans\u00e4tze<br \/>\n03:12\u00a0\u00a0\u00a0\u00a0 \u00a0 \u00a0\u00a0 \u00a0\u00a0 &#8211; Entwaffnungsansatz &#8211; 1. Serie auf Angriff 1<br \/>\n06:31\u00a0\u00a0\u00a0\u00a0\u00a0\u00a0\u00a0\u00a0\u00a0\u00a0\u00a0\u00a0 &#8211; Entwaffnungsansatz 1. Serie auf Angriff 1: ohne Partner<br \/>\n08:03\u00a0\u00a0\u00a0\u00a0 \u00a0 \u00a0\u00a0 \u00a0\u00a0 &#8211; Entwaffnung 1. Serie auf Angriff 2<br \/>\n08:25\u00a0\u00a0\u00a0\u00a0\u00a0 \u00a0 \u00a0\u00a0 \u00a0 &#8211; Entwaffnungsansatz 1. Serie auf Angriff 2<br \/>\n10:58\u00a0\u00a0\u00a0\u00a0\u00a0\u00a0 \u00a0 \u00a0 \u00a0 &#8211; Entwaffnungsansatz 1. Serie auf Angriff 2: ohne Partner<br \/>\n11:32\u00a0\u00a0\u00a0\u00a0\u00a0\u00a0\u00a0\u00a0 &#8211; Entwaffnung 2. Serie auf Angriff 1<br \/>\n12:57\u00a0\u00a0\u00a0\u00a0\u00a0\u00a0\u00a0 \u00a0 \u00a0\u00a0 &#8211; Entwaffnungsansatz 2. Serie auf Angriff 1<br \/>\n15:26\u00a0\u00a0\u00a0\u00a0\u00a0\u00a0\u00a0\u00a0\u00a0\u00a0\u00a0\u00a0 &#8211; Entwaffnungsansatz 2. Serie auf Angriff 1: ohne Partner<br \/>\n15:51\u00a0\u00a0\u00a0\u00a0\u00a0\u00a0\u00a0\u00a0 &#8211; Entwaffnung 2. Serie auf Angriff 2<br \/>\n16:32\u00a0 \u00a0\u00a0\u00a0\u00a0\u00a0\u00a0\u00a0\u00a0\u00a0\u00a0 &#8211; Entwaffnungsansatz 2. Serie auf Angriff 2<br \/>\n18:39\u00a0\u00a0\u00a0\u00a0\u00a0\u00a0\u00a0\u00a0\u00a0\u00a0\u00a0\u00a0 &#8211; Entwaffnungsansatz 2. Serie auf Angriff 2: ohne Partner<br \/>\n19:07\u00a0\u00a0\u00a0\u00a0 &#8211; Entwaffnungen mit links<br \/>\n19:13\u00a0\u00a0\u00a0\u00a0\u00a0\u00a0\u00a0\u00a0 &#8211; Entwaffnung mit links 1. Serie auf Angriff 1<br \/>\n19:22\u00a0\u00a0\u00a0\u00a0\u00a0\u00a0\u00a0\u00a0\u00a0\u00a0\u00a0\u00a0 &#8211; Entwaffnungsansatz mit links 1. Serie auf Angriff 1<br \/>\n20:52\u00a0\u00a0\u00a0\u00a0\u00a0\u00a0\u00a0\u00a0\u00a0\u00a0\u00a0\u00a0 &#8211; Entwaffnungsansatz mit links 1. Serie auf Angriff 1: ohne Partner<br \/>\n21:22\u00a0\u00a0\u00a0\u00a0\u00a0\u00a0\u00a0\u00a0 &#8211; Entwaffnung mit links 1. Serie auf Angriff 2 &#8211; 2 Versionen<br \/>\n21:37\u00a0\u00a0\u00a0\u00a0\u00a0\u00a0\u00a0\u00a0\u00a0\u00a0\u00a0\u00a0 &#8211; Entwaffnungsansatz mit links 1. Serie auf Angriff 2: Version 1<br \/>\n23:00\u00a0\u00a0\u00a0\u00a0\u00a0\u00a0\u00a0\u00a0\u00a0\u00a0\u00a0\u00a0 &#8211; Entwaffnungsansatz mit links 1. Serie auf Angriff 2: Version 2<br \/>\n25:23\u00a0\u00a0\u00a0\u00a0\u00a0\u00a0\u00a0\u00a0\u00a0\u00a0\u00a0\u00a0 &#8211; Entwaffnungsansatz mit links 1. Serie auf Angriff 2, beide Versionen: ohne Partner<br \/>\n26:23\u00a0 Abanicos aus Reversebl\u00f6cken<br \/>\n26:38\u00a0\u00a0\u00a0\u00a0 &#8211; Rechts &#8211; Reverseblock: Angriff 1<br \/>\n29:27\u00a0\u00a0\u00a0\u00a0\u00a0\u00a0\u00a0\u00a0 &#8211; Rechts &#8211; Reverseblock &#8211; Angriff 1: ohne Partner<br \/>\n29:54\u00a0\u00a0\u00a0\u00a0 &#8211; Bl\u00f6cke f\u00fcr die Abanicos<br \/>\n30:59\u00a0\u00a0\u00a0\u00a0 &#8211; Rechts &#8211; Reverseblock: Angriff 2<br \/>\n31:14\u00a0\u00a0\u00a0\u00a0 &#8211; Wie der Reverseblock auf 2 ausgef\u00fchrt wird<br \/>\n33:18\u00a0\u00a0\u00a0\u00a0\u00a0\u00a0\u00a0\u00a0 &#8211; Rechts &#8211; Reverseblock &#8211; Angriff 2: ohne Partner<br \/>\n34:24\u00a0\u00a0\u00a0\u00a0 &#8211; Links &#8211; Reverseblock: Angriff 2<br \/>\n35:15\u00a0\u00a0\u00a0\u00a0\u00a0\u00a0\u00a0\u00a0 &#8211; Links &#8211; Reverseblock &#8211; Angriff 2: ohne Partner<br \/>\n35:44\u00a0\u00a0\u00a0\u00a0 &#8211; Links &#8211; Reverseblock: Angriff 1<br \/>\n36:43\u00a0\u00a0\u00a0\u00a0\u00a0\u00a0\u00a0\u00a0 &#8211; Links &#8211; Reverseblock &#8211; Angriff 1: ohne Partner<br \/>\n37:04\u00a0\u00a0\u00a0\u00a0 &#8211; Alle 4 Techniken: Abanicos aus Reversebl\u00f6cken im Fluss<br \/>\n37:27\u00a0 Fazit: Entwaffnungsans\u00e4tze und Abanicos aus Reversebl\u00f6cken<br \/>\n37:51\u00a0 Verabschiedung<br \/>\n37:54\u00a0 Abspann<br \/>\n38:21\u00a0 Ende<\/strong><\/p>\n<h4><strong>Dies alles wird im dem A-LOT (Arnis Live-Online-Training) Video detailliert erkl\u00e4rt und demonstriert.<\/strong><br \/>\n<strong>Das Arnis Live -Online- Trainings Video ist Teil der neuen Serie:\u00a0 Die \u00fcber Internet abgehaltenen Arnis Live-Online-Trainings Videos von und mit GM Datu Dieter Kn\u00fcttel, 10. Dan Modern Arnis.<\/strong><br \/>\n<strong>Nicht nur schnelle Demos, von denen es so viele auf Youtube zu sehen gibt, sondern Unterricht mit Erkl\u00e4rungen des &#8222;Was, Warum und Wie&#8220; mit vielen wichtigen Details, die bei reinen Demos verloren gehen.<\/strong><br \/>\n<strong>Videos, von denen man wirklich lernen kann.<\/strong><\/h4>\n<h4><strong><a href=\"https:\/\/www.abanico.de\/dieterknuettel\/wp\/de\/kurzbiographie\/\"><em><span style=\"color: #ff0000;\">Gro\u00dfmeister Datu Dieter Kn\u00fcttel<\/span><\/em><\/a><\/strong><br \/>\n<strong>ist Diplom-Sportlehrer, Bundestrainer f\u00fcr Modern Arnis (seit 1985) und Modern Arnis Repr\u00e4sentant f\u00fcr Europa.<\/strong><\/h4>\n<p><strong>Er unterrichtet Selbstverteidigung seit Ende der 70er Jahre in ganz Deutschland aber auch weltweit.<\/strong><\/p>\n<p><strong>1996 wurde ihm der Titel Datu und der Grad Lakan Anim, 6. Dan Modern Arnis, von Gro\u00dfmeister Remy A. Presas (10. Dan) pers\u00f6nlich als 4. Arnis-Lehrer au\u00dferhalb der Philippinen und als erstem au\u00dferhalb der USA, verliehen<\/strong><br \/>\n<strong>Nachdem er den 7., 8. und 9. Dan auf den Philippinen verliehen bekommen hatte, wurde m 24.9.2016 in Dortmund \u00f6ffentlich bekanntgegeben, dass er von Gro\u00dfmeister Roberto Presas den 10. Dan Modern Arnis verliehen bekommen hatte.<\/strong><\/p>\n<p><strong>Dieter Kn\u00fcttel betreibt Kampfsport seit 1967 und philippinische Kampfk\u00fcnste seit 1978. Er unterrichtet Modern Arnis auf Lehrg\u00e4ngen \u00fcberall in Europa, Russland, Australien und in den USA-<\/strong><\/p>\n<div class=\"avia_textblock avia_textblock_style\" data-update_with=\"content\">\n<hr \/>\n<\/div>\n","protected":false},"excerpt":{"rendered":"<h2><strong>A-LOT-Tapi-3 &#8211; Download &#8211; DE<\/strong><\/h2>\n<p><strong>Sprache: deutsch &#8211; download<\/strong><br \/>\nLaufzeit (Min.): 38<br \/>\n<strong>Produzent: ABANICO<\/strong><\/p>\n","protected":false},"featured_media":9978,"comment_status":"open","ping_status":"closed","template":"","meta":[],"product_brand":[],"product_cat":[9321,39,7329,40,685],"product_tag":[9335,9550,9040,2319,9022,1370,1372,1374,9540,9516,9231,9552,9554,1301,2217,1321,2327,2317,1376,9163,9042,1845,9225,9227,2329,9468],"class_list":{"0":"post-9977","1":"product","2":"type-product","3":"status-publish","4":"has-post-thumbnail","6":"product_cat-alotarnisliveonlinetraining","7":"product_cat-download-de","8":"product_cat-grossmeister-und-meister-des-modern-arnis","9":"product_cat-modern-arnis-download-de","10":"product_cat-seminar-videos-download-de","11":"product_tag-a-lot","12":"product_tag-abanico-aus-reversebloecken","13":"product_tag-arnis","14":"product_tag-corto","15":"product_tag-datu-dieter","16":"product_tag-dav-de","17":"product_tag-deutscher-arnis-verband-de","18":"product_tag-dieter-knuettel-de","19":"product_tag-distanzwechsel","20":"product_tag-doppel-sinawali","21":"product_tag-download-video","22":"product_tag-entwaffnungen-im-tapi","23":"product_tag-entwaffnungsansaetze","24":"product_tag-eskrima-de","25":"product_tag-kali-de","26":"product_tag-karate-de","27":"product_tag-largo-de","28":"product_tag-medio","29":"product_tag-modern-arnis-de","30":"product_tag-remy-presas","31":"product_tag-selbstschutz","32":"product_tag-selbstverteidigung-de","33":"product_tag-stickfighting","34":"product_tag-stockkampf","35":"product_tag-tapi-tapi-de","36":"product_tag-training-ohne-partner-in","38":"first","39":"instock","40":"downloadable","41":"virtual","42":"sold-individually","43":"taxable","44":"purchasable","45":"product-type-simple"},"_links":{"self":[{"href":"https:\/\/www.abanico.de\/abanico\/wp-json\/wp\/v2\/product\/9977","targetHints":{"allow":["GET"]}}],"collection":[{"href":"https:\/\/www.abanico.de\/abanico\/wp-json\/wp\/v2\/product"}],"about":[{"href":"https:\/\/www.abanico.de\/abanico\/wp-json\/wp\/v2\/types\/product"}],"replies":[{"embeddable":true,"href":"https:\/\/www.abanico.de\/abanico\/wp-json\/wp\/v2\/comments?post=9977"}],"wp:featuredmedia":[{"embeddable":true,"href":"https:\/\/www.abanico.de\/abanico\/wp-json\/wp\/v2\/media\/9978"}],"wp:attachment":[{"href":"https:\/\/www.abanico.de\/abanico\/wp-json\/wp\/v2\/media?parent=9977"}],"wp:term":[{"taxonomy":"product_brand","embeddable":true,"href":"https:\/\/www.abanico.de\/abanico\/wp-json\/wp\/v2\/product_brand?post=9977"},{"taxonomy":"product_cat","embeddable":true,"href":"https:\/\/www.abanico.de\/abanico\/wp-json\/wp\/v2\/product_cat?post=9977"},{"taxonomy":"product_tag","embeddable":true,"href":"https:\/\/www.abanico.de\/abanico\/wp-json\/wp\/v2\/product_tag?post=9977"}],"curies":[{"name":"wp","href":"https:\/\/api.w.org\/{rel}","templated":true}]}}