{"id":9850,"date":"2021-02-25T09:01:00","date_gmt":"2021-02-25T08:01:00","guid":{"rendered":"https:\/\/www.abanico.de\/abanico\/?post_type=product&#038;p=9850"},"modified":"2024-08-21T08:42:33","modified_gmt":"2024-08-21T06:42:33","slug":"a-lot-tapi-tapi-1-download-de","status":"publish","type":"product","link":"https:\/\/www.abanico.de\/abanico\/shop\/download-de\/seminar-videos-download-de\/alotarnisliveonlinetraining\/a-lot-tapi-tapi-1-download-de\/","title":{"rendered":"A-LOT-Tapi-Tapi-1 &#8211; Download &#8211; DE"},"content":{"rendered":"<p>Dies ist das Video vom Arnis Live-Online-Training, A-LOT, das GM Datu Dieter Kn\u00fcttel, 10. Dan Modern Arnis, zum Thema:<\/p>\n<h4><strong>Tapi-Tapi 1: Einf\u00fchrung und Grundlagen<br \/>\n<\/strong><\/h4>\n<ul>\n<li><strong>Was, warum und wie<br \/>\n<\/strong><\/li>\n<li><strong>Largo und Medio<br \/>\n<\/strong><\/li>\n<li><strong>Distanzwechsel<br \/>\n<\/strong><\/li>\n<li><strong>Den Fluss etablieren<br \/>\n<\/strong><\/li>\n<li><strong>Viele Hinweise f\u00fcr Trainer\/innen f\u00fcr den Unterricht <\/strong><\/li>\n<li><strong>u.v.m.<\/strong><\/li>\n<\/ul>\n<p>abgehalten hat.<\/p>\n<p>Es wird die Technik, Methodik und Didaktik des Unterrichtens sowie viele Details f\u00fcr die Ausf\u00fchrung der Technik erkl\u00e4rt und demonstriert.<\/p>\n<p>Das Video hat Kapitelmarker.<br \/>\nErkl\u00e4rung hier: <span style=\"color: #ff0000;\"><em><strong><a style=\"color: #ff0000;\" href=\"https:\/\/www.abanico.de\/abanico\/kapitel-in-download-videos\/\">Kapitelmarker<\/a><\/strong><\/em><\/span><\/p>\n<p>Hier der Inhalt des Videos:<\/p>\n<p>00:00\u00a0 Vorspann<br \/>\n00:15\u00a0 Einleitung<br \/>\n00:27\u00a0 Was ist Tapi-Tapi?<br \/>\n00:42 \u00a0\u00a0\u00a0 &#8211; Woher eventuelle Probleme beim Unterrichten kommen.<br \/>\n01:25\u00a0\u00a0\u00a0\u00a0 &#8211; F\u00fchrender &#8211; Gef\u00fchrter<br \/>\n01:51\u00a0\u00a0\u00a0\u00a0 &#8211; Ausf\u00fchrung des Tapi-Tapi am Anfang<br \/>\n02:27\u00a0 Definition: Largo &#8211; Medio &#8211; Corto<br \/>\n03:04\u00a0 Largo<br \/>\n03:11\u00a0\u00a0\u00a0\u00a0 &#8211; Single Sinawali mit rechts und links<br \/>\n04:46\u00a0 Medio<br \/>\n04:56\u00a0\u00a0\u00a0\u00a0 &#8211; Die 12 Angriffe: normale Reihenfolge<br \/>\n05:35\u00a0\u00a0\u00a0\u00a0 &#8211; Die 12 Angriffe: Tapi-Tapi Reihenfolge<br \/>\n05:53\u00a0\u00a0\u00a0\u00a0 &#8211; Die 2 Regeln<br \/>\n05:59\u00a0\u00a0\u00a0\u00a0\u00a0\u00a0\u00a0\u00a0 &#8211; Regel f\u00fcr den F\u00fchrenden<br \/>\n06:52\u00a0\u00a0\u00a0\u00a0\u00a0\u00a0\u00a0\u00a0 &#8211; Regel f\u00fcr den Gef\u00fchrten<br \/>\n07:43\u00a0\u00a0\u00a0\u00a0 &#8211; Warum eine andere Reihenfolge der Angriffe im Tapi-Tapi?<br \/>\n10:11\u00a0\u00a0\u00a0\u00a0 &#8211; 12 Angriffe Tapi-Tapi: ohne Partner<br \/>\n10:32\u00a0\u00a0\u00a0\u00a0 &#8211; Die 12 Angriffe: aufgel\u00f6ste Reihenfolge<br \/>\n11:35\u00a0\u00a0\u00a0\u00a0 &#8211; Die Bl\u00f6cke im Tapi-Tapi<br \/>\n13:12\u00a0\u00a0\u00a0\u00a0 &#8211; Bedeutung der Single Sinawali Schl\u00e4ge<br \/>\n13:35\u00a0\u00a0\u00a0\u00a0 &#8211; 2 verschiedene Bl\u00f6cke auf Stich 5<br \/>\n13:39\u00a0\u00a0\u00a0\u00a0\u00a0\u00a0\u00a0\u00a0 &#8211; Standard<br \/>\n14:01\u00a0\u00a0\u00a0\u00a0\u00a0\u00a0\u00a0\u00a0 &#8211; Drop stick<br \/>\n15:12\u00a0\u00a0\u00a0\u00a0 &#8211; Position und Funktion der freien Hand<br \/>\n16:06\u00a0\u00a0\u00a0\u00a0 &#8211; Probleme, wenn Anf\u00e4nger miteinander Tapi-Tapi machen<br \/>\n17:07\u00a0\u00a0\u00a0\u00a0\u00a0\u00a0\u00a0\u00a0 &#8211; Signale geben<br \/>\n18:19\u00a0\u00a0\u00a0\u00a0\u00a0\u00a0\u00a0\u00a0 &#8211; Eindeutige Signale geben<br \/>\n20:37\u00a0\u00a0\u00a0\u00a0\u00a0\u00a0\u00a0\u00a0 &#8211; Eindeutige Signale im Tapi-Tapi<br \/>\n21:09\u00a0\u00a0\u00a0\u00a0\u00a0\u00a0\u00a0\u00a0 &#8211; Eindeutige Signale im t\u00e4glichen Leben, z.B. im Stra\u00dfenverkehr<br \/>\n22:24\u00a0\u00a0\u00a0\u00a0\u00a0\u00a0\u00a0\u00a0 &#8211; Eindeutige Signale mit dem Blick, dem K\u00f6rper und dem Arm geben<br \/>\n23:16\u00a0\u00a0\u00a0\u00a0 &#8211; Ein Ziel des Tapi-Tapi<br \/>\n24:01\u00a0\u00a0\u00a0\u00a0 &#8211; Korrekt schlagen<br \/>\n27:00\u00a0\u00a0\u00a0\u00a0 &#8211; Ausf\u00fchrung am Anfang: Langsam und leicht &#8211; aber richtig<br \/>\n27:39\u00a0\u00a0\u00a0\u00a0 &#8211; Warum eindeutige Signale geben<br \/>\n28:24\u00a0\u00a0\u00a0\u00a0 &#8211; Wenn Regeln gebrochen werden<br \/>\n29:07\u00a0 &#8211; Distanzwechsel<br \/>\n29:14\u00a0\u00a0\u00a0\u00a0 &#8211; Wechsel von Medio zu Largo<br \/>\n30:16\u00a0\u00a0\u00a0\u00a0\u00a0\u00a0\u00a0\u00a0 &#8211; Distanzwechsel durch Gleitschritt raus = 1\/2 Pendelschritt<br \/>\n31:54\u00a0\u00a0\u00a0\u00a0\u00a0\u00a0\u00a0\u00a0 &#8211; Wechsel von Medio zu Largo: ohne Partner<br \/>\n32:07\u00a0\u00a0\u00a0\u00a0 &#8211; Wechsel von Largo zu Medio<br \/>\n32:55 \u00a0 \u00a0 \u00a0 \u00a0 &#8211; Wie der Wechsel von Medio zu Largo ausgef\u00fchrt wird<br \/>\n33:38\u00a0\u00a0\u00a0\u00a0\u00a0\u00a0\u00a0\u00a0 &#8211; Reingehen bei Schlag 2<br \/>\n33:52\u00a0\u00a0\u00a0\u00a0\u00a0\u00a0\u00a0\u00a0 &#8211; Was ist ein Schutzreflex?<br \/>\n34:49\u00a0\u00a0\u00a0\u00a0\u00a0\u00a0\u00a0\u00a0\u00a0\u00a0\u00a0\u00a0 &#8211; Wie l\u00f6se ich beim Partner einen Schutzreflex aus?<br \/>\n37:26\u00a0\u00a0\u00a0\u00a0\u00a0\u00a0\u00a0\u00a0 &#8211; Distanzwechsel durch Gleitschritt rein = 1\/2 Pendelschritt<br \/>\n38:09\u00a0\u00a0\u00a0\u00a0\u00a0\u00a0\u00a0\u00a0 &#8211; Stich 7 wird durch die Single Sinawali Ausholbewegung geblockt<br \/>\n39:03\u00a0\u00a0\u00a0\u00a0\u00a0\u00a0\u00a0\u00a0 &#8211; Alternativer Largo &#8211; Medio Eingang mit Stich 5<br \/>\n39:33\u00a0\u00a0\u00a0\u00a0\u00a0\u00a0\u00a0\u00a0 &#8211; Alternativer Largo &#8211; Medio Eingang nach Schlag 1 mit Stich 6<br \/>\n39:59\u00a0\u00a0\u00a0\u00a0\u00a0\u00a0\u00a0\u00a0 &#8211; Fazit: 3 verschiedene Largo &#8211; Medio Eing\u00e4nge<br \/>\n40:29\u00a0\u00a0\u00a0\u00a0\u00a0\u00a0\u00a0\u00a0 &#8211; 3 verschiedene Largo &#8211; Medio Eing\u00e4nge: ohne Partner<br \/>\n41:05\u00a0\u00a0\u00a0\u00a0 &#8211; Warum kann es im Medio bei Schlag 8 und 9 zu Problemen kommen?<br \/>\n43:21\u00a0\u00a0\u00a0\u00a0 &#8211; Handwechsel im Single Sinawali<br \/>\n43:40\u00a0\u00a0\u00a0\u00a0\u00a0\u00a0\u00a0\u00a0 &#8211; Klassischer Handwechsel<br \/>\n43:49\u00a0\u00a0\u00a0\u00a0\u00a0\u00a0\u00a0\u00a0 &#8211; Modern Handwechsel<br \/>\n44:43\u00a0\u00a0\u00a0\u00a0\u00a0\u00a0\u00a0\u00a0 &#8211; Klassischer Handwechsel im Tapi-Tapi<br \/>\n45:10\u00a0\u00a0\u00a0\u00a0\u00a0\u00a0\u00a0\u00a0\u00a0\u00a0\u00a0\u00a0 &#8211; \u00dcberlappender Griff beim klassischen Handwechsel<br \/>\n45:53\u00a0\u00a0\u00a0\u00a0 &#8211; Distanzwechsel Largo &#8211; Medio, Stock in der linken Hand<br \/>\n46:13\u00a0\u00a0\u00a0\u00a0\u00a0\u00a0\u00a0\u00a0 &#8211; Medio 12 Sch\u00e4ge: aufgel\u00f6ste Reihenfolge mit Stock in der linken Hand<br \/>\n46:23\u00a0\u00a0\u00a0\u00a0\u00a0\u00a0\u00a0\u00a0 &#8211; Flow Largo &#8211; Medio rechts und links mit Handwechsel im Sinawali<br \/>\n47:19\u00a0 Das ist noch kein Tapi-Tapi???<br \/>\n47:26\u00a0 Was Tapi-Tapi bedeutet<br \/>\n47:36\u00a0 Der Flow: Etablierung des Flusses<br \/>\n49:43\u00a0 Verabschiedung<br \/>\n49:54\u00a0 Abspann<br \/>\n50:21\u00a0 Ende<\/p>\n<div class=\"avia_textblock avia_textblock_style\" data-update_with=\"content\">\n<h3>Trailer<\/h3>\n<div style=\"width: 640px;\" class=\"wp-video\"><video class=\"wp-video-shortcode\" id=\"video-9850-1\" width=\"640\" height=\"360\" preload=\"metadata\" controls=\"controls\"><source type=\"video\/mp4\" src=\"https:\/\/www.abanico.de\/abanico\/wp-content\/files\/trailer\/A-LOT-Modern-Arnis-Tapi-Tapi-1.mp4?_=1\" \/><a href=\"https:\/\/www.abanico.de\/abanico\/wp-content\/files\/trailer\/A-LOT-Modern-Arnis-Tapi-Tapi-1.mp4\">https:\/\/www.abanico.de\/abanico\/wp-content\/files\/trailer\/A-LOT-Modern-Arnis-Tapi-Tapi-1.mp4<\/a><\/video><\/div>\n<\/div>\n<h4>Dies alles wird im dem A-LOT (Arnis Live-Online-Training) Video detailliert erkl\u00e4rt und demonstriert.<br \/>\nDas Arnis Live -Online- Trainings Video ist Teil der neuen Serie:\u00a0 Die \u00fcber Internet abgehaltenen Arnis Live-Online-Trainings Videos von und mit GM Datu Dieter Kn\u00fcttel, 10. Dan Modern Arnis.<br \/>\nNicht nur schnelle Demos, von denen es so viele auf Youtube zu sehen gibt, sondern Unterricht mit Erkl\u00e4rungen des &#8222;Was, Warum und Wie&#8220; mit vielen wichtigen Details, die bei reinen Demos verloren gehen.<br \/>\n<strong>Videos, von denen man wirklich lernen kann.<\/strong><\/h4>\n<div class=\"avia_textblock avia_textblock_style\" data-update_with=\"content\">\n<hr \/>\n<\/div>\n<h4><a href=\"https:\/\/www.abanico.de\/dieterknuettel\/wp\/de\/kurzbiographie\/\"><strong><span style=\"color: #ff0000;\"><em>Gro\u00dfmeister Datu Dieter Kn\u00fcttel<\/em><\/span><\/strong><\/a><br \/>\nist Diplom-Sportlehrer, Bundestrainer f\u00fcr Modern Arnis (seit 1985) und Modern Arnis Repr\u00e4sentant f\u00fcr Europa.<\/h4>\n<p>Er unterrichtet Selbstverteidigung seit Ende der 70er Jahre in ganz Deutschland aber auch weltweit.<\/p>\n<p>1996 wurde ihm der Titel Datu und der Grad Lakan Anim, 6. Dan Modern Arnis, von Gro\u00dfmeister Remy A. Presas (10. Dan) pers\u00f6nlich als 4. Arnis-Lehrer au\u00dferhalb der Philippinen und als erstem au\u00dferhalb der USA, verliehen<br \/>\nNachdem er den 7., 8. und 9. Dan auf den Philippinen verliehen bekommen hatte, wurde m 24.9.2016 in Dortmund \u00f6ffentlich bekanntgegeben, dass er von Gro\u00dfmeister Roberto Presas den 10. Dan Modern Arnis verliehen bekommen hatte.<\/p>\n<p>Dieter Kn\u00fcttel betreibt Kampfsport seit 1967 und philippinische Kampfk\u00fcnste seit 1978. Er unterrichtet Modern Arnis auf Lehrg\u00e4ngen \u00fcberall in Europa, Russland, Australien und in den USA-<\/p>\n<div class=\"avia_textblock avia_textblock_style\" data-update_with=\"content\">\n<hr \/>\n<\/div>\n","protected":false},"excerpt":{"rendered":"<h2><strong>A-LOT-Tapi-1 &#8211; Download &#8211; DE<\/strong><\/h2>\n<p><strong>Sprache: deutsch &#8211; download<\/strong><br \/>\nLaufzeit (Min.): 50<br \/>\n<strong>Produzent: ABANICO<\/strong><\/p>\n","protected":false},"featured_media":9852,"comment_status":"open","ping_status":"closed","template":"","meta":[],"product_brand":[],"product_cat":[9321,39,7329,40,685],"product_tag":[9524,9076,913,9040,2319,9022,1370,1372,1374,9516,3644,9231,9460,1301,9480,9396,9223,2217,1321,2327,9325,9323,2317,1376,9458,7618,9163,9042,1845,9229,7596,9522,3646,9478,9225,9464,9466,9227,9490,1847,2329,9468,1708,9406],"class_list":{"0":"post-9850","1":"product","2":"type-product","3":"status-publish","4":"has-post-thumbnail","6":"product_cat-alotarnisliveonlinetraining","7":"product_cat-download-de","8":"product_cat-grossmeister-und-meister-des-modern-arnis","9":"product_cat-modern-arnis-download-de","10":"product_cat-seminar-videos-download-de","11":"product_tag-5-grundvariationen","12":"product_tag-angriffe-anbwehren","13":"product_tag-anwendungen-de","14":"product_tag-arnis","15":"product_tag-corto","16":"product_tag-datu-dieter","17":"product_tag-dav-de","18":"product_tag-deutscher-arnis-verband-de","19":"product_tag-dieter-knuettel-de","20":"product_tag-doppel-sinawali","21":"product_tag-double-sinawali-de","22":"product_tag-download-video","23":"product_tag-effizienz","24":"product_tag-eskrima-de","25":"product_tag-freie-hand","26":"product_tag-grundlagen-einzelstock","27":"product_tag-handwechsel","28":"product_tag-kali-de","29":"product_tag-karate-de","30":"product_tag-largo-de","31":"product_tag-live-video-training","32":"product_tag-lvt","33":"product_tag-medio","34":"product_tag-modern-arnis-de","35":"product_tag-oekonomie-der-bewegung","36":"product_tag-realistische-selbstverteidigung","37":"product_tag-remy-presas","38":"product_tag-selbstschutz","39":"product_tag-selbstverteidigung-de","40":"product_tag-seminar-video","41":"product_tag-sinawali-de","42":"product_tag-sinawali-grundvariationen","43":"product_tag-single-sinawali-de","44":"product_tag-snake-circle","45":"product_tag-stickfighting","46":"product_tag-stock-stock","47":"product_tag-stock-waffenlos","48":"product_tag-stockkampf","49":"product_tag-strip","50":"product_tag-sv-de","51":"product_tag-tapi-tapi-de","52":"product_tag-training-ohne-partner-in","53":"product_tag-verteidigung-de","54":"product_tag-waffenlose-boecke","56":"first","57":"instock","58":"downloadable","59":"virtual","60":"sold-individually","61":"taxable","62":"purchasable","63":"product-type-simple"},"_links":{"self":[{"href":"https:\/\/www.abanico.de\/abanico\/wp-json\/wp\/v2\/product\/9850","targetHints":{"allow":["GET"]}}],"collection":[{"href":"https:\/\/www.abanico.de\/abanico\/wp-json\/wp\/v2\/product"}],"about":[{"href":"https:\/\/www.abanico.de\/abanico\/wp-json\/wp\/v2\/types\/product"}],"replies":[{"embeddable":true,"href":"https:\/\/www.abanico.de\/abanico\/wp-json\/wp\/v2\/comments?post=9850"}],"wp:featuredmedia":[{"embeddable":true,"href":"https:\/\/www.abanico.de\/abanico\/wp-json\/wp\/v2\/media\/9852"}],"wp:attachment":[{"href":"https:\/\/www.abanico.de\/abanico\/wp-json\/wp\/v2\/media?parent=9850"}],"wp:term":[{"taxonomy":"product_brand","embeddable":true,"href":"https:\/\/www.abanico.de\/abanico\/wp-json\/wp\/v2\/product_brand?post=9850"},{"taxonomy":"product_cat","embeddable":true,"href":"https:\/\/www.abanico.de\/abanico\/wp-json\/wp\/v2\/product_cat?post=9850"},{"taxonomy":"product_tag","embeddable":true,"href":"https:\/\/www.abanico.de\/abanico\/wp-json\/wp\/v2\/product_tag?post=9850"}],"curies":[{"name":"wp","href":"https:\/\/api.w.org\/{rel}","templated":true}]}}