{"id":9789,"date":"2021-02-17T16:48:25","date_gmt":"2021-02-17T15:48:25","guid":{"rendered":"https:\/\/www.abanico.de\/abanico\/?post_type=product&#038;p=9789"},"modified":"2024-08-21T08:42:47","modified_gmt":"2024-08-21T06:42:47","slug":"a-lot-sinawali-5-download-de","status":"publish","type":"product","link":"https:\/\/www.abanico.de\/abanico\/shop\/download-de\/seminar-videos-download-de\/alotarnisliveonlinetraining\/a-lot-sinawali-5-download-de\/","title":{"rendered":"A-LOT-Sinawali-5 &#8211; Download &#8211; DE"},"content":{"rendered":"<p>Dies ist das Video vom Arnis Live-Online-Training, A-LOT, das GM Datu Dieter Kn\u00fcttel, 10. Dan Modern Arnis, zum Thema:<\/p>\n<h4><strong>Sinawali 5: Doppel Sinawali 2<br \/>\n<\/strong><\/h4>\n<ul>\n<li><strong>Schlagen auf einen Gegenstand<br \/>\n<\/strong><\/li>\n<li><strong>1 Stock gegen 2 St\u00f6cke<br \/>\n<\/strong><\/li>\n<li><strong>Beinarbeit<\/strong>\n<ul>\n<li><strong>Pendelschritt<\/strong><\/li>\n<li><strong>V-Schritt<\/strong><\/li>\n<li><strong>A-Schritt<\/strong><\/li>\n<\/ul>\n<\/li>\n<li><strong>Anwendungen<br \/>\n<\/strong><\/p>\n<ul>\n<li><strong>2 St\u00f6cke gegen Stockangriff\u00a0<\/strong><\/li>\n<li><strong>1 Stock gegen Stockangriff <\/strong><\/li>\n<li><strong>waffenlos gegen Stockangriff<\/strong><\/li>\n<li><strong>waffenlos gegen Faustangriff<\/strong><\/li>\n<\/ul>\n<\/li>\n<\/ul>\n<p>abgehalten hat.<\/p>\n<p>Es wird die Technik, Methodik und Didaktik des Unterrichtens sowie viele Details f\u00fcr die Ausf\u00fchrung der Technik erkl\u00e4rt und demonstriert.<\/p>\n<p>Das Video hat Kapitelmarker.<br \/>\nErkl\u00e4rung hier: <span style=\"color: #ff0000;\"><em><strong><a style=\"color: #ff0000;\" href=\"https:\/\/www.abanico.de\/abanico\/kapitel-in-download-videos\/\">Kapitelmarker<\/a><\/strong><\/em><\/span><\/p>\n<p>Hier der Inhalt des Live-Trainings-Videos:<\/p>\n<p>00:00\u00a0 Vorspann<br \/>\n00:14\u00a0 Einleitung<br \/>\n01:09\u00a0 Schlagtechnik beim schlagen auf einen Gegenstand<br \/>\n02:49\u00a0 Ausf\u00fchrung Doppel Sinawali 2 St\u00f6cke gegen 2 St\u00f6cke<br \/>\n03:46\u00a0 Doppel Sinawali: 1 Stock gegen 2 St\u00f6cke<br \/>\n03:51\u00a0\u00a0\u00a0\u00a0\u00a0 &#8211; Die Ausf\u00fchrung<br \/>\n04:15 \u00a0\u00a0\u00a0 &#8211; Das Problem<br \/>\n05:06 \u00a0\u00a0\u00a0 &#8211; Die L\u00f6sung<br \/>\n08:00\u00a0 Beinarbeit<br \/>\n08:09 \u00a0\u00a0\u00a0 &#8211; Pendelschritt<br \/>\n09:10 \u00a0\u00a0\u00a0 &#8211; Pendelschritt mit ganzem Schritt &#8211; nonverbale Kommunikation<br \/>\n12:37 \u00a0\u00a0\u00a0 &#8211; Offener V-Schritt<br \/>\n13:34 \u00a0\u00a0\u00a0 \u00a0\u00a0\u00a0 &#8211; Zuordnung der Schl\u00e4ge zu den Schritten<br \/>\n17:18 \u00a0\u00a0\u00a0 \u00a0\u00a0\u00a0 &#8211; Warum V-Schritt?<br \/>\n18:31 \u00a0\u00a0\u00a0 &#8211; Geschlossener V-Schritt<br \/>\n19:10 \u00a0\u00a0\u00a0 &#8211; Offener A-Schritt<br \/>\n20:09 \u00a0\u00a0\u00a0 &#8211; Mit Partner: V und V-Schritt &#8211; V und A-Schritt<br \/>\n21:31\u00a0 Anwendungen<br \/>\n21:44 \u00a0\u00a0\u00a0 &#8211; Grundlegendes zur Verteidigung mit Doppel Sinawali<br \/>\n22:24 \u00a0\u00a0\u00a0 &#8211; Verteidigung 2 St\u00f6cke gegen Stockangriff<br \/>\n22:32 \u00a0\u00a0\u00a0 \u00a0\u00a0\u00a0 &#8211; 2 St\u00f6cke &#8211; Variation 1<br \/>\n24:11 \u00a0\u00a0 \u00a0\u00a0\u00a0 &#8211; 2 St\u00f6cke &#8211; Variation 2<br \/>\n24:57 \u00a0\u00a0\u00a0 \u00a0\u00a0\u00a0 &#8211; 2 St\u00f6cke &#8211; Variation 3<br \/>\n25:55 \u00a0\u00a0\u00a0 &#8211; Verteidigung 1 Stock gegen Stockangriff<br \/>\n26:04 \u00a0\u00a0\u00a0 \u00a0\u00a0\u00a0 &#8211; 1 Stock &#8211; Stock &#8211; Angriff 1: Variation 1<br \/>\n26:18 \u00a0\u00a0\u00a0 \u00a0\u00a0\u00a0 &#8211; 1 Stock &#8211; Stock &#8211; Angriff 1: Variation 2<br \/>\n26:48 \u00a0\u00a0\u00a0 \u00a0\u00a0\u00a0 &#8211; 1 Stock &#8211; Stock &#8211; Angriff 2: Variation 1<br \/>\n27:20 \u00a0 \u00a0\u00a0\u00a0 \u00a0 &#8211; 1 Stock &#8211; Stock &#8211; Angriff 2: Variation 2<br \/>\n27:59 \u00a0\u00a0\u00a0 \u00a0\u00a0\u00a0 &#8211; Angriff 1 + 2: Verschiedene Folgetechniken<br \/>\n29:44 \u00a0\u00a0\u00a0 &#8211; Verteidigung Waffenlos gegen Stockangriff<br \/>\n29:58 \u00a0\u00a0\u00a0 \u00a0\u00a0\u00a0 &#8211; Waffenlos &#8211; Stock &#8211; Angriff 1: Variation 1<br \/>\n30:52 \u00a0\u00a0\u00a0 \u00a0\u00a0\u00a0 &#8211; Waffenlos &#8211; Stock &#8211; Angriff 1: Variation 2<br \/>\n31:53 \u00a0\u00a0\u00a0 \u00a0\u00a0\u00a0 &#8211; Waffenlos &#8211; Stock &#8211; Angriff 1: Variation 3<br \/>\n32:32 \u00a0\u00a0\u00a0 \u00a0\u00a0\u00a0 &#8211; Waffenlos &#8211; Stock &#8211; Angriff 2: Variation 1<br \/>\n33:15 \u00a0\u00a0\u00a0 \u00a0\u00a0\u00a0 &#8211; Waffenlos &#8211; Stock &#8211; Angriff 2: Variation 2<br \/>\n34:07 \u00a0\u00a0\u00a0 &#8211; Verteidigung Waffenlos gegen Faustangriff<br \/>\n34:12 \u00a0\u00a0\u00a0 \u00a0\u00a0\u00a0 &#8211; Waffenlos &#8211; Faust: Variation 1<br \/>\n35:16 \u00a0\u00a0\u00a0 \u00a0\u00a0\u00a0 &#8211; Waffenlos &#8211; Faust: Variation 2 und mehr<br \/>\n37:28\u00a0 Verabschiedung<br \/>\n37:32\u00a0 Abspann<br \/>\n38:00\u00a0 Ende<\/p>\n<h4>Dies alles wird im dem A-LOT (Arnis Live-Online-Training) Video detailliert erkl\u00e4rt und demonstriert.<br \/>\nDas Arnis Live -Online- Trainings Video ist Teil der neuen Serie:\u00a0 Die \u00fcber Internet abgehaltenen Arnis Live-Online-Trainings Videos von und mit GM Datu Dieter Kn\u00fcttel, 10. Dan Modern Arnis.<br \/>\nNicht nur schnelle Demos, von denen es so viele auf Youtube zu sehen gibt, sondern Unterricht mit Erkl\u00e4rungen des &#8222;Was, Warum und Wie&#8220; mit vielen wichtigen Details, die bei reinen Demos verloren gehen.<br \/>\n<strong>Videos, von denen man wirklich lernen kann.<\/strong><\/h4>\n<h4><a href=\"https:\/\/www.abanico.de\/dieterknuettel\/wp\/de\/kurzbiographie\/\"><strong><span style=\"color: #ff0000;\"><em>Gro\u00dfmeister Datu Dieter Kn\u00fcttel<\/em><\/span><\/strong><\/a><br \/>\nist Diplom-Sportlehrer, Bundestrainer f\u00fcr Modern Arnis (seit 1985) und Modern Arnis Repr\u00e4sentant f\u00fcr Europa.<\/h4>\n<p>Er unterrichtet Selbstverteidigung seit Ende der 70er Jahre in ganz Deutschland aber auch weltweit.<\/p>\n<p>1996 wurde ihm der Titel Datu und der Grad Lakan Anim, 6. Dan Modern Arnis, von Gro\u00dfmeister Remy A. Presas (10. Dan) pers\u00f6nlich als 4. Arnis-Lehrer au\u00dferhalb der Philippinen und als erstem au\u00dferhalb der USA, verliehen<br \/>\nNachdem er den 7., 8. und 9. Dan auf den Philippinen verliehen bekommen hatte, wurde m 24.9.2016 in Dortmund \u00f6ffentlich bekanntgegeben, dass er von Gro\u00dfmeister Roberto Presas den 10. Dan Modern Arnis verliehen bekommen hatte.<\/p>\n<p>Dieter Kn\u00fcttel betreibt Kampfsport seit 1967 und philippinische Kampfk\u00fcnste seit 1978. Er unterrichtet Modern Arnis auf Lehrg\u00e4ngen \u00fcberall in Europa, Russland, Australien und in den USA-<\/p>\n<div class=\"avia_textblock avia_textblock_style\" data-update_with=\"content\">\n<hr \/>\n<\/div>\n","protected":false},"excerpt":{"rendered":"<h2><strong>A-LOT-Sinawali &#8211; 5 &#8211; Download &#8211; DE<\/strong><\/h2>\n<p><strong>Sprache: deutsch &#8211; download<\/strong><br \/>\nLaufzeit (Min.): 38<br \/>\n<strong>Produzent: ABANICO<\/strong><\/p>\n","protected":false},"featured_media":9790,"comment_status":"open","ping_status":"closed","template":"","meta":[],"product_brand":[],"product_cat":[9321,39,7329,40,685],"product_tag":[9076,913,9040,2319,9022,1370,1372,1374,9516,3644,9231,9460,1301,9480,9396,9223,2217,1321,2327,9325,9323,2317,1376,9458,7618,9163,9042,1845,9229,7596,3646,9478,9225,9464,9466,9227,9490,1847,2329,9468,1708,9406],"class_list":{"0":"post-9789","1":"product","2":"type-product","3":"status-publish","4":"has-post-thumbnail","6":"product_cat-alotarnisliveonlinetraining","7":"product_cat-download-de","8":"product_cat-grossmeister-und-meister-des-modern-arnis","9":"product_cat-modern-arnis-download-de","10":"product_cat-seminar-videos-download-de","11":"product_tag-angriffe-anbwehren","12":"product_tag-anwendungen-de","13":"product_tag-arnis","14":"product_tag-corto","15":"product_tag-datu-dieter","16":"product_tag-dav-de","17":"product_tag-deutscher-arnis-verband-de","18":"product_tag-dieter-knuettel-de","19":"product_tag-doppel-sinawali","20":"product_tag-double-sinawali-de","21":"product_tag-download-video","22":"product_tag-effizienz","23":"product_tag-eskrima-de","24":"product_tag-freie-hand","25":"product_tag-grundlagen-einzelstock","26":"product_tag-handwechsel","27":"product_tag-kali-de","28":"product_tag-karate-de","29":"product_tag-largo-de","30":"product_tag-live-video-training","31":"product_tag-lvt","32":"product_tag-medio","33":"product_tag-modern-arnis-de","34":"product_tag-oekonomie-der-bewegung","35":"product_tag-realistische-selbstverteidigung","36":"product_tag-remy-presas","37":"product_tag-selbstschutz","38":"product_tag-selbstverteidigung-de","39":"product_tag-seminar-video","40":"product_tag-sinawali-de","41":"product_tag-single-sinawali-de","42":"product_tag-snake-circle","43":"product_tag-stickfighting","44":"product_tag-stock-stock","45":"product_tag-stock-waffenlos","46":"product_tag-stockkampf","47":"product_tag-strip","48":"product_tag-sv-de","49":"product_tag-tapi-tapi-de","50":"product_tag-training-ohne-partner-in","51":"product_tag-verteidigung-de","52":"product_tag-waffenlose-boecke","54":"first","55":"instock","56":"downloadable","57":"virtual","58":"sold-individually","59":"taxable","60":"purchasable","61":"product-type-simple"},"_links":{"self":[{"href":"https:\/\/www.abanico.de\/abanico\/wp-json\/wp\/v2\/product\/9789","targetHints":{"allow":["GET"]}}],"collection":[{"href":"https:\/\/www.abanico.de\/abanico\/wp-json\/wp\/v2\/product"}],"about":[{"href":"https:\/\/www.abanico.de\/abanico\/wp-json\/wp\/v2\/types\/product"}],"replies":[{"embeddable":true,"href":"https:\/\/www.abanico.de\/abanico\/wp-json\/wp\/v2\/comments?post=9789"}],"wp:featuredmedia":[{"embeddable":true,"href":"https:\/\/www.abanico.de\/abanico\/wp-json\/wp\/v2\/media\/9790"}],"wp:attachment":[{"href":"https:\/\/www.abanico.de\/abanico\/wp-json\/wp\/v2\/media?parent=9789"}],"wp:term":[{"taxonomy":"product_brand","embeddable":true,"href":"https:\/\/www.abanico.de\/abanico\/wp-json\/wp\/v2\/product_brand?post=9789"},{"taxonomy":"product_cat","embeddable":true,"href":"https:\/\/www.abanico.de\/abanico\/wp-json\/wp\/v2\/product_cat?post=9789"},{"taxonomy":"product_tag","embeddable":true,"href":"https:\/\/www.abanico.de\/abanico\/wp-json\/wp\/v2\/product_tag?post=9789"}],"curies":[{"name":"wp","href":"https:\/\/api.w.org\/{rel}","templated":true}]}}