{"id":9713,"date":"2021-02-04T15:11:46","date_gmt":"2021-02-04T14:11:46","guid":{"rendered":"https:\/\/www.abanico.de\/abanico\/?post_type=product&#038;p=9713"},"modified":"2024-08-21T08:43:38","modified_gmt":"2024-08-21T06:43:38","slug":"a-lot-sinawali-3-download-de","status":"publish","type":"product","link":"https:\/\/www.abanico.de\/abanico\/shop\/download-de\/seminar-videos-download-de\/alotarnisliveonlinetraining\/a-lot-sinawali-3-download-de\/","title":{"rendered":"A-LOT-Sinawali-3 &#8211; Download &#8211; DE"},"content":{"rendered":"<p>Dies ist das Video vom Arnis Live-Online-Training, A-LOT, das GM Datu Dieter Kn\u00fcttel, 10. Dan Modern Arnis, zum Thema:<\/p>\n<h4><strong>Sinawali 3: Single Sinawali Anwendungen<br \/>\n<\/strong><\/h4>\n<ul>\n<li><strong>Largo<br \/>\n<\/strong><\/li>\n<li><strong>Medio<\/strong><\/li>\n<li><strong>Corto<\/strong><\/li>\n<li><strong>Stock gegen Stock<\/strong><\/li>\n<li><strong>Waffenlos gegen Stock<br \/>\n<\/strong><\/li>\n<li><strong>Waffenlos gegen Faustangriff<\/strong><\/li>\n<\/ul>\n<p>abgehalten hat.<\/p>\n<p>Es wird die Technik, Methodik und Didaktik des Unterrichtens sowie viele Details f\u00fcr die Ausf\u00fchrung der Technik erkl\u00e4rt und demonstriert.<\/p>\n<p>Das Video hat Kapitelmarker.<br \/>\nErkl\u00e4rung hier: <span style=\"color: #ff0000;\"><em><strong><a style=\"color: #ff0000;\" href=\"https:\/\/www.abanico.de\/abanico\/kapitel-in-download-videos\/\">Kapitelmarker<\/a><\/strong><\/em><\/span><\/p>\n<p>Hier der Inhalt des Live-Trainings-Videos:<\/p>\n<p>00:00\u00a0 Vorspann<br \/>\n00:14\u00a0 Einleitung<br \/>\n01:18 \u00a0 Definition: Largo &#8211; Medio &#8211; Corto<br \/>\n01:32\u00a0 Wie mit Stock geblockt wird: Interpretation der Single Sinawali Bewegung<br \/>\n01:55\u00a0 Anwendungen<br \/>\n01:58\u00a0\u00a0\u00a0\u00a0 &#8211; Schlag 1 &#8211; Largo<br \/>\n02:00\u00a0\u00a0\u00a0\u00a0\u00a0\u00a0\u00a0\u00a0\u00a0 &#8211; 1 &#8211; Largo &#8211; Stock &#8211; Stock<br \/>\n02:39 \u00a0\u00a0\u00a0\u00a0\u00a0\u00a0\u00a0\u00a0 &#8211; 1 &#8211; Largo &#8211; Stock &#8211; Stock: ohne Partner<br \/>\n02:57 \u00a0\u00a0\u00a0\u00a0\u00a0\u00a0 \u00a0 &#8211; 1 &#8211; Largo &#8211; Waffenlos &#8211; Stock<br \/>\n03:58 \u00a0\u00a0\u00a0\u00a0\u00a0\u00a0\u00a0 &#8211; 1 &#8211; Largo &#8211; Waffenlos &#8211; Stock: ohne Partner<br \/>\n04:18 \u00a0\u00a0\u00a0\u00a0\u00a0\u00a0\u00a0 &#8211; 1 &#8211; Largo &#8211; Waffenlos &#8211; waffenlos: mehrere Variationen<br \/>\n06:05 \u00a0\u00a0\u00a0\u00a0\u00a0\u00a0\u00a0 &#8211; 1 &#8211; Largo &#8211; Waffenlos &#8211; waffenlos: ohne Partner<br \/>\n06:17\u00a0\u00a0\u00a0\u00a0 &#8211; Schlag 1 &#8211; Medio<br \/>\n06:25 \u00a0\u00a0\u00a0\u00a0\u00a0\u00a0\u00a0 &#8211; 1 &#8211; Medio &#8211; Stock &#8211; Stock<br \/>\n07:55 \u00a0\u00a0\u00a0\u00a0\u00a0\u00a0\u00a0 &#8211; 1 &#8211; Medio &#8211; Stock &#8211; Stock: ohne Partner<br \/>\n08:24 \u00a0\u00a0\u00a0\u00a0\u00a0\u00a0\u00a0 &#8211; 1 &#8211; Medio &#8211; Waffenlos &#8211; Stock<br \/>\n09:46 \u00a0\u00a0\u00a0\u00a0\u00a0\u00a0\u00a0 &#8211; 1 &#8211; Medio &#8211; Waffenlos &#8211; Stock: ohne Partner<br \/>\n10:08 \u00a0\u00a0\u00a0\u00a0\u00a0\u00a0\u00a0 &#8211; 1 &#8211; Medio &#8211; Waffenlos &#8211; waffenlos<br \/>\n11:23 \u00a0\u00a0\u00a0\u00a0\u00a0\u00a0\u00a0\u00a0 &#8211; 1 &#8211; Medio &#8211; Waffenlos &#8211; waffenlos: ohne Partner<br \/>\n11:44\u00a0\u00a0\u00a0 &#8211; Schlag 1 &#8211; Corto<br \/>\n11:49\u00a0\u00a0\u00a0\u00a0\u00a0 \u00a0\u00a0\u00a0 &#8211; 1 &#8211; Corto &#8211; Stock &#8211; Stock<br \/>\n13:04 \u00a0\u00a0\u00a0\u00a0\u00a0\u00a0\u00a0 &#8211; 1 &#8211; Corto &#8211; Stock &#8211; Stock: ohne Partner<br \/>\n13:39 \u00a0\u00a0\u00a0\u00a0\u00a0\u00a0\u00a0 &#8211; 1 &#8211; Corto &#8211; Waffenlos &#8211; Stock<br \/>\n14:50 \u00a0\u00a0\u00a0\u00a0\u00a0\u00a0\u00a0 &#8211; 1 &#8211; Corto &#8211; Waffenlos &#8211; Stock: ohne Partner<br \/>\n15:13 \u00a0\u00a0\u00a0\u00a0\u00a0\u00a0\u00a0 &#8211; 1 &#8211; Corto &#8211; Waffenlos &#8211; waffenlos<br \/>\n15:50 \u00a0\u00a0\u00a0\u00a0\u00a0\u00a0\u00a0 &#8211; 1 &#8211; Corto &#8211; Waffenlos &#8211; waffenlos: ohne Partner<br \/>\n16:07\u00a0\u00a0\u00a0 &#8211; Schlag 2 &#8211; Largo<br \/>\n16:14 \u00a0\u00a0\u00a0\u00a0\u00a0\u00a0\u00a0 &#8211; 2 &#8211; Largo &#8211; Stock &#8211; Stock<br \/>\n17:19 \u00a0\u00a0\u00a0\u00a0\u00a0\u00a0\u00a0 &#8211; 2 &#8211; Largo &#8211; Stock &#8211; Stock: ohne Partner<br \/>\n17:37 \u00a0\u00a0\u00a0\u00a0\u00a0\u00a0\u00a0 &#8211; 2 &#8211; Largo &#8211; Waffenlos &#8211; Stock<br \/>\n18:25 \u00a0\u00a0\u00a0\u00a0\u00a0\u00a0\u00a0 &#8211; 2 &#8211; Largo &#8211; Waffenlos &#8211; Stock: ohne Partner<br \/>\n18:45 \u00a0\u00a0\u00a0\u00a0\u00a0\u00a0\u00a0 &#8211; 2 &#8211; Largo &#8211; Waffenlos &#8211; waffenlos<br \/>\n19:43 \u00a0\u00a0\u00a0\u00a0\u00a0\u00a0\u00a0 &#8211; 2 &#8211; Largo &#8211; Waffenlos &#8211; waffenlos: ohne Partner<br \/>\n19:57\u00a0\u00a0\u00a0\u00a0 &#8211; Schlag 2 &#8211; Medio<br \/>\n20:01 \u00a0\u00a0\u00a0\u00a0\u00a0\u00a0\u00a0 &#8211; 2 &#8211; Medio &#8211; Stock &#8211; Stock<br \/>\n20:50 \u00a0\u00a0\u00a0\u00a0\u00a0\u00a0\u00a0 &#8211; 2 &#8211; Medio &#8211; Stock &#8211; Stock: ohne Partner<br \/>\n21:04 \u00a0\u00a0\u00a0\u00a0\u00a0\u00a0\u00a0 &#8211; 2 &#8211; Medio &#8211; Waffenlos &#8211; Stock<br \/>\n21:44 \u00a0\u00a0\u00a0\u00a0\u00a0\u00a0\u00a0 &#8211; 2 &#8211; Medio &#8211; Waffenlos &#8211; Stock: ohne Partner<br \/>\n21:55 \u00a0\u00a0\u00a0\u00a0\u00a0\u00a0\u00a0 &#8211; 2 &#8211; Medio &#8211; Waffenlos &#8211; waffenlos<br \/>\n22:47 \u00a0\u00a0\u00a0\u00a0\u00a0\u00a0\u00a0 &#8211; 2 &#8211; Medio &#8211; Waffenlos &#8211; waffenlos: ohne Partner<br \/>\n23:10\u00a0\u00a0\u00a0\u00a0 &#8211; Schlag 2 &#8211; Corto<br \/>\n23:15 \u00a0\u00a0\u00a0\u00a0\u00a0\u00a0\u00a0 &#8211; 2 &#8211; Corto &#8211; Stock &#8211; Stock<br \/>\n24:12 \u00a0\u00a0\u00a0\u00a0\u00a0\u00a0\u00a0 &#8211; 2 &#8211; Corto &#8211; Stock &#8211; Stock: ohne Partner<br \/>\n24:30 \u00a0\u00a0\u00a0\u00a0\u00a0\u00a0\u00a0 &#8211; 2 &#8211; Corto &#8211; Waffenlos &#8211; Stock<br \/>\n25:30 \u00a0\u00a0\u00a0\u00a0\u00a0\u00a0\u00a0 &#8211; 2 &#8211; Corto &#8211; Waffenlos &#8211; Stock: ohne Partner<br \/>\n25:48 \u00a0\u00a0\u00a0\u00a0\u00a0\u00a0\u00a0 &#8211; 2 &#8211; Corto &#8211; Waffenlos &#8211; waffenlos<br \/>\n26:26 \u00a0\u00a0\u00a0\u00a0\u00a0\u00a0\u00a0 &#8211; 2 &#8211; Corto &#8211; Waffenlos &#8211; waffenlos: ohne Partner<br \/>\n26:49\u00a0 Fazit: Anwendung Single Sinawali<br \/>\n27:39\u00a0 Verabschiedung<br \/>\n27:49\u00a0 Abspann<br \/>\n28:16\u00a0 Ende<\/p>\n<h4>Dies alles wird im dem A-LOT (Arnis Live-Online-Training) Video detailliert erkl\u00e4rt und demonstriert.<br \/>\nDas Arnis Live -Online- Trainings Video ist Teil der neuen Serie:\u00a0 Die \u00fcber Internet abgehaltenen Arnis Live-Online-Trainings Videos von und mit GM Datu Dieter Kn\u00fcttel, 10. Dan Modern Arnis.<br \/>\nNicht nur schnelle Demos, von denen es so viele auf Youtube zu sehen gibt, sondern Unterricht mit Erkl\u00e4rungen des &#8222;Was, Warum und Wie&#8220; mit vielen wichtigen Details, die bei reinen Demos verloren gehen.<br \/>\n<strong>Videos, von denen man wirklich lernen kann.<\/strong><\/h4>\n<h4><a href=\"https:\/\/www.abanico.de\/dieterknuettel\/wp\/de\/kurzbiographie\/\"><strong><span style=\"color: #ff0000;\"><em>Gro\u00dfmeister Datu Dieter Kn\u00fcttel<\/em><\/span><\/strong><\/a><br \/>\nist Diplom-Sportlehrer, Bundestrainer f\u00fcr Modern Arnis (seit 1985) und Modern Arnis Repr\u00e4sentant f\u00fcr Europa.<\/h4>\n<p>Er unterrichtet Selbstverteidigung seit Ende der 70er Jahre in ganz Deutschland aber auch weltweit.<\/p>\n<p>1996 wurde ihm der Titel Datu und der Grad Lakan Anim, 6. Dan Modern Arnis, von Gro\u00dfmeister Remy A. Presas (10. Dan) pers\u00f6nlich als 4. Arnis-Lehrer au\u00dferhalb der Philippinen und als erstem au\u00dferhalb der USA, verliehen<br \/>\nNachdem er den 7., 8. und 9. Dan auf den Philippinen verliehen bekommen hatte, wurde m 24.9.2016 in Dortmund \u00f6ffentlich bekanntgegeben, dass er von Gro\u00dfmeister Roberto Presas den 10. Dan Modern Arnis verliehen bekommen hatte.<\/p>\n<p>Dieter Kn\u00fcttel betreibt Kampfsport seit 1967 und philippinische Kampfk\u00fcnste seit 1978. Er unterrichtet Modern Arnis auf Lehrg\u00e4ngen \u00fcberall in Europa, Russland, Australien und in den USA-<\/p>\n<div class=\"avia_textblock avia_textblock_style\" data-update_with=\"content\">\n<hr \/>\n<\/div>\n","protected":false},"excerpt":{"rendered":"<h2><strong>A-LOT-Sinawali &#8211; 3 &#8211; Download &#8211; DE<\/strong><\/h2>\n<p><strong>Sprache: deutsch &#8211; download<\/strong><br \/>\nLaufzeit (Min.): 28<br \/>\n<strong>Produzent: ABANICO<\/strong><\/p>\n","protected":false},"featured_media":9714,"comment_status":"open","ping_status":"closed","template":"","meta":[],"product_brand":[],"product_cat":[9321,39,7329,40,685],"product_tag":[9076,913,9040,2319,9022,1370,1372,1374,9231,9460,1301,9480,9396,9223,2217,1321,2327,9325,9323,2317,1376,9458,7618,9163,9042,1845,9229,7596,3646,9478,9225,9464,9466,9227,9490,1847,2329,9468,1708,9406],"class_list":{"0":"post-9713","1":"product","2":"type-product","3":"status-publish","4":"has-post-thumbnail","6":"product_cat-alotarnisliveonlinetraining","7":"product_cat-download-de","8":"product_cat-grossmeister-und-meister-des-modern-arnis","9":"product_cat-modern-arnis-download-de","10":"product_cat-seminar-videos-download-de","11":"product_tag-angriffe-anbwehren","12":"product_tag-anwendungen-de","13":"product_tag-arnis","14":"product_tag-corto","15":"product_tag-datu-dieter","16":"product_tag-dav-de","17":"product_tag-deutscher-arnis-verband-de","18":"product_tag-dieter-knuettel-de","19":"product_tag-download-video","20":"product_tag-effizienz","21":"product_tag-eskrima-de","22":"product_tag-freie-hand","23":"product_tag-grundlagen-einzelstock","24":"product_tag-handwechsel","25":"product_tag-kali-de","26":"product_tag-karate-de","27":"product_tag-largo-de","28":"product_tag-live-video-training","29":"product_tag-lvt","30":"product_tag-medio","31":"product_tag-modern-arnis-de","32":"product_tag-oekonomie-der-bewegung","33":"product_tag-realistische-selbstverteidigung","34":"product_tag-remy-presas","35":"product_tag-selbstschutz","36":"product_tag-selbstverteidigung-de","37":"product_tag-seminar-video","38":"product_tag-sinawali-de","39":"product_tag-single-sinawali-de","40":"product_tag-snake-circle","41":"product_tag-stickfighting","42":"product_tag-stock-stock","43":"product_tag-stock-waffenlos","44":"product_tag-stockkampf","45":"product_tag-strip","46":"product_tag-sv-de","47":"product_tag-tapi-tapi-de","48":"product_tag-training-ohne-partner-in","49":"product_tag-verteidigung-de","50":"product_tag-waffenlose-boecke","52":"first","53":"instock","54":"downloadable","55":"virtual","56":"sold-individually","57":"taxable","58":"purchasable","59":"product-type-simple"},"_links":{"self":[{"href":"https:\/\/www.abanico.de\/abanico\/wp-json\/wp\/v2\/product\/9713","targetHints":{"allow":["GET"]}}],"collection":[{"href":"https:\/\/www.abanico.de\/abanico\/wp-json\/wp\/v2\/product"}],"about":[{"href":"https:\/\/www.abanico.de\/abanico\/wp-json\/wp\/v2\/types\/product"}],"replies":[{"embeddable":true,"href":"https:\/\/www.abanico.de\/abanico\/wp-json\/wp\/v2\/comments?post=9713"}],"wp:featuredmedia":[{"embeddable":true,"href":"https:\/\/www.abanico.de\/abanico\/wp-json\/wp\/v2\/media\/9714"}],"wp:attachment":[{"href":"https:\/\/www.abanico.de\/abanico\/wp-json\/wp\/v2\/media?parent=9713"}],"wp:term":[{"taxonomy":"product_brand","embeddable":true,"href":"https:\/\/www.abanico.de\/abanico\/wp-json\/wp\/v2\/product_brand?post=9713"},{"taxonomy":"product_cat","embeddable":true,"href":"https:\/\/www.abanico.de\/abanico\/wp-json\/wp\/v2\/product_cat?post=9713"},{"taxonomy":"product_tag","embeddable":true,"href":"https:\/\/www.abanico.de\/abanico\/wp-json\/wp\/v2\/product_tag?post=9713"}],"curies":[{"name":"wp","href":"https:\/\/api.w.org\/{rel}","templated":true}]}}