{"id":9647,"date":"2021-01-22T16:03:32","date_gmt":"2021-01-22T15:03:32","guid":{"rendered":"https:\/\/www.abanico.de\/abanico\/?post_type=product&#038;p=9647"},"modified":"2025-11-12T14:10:55","modified_gmt":"2025-11-12T13:10:55","slug":"a-lot-dan-6-entwaffnungsserie-download-de","status":"publish","type":"product","link":"https:\/\/www.abanico.de\/abanico\/shop\/gemaelde\/9548\/a-lot-dan-6-entwaffnungsserie-download-de\/","title":{"rendered":"A-LOT-DAN-6. Entwaffnungsserie &#8211; Download &#8211; DE"},"content":{"rendered":"<p>Dies ist das Video vom Arnis Live-Online-Training, A-LOT, das GM Datu Dieter Kn\u00fcttel, 10. Dan Modern Arnis, zum Thema:<\/p>\n<h4><strong>Die 6. Entwaffnungsserie <\/strong><\/h4>\n<ul>\n<li><strong>Viele Variationen<\/strong><\/li>\n<li><strong>Mit Stock <\/strong><\/li>\n<li><strong>Ohne Stock <\/strong><\/li>\n<li><strong>Training ohne Partner\/in<br \/>\n<\/strong><\/li>\n<\/ul>\n<p>abgehalten hat.<\/p>\n<p>Es wird die Technik, Methodik und Didaktik des Unterrichtens sowie viele Details f\u00fcr die Ausf\u00fchrung der Technik erkl\u00e4rt und demonstriert.<\/p>\n<p>Das Video hat Kapitelmarker.<br \/>\nErkl\u00e4rung hier: <span style=\"color: #ff0000;\"><em><strong><a style=\"color: #ff0000;\" href=\"https:\/\/www.abanico.de\/abanico\/kapitel-in-download-videos\/\">Kapitelmarker<\/a><\/strong><\/em><\/span><\/p>\n<p>Hier der Inhalt des Live-Trainings-Videos:<\/p>\n<p>00:00\u00a0\u00a0 Vorspann<br \/>\n00:14\u00a0\u00a0 Einleitung<br \/>\n01:00\u00a0\u00a0 Die Prinzipien der ersten 4 Entwaffnungsserien<br \/>\n01:05\u00a0 Angriff 1 (oder 3)<br \/>\n01:20\u00a0\u00a0\u00a0 &#8211; Angriff 1 &#8211; Variation 1<br \/>\n02:12\u00a0\u00a0\u00a0\u00a0\u00a0\u00a0\u00a0 &#8211; Angriff 1 &#8211; Variation 1: Problem<br \/>\n02:24\u00a0 Position nach Entwaffnung von Angriff 1 in den Serien 1 &#8211; 5<br \/>\n02:44\u00a0\u00a0\u00a0\u00a0\u00a0\u00a0 &#8211; Angriff 1 Variation 1: Problem und L\u00f6sung<br \/>\n04:02 \u00a0\u00a0\u00a0\u00a0\u00a0 &#8211; Angriff 1 &#8211; Variation 1: ohne Partner<br \/>\n04:27 \u00a0\u00a0\u00a0\u00a0\u00a0 &#8211; Angriff 1 &#8211; Variation 1: waffenlos<br \/>\n05:01 \u00a0\u00a0\u00a0\u00a0\u00a0 &#8211; Angriff 1 &#8211; Variation 1 &#8211; waffenlos: ohne Partner<br \/>\n05:20 \u00a0\u00a0 &#8211; Angriff 1 &#8211; Variation 2 und 3<br \/>\n06:10 \u00a0\u00a0\u00a0\u00a0\u00a0 &#8211; Angriff 1 &#8211; Variation 2 und 3: ohne Partner<br \/>\n06:54 \u00a0\u00a0\u00a0\u00a0\u00a0 &#8211; Angriff 1 &#8211; Variation 2 und 3: waffenlos<br \/>\n07:04 \u00a0\u00a0 &#8211; Angriff 1: Variation 4<br \/>\n08:23 \u00a0\u00a0\u00a0\u00a0\u00a0 &#8211; Angriff 1 &#8211; Variation 4: Hilfe<br \/>\n09:17 \u00a0\u00a0\u00a0\u00a0\u00a0\u00a0 &#8211; Angriff 1 &#8211; Variation 4: ohne Partner<br \/>\n09:43 \u00a0\u00a0\u00a0\u00a0\u00a0 &#8211; Angriff 1 &#8211; Variation 4: waffenlos<br \/>\n10:07\u00a0\u00a0\u00a0\u00a0\u00a0\u00a0 &#8211; Angriff 1 &#8211; Variation 4 &#8211; waffenlos: ohne Partner<br \/>\n10:29\u00a0\u00a0\u00a0 &#8211; Angriff 1: Variation 5<br \/>\n11:31\u00a0\u00a0\u00a0\u00a0\u00a0\u00a0\u00a0\u00a0 &#8211; Angriff 1 &#8211; Variation 5: kleine Variante<br \/>\n11:52\u00a0\u00a0\u00a0\u00a0\u00a0\u00a0\u00a0 &#8211; Angriff 1 &#8211; Variation 5: ohne Partner<br \/>\n12:15\u00a0\u00a0\u00a0\u00a0\u00a0\u00a0\u00a0 &#8211; Angriff 1 &#8211; Variation 5: waffenlos<br \/>\n13:06\u00a0\u00a0\u00a0\u00a0\u00a0\u00a0 &#8211; Angriff 1 &#8211; Variation 5 &#8211; waffenlos: ohne Partner<br \/>\n13:33\u00a0 Angriff 2 (oder 4)<br \/>\n13:40\u00a0\u00a0\u00a0 &#8211; Angriff 2 &#8211; Variation 1<br \/>\n15:14\u00a0\u00a0\u00a0\u00a0\u00a0\u00a0\u00a0 &#8211; Angriff 2 &#8211; Variation 1: ohne Partner<br \/>\n15:39\u00a0\u00a0\u00a0\u00a0\u00a0\u00a0\u00a0 &#8211; Angriff 2 &#8211; Variation 1: waffenlos<br \/>\n16:39\u00a0\u00a0\u00a0\u00a0\u00a0\u00a0\u00a0 &#8211; Angriff 2 &#8211; Variation 1 &#8211; waffenlos: ohne Partner<br \/>\n17:06\u00a0\u00a0\u00a0\u00a0\u00a0\u00a0\u00a0 &#8211; Angriff 2 &#8211; Variation 1: waffenlose Variante<br \/>\n17:42\u00a0\u00a0\u00a0\u00a0\u00a0\u00a0\u00a0 &#8211; Angriff 2 &#8211; Variation 1 &#8211; waffenlose Variante: ohne Partner<br \/>\n18:20\u00a0\u00a0\u00a0 &#8211; Angriff 2 &#8211; Variation 2<br \/>\n19:53\u00a0\u00a0\u00a0\u00a0\u00a0\u00a0\u00a0 &#8211; Angriff 2 &#8211; Variation 2: ohne Partner<br \/>\n20:25\u00a0\u00a0\u00a0\u00a0\u00a0\u00a0 &#8211; Angriff 2 &#8211; Variation 2: waffenlos<br \/>\n21:27\u00a0\u00a0\u00a0\u00a0\u00a0\u00a0\u00a0 &#8211; Angriff 2 &#8211; Variation 2 &#8211; waffenlos: ohne Partner<br \/>\n22:05\u00a0 Angriff 5<br \/>\n23:25\u00a0\u00a0\u00a0\u00a0\u00a0\u00a0 &#8211; Angriff 5: ohne Partner<br \/>\n24:01\u00a0\u00a0\u00a0\u00a0\u00a0\u00a0 &#8211; Angriff 5: waffenlos<br \/>\n24:31\u00a0\u00a0\u00a0\u00a0\u00a0\u00a0 &#8211; Angriff 5 &#8211; waffenlos: ohne Partner<br \/>\n24:53\u00a0 Angriff 6 (oder 10)<br \/>\n25:33 \u00a0 \u00a0\u00a0 &#8211; Angriff 6: ohne Partner<br \/>\n25:50\u00a0\u00a0\u00a0\u00a0\u00a0 &#8211; Angriff 6: waffenlos<br \/>\n26:25\u00a0\u00a0\u00a0\u00a0\u00a0 &#8211; Angriff 6 &#8211; waffenlos: ohne Partner<br \/>\n26:50\u00a0 Angriff 7 (oder 11)<br \/>\n27:10\u00a0\u00a0\u00a0\u00a0 \u00a0\u00a0 &#8211; Angriff 7: ohne Partner<br \/>\n27:31\u00a0\u00a0\u00a0\u00a0\u00a0\u00a0\u00a0 &#8211; Angriff 7: waffenlos<br \/>\n28:15\u00a0\u00a0\u00a0\u00a0\u00a0\u00a0 &#8211; Angriff 7 &#8211; waffenlos: ohne Partner<br \/>\n28:51\u00a0\u00a0\u00a0\u00a0\u00a0\u00a0 &#8211; Angriff 7: waffenlose Variante<br \/>\n29:23\u00a0\u00a0\u00a0\u00a0\u00a0\u00a0 &#8211; Angriff 7- waffenlose Variante: ohne Partner<br \/>\n29:45\u00a0 Angriff 8<br \/>\n30:05\u00a0\u00a0\u00a0\u00a0\u00a0 &#8211; Angriff 8: ohne Partner<br \/>\n30:29\u00a0 Angriff 9<br \/>\n30:36\u00a0\u00a0\u00a0 &#8211; Angriff 9 &#8211; Variation 1<br \/>\n31:00\u00a0\u00a0\u00a0\u00a0\u00a0\u00a0\u00a0 &#8211; Angriff 9 &#8211; Variation 1: ohne Partner<br \/>\n31:16\u00a0\u00a0\u00a0\u00a0 &#8211; Angriff 9 &#8211; Variation 2<br \/>\n31:35\u00a0\u00a0\u00a0\u00a0\u00a0\u00a0\u00a0 &#8211; Angriff 9 &#8211; Variation 2: ohne Partner<br \/>\n31:50\u00a0 Angriff 12<br \/>\n31:58\u00a0\u00a0\u00a0 &#8211; Angriff 12: Variation 1<br \/>\n32:27\u00a0\u00a0\u00a0\u00a0\u00a0\u00a0\u00a0 &#8211; Angriff 12 &#8211; Variation 1: ohne Partner<br \/>\n32:50\u00a0\u00a0\u00a0\u00a0\u00a0\u00a0 &#8211; Angriff 12 &#8211; Variation 1: waffenlos<br \/>\n33:19\u00a0\u00a0\u00a0\u00a0\u00a0\u00a0\u00a0 &#8211; Angriff 12 &#8211; Variation 1 &#8211; waffenlos: ohne Partner<br \/>\n34:05\u00a0\u00a0 &#8211; Angriff 12: Variation 2<br \/>\n34:26\u00a0\u00a0\u00a0\u00a0\u00a0\u00a0 &#8211; Angriff 12 &#8211; Variation 2: waffenlos<br \/>\n34:47\u00a0\u00a0 &#8211; Angriff 12: Variation 3<br \/>\n35:40\u00a0\u00a0\u00a0\u00a0\u00a0 &#8211; Angriff 12 &#8211; Variation 3: ohne Partner<br \/>\n36:24\u00a0\u00a0\u00a0\u00a0\u00a0 &#8211; Angriff 12 &#8211; Variation 3: waffenlos<br \/>\n36:52\u00a0\u00a0\u00a0\u00a0\u00a0 &#8211; Angriff 12 &#8211; Variation 3 &#8211; waffenlos: ohne Partner<br \/>\n37:12\u00a0\u00a0\u00a0\u00a0\u00a0\u00a0 &#8211; Angriff 12 &#8211; Variation 3: waffenlose Variation<br \/>\n37:45\u00a0\u00a0\u00a0\u00a0\u00a0 &#8211; Angriff 12 &#8211; Variation 3 &#8211; waffenlose Variation: ohne Partner<br \/>\n38:14\u00a0 Fazit 6. Entwaffnungsserie<br \/>\n39:09\u00a0 Verabschiedung<br \/>\n39:20\u00a0 Abspann<br \/>\n39:48\u00a0 Ende<\/p>\n<h4>Dies alles wird im dem A-LOT (Arnis Live-Online-Training) Video detailliert erkl\u00e4rt und demonstriert.<br \/>\nDas Arnis Live -Online- Trainings Video ist Teil der neuen Serie:\u00a0 Die \u00fcber Internet abgehaltenen Arnis Live-Online-Trainings Videos von und mit GM Datu Dieter Kn\u00fcttel, 10. Dan Modern Arnis.<br \/>\nNicht nur schnelle Demos, von denen es so viele auf Youtube zu sehen gibt, sondern Unterricht mit Erkl\u00e4rungen des &#8222;Was, Warum und Wie&#8220; mit vielen wichtigen Details, die bei reinen Demos verloren gehen.<br \/>\n<strong>Videos, von denen man wirklich lernen kann.<\/strong><\/h4>\n<h4><a href=\"https:\/\/www.abanico.de\/dieterknuettel\/wp\/de\/kurzbiographie\/\"><strong><span style=\"color: #ff0000;\"><em>Gro\u00dfmeister Datu Dieter Kn\u00fcttel<\/em><\/span><\/strong><\/a><br \/>\nist Diplom-Sportlehrer, Bundestrainer f\u00fcr Modern Arnis (seit 1985) und Modern Arnis Repr\u00e4sentant f\u00fcr Europa.<\/h4>\n<p>Er unterrichtet Selbstverteidigung seit Ende der 70er Jahre in ganz Deutschland aber auch weltweit.<\/p>\n<p>1996 wurde ihm der Titel Datu und der Grad Lakan Anim, 6. Dan Modern Arnis, von Gro\u00dfmeister Remy A. Presas (10. Dan) pers\u00f6nlich als 4. Arnis-Lehrer au\u00dferhalb der Philippinen und als erstem au\u00dferhalb der USA, verliehen<br \/>\nNachdem er den 7., 8. und 9. Dan auf den Philippinen verliehen bekommen hatte, wurde m 24.9.2016 in Dortmund \u00f6ffentlich bekanntgegeben, dass er von Gro\u00dfmeister Roberto Presas den 10. Dan Modern Arnis verliehen bekommen hatte.<\/p>\n<p>Dieter Kn\u00fcttel betreibt Kampfsport seit 1967 und philippinische Kampfk\u00fcnste seit 1978. Er unterrichtet Modern Arnis auf Lehrg\u00e4ngen \u00fcberall in Europa, Russland, Australien und in den USA-<\/p>\n<div class=\"avia_textblock avia_textblock_style\" data-update_with=\"content\">\n<hr \/>\n<\/div>\n","protected":false},"excerpt":{"rendered":"<h2><strong>A-LOT-Dan-6. Entwaffnungsserie &#8211; Download &#8211; DE<\/strong><\/h2>\n<p><strong>Sprache: deutsch &#8211; download<\/strong><br \/>\nLaufzeit (Min.): 39<br \/>\n<strong>Produzent: ABANICO<\/strong><\/p>\n","protected":false},"featured_media":9648,"comment_status":"open","ping_status":"closed","template":"","meta":[],"product_brand":[],"product_cat":[9548],"product_tag":[],"class_list":{"0":"post-9647","1":"product","2":"type-product","3":"status-publish","4":"has-post-thumbnail","6":"product_cat-9548","8":"first","9":"instock","10":"downloadable","11":"virtual","12":"sold-individually","13":"taxable","14":"purchasable","15":"product-type-simple"},"_links":{"self":[{"href":"https:\/\/www.abanico.de\/abanico\/wp-json\/wp\/v2\/product\/9647","targetHints":{"allow":["GET"]}}],"collection":[{"href":"https:\/\/www.abanico.de\/abanico\/wp-json\/wp\/v2\/product"}],"about":[{"href":"https:\/\/www.abanico.de\/abanico\/wp-json\/wp\/v2\/types\/product"}],"replies":[{"embeddable":true,"href":"https:\/\/www.abanico.de\/abanico\/wp-json\/wp\/v2\/comments?post=9647"}],"wp:featuredmedia":[{"embeddable":true,"href":"https:\/\/www.abanico.de\/abanico\/wp-json\/wp\/v2\/media\/9648"}],"wp:attachment":[{"href":"https:\/\/www.abanico.de\/abanico\/wp-json\/wp\/v2\/media?parent=9647"}],"wp:term":[{"taxonomy":"product_brand","embeddable":true,"href":"https:\/\/www.abanico.de\/abanico\/wp-json\/wp\/v2\/product_brand?post=9647"},{"taxonomy":"product_cat","embeddable":true,"href":"https:\/\/www.abanico.de\/abanico\/wp-json\/wp\/v2\/product_cat?post=9647"},{"taxonomy":"product_tag","embeddable":true,"href":"https:\/\/www.abanico.de\/abanico\/wp-json\/wp\/v2\/product_tag?post=9647"}],"curies":[{"name":"wp","href":"https:\/\/api.w.org\/{rel}","templated":true}]}}