{"id":9531,"date":"2020-12-18T15:03:13","date_gmt":"2020-12-18T14:03:13","guid":{"rendered":"https:\/\/www.abanico.de\/abanico\/?post_type=product&#038;p=9531"},"modified":"2025-11-12T14:11:09","modified_gmt":"2025-11-12T13:11:09","slug":"a-lot-dan-messer-sv-3-download-de","status":"publish","type":"product","link":"https:\/\/www.abanico.de\/abanico\/shop\/gemaelde\/9548\/a-lot-dan-messer-sv-3-download-de\/","title":{"rendered":"A-LOT-Dan-Messer-SV-3 &#8211; Download &#8211; DE"},"content":{"rendered":"<p>Dies ist das Video vom Arnis Live-Online-Training, (A-LOT) das GM Datu Dieter Kn\u00fcttel, 10. Dan Modern Arnis, zum Thema.<\/p>\n<h4>Messer-Selbstverteidigung &#8211; 3:\u00a0 Stiche und Bedrohungen<\/h4>\n<ul>\n<li>Angriff 5: Stich zum Bauch<\/li>\n<li>Fassen und stechen<\/li>\n<li>Fassen und Bedrohung mit dem Messer<\/li>\n<li>Was soll ich machen? Sich wehren oder nicht&#8230;<\/li>\n<\/ul>\n<p>abgehalten hat.<\/p>\n<p>Das Video hat Kapitelmarker.<br \/>\nErkl\u00e4rung hier: <em><strong><a href=\"https:\/\/www.abanico.de\/abanico\/kapitel-in-download-videos\/\"><span style=\"color: #ff0000;\">Kapitelmarker<\/span><\/a><\/strong><\/em><\/p>\n<p>Hier der Inhalt des Arnis Live-Online-Trainings-Videos:<\/p>\n<p>00:00 Vorspann<br \/>\n00:15 Einleitung<br \/>\n00:40 Statistik: Was sind die h\u00e4ufigsten Messerangriffe<br \/>\n02:32 Angriff 5: Stich zum Bauch<br \/>\n03:06 &#8211; Reaktionszeiten<br \/>\n05:05 &#8211; Schlussfogerung: Vorbereitet sein<br \/>\n07:05 &#8211; Gegner &#8222;scannen&#8220;<br \/>\n08:52 &#8211; Den Angriff stoppen<br \/>\n09:29 &#8211; Ausweichen nach hinten<br \/>\n09:55 &#8211; Handpositionen<br \/>\n10:16 &#8211; Barriere und Folgetechniken<br \/>\n10:37 &#8211; Block &#8211; parieren ist KEIN Kreuzblock!<br \/>\n12:01 &#8211; Block rausleiten &#8211; ohne Partner<br \/>\n13:14 &#8211; Den Waffenarm fixieren<br \/>\n15:56 &#8211; Den Waffenarm fixieren: ohne Partner<br \/>\n16:58 &#8211; Das Prinzip der n\u00e4heren Hand<br \/>\n20:45 Fassen und stechen<br \/>\n20:05 &#8211; Barriere und umleiten<br \/>\n21:09 &#8211; Barriere und fixieren<br \/>\n21:22 &#8211; Bei der Verteidigung geschnitten werden<br \/>\n22:48 &#8211; Fazit was zu tun ist bei Fassen und stechen<br \/>\n23:04 &#8211; Fassen und stechen: ohne Partner<br \/>\n24:11 Fassen und Bedrohung mit dem Messer<br \/>\n24:20 &#8211; Warum ist das so anders?<br \/>\n25:31 &#8211; Defensiv wirken &#8211; Hand checken: Entwaffnung oder Gegenangriff<br \/>\n26:49 &#8211; Defensiv wirken &#8211; Hand checken und entwaffnen: ohnen Partner<br \/>\n27:31 &#8211; In Sicherheit wiegen<br \/>\n28:41 &#8211; Im Nacken gefasst: Messerspitze am Hals<br \/>\n30:35 &#8211; Im Nacken gefasst -Messerspitze am Hals: ohne Partner<br \/>\n31:10 &#8211; Im Nacken gefasst &#8211; Messerspitze am Hals: Ellbogen-Streckhebel<br \/>\n31:52 &#8211; Im Nacken gefasst: Schneide an der linken Halsseite<br \/>\n34:01 &#8211; Im Nacken gefasst &#8211; Schneide an der linken Halsseite: ohne Partner<br \/>\n34:43 &#8211; Im Nacken gefasst: Schneide an der rechten Halsseite<br \/>\n36:43 &#8211; Im Nacken gefasst &#8211; Schneide an der rechten Halsseite: ohne Partner<br \/>\n37:13 &#8211; Im Nacken gefasst: Messer vor dem Bauch<br \/>\n38:55 &#8211; Im Nacken gefasst &#8211; Messer vor dem Bauch: ohne Partner<br \/>\n39:14 Was soll ich denn machen? Sich wehren oder nicht?<br \/>\n39:57 &#8211; Was ist das allerwichtigste in der Selbstverteidigung?<br \/>\n42:17 Ablenken vor einem Angriff<br \/>\n43:31 Abschlie\u00dfende Gedanken<br \/>\n43:50 &#8211; Optionen von Situationen vorher durchdenken<br \/>\n45:55 Abspann<br \/>\n46:23 Ende<\/p>\n<h4>Das ist A-LOT.\u00a0 Alles wird im dem Arnis Live-Online-Trainings Video detailliert erkl\u00e4rt und demonstriert.<br \/>\nDas Live -Online- Training Video ist Teil der neuen Serie:\u00a0 Die \u00fcber Internet abgehaltenen Arnis Live-Online-Trainings Videos von und mit GM Datu Dieter Kn\u00fcttel, 10. Dan Modern Arnis.<br \/>\nNicht nur schnelle Demos, von denen es so viele auf Youtube zu sehen gibt, sondern Unterricht mit Erkl\u00e4rungen des &#8222;Was, Warum und Wie&#8220; mit vielen wichtigen Details, die bei reinen Demos verloren gehen.<br \/>\n<strong>Videos, von denen man wirklich lernen kann.<\/strong><\/h4>\n<p><a href=\"https:\/\/www.abanico.de\/dieterknuettel\/wp\/de\/kurzbiographie\/\"><strong><span style=\"color: #ff0000;\">Gro\u00dfmeister Datu Dieter Kn\u00fcttel<\/span><\/strong><\/a><br \/>\nist Diplom-Sportlehrer, Bundestrainer f\u00fcr Modern Arnis (seit 1985) und Modern Arnis Repr\u00e4sentant f\u00fcr Europa.<\/p>\n<p>Er unterrichtet Selbstverteidigung seit Ende der 70er Jahre in ganz Deutschland aber auch weltweit.<\/p>\n<p>1996 wurde ihm der Titel Datu und der Grad Lakan Anim, 6. Dan Modern Arnis, von Gro\u00dfmeister Remy A. Presas (10. Dan) pers\u00f6nlich als 4. Arnis-Lehrer au\u00dferhalb der Philippinen und als erstem au\u00dferhalb der USA, verliehen<br \/>\nNachdem er den 7., 8. und 9. Dan auf den Philippinen verliehen bekommen hatte, wurde m 24.9.2016 in Dortmund \u00f6ffentlich bekanntgegeben, dass er von Gro\u00dfmeister Roberto Presas den 10. Dan Modern Arnis verliehen bekommen hatte.<\/p>\n<p>Dieter Kn\u00fcttel betreibt Kampfsport seit 1967 und philippinische Kampfk\u00fcnste seit 1978. Er unterrichtet Modern Arnis auf Lehrg\u00e4ngen \u00fcberall in Europa, Russland, Australien und in den USA.<\/p>\n<div class=\"avia_textblock avia_textblock_style\" data-update_with=\"content\">\n<hr \/>\n<\/div>\n<p>&nbsp;<\/p>\n<div class=\"avia_textblock avia_textblock_style\" data-update_with=\"content\">\n<hr \/>\n<\/div>\n","protected":false},"excerpt":{"rendered":"<h2><strong>A-LOT-Dan-Messer-SV-3 &#8211; Download &#8211; DE<\/strong><\/h2>\n<p><strong>Sprache: deutsch &#8211; download<\/strong><br \/>\nLaufzeit (Min.): 46<br \/>\n<strong>Produzent: ABANICO<\/strong><\/p>\n","protected":false},"featured_media":9532,"comment_status":"open","ping_status":"closed","template":"","meta":[],"product_brand":[],"product_cat":[9548],"product_tag":[],"class_list":{"0":"post-9531","1":"product","2":"type-product","3":"status-publish","4":"has-post-thumbnail","6":"product_cat-9548","8":"first","9":"instock","10":"downloadable","11":"virtual","12":"sold-individually","13":"taxable","14":"purchasable","15":"product-type-simple"},"_links":{"self":[{"href":"https:\/\/www.abanico.de\/abanico\/wp-json\/wp\/v2\/product\/9531","targetHints":{"allow":["GET"]}}],"collection":[{"href":"https:\/\/www.abanico.de\/abanico\/wp-json\/wp\/v2\/product"}],"about":[{"href":"https:\/\/www.abanico.de\/abanico\/wp-json\/wp\/v2\/types\/product"}],"replies":[{"embeddable":true,"href":"https:\/\/www.abanico.de\/abanico\/wp-json\/wp\/v2\/comments?post=9531"}],"wp:featuredmedia":[{"embeddable":true,"href":"https:\/\/www.abanico.de\/abanico\/wp-json\/wp\/v2\/media\/9532"}],"wp:attachment":[{"href":"https:\/\/www.abanico.de\/abanico\/wp-json\/wp\/v2\/media?parent=9531"}],"wp:term":[{"taxonomy":"product_brand","embeddable":true,"href":"https:\/\/www.abanico.de\/abanico\/wp-json\/wp\/v2\/product_brand?post=9531"},{"taxonomy":"product_cat","embeddable":true,"href":"https:\/\/www.abanico.de\/abanico\/wp-json\/wp\/v2\/product_cat?post=9531"},{"taxonomy":"product_tag","embeddable":true,"href":"https:\/\/www.abanico.de\/abanico\/wp-json\/wp\/v2\/product_tag?post=9531"}],"curies":[{"name":"wp","href":"https:\/\/api.w.org\/{rel}","templated":true}]}}