{"id":9514,"date":"2020-12-17T12:52:21","date_gmt":"2020-12-17T11:52:21","guid":{"rendered":"https:\/\/www.abanico.de\/abanico\/?post_type=product&#038;p=9514"},"modified":"2024-08-21T08:44:16","modified_gmt":"2024-08-21T06:44:16","slug":"a-lot-4-entwaffnungsserie-download-de","status":"publish","type":"product","link":"https:\/\/www.abanico.de\/abanico\/shop\/download-de\/seminar-videos-download-de\/alotarnisliveonlinetraining\/a-lot-4-entwaffnungsserie-download-de\/","title":{"rendered":"A-LOT-4. Entwaffnungsserie &#8211; Download &#8211; DE"},"content":{"rendered":"<p>Dies ist das Video vom Arnis Live-Online-Training, A-LOT, das GM Datu Dieter Kn\u00fcttel, 10. Dan Modern Arnis, zum Thema:<\/p>\n<h4><strong>Die 4. Entwaffnungsserie <\/strong><\/h4>\n<ul>\n<li><strong>Mit Stock <\/strong><\/li>\n<li><strong>Ohne Stock <\/strong><\/li>\n<li><strong>Training ohne Partner\/in<br \/>\n<\/strong><\/li>\n<\/ul>\n<p>abgehalten hat.<\/p>\n<p>Es wird die Technik, Methodik und Didaktik des Unterrichtens sowie viele Details f\u00fcr die Ausf\u00fchrung der Technik erkl\u00e4rt und demonstriert.<\/p>\n<p>Das Video hat Kapitelmarker.<br \/>\nErkl\u00e4rung hier: <span style=\"color: #ff0000;\"><em><strong><a style=\"color: #ff0000;\" href=\"https:\/\/www.abanico.de\/abanico\/kapitel-in-download-videos\/\">Kapitelmarker<\/a><\/strong><\/em><\/span><\/p>\n<p>Hier der Inhalt des Live-Trainings-Videos:<\/p>\n<p>00:00 Vorspann<br \/>\n00:14 Einleitung<br \/>\n00:25 Prinzip der 4. Entwaffnungsserie<br \/>\n00:50 Angriff 1: 4. Entwaffnungsserie<br \/>\n01:17 &#8211; der Griffkanal<br \/>\n02:59 &#8211; Angriff 1 &#8211; ohne Partner<br \/>\n03:34 &#8211; Angriff 1: waffenlose Entwaffnung<br \/>\n04:18 &#8211; Angriff 1 waffenlos &#8211; ohne Partner<br \/>\n04:41 Angriff 2<br \/>\n06:29 &#8211; Angriff 2 &#8211; ohne Partner<br \/>\n07:03 &#8211; Angriff 2: waffenlose Entwaffnung<br \/>\n08:10 &#8211; Angriff 2 waffenlos: ohne Partner<br \/>\n08:42 Angriff 8<br \/>\n09:18 &#8211; Angriff 8 &#8211; ohne Partner<br \/>\n09:47 Angriff 9<br \/>\n10:44 &#8211; Angriff 9 &#8211; ohne Partner<br \/>\n11:02 Angriffe 8 und 9: waffenlose Verteidigung<br \/>\n11:49 Angriff 5<br \/>\n13:22 &#8211; Angriff 5 &#8211; ohne Partner<br \/>\n13:54 &#8211; Angriff 5: waffenlose Entwaffnung<br \/>\n14:45 &#8211; Angriff 5 waffenlos: ohne Partner<br \/>\n15:13 Angriffe 6 und 10<br \/>\n16:13 &#8211; Angriff 6 &#8211; ohne Partner<br \/>\n16:43 &#8211; Angriff 6: waffenlose Entwaffnung<br \/>\n17:40 &#8211; Angriff 6 waffenlos: ohne Partner<br \/>\n18:07 Angriffe 7 und 11<br \/>\n19:43 &#8211; Angriff 7 &#8211; ohne Partner<br \/>\n20:13 &#8211; Angriff 7: waffenlose Entwaffnung<br \/>\n21:51 &#8211; Angriff 7 waffenlos: ohne Partner<br \/>\n22:39 &#8211; Fehlerkorrektur: Angriff 7 waffenlos<br \/>\n23:14 Angriff 12<br \/>\n25:45 &#8211; Angriff 12 &#8211; ohne Partner<br \/>\n26:19 &#8211; Angriff 12: waffenlose Entwaffnung<br \/>\n27:46 &#8211; Angriff 12 waffenlos: ohne Partner<br \/>\n28:17 Wie werden die Serien in der DAV Struktur trainiert?<br \/>\n29:19 Warum so viele Serien?<br \/>\n30:24 Warum ist dies die 4. Serie?<br \/>\n31:18 Verabschiedung<br \/>\n31:44 Abspann<br \/>\n32:12 Ende<\/p>\n<h4>Dies alles wird im dem A-LOT (Arnis Live-Online-Training) Video detailliert erkl\u00e4rt und demonstriert.<br \/>\nDas Arnis Live -Online- Trainings Video ist Teil der neuen Serie:\u00a0 Die \u00fcber Internet abgehaltenen Arnis Live-Online-Trainings Videos von und mit GM Datu Dieter Kn\u00fcttel, 10. Dan Modern Arnis.<br \/>\nNicht nur schnelle Demos, von denen es so viele auf Youtube zu sehen gibt, sondern Unterricht mit Erkl\u00e4rungen des &#8222;Was, Warum und Wie&#8220; mit vielen wichtigen Details, die bei reinen Demos verloren gehen.<br \/>\n<strong>Videos, von denen man wirklich lernen kann.<\/strong><\/h4>\n<h4><a href=\"https:\/\/www.abanico.de\/dieterknuettel\/wp\/de\/kurzbiographie\/\"><strong><span style=\"color: #ff0000;\"><em>Gro\u00dfmeister Datu Dieter Kn\u00fcttel<\/em><\/span><\/strong><\/a><br \/>\nist Diplom-Sportlehrer, Bundestrainer f\u00fcr Modern Arnis (seit 1985) und Modern Arnis Repr\u00e4sentant f\u00fcr Europa.<\/h4>\n<p>Er unterrichtet Selbstverteidigung seit Ende der 70er Jahre in ganz Deutschland aber auch weltweit.<\/p>\n<p>1996 wurde ihm der Titel Datu und der Grad Lakan Anim, 6. Dan Modern Arnis, von Gro\u00dfmeister Remy A. Presas (10. Dan) pers\u00f6nlich als 4. Arnis-Lehrer au\u00dferhalb der Philippinen und als erstem au\u00dferhalb der USA, verliehen<br \/>\nNachdem er den 7., 8. und 9. Dan auf den Philippinen verliehen bekommen hatte, wurde m 24.9.2016 in Dortmund \u00f6ffentlich bekanntgegeben, dass er von Gro\u00dfmeister Roberto Presas den 10. Dan Modern Arnis verliehen bekommen hatte.<\/p>\n<p>Dieter Kn\u00fcttel betreibt Kampfsport seit 1967 und philippinische Kampfk\u00fcnste seit 1978. Er unterrichtet Modern Arnis auf Lehrg\u00e4ngen \u00fcberall in Europa, Russland, Australien und in den USA-<\/p>\n<div class=\"avia_textblock avia_textblock_style\" data-update_with=\"content\">\n<hr \/>\n<\/div>\n","protected":false},"excerpt":{"rendered":"<h2><strong>A-LOT-4. Entwaffnungsserie &#8211; Download &#8211; DE<\/strong><\/h2>\n<p><strong>Sprache: deutsch &#8211; download<\/strong><br \/>\nLaufzeit (Min.): 32<br \/>\n<strong>Produzent: ABANICO<\/strong><\/p>\n","protected":false},"featured_media":9515,"comment_status":"open","ping_status":"closed","template":"","meta":[],"product_brand":[],"product_cat":[9321,39,7329,40,685],"product_tag":[1430,1432,1434,1436,9462,9076,9040,9022,1370,1372,1374,9231,9460,1301,9480,9396,9223,2217,1321,9325,9323,1376,9458,7618,9163,9042,1845,9229,7596,3646,9478,9225,9464,9466,9227,1847,2329,9468,1708,9406],"class_list":{"0":"post-9514","1":"product","2":"type-product","3":"status-publish","4":"has-post-thumbnail","6":"product_cat-alotarnisliveonlinetraining","7":"product_cat-download-de","8":"product_cat-grossmeister-und-meister-des-modern-arnis","9":"product_cat-modern-arnis-download-de","10":"product_cat-seminar-videos-download-de","11":"product_tag-1-entwaffnungsserie-de","12":"product_tag-2-entwaffnungsserie-de","13":"product_tag-3-entwaffnungsserie-de","14":"product_tag-4-entwaffnungsserie-de","15":"product_tag-5-7facher-gegenangriff","16":"product_tag-angriffe-anbwehren","17":"product_tag-arnis","18":"product_tag-datu-dieter","19":"product_tag-dav-de","20":"product_tag-deutscher-arnis-verband-de","21":"product_tag-dieter-knuettel-de","22":"product_tag-download-video","23":"product_tag-effizienz","24":"product_tag-eskrima-de","25":"product_tag-freie-hand","26":"product_tag-grundlagen-einzelstock","27":"product_tag-handwechsel","28":"product_tag-kali-de","29":"product_tag-karate-de","30":"product_tag-live-video-training","31":"product_tag-lvt","32":"product_tag-modern-arnis-de","33":"product_tag-oekonomie-der-bewegung","34":"product_tag-realistische-selbstverteidigung","35":"product_tag-remy-presas","36":"product_tag-selbstschutz","37":"product_tag-selbstverteidigung-de","38":"product_tag-seminar-video","39":"product_tag-sinawali-de","40":"product_tag-single-sinawali-de","41":"product_tag-snake-circle","42":"product_tag-stickfighting","43":"product_tag-stock-stock","44":"product_tag-stock-waffenlos","45":"product_tag-stockkampf","46":"product_tag-sv-de","47":"product_tag-tapi-tapi-de","48":"product_tag-training-ohne-partner-in","49":"product_tag-verteidigung-de","50":"product_tag-waffenlose-boecke","52":"first","53":"instock","54":"downloadable","55":"virtual","56":"sold-individually","57":"taxable","58":"purchasable","59":"product-type-simple"},"_links":{"self":[{"href":"https:\/\/www.abanico.de\/abanico\/wp-json\/wp\/v2\/product\/9514","targetHints":{"allow":["GET"]}}],"collection":[{"href":"https:\/\/www.abanico.de\/abanico\/wp-json\/wp\/v2\/product"}],"about":[{"href":"https:\/\/www.abanico.de\/abanico\/wp-json\/wp\/v2\/types\/product"}],"replies":[{"embeddable":true,"href":"https:\/\/www.abanico.de\/abanico\/wp-json\/wp\/v2\/comments?post=9514"}],"wp:featuredmedia":[{"embeddable":true,"href":"https:\/\/www.abanico.de\/abanico\/wp-json\/wp\/v2\/media\/9515"}],"wp:attachment":[{"href":"https:\/\/www.abanico.de\/abanico\/wp-json\/wp\/v2\/media?parent=9514"}],"wp:term":[{"taxonomy":"product_brand","embeddable":true,"href":"https:\/\/www.abanico.de\/abanico\/wp-json\/wp\/v2\/product_brand?post=9514"},{"taxonomy":"product_cat","embeddable":true,"href":"https:\/\/www.abanico.de\/abanico\/wp-json\/wp\/v2\/product_cat?post=9514"},{"taxonomy":"product_tag","embeddable":true,"href":"https:\/\/www.abanico.de\/abanico\/wp-json\/wp\/v2\/product_tag?post=9514"}],"curies":[{"name":"wp","href":"https:\/\/api.w.org\/{rel}","templated":true}]}}