{"id":9489,"date":"2020-12-10T12:31:15","date_gmt":"2020-12-10T11:31:15","guid":{"rendered":"https:\/\/www.abanico.de\/abanico\/?post_type=product&#038;p=9489"},"modified":"2024-08-21T08:44:37","modified_gmt":"2024-08-21T06:44:37","slug":"a-lot-fragen-zum-dav-programm-download-de","status":"publish","type":"product","link":"https:\/\/www.abanico.de\/abanico\/shop\/download-de\/seminar-videos-download-de\/alotarnisliveonlinetraining\/a-lot-fragen-zum-dav-programm-download-de\/","title":{"rendered":"A-LOT-Fragen-zum-DAV-Programm &#8211; Download &#8211; DE"},"content":{"rendered":"<p>Dies ist das Video vom Arnis Live-Online-Training, A-LOT, das GM Datu Dieter Kn\u00fcttel, 10. Dan Modern Arnis, zum Thema:<\/p>\n<h4><strong>Fragen zum DAV Programm<br \/>\n<\/strong><\/h4>\n<ul>\n<li><strong>Verteidigung gegen Diagonalangriffe<br \/>\n<\/strong><\/li>\n<li><strong>Distanzwechsel: Wie man die Distanz verk\u00fcrzen kann<\/strong><\/li>\n<li><strong>Waffenlos<br \/>\n<\/strong><\/li>\n<li><strong>Struktur im DAV-Programm<\/strong><\/li>\n<li><strong>Unterschiede Modern Block, klassicher Block und Schlagblock<\/strong><\/li>\n<li><strong>Was ist ein Stil<\/strong><\/li>\n<\/ul>\n<p>abgehalten hat.<\/p>\n<p>Es wird die Technik, Methodik und Didaktik des Unterrichtens sowie viele Details f\u00fcr die Ausf\u00fchrung der Technik erkl\u00e4rt und demonstriert.<\/p>\n<p>Das Video hat Kapitelmarker.<br \/>\nErkl\u00e4rung hier: <span style=\"color: #ff0000;\"><em><strong><a style=\"color: #ff0000;\" href=\"https:\/\/www.abanico.de\/abanico\/kapitel-in-download-videos\/\">Kapitelmarker<\/a><\/strong><\/em><\/span><\/p>\n<p>Hier der Inhalt des Live-Trainings-Videos:<\/p>\n<p>00:00 Vorspann<br \/>\n00:14 Einleitung<br \/>\n00:35 <strong>Verteidigung gegen Diagonalangriffe<\/strong><br \/>\n01:10 &#8211; Die Bl\u00f6cke<br \/>\n02:13 &#8211; Beinarbeit<br \/>\n04:16 &#8211; Angriff mit weichem Gegenstand (z.B. G\u00fcrtel oder Poolnudel)<br \/>\n05:50 &#8211; Horizontale und diagonale Angriffe mit Gegenangriffen<br \/>\n08:01 &#8211; Waffenlos<br \/>\n09:51 Distanzwechsel: Wie man die Distanz verk\u00fcrzen kann<br \/>\n10:18 &#8211; Attack by drawing: In den Angriff reinziehen<br \/>\n14:28 <strong>Waffenlos<\/strong><br \/>\n12:29 &#8211; Reaktionszeiten<br \/>\n15:19 &#8211; Auf einen Angriff vorbereitet sein<br \/>\n16:04 &#8211; Non-aggressive, deeskalierende Positionen<br \/>\n18:23 &#8211; Ansatzloses Schlagen und Auftaktbewegungen<br \/>\n21:29 &#8211; Wie man Auftaktbewegungen erkennt<br \/>\n23:37 <strong>Warum wird im DAV immer auf die n\u00e4chste Pr\u00fcfung trainiert und nicht die Grundtechniken st\u00e4ndig wiederholt?<\/strong><br \/>\n25:11 &#8211; Aufbau des Programms und warum Vielseitigkeit?<br \/>\n28:21 &#8211; Prinzip der Reduktion und Prinzip der Vielseitigkeit<br \/>\n29:10 &#8211; Prinzip der Reduktion im Wettkampf<br \/>\n30:28 &#8211; Welches Prinzip ist in der Selbstverteidigung sinnvoll?<br \/>\n30:48 &#8211; Das Prinzip der Vielseitigkeit<br \/>\n31:38 &#8211; Reduktion und Vielseitigkeit im Karate und Taekwondo<br \/>\n33:34 <strong>Modern Bl\u00f6cke &#8211; klassische Bl\u00f6cke &#8211; Schlagbl\u00f6cke<\/strong><br \/>\n34:11 &#8211; Modern Bl\u00f6cke<br \/>\n36:41 &#8211; Gr\u00fcnde f\u00fcr die lineare Beinarbeit im Modern<br \/>\n38:56 &#8211; Klassische Bl\u00f6cke<br \/>\n40:08 &#8211; Gr\u00fcnde das Checken mit der linken Hand<br \/>\n41:23 &#8211; Schlagbl\u00f6cke<br \/>\n43:21 &#8211; Das Timing beim Schlagblock<br \/>\n45:28 <strong>Was ist ein Stil?<\/strong><br \/>\n46:04 &#8211; Welcher Weg ist der richtige Weg?<br \/>\n49:26 Verabschiedung<br \/>\n49:37 Abspann<br \/>\n50:05 Ende<\/p>\n<h4>Dies alles wird im dem A-LOT (Arnis Live-Online-Training) Video detailliert erkl\u00e4rt und demonstriert.<br \/>\nDas Arnis Live -Online- Trainings Video ist Teil der neuen Serie:\u00a0 Die \u00fcber Internet abgehaltenen Arnis Live-Online-Trainings Videos von und mit GM Datu Dieter Kn\u00fcttel, 10. Dan Modern Arnis.<br \/>\nNicht nur schnelle Demos, von denen es so viele auf Youtube zu sehen gibt, sondern Unterricht mit Erkl\u00e4rungen des &#8222;Was, Warum und Wie&#8220; mit vielen wichtigen Details, die bei reinen Demos verloren gehen.<br \/>\n<strong>Videos, von denen man wirklich lernen kann.<\/strong><\/h4>\n<h4><a href=\"https:\/\/www.abanico.de\/dieterknuettel\/wp\/de\/kurzbiographie\/\"><strong><span style=\"color: #ff0000;\"><em>Gro\u00dfmeister Datu Dieter Kn\u00fcttel<\/em><\/span><\/strong><\/a><br \/>\nist Diplom-Sportlehrer, Bundestrainer f\u00fcr Modern Arnis (seit 1985) und Modern Arnis Repr\u00e4sentant f\u00fcr Europa.<\/h4>\n<p>Er unterrichtet Selbstverteidigung seit Ende der 70er Jahre in ganz Deutschland aber auch weltweit.<\/p>\n<p>1996 wurde ihm der Titel Datu und der Grad Lakan Anim, 6. Dan Modern Arnis, von Gro\u00dfmeister Remy A. Presas (10. Dan) pers\u00f6nlich als 4. Arnis-Lehrer au\u00dferhalb der Philippinen und als erstem au\u00dferhalb der USA, verliehen<br \/>\nNachdem er den 7., 8. und 9. Dan auf den Philippinen verliehen bekommen hatte, wurde m 24.9.2016 in Dortmund \u00f6ffentlich bekanntgegeben, dass er von Gro\u00dfmeister Roberto Presas den 10. Dan Modern Arnis verliehen bekommen hatte.<\/p>\n<p>Dieter Kn\u00fcttel betreibt Kampfsport seit 1967 und philippinische Kampfk\u00fcnste seit 1978. Er unterrichtet Modern Arnis auf Lehrg\u00e4ngen \u00fcberall in Europa, Russland, Australien und in den USA-<\/p>\n<div class=\"avia_textblock avia_textblock_style\" data-update_with=\"content\">\n<hr \/>\n<\/div>\n","protected":false},"excerpt":{"rendered":"<h2><strong>A-LOT-Fragen-zum-DAV-Programm &#8211; Download &#8211; DE<\/strong><\/h2>\n<p><strong>Sprache: deutsch &#8211; download<\/strong><br \/>\nLaufzeit (Min.): 50<br \/>\n<strong>Produzent: ABANICO<\/strong><\/p>\n","protected":false},"featured_media":9490,"comment_status":"open","ping_status":"closed","template":"","meta":[],"product_brand":[],"product_cat":[9321,39,7329,40,685],"product_tag":[1430,1432,1434,9462,9076,9040,9022,1370,1372,1374,9231,9460,1301,9480,9396,9223,2217,1321,9325,9323,1376,9458,7618,9163,9404,9042,1845,9229,7596,3646,9478,9225,9464,9466,9227,1847,2329,9468,9482,1708,9406],"class_list":{"0":"post-9489","1":"product","2":"type-product","3":"status-publish","4":"has-post-thumbnail","6":"product_cat-alotarnisliveonlinetraining","7":"product_cat-download-de","8":"product_cat-grossmeister-und-meister-des-modern-arnis","9":"product_cat-modern-arnis-download-de","10":"product_cat-seminar-videos-download-de","11":"product_tag-1-entwaffnungsserie-de","12":"product_tag-2-entwaffnungsserie-de","13":"product_tag-3-entwaffnungsserie-de","14":"product_tag-5-7facher-gegenangriff","15":"product_tag-angriffe-anbwehren","16":"product_tag-arnis","17":"product_tag-datu-dieter","18":"product_tag-dav-de","19":"product_tag-deutscher-arnis-verband-de","20":"product_tag-dieter-knuettel-de","21":"product_tag-download-video","22":"product_tag-effizienz","23":"product_tag-eskrima-de","24":"product_tag-freie-hand","25":"product_tag-grundlagen-einzelstock","26":"product_tag-handwechsel","27":"product_tag-kali-de","28":"product_tag-karate-de","29":"product_tag-live-video-training","30":"product_tag-lvt","31":"product_tag-modern-arnis-de","32":"product_tag-oekonomie-der-bewegung","33":"product_tag-realistische-selbstverteidigung","34":"product_tag-remy-presas","35":"product_tag-schlagbloecke","36":"product_tag-selbstschutz","37":"product_tag-selbstverteidigung-de","38":"product_tag-seminar-video","39":"product_tag-sinawali-de","40":"product_tag-single-sinawali-de","41":"product_tag-snake-circle","42":"product_tag-stickfighting","43":"product_tag-stock-stock","44":"product_tag-stock-waffenlos","45":"product_tag-stockkampf","46":"product_tag-sv-de","47":"product_tag-tapi-tapi-de","48":"product_tag-training-ohne-partner-in","49":"product_tag-variatinen-der-entwaffnungen","50":"product_tag-verteidigung-de","51":"product_tag-waffenlose-boecke","53":"first","54":"instock","55":"downloadable","56":"virtual","57":"sold-individually","58":"taxable","59":"purchasable","60":"product-type-simple"},"_links":{"self":[{"href":"https:\/\/www.abanico.de\/abanico\/wp-json\/wp\/v2\/product\/9489","targetHints":{"allow":["GET"]}}],"collection":[{"href":"https:\/\/www.abanico.de\/abanico\/wp-json\/wp\/v2\/product"}],"about":[{"href":"https:\/\/www.abanico.de\/abanico\/wp-json\/wp\/v2\/types\/product"}],"replies":[{"embeddable":true,"href":"https:\/\/www.abanico.de\/abanico\/wp-json\/wp\/v2\/comments?post=9489"}],"wp:featuredmedia":[{"embeddable":true,"href":"https:\/\/www.abanico.de\/abanico\/wp-json\/wp\/v2\/media\/9490"}],"wp:attachment":[{"href":"https:\/\/www.abanico.de\/abanico\/wp-json\/wp\/v2\/media?parent=9489"}],"wp:term":[{"taxonomy":"product_brand","embeddable":true,"href":"https:\/\/www.abanico.de\/abanico\/wp-json\/wp\/v2\/product_brand?post=9489"},{"taxonomy":"product_cat","embeddable":true,"href":"https:\/\/www.abanico.de\/abanico\/wp-json\/wp\/v2\/product_cat?post=9489"},{"taxonomy":"product_tag","embeddable":true,"href":"https:\/\/www.abanico.de\/abanico\/wp-json\/wp\/v2\/product_tag?post=9489"}],"curies":[{"name":"wp","href":"https:\/\/api.w.org\/{rel}","templated":true}]}}