{"id":9420,"date":"2020-11-26T17:45:16","date_gmt":"2020-11-26T16:45:16","guid":{"rendered":"https:\/\/www.abanico.de\/abanico\/?post_type=product&#038;p=9420"},"modified":"2024-08-21T08:45:05","modified_gmt":"2024-08-21T06:45:05","slug":"a-lot-3-entwaffnungsserie-download-de","status":"publish","type":"product","link":"https:\/\/www.abanico.de\/abanico\/shop\/download-de\/seminar-videos-download-de\/alotarnisliveonlinetraining\/a-lot-3-entwaffnungsserie-download-de\/","title":{"rendered":"A-LOT-3. Entwaffnungsserie &#8211; Download &#8211; DE"},"content":{"rendered":"<p>Dies ist das Video vom Arnis Live-Online-Training, A-LOT, das GM Datu Dieter Kn\u00fcttel, 10. Dan Modern Arnis, zum Thema:<\/p>\n<h4><strong>Die 3. Entwaffnungsserie <\/strong><\/h4>\n<ul>\n<li><strong>Mit Stock <\/strong><\/li>\n<li><strong>Ohne Stock <\/strong><\/li>\n<li><strong>Training ohne Partner\/in<br \/>\n<\/strong><\/li>\n<\/ul>\n<p>abgehalten hat.<\/p>\n<p>Es wird die Technik, Methodik und Didaktik des Unterrichtens sowie viele Details f\u00fcr die Ausf\u00fchrung der Technik erkl\u00e4rt und demonstriert.<\/p>\n<p>Das Video hat Kapitelmarker.<br \/>\nErkl\u00e4rung hier: <span style=\"color: #ff0000;\"><em><strong><a style=\"color: #ff0000;\" href=\"https:\/\/www.abanico.de\/abanico\/kapitel-in-download-videos\/\">Kapitelmarker<\/a><\/strong><\/em><\/span><\/p>\n<p>Hier der Inhalt des Live-Trainings-Videos:<\/p>\n<p>00:00 Vorspann<br \/>\n00:14 Einleitung<br \/>\n00:39 Prinzip der 3. Entwaffnungsserie<br \/>\n01:04 Angriff 1: 3. Entwaffnungsserie<br \/>\n03:15 &#8211; Angriff 1 &#8211; ohne Partner<br \/>\n04:29 &#8211; Fehler mit Korrektur<br \/>\n04:34 &#8211; Fehler 1<br \/>\n05:12 &#8211; Fehler 2<br \/>\n06:53 &#8211; Fehler 3<br \/>\n07:54 &#8211; Angriff 1 : waffenlose Entwaffnung<br \/>\n09:14 &#8211; Angriff 1 waffenlos &#8211; ohne Partner<br \/>\n09:45 Analogie 1, 3 und 9<br \/>\n10:19 &#8211; Fehler mit Korrektur Angriff 9<br \/>\n11:31 &#8211; Angriff 9 &#8211; ohne Partner<br \/>\n11:54 &#8211; Angriff 9: waffenlos ???<br \/>\n12:36 Angriff 2<br \/>\n14:12 &#8211; Angriff 2 &#8211; ohne Partner<br \/>\n14:56 &#8211; Angriff 2: waffenlose Entwaffnung<br \/>\n16:09 &#8211; Angriff 2 waffenlos: ohne Partner<br \/>\n16:26 Analogie 2, 4 und 8<br \/>\n17:00 &#8211; Angriff 8: waffenlos ???<br \/>\n17:20 Angriffe 6 und 10<br \/>\n18:28 &#8211; Angriff 6 &#8211; ohne Partner<br \/>\n18:56 &#8211; Angriff 6: waffenlose Entwaffnung<br \/>\n20:13 &#8211; Angriff 6 waffenlos: ohne Partner<br \/>\n20:40 Angriffe 7 und 11<br \/>\n21:47 &#8211; Angriff 7 &#8211; ohne Partner<br \/>\n22:13 &#8211; Angriff 7: waffenlose Entwaffnung<br \/>\n23:35 &#8211; Angriff 7 waffenlos: ohne Partner<br \/>\n24:42 Angriff 5<br \/>\n25:17 &#8211; Angriff 5 &#8211; ohne Partner<br \/>\n25:54 &#8211; Angriff 5: waffenlose Entwaffnung<br \/>\n26:10 &#8211; Fehler mit Korrektur Angriff 5<br \/>\n26:37 &#8211; Angriff 5 waffenlos: ohne Partner<br \/>\n26:52 Angriff 12 (analog zu 5)<br \/>\n27:15 &#8211; Wohin schl\u00e4gt Angriff 12?<br \/>\n28:05 &#8211; Angriff 12 &#8211; ohne Partner<br \/>\n28:21 &#8211; Angriff 12: waffenlose Entwaffnung<br \/>\n28:49 &#8211; Angriff 12 waffenlos: ohne Partner<br \/>\n29:12 Verabschiedung<br \/>\n29:31 Abspann<br \/>\n29:58 Ende<\/p>\n<h4>Dies alles wird im dem A-LOT (Arnis Live-Online-Training) Video detailliert erkl\u00e4rt und demonstriert.<br \/>\nDas Arnis Live -Online- Trainings Video ist Teil der neuen Serie:\u00a0 Die \u00fcber Internet abgehaltenen Arnis Live-Online-Trainings Videos von und mit GM Datu Dieter Kn\u00fcttel, 10. Dan Modern Arnis.<br \/>\nNicht nur schnelle Demos, von denen es so viele auf Youtube zu sehen gibt, sondern Unterricht mit Erkl\u00e4rungen des &#8222;Was, Warum und Wie&#8220; mit vielen wichtigen Details, die bei reinen Demos verloren gehen.<br \/>\n<strong>Videos, von denen man wirklich lernen kann.<\/strong><\/h4>\n<h4><a href=\"https:\/\/www.abanico.de\/dieterknuettel\/wp\/de\/kurzbiographie\/\"><strong><span style=\"color: #ff0000;\"><em>Gro\u00dfmeister Datu Dieter Kn\u00fcttel<\/em><\/span><\/strong><\/a><br \/>\nist Diplom-Sportlehrer, Bundestrainer f\u00fcr Modern Arnis (seit 1985) und Modern Arnis Repr\u00e4sentant f\u00fcr Europa.<\/h4>\n<p>Er unterrichtet Selbstverteidigung seit Ende der 70er Jahre in ganz Deutschland aber auch weltweit.<\/p>\n<p>1996 wurde ihm der Titel Datu und der Grad Lakan Anim, 6. Dan Modern Arnis, von Gro\u00dfmeister Remy A. Presas (10. Dan) pers\u00f6nlich als 4. Arnis-Lehrer au\u00dferhalb der Philippinen und als erstem au\u00dferhalb der USA, verliehen<br \/>\nNachdem er den 7., 8. und 9. Dan auf den Philippinen verliehen bekommen hatte, wurde m 24.9.2016 in Dortmund \u00f6ffentlich bekanntgegeben, dass er von Gro\u00dfmeister Roberto Presas den 10. Dan Modern Arnis verliehen bekommen hatte.<\/p>\n<p>Dieter Kn\u00fcttel betreibt Kampfsport seit 1967 und philippinische Kampfk\u00fcnste seit 1978. Er unterrichtet Modern Arnis auf Lehrg\u00e4ngen \u00fcberall in Europa, Russland, Australien und in den USA-<\/p>\n<div class=\"avia_textblock avia_textblock_style\" data-update_with=\"content\">\n<hr \/>\n<\/div>\n","protected":false},"excerpt":{"rendered":"<h2><strong>A-LOT-3. Entwaffnungsserie &#8211; Download &#8211; DE<\/strong><\/h2>\n<p><strong>Sprache: deutsch &#8211; download<\/strong><br \/>\nLaufzeit (Min.): 29<br \/>\n<strong>Produzent: ABANICO<\/strong><\/p>\n","protected":false},"featured_media":9423,"comment_status":"open","ping_status":"closed","template":"","meta":[],"product_brand":[],"product_cat":[9321,39,7329,40,685],"product_tag":[1430,1432,1434,9462,9076,9040,9022,1370,1372,1374,9231,9460,1301,9480,9396,9223,2217,1321,9325,9323,1376,9458,7618,9163,9042,1845,9229,7596,3646,9478,9225,9464,9466,9227,1847,2329,9468,1708,9406],"class_list":{"0":"post-9420","1":"product","2":"type-product","3":"status-publish","4":"has-post-thumbnail","6":"product_cat-alotarnisliveonlinetraining","7":"product_cat-download-de","8":"product_cat-grossmeister-und-meister-des-modern-arnis","9":"product_cat-modern-arnis-download-de","10":"product_cat-seminar-videos-download-de","11":"product_tag-1-entwaffnungsserie-de","12":"product_tag-2-entwaffnungsserie-de","13":"product_tag-3-entwaffnungsserie-de","14":"product_tag-5-7facher-gegenangriff","15":"product_tag-angriffe-anbwehren","16":"product_tag-arnis","17":"product_tag-datu-dieter","18":"product_tag-dav-de","19":"product_tag-deutscher-arnis-verband-de","20":"product_tag-dieter-knuettel-de","21":"product_tag-download-video","22":"product_tag-effizienz","23":"product_tag-eskrima-de","24":"product_tag-freie-hand","25":"product_tag-grundlagen-einzelstock","26":"product_tag-handwechsel","27":"product_tag-kali-de","28":"product_tag-karate-de","29":"product_tag-live-video-training","30":"product_tag-lvt","31":"product_tag-modern-arnis-de","32":"product_tag-oekonomie-der-bewegung","33":"product_tag-realistische-selbstverteidigung","34":"product_tag-remy-presas","35":"product_tag-selbstschutz","36":"product_tag-selbstverteidigung-de","37":"product_tag-seminar-video","38":"product_tag-sinawali-de","39":"product_tag-single-sinawali-de","40":"product_tag-snake-circle","41":"product_tag-stickfighting","42":"product_tag-stock-stock","43":"product_tag-stock-waffenlos","44":"product_tag-stockkampf","45":"product_tag-sv-de","46":"product_tag-tapi-tapi-de","47":"product_tag-training-ohne-partner-in","48":"product_tag-verteidigung-de","49":"product_tag-waffenlose-boecke","51":"first","52":"instock","53":"downloadable","54":"virtual","55":"sold-individually","56":"taxable","57":"purchasable","58":"product-type-simple"},"_links":{"self":[{"href":"https:\/\/www.abanico.de\/abanico\/wp-json\/wp\/v2\/product\/9420","targetHints":{"allow":["GET"]}}],"collection":[{"href":"https:\/\/www.abanico.de\/abanico\/wp-json\/wp\/v2\/product"}],"about":[{"href":"https:\/\/www.abanico.de\/abanico\/wp-json\/wp\/v2\/types\/product"}],"replies":[{"embeddable":true,"href":"https:\/\/www.abanico.de\/abanico\/wp-json\/wp\/v2\/comments?post=9420"}],"wp:featuredmedia":[{"embeddable":true,"href":"https:\/\/www.abanico.de\/abanico\/wp-json\/wp\/v2\/media\/9423"}],"wp:attachment":[{"href":"https:\/\/www.abanico.de\/abanico\/wp-json\/wp\/v2\/media?parent=9420"}],"wp:term":[{"taxonomy":"product_brand","embeddable":true,"href":"https:\/\/www.abanico.de\/abanico\/wp-json\/wp\/v2\/product_brand?post=9420"},{"taxonomy":"product_cat","embeddable":true,"href":"https:\/\/www.abanico.de\/abanico\/wp-json\/wp\/v2\/product_cat?post=9420"},{"taxonomy":"product_tag","embeddable":true,"href":"https:\/\/www.abanico.de\/abanico\/wp-json\/wp\/v2\/product_tag?post=9420"}],"curies":[{"name":"wp","href":"https:\/\/api.w.org\/{rel}","templated":true}]}}