{"id":9387,"date":"2020-11-22T12:40:09","date_gmt":"2020-11-22T11:40:09","guid":{"rendered":"https:\/\/www.abanico.de\/abanico\/?post_type=product&#038;p=9387"},"modified":"2024-08-21T08:45:57","modified_gmt":"2024-08-21T06:45:57","slug":"a-lot-2-entwaffnungsserie-download-de","status":"publish","type":"product","link":"https:\/\/www.abanico.de\/abanico\/shop\/download-de\/seminar-videos-download-de\/alotarnisliveonlinetraining\/a-lot-2-entwaffnungsserie-download-de\/","title":{"rendered":"A-LOT-2. Entwaffnungsserie &#8211; Download &#8211; DE"},"content":{"rendered":"<p>Dies ist das Video vom Arnis Live-Online-Training, A-LOT, das GM Datu Dieter Kn\u00fcttel, 10. Dan Modern Arnis, zum Thema:<\/p>\n<h4><strong>Die 2. Entwaffnungsserie <\/strong><\/h4>\n<ul>\n<li><strong>Mit Stock <\/strong><\/li>\n<li><strong>Ohne Stock <\/strong><\/li>\n<li><strong>Training ohne Partner\/in<br \/>\n<\/strong><\/li>\n<\/ul>\n<p>abgehalten hat.<\/p>\n<p>Es wird die Technik, Methodik und Didaktik des Unterrichtens sowie viele Details f\u00fcr die Ausf\u00fchrung der Technik erkl\u00e4rt und demonstriert.<\/p>\n<p>Das Video hat Kapitelmarker.<br \/>\nErkl\u00e4rung hier: <span style=\"color: #ff0000;\"><em><strong><a style=\"color: #ff0000;\" href=\"https:\/\/www.abanico.de\/abanico\/kapitel-in-download-videos\/\">Kapitelmarker<\/a><\/strong><\/em><\/span><\/p>\n<p>Hier der Inhalt des Live-Trainings-Videos:<\/p>\n<p>00:00 Vorspann<br \/>\n00:14 Einleitung<br \/>\n00:25 Prinzip der 2. Entwaffnungsserie<br \/>\n01:06 Angriff 1: 2. Entwaffnungsserie<br \/>\n01:39 &#8211; Soll der Stock gefangen werden?<br \/>\n02:18 &#8211; Neandertaler-Entwaffnung<br \/>\n02:52 &#8211; Warum es anders besser ist<br \/>\n03:16 &#8211; Wickelt nicht euren Arm um seinen, sondern seinen Arm um euren<br \/>\n03:46 &#8211; Die korrekte Ausf\u00fchrung im Detail<br \/>\n04:45 &#8211; Die Hand nach aussen drehen: Dreht\u00fcr, Saloon T\u00fcr<br \/>\n06:10 &#8211; Angriff 1 &#8211; ohne Partner<br \/>\n06:48 &#8211; Funktion von Bizeps und Trizeps<br \/>\n10:18 &#8211; Wie der angreifende Arm bewegt werden muss<br \/>\n10:53 &#8211; Gegen Angriffe 1, 3 und 9<br \/>\n11:22 Angriffe 1 und 3: waffenlose Entwaffnung<br \/>\n12:36 &#8211; Angriff 1 waffenlos &#8211; ohne Partner<br \/>\n13:12 &#8211; Wie die linke Hand arbeiten muss<br \/>\n13:50 Angriff 9<br \/>\n14:15 Wax on &#8211; Wax off<br \/>\n14:32 Angriffe 2, 4 und 8<br \/>\n15:13 &#8211; Warum nicht nach unten dr\u00fccken<br \/>\n16:58 &#8211; Nummer 2 &#8211; ohne Partner<br \/>\n17:41 &#8211; Am Ende nicht abdrehen<br \/>\n18:03 Angriffe 2 &#8211; 4 &#8211; 8<br \/>\n18:25 &#8211; Angriffe 2 und 4: waffenlose Entwaffnung<br \/>\n18:59 &#8211; Angriff 8<br \/>\n19:09 Welche Hand blockt? Angriffe 1 und 2<br \/>\n20:16 Angriffe 6 und 10<br \/>\n21:52 &#8211; Angriff 6 &#8211; ohne Partner<br \/>\n23:28 &#8211; Angriff 6 &#8211; waffenlose Entwaffnung<br \/>\n24:12 &#8211; Angriff 6 waffenlos: ohne Partner<br \/>\n24:34 Angriffe 7 und 11<br \/>\n26:53 &#8211; Nummer 7 &#8211; ohne Partner<br \/>\n27:17 &#8211; Angriff 7 waffenlose Entwaffnung<br \/>\n27:49 &#8211; Angriff 7 waffenlos: ohne Partner<br \/>\n28:06 Angriff 5<br \/>\n28:45 &#8211; Angriff 5 &#8211; ohne Partner<br \/>\n29:02 &#8211; Angriff 5: waffenlose Entwaffnung<br \/>\n29:26 &#8211; Angriff 5 waffenlos: ohne Partner<br \/>\n29:46 Angriff 12 (analog zu 2)<br \/>\n30:36 &#8211; Angriff 12 &#8211; ohne Partner<br \/>\n30:51 &#8211; Angriff 12: waffenlose Entwaffnung<br \/>\n31:36 &#8211; Angriff 12 waffenlos: ohne Partner<br \/>\n31:52 Angriff 12 (analog zu 5)<br \/>\n32:21 &#8211; Angriff 12 (analog zu 5) &#8211; ohne Partner<br \/>\n32:42 &#8211; Angriff 12 (analog zu 5): waffenlose Entwaffnung<br \/>\n33:08 &#8211; Angriff 12 (analog zu 5) waffenlos: ohne Partner<br \/>\n33:22 Fazit<br \/>\n33:52 Abspann<br \/>\n34:19 Ende<\/p>\n<h4>Dies alles wird im dem A-LOT (Arnis Live-Online-Training) Video detailliert erkl\u00e4rt und demonstriert.<br \/>\nDas Arnis Live -Online- Trainings Video ist Teil der neuen Serie:\u00a0 Die \u00fcber Internet abgehaltenen Arnis Live-Online-Trainings Videos von und mit GM Datu Dieter Kn\u00fcttel, 10. Dan Modern Arnis.<br \/>\nNicht nur schnelle Demos, von denen es so viele auf Youtube zu sehen gibt, sondern Unterricht mit Erkl\u00e4rungen des &#8222;Was, Warum und Wie&#8220; mit vielen wichtigen Details, die bei reinen Demos verloren gehen.<br \/>\n<strong>Videos, von denen man wirklich lernen kann.<\/strong><\/h4>\n<h4><a href=\"https:\/\/www.abanico.de\/dieterknuettel\/wp\/de\/kurzbiographie\/\"><strong><span style=\"color: #ff0000;\"><em>Gro\u00dfmeister Datu Dieter Kn\u00fcttel<\/em><\/span><\/strong><\/a><br \/>\nist Diplom-Sportlehrer, Bundestrainer f\u00fcr Modern Arnis (seit 1985) und Modern Arnis Repr\u00e4sentant f\u00fcr Europa.<\/h4>\n<p>Er unterrichtet Selbstverteidigung seit Ende der 70er Jahre in ganz Deutschland aber auch weltweit.<\/p>\n<p>1996 wurde ihm der Titel Datu und der Grad Lakan Anim, 6. Dan Modern Arnis, von Gro\u00dfmeister Remy A. Presas (10. Dan) pers\u00f6nlich als 4. Arnis-Lehrer au\u00dferhalb der Philippinen und als erstem au\u00dferhalb der USA, verliehen<br \/>\nNachdem er den 7., 8. und 9. Dan auf den Philippinen verliehen bekommen hatte, wurde m 24.9.2016 in Dortmund \u00f6ffentlich bekanntgegeben, dass er von Gro\u00dfmeister Roberto Presas den 10. Dan Modern Arnis verliehen bekommen hatte.<\/p>\n<p>Dieter Kn\u00fcttel betreibt Kampfsport seit 1967 und philippinische Kampfk\u00fcnste seit 1978. Er unterrichtet Modern Arnis auf Lehrg\u00e4ngen \u00fcberall in Europa, Russland, Australien und in den USA-<\/p>\n<div class=\"avia_textblock avia_textblock_style\" data-update_with=\"content\">\n<hr \/>\n<\/div>\n","protected":false},"excerpt":{"rendered":"<h2><strong>A-LOT-2. Entwaffnungsserie &#8211; Download &#8211; DE<\/strong><\/h2>\n<p><strong>Sprache: deutsch &#8211; download<\/strong><br \/>\nLaufzeit (Min.): 34<br \/>\n<strong>Produzent: ABANICO<\/strong><\/p>\n","protected":false},"featured_media":9390,"comment_status":"open","ping_status":"closed","template":"","meta":[],"product_brand":[],"product_cat":[9321,39,7329,40,685],"product_tag":[1430,1432,9462,9076,9040,9022,1370,1372,1374,9231,9460,1301,9480,9396,9223,2217,1321,9325,9323,1376,9458,7618,9163,9042,1845,9229,7596,3646,9478,9225,9464,9466,9227,1847,2329,9468,1708,9406],"class_list":{"0":"post-9387","1":"product","2":"type-product","3":"status-publish","4":"has-post-thumbnail","6":"product_cat-alotarnisliveonlinetraining","7":"product_cat-download-de","8":"product_cat-grossmeister-und-meister-des-modern-arnis","9":"product_cat-modern-arnis-download-de","10":"product_cat-seminar-videos-download-de","11":"product_tag-1-entwaffnungsserie-de","12":"product_tag-2-entwaffnungsserie-de","13":"product_tag-5-7facher-gegenangriff","14":"product_tag-angriffe-anbwehren","15":"product_tag-arnis","16":"product_tag-datu-dieter","17":"product_tag-dav-de","18":"product_tag-deutscher-arnis-verband-de","19":"product_tag-dieter-knuettel-de","20":"product_tag-download-video","21":"product_tag-effizienz","22":"product_tag-eskrima-de","23":"product_tag-freie-hand","24":"product_tag-grundlagen-einzelstock","25":"product_tag-handwechsel","26":"product_tag-kali-de","27":"product_tag-karate-de","28":"product_tag-live-video-training","29":"product_tag-lvt","30":"product_tag-modern-arnis-de","31":"product_tag-oekonomie-der-bewegung","32":"product_tag-realistische-selbstverteidigung","33":"product_tag-remy-presas","34":"product_tag-selbstschutz","35":"product_tag-selbstverteidigung-de","36":"product_tag-seminar-video","37":"product_tag-sinawali-de","38":"product_tag-single-sinawali-de","39":"product_tag-snake-circle","40":"product_tag-stickfighting","41":"product_tag-stock-stock","42":"product_tag-stock-waffenlos","43":"product_tag-stockkampf","44":"product_tag-sv-de","45":"product_tag-tapi-tapi-de","46":"product_tag-training-ohne-partner-in","47":"product_tag-verteidigung-de","48":"product_tag-waffenlose-boecke","50":"first","51":"instock","52":"downloadable","53":"virtual","54":"sold-individually","55":"taxable","56":"purchasable","57":"product-type-simple"},"_links":{"self":[{"href":"https:\/\/www.abanico.de\/abanico\/wp-json\/wp\/v2\/product\/9387","targetHints":{"allow":["GET"]}}],"collection":[{"href":"https:\/\/www.abanico.de\/abanico\/wp-json\/wp\/v2\/product"}],"about":[{"href":"https:\/\/www.abanico.de\/abanico\/wp-json\/wp\/v2\/types\/product"}],"replies":[{"embeddable":true,"href":"https:\/\/www.abanico.de\/abanico\/wp-json\/wp\/v2\/comments?post=9387"}],"wp:featuredmedia":[{"embeddable":true,"href":"https:\/\/www.abanico.de\/abanico\/wp-json\/wp\/v2\/media\/9390"}],"wp:attachment":[{"href":"https:\/\/www.abanico.de\/abanico\/wp-json\/wp\/v2\/media?parent=9387"}],"wp:term":[{"taxonomy":"product_brand","embeddable":true,"href":"https:\/\/www.abanico.de\/abanico\/wp-json\/wp\/v2\/product_brand?post=9387"},{"taxonomy":"product_cat","embeddable":true,"href":"https:\/\/www.abanico.de\/abanico\/wp-json\/wp\/v2\/product_cat?post=9387"},{"taxonomy":"product_tag","embeddable":true,"href":"https:\/\/www.abanico.de\/abanico\/wp-json\/wp\/v2\/product_tag?post=9387"}],"curies":[{"name":"wp","href":"https:\/\/api.w.org\/{rel}","templated":true}]}}