{"id":9330,"date":"2020-11-14T13:31:42","date_gmt":"2020-11-14T12:31:42","guid":{"rendered":"https:\/\/www.abanico.de\/abanico\/?post_type=product&#038;p=9330"},"modified":"2025-11-12T14:11:46","modified_gmt":"2025-11-12T13:11:46","slug":"a-lot-dan-entwaffnungskonter-im-tapi-download-de","status":"publish","type":"product","link":"https:\/\/www.abanico.de\/abanico\/shop\/gemaelde\/9548\/a-lot-dan-entwaffnungskonter-im-tapi-download-de\/","title":{"rendered":"A-LOT-Dan-Entwaffnungskonter im Tapi &#8211; Download &#8211; DE"},"content":{"rendered":"<p>Dies ist das Video vom Arnis Live-Online-Training, (A-LOT) das GM Datu Dieter Kn\u00fcttel, 10. Dan Modern Arnis, zum Thema:<\/p>\n<h4>Entwaffnungskonter<\/h4>\n<ul>\n<li>Techniken im Tapi-Tapi<\/li>\n<li>Mit Gegenkonter<\/li>\n<li>Im Flu\u00df bleiben<\/li>\n<\/ul>\n<p>abgehalten hat.<\/p>\n<p>Das Video hat Kapitelmarker.<br \/>\nErkl\u00e4rung hier: <em><strong><a href=\"https:\/\/www.abanico.de\/abanico\/kapitel-in-download-videos\/\"><span style=\"color: #ff0000;\">Kapitelmarker<\/span><\/a><\/strong><\/em><\/p>\n<p>Hier der Inhalt des Arnis Live-Online-Trainings-Videos:<\/p>\n<p>00:00 Vorspann<br \/>\n00:15 Einleitung<br \/>\n02:03 Entwaffnungen auf Angriffe 1 und 2 im Tapi-Tapi<br \/>\n02:38 Konter bei Angriff 1: Entwaffnung 1. Serie<br \/>\n03:29 Konter bei Angriff 1: Entwaffnung 1. Serie &#8211; im Tapi<br \/>\n05:52 Zur\u00fcck in den Flow kommen<br \/>\n10:58 Konter bei Angriff 2: Entwaffnung 1. Serie im Tapi<br \/>\n12:03 Angriffswinkel vorhersagen<br \/>\n13:02 Verkettung mit der 1. Technik<br \/>\n13:31 Verkettung bei Angriff 1: 1. Serie &#8211; Konter &#8211; 3. Serie<br \/>\n14:22 Verkettung bei Angriff 1: 1. Serie &#8211; Konter &#8211; 3. Serie &#8211; ohne Partner<br \/>\n14:37 Verkettung bei Angriff 1: 1. Serie &#8211; Konter &#8211; 3. Serie &#8211; Konter &#8211; weiter mit Tapi<br \/>\n16:42 Verkettung mit vorherigen Techniken<br \/>\n17:04 Verkettung bei Angriff 2: 1. Serie &#8211; Konter &#8211; 2. Serie<br \/>\n17:44 Verkettung bei Angriff 2: 1. Serie &#8211; Konter &#8211; 2. Serie &#8211; Sonquete &#8211; weiterleiten<br \/>\n18:43 Verkettung bei Angriff 2: 1. Serie &#8211; Konter &#8211; 2. Serie &#8211; Sonquete &#8211; 5. Serie<br \/>\n20:00 Verkettung bei Angriff 2: 1. Serie &#8211; Konter &#8211; 2. Serie &#8211; Sonquete &#8211; Umleiten &#8211; 12<br \/>\n21:31 Verkettung bei Angriff 2: 1. Serie &#8230;. Sonquete + Handdrehung, weiterleiten &#8211; 5. Serie<br \/>\n23:28 Situativ handeln<br \/>\n24:10 Angriff 1: Achselhebel<br \/>\n24:40 Angriff 1: Achselhebel &#8211; Konter &#8211; weiter im Tapi<br \/>\n27:10 Angriff 1: Achselhebel &#8211; Konter &#8211; 4. Serie<br \/>\n27:33 Angriff 1: Achselhebel &#8211; Konter &#8211; 4. Serie &#8211; Konter &#8211; weiter im Tapi<br \/>\n28:12 Verkettung von allen Techniken<br \/>\n29:13 Fazit<br \/>\n29:58 Abspann<br \/>\n30:26 Ende<\/p>\n<h4>Das ist A-LOT.\u00a0 Alles wird im dem Arnis Live-Online-Trainings Video detailliert erkl\u00e4rt und demonstriert.<br \/>\nDas Live -Online- Training Video ist Teil der neuen Serie:\u00a0 Die \u00fcber Internet abgehaltenen Arnis Live-Online-Trainings Videos von und mit GM Datu Dieter Kn\u00fcttel, 10. Dan Modern Arnis.<br \/>\nNicht nur schnelle Demos, von denen es so viele auf Youtube zu sehen gibt, sondern Unterricht mit Erkl\u00e4rungen des &#8222;Was, Warum und Wie&#8220; mit vielen wichtigen Details, die bei reinen Demos verloren gehen.<br \/>\n<strong>Videos, von denen man wirklich lernen kann.<\/strong><\/h4>\n<p><a href=\"https:\/\/www.abanico.de\/dieterknuettel\/wp\/de\/kurzbiographie\/\"><strong><span style=\"color: #ff0000;\">Gro\u00dfmeister Datu Dieter Kn\u00fcttel<\/span><\/strong><\/a><br \/>\nist Diplom-Sportlehrer, Bundestrainer f\u00fcr Modern Arnis (seit 1985) und Modern Arnis Repr\u00e4sentant f\u00fcr Europa.<\/p>\n<p>Er unterrichtet Selbstverteidigung seit Ende der 70er Jahre in ganz Deutschland aber auch weltweit.<\/p>\n<p>1996 wurde ihm der Titel Datu und der Grad Lakan Anim, 6. Dan Modern Arnis, von Gro\u00dfmeister Remy A. Presas (10. Dan) pers\u00f6nlich als 4. Arnis-Lehrer au\u00dferhalb der Philippinen und als erstem au\u00dferhalb der USA, verliehen<br \/>\nNachdem er den 7., 8. und 9. Dan auf den Philippinen verliehen bekommen hatte, wurde m 24.9.2016 in Dortmund \u00f6ffentlich bekanntgegeben, dass er von Gro\u00dfmeister Roberto Presas den 10. Dan Modern Arnis verliehen bekommen hatte.<\/p>\n<p>Dieter Kn\u00fcttel betreibt Kampfsport seit 1967 und philippinische Kampfk\u00fcnste seit 1978. Er unterrichtet Modern Arnis auf Lehrg\u00e4ngen \u00fcberall in Europa, Russland, Australien und in den USA.<\/p>\n<div class=\"avia_textblock avia_textblock_style\" data-update_with=\"content\">\n<hr \/>\n<\/div>\n","protected":false},"excerpt":{"rendered":"<h2><strong>A-LOT-Dan-Entwaffnungskonter im Tapi &#8211; Download &#8211; DE<\/strong><\/h2>\n<p><strong>Sprache: deutsch &#8211; download<\/strong><br \/>\nLaufzeit (Min.): 30<br \/>\n<strong>Produzent: ABANICO<\/strong><\/p>\n","protected":false},"featured_media":9324,"comment_status":"open","ping_status":"closed","template":"","meta":[],"product_brand":[],"product_cat":[9548],"product_tag":[],"class_list":{"0":"post-9330","1":"product","2":"type-product","3":"status-publish","4":"has-post-thumbnail","6":"product_cat-9548","8":"first","9":"instock","10":"downloadable","11":"virtual","12":"sold-individually","13":"taxable","14":"purchasable","15":"product-type-simple"},"_links":{"self":[{"href":"https:\/\/www.abanico.de\/abanico\/wp-json\/wp\/v2\/product\/9330","targetHints":{"allow":["GET"]}}],"collection":[{"href":"https:\/\/www.abanico.de\/abanico\/wp-json\/wp\/v2\/product"}],"about":[{"href":"https:\/\/www.abanico.de\/abanico\/wp-json\/wp\/v2\/types\/product"}],"replies":[{"embeddable":true,"href":"https:\/\/www.abanico.de\/abanico\/wp-json\/wp\/v2\/comments?post=9330"}],"wp:featuredmedia":[{"embeddable":true,"href":"https:\/\/www.abanico.de\/abanico\/wp-json\/wp\/v2\/media\/9324"}],"wp:attachment":[{"href":"https:\/\/www.abanico.de\/abanico\/wp-json\/wp\/v2\/media?parent=9330"}],"wp:term":[{"taxonomy":"product_brand","embeddable":true,"href":"https:\/\/www.abanico.de\/abanico\/wp-json\/wp\/v2\/product_brand?post=9330"},{"taxonomy":"product_cat","embeddable":true,"href":"https:\/\/www.abanico.de\/abanico\/wp-json\/wp\/v2\/product_cat?post=9330"},{"taxonomy":"product_tag","embeddable":true,"href":"https:\/\/www.abanico.de\/abanico\/wp-json\/wp\/v2\/product_tag?post=9330"}],"curies":[{"name":"wp","href":"https:\/\/api.w.org\/{rel}","templated":true}]}}