{"id":9326,"date":"2020-11-14T13:12:56","date_gmt":"2020-11-14T12:12:56","guid":{"rendered":"https:\/\/www.abanico.de\/abanico\/?post_type=product&#038;p=9326"},"modified":"2024-08-21T08:46:18","modified_gmt":"2024-08-21T06:46:18","slug":"a-lot-1-entwaffnungsserie-download-de","status":"publish","type":"product","link":"https:\/\/www.abanico.de\/abanico\/shop\/download-de\/seminar-videos-download-de\/alotarnisliveonlinetraining\/a-lot-1-entwaffnungsserie-download-de\/","title":{"rendered":"A-LOT-1. Entwaffnungsserie &#8211; Download &#8211; DE"},"content":{"rendered":"<p>Dies ist das Video vom Arnis Live-Online-Training, A-LOT, das GM Datu Dieter Kn\u00fcttel, 10. Dan Modern Arnis, zum Thema:<\/p>\n<h4><strong>Die 1. Entwaffnungsserie <\/strong><\/h4>\n<ul>\n<li><strong>Mit Stock <\/strong><\/li>\n<li><strong>Ohne Stock <\/strong><\/li>\n<li><strong>Training ohne Partner\/in<br \/>\n<\/strong><\/li>\n<\/ul>\n<p>abgehalten hat.<\/p>\n<p>Es wird die Technik, Methodik und Didaktik des Unterrichtens sowie viele Details f\u00fcr die Ausf\u00fchrung der Technik erkl\u00e4rt und demonstriert.<\/p>\n<p>Das Video hat Kapitelmarker.<br \/>\nErkl\u00e4rung hier: <span style=\"color: #ff0000;\"><em><strong><a style=\"color: #ff0000;\" href=\"https:\/\/www.abanico.de\/abanico\/kapitel-in-download-videos\/\">Kapitelmarker<\/a><\/strong><\/em><\/span><\/p>\n<p>Hier der Inhalt des Live-Trainings-Videos:<\/p>\n<p>00:00 Vorspann<br \/>\n00:15 Einleitung<br \/>\n00:26 Geschichte der Entwaffnungsserien<br \/>\n03:14 Prinzip der 1. Entwaffnungsserie<br \/>\n03:34 Technische Entwicklung 1. Entwaffnungsserie<br \/>\n05:24 Training der Techniken ohne Partner\/in<br \/>\n05:56 Weiter mit der technischen Entwicklung 1. Entwaffnungsserie<br \/>\n06:34 Aktuell: Angriff 1: 1. Entwaffnungsserie<br \/>\n08:53 &#8211; Position nach der Entwaffnung<br \/>\n12:03 &#8211; Ohne Partner Angriff 1: 1. Entwaffnungsserie<br \/>\n12:58 Angriffe 1, 3 und 9: 1. Entwaffnungsserie<br \/>\n13:16 &#8211; Besonderheit bei Angriff 9<br \/>\n13:40 Nach einer Entwaffnung erfolgen immer Gegenangriffe<br \/>\n14:46 &#8211; Distanz und greifen bei Angriffen 8 und 9<br \/>\n16:31 &#8211; Angriffe 6 und 10: 1. Entwaffnungsserie<br \/>\n18:29 &#8211; Variante: Angriffe 6 und 10, 1. Entwaffnungsserie<br \/>\n19:17 Funktionalit\u00e4t \u00fcber Dogma<br \/>\n20:01 &#8211; Waffenlos Angriffe 1, 3, 6, 9 und 10: 1. Entwaffnungsserie<br \/>\n22:50 &#8211; Warum Stiche nicht an der Hand geblockt werden D\u00dcRFEN!!!<br \/>\n23:37 &#8211; Ohne Partner: Waffenlos Angriffe 1, 3, 6, 9 und 10: 1. Entwaffnungsserie<br \/>\n25:01 Angriff 2 oder 4: 1. Entwaffnungsserie<br \/>\n28:01 &#8211; Ohne Partner Angriff 2 oder 4: 1. Entwaffnungsserie<br \/>\n28:51 &#8211; Fehlerkorrektur Angriff 2 oder 4: 1. Entwaffnungsserie<br \/>\n30:29 &#8211; Variante: Angriff 2 oder 4: 1. Entwaffnungsserie<br \/>\n31:09 Angriff 8: 1. Entwaffnungsserie<br \/>\n31:32 Angriff 7 oder 11: 1. Entwaffnungsseriev<br \/>\n32:38 &#8211; Ohne Partner Angriff 7 oder 11: 1. Entwaffnungsserie<br \/>\n33:08 &#8211; Waffenlos Angriffe 2 und 4: 1. Entwaffnungsserie<br \/>\n33:50 &#8211; Ohne Partner: Waffenlos Angriffe 2 und 4: 1. Entwaffnungsserie<br \/>\n34:11 Angriff 5 und 12: 1. Entwaffnungsserie<br \/>\n35:19 &#8211; Ohne Partner: Angriffe 5 und 12: 1. Entwaffnungsserie<br \/>\n36:06 &#8211; Waffenlos: Angriffe 5 und 12: 1. Entwaffnungsserie<br \/>\n37:02 Fazit<br \/>\n37:48 Abspann<br \/>\n38:16 Ende<\/p>\n<h4>Dies alles wird im dem A-LOT (Arnis Live-Online-Training) Video detailliert erkl\u00e4rt und demonstriert.<br \/>\nDas Arnis Live -Online- Trainings Video ist Teil der neuen Serie:\u00a0 Die \u00fcber Internet abgehaltenen Arnis Live-Online-Trainings Videos von und mit GM Datu Dieter Kn\u00fcttel, 10. Dan Modern Arnis.<br \/>\nNicht nur schnelle Demos, von denen es so viele auf Youtube zu sehen gibt, sondern Unterricht mit Erkl\u00e4rungen des &#8222;Was, Warum und Wie&#8220; mit vielen wichtigen Details, die bei reinen Demos verloren gehen.<br \/>\n<strong>Videos, von denen man wirklich lernen kann.<\/strong><\/h4>\n<h4><a href=\"https:\/\/www.abanico.de\/dieterknuettel\/wp\/de\/kurzbiographie\/\"><strong><span style=\"color: #ff0000;\"><em>Gro\u00dfmeister Datu Dieter Kn\u00fcttel<\/em><\/span><\/strong><\/a><br \/>\nist Diplom-Sportlehrer, Bundestrainer f\u00fcr Modern Arnis (seit 1985) und Modern Arnis Repr\u00e4sentant f\u00fcr Europa.<\/h4>\n<p>Er unterrichtet Selbstverteidigung seit Ende der 70er Jahre in ganz Deutschland aber auch weltweit.<\/p>\n<p>1996 wurde ihm der Titel Datu und der Grad Lakan Anim, 6. Dan Modern Arnis, von Gro\u00dfmeister Remy A. Presas (10. Dan) pers\u00f6nlich als 4. Arnis-Lehrer au\u00dferhalb der Philippinen und als erstem au\u00dferhalb der USA, verliehen<br \/>\nNachdem er den 7., 8. und 9. Dan auf den Philippinen verliehen bekommen hatte, wurde m 24.9.2016 in Dortmund \u00f6ffentlich bekanntgegeben, dass er von Gro\u00dfmeister Roberto Presas den 10. Dan Modern Arnis verliehen bekommen hatte.<\/p>\n<p>Dieter Kn\u00fcttel betreibt Kampfsport seit 1967 und philippinische Kampfk\u00fcnste seit 1978. Er unterrichtet Modern Arnis auf Lehrg\u00e4ngen \u00fcberall in Europa, Russland, Australien und in den USA-<\/p>\n<div class=\"avia_textblock avia_textblock_style\" data-update_with=\"content\">\n<hr \/>\n<\/div>\n","protected":false},"excerpt":{"rendered":"<h2><strong>A-LOT-1. Entwaffnungsserie &#8211; Download &#8211; DE<\/strong><\/h2>\n<p><strong>Sprache: deutsch &#8211; download<\/strong><br \/>\nLaufzeit (Min.): 38<br \/>\n<strong>Produzent: ABANICO<\/strong><\/p>\n","protected":false},"featured_media":9321,"comment_status":"open","ping_status":"closed","template":"","meta":[],"product_brand":[],"product_cat":[9321,39,7329,40,685],"product_tag":[1430,9462,9076,9040,9022,1370,1372,1374,9231,9460,1301,9396,9223,2217,1321,9325,9323,1376,9458,7618,9163,9042,1845,9229,7596,3646,9225,9464,9466,9227,1847,2329,9468,1708,9406],"class_list":{"0":"post-9326","1":"product","2":"type-product","3":"status-publish","4":"has-post-thumbnail","6":"product_cat-alotarnisliveonlinetraining","7":"product_cat-download-de","8":"product_cat-grossmeister-und-meister-des-modern-arnis","9":"product_cat-modern-arnis-download-de","10":"product_cat-seminar-videos-download-de","11":"product_tag-1-entwaffnungsserie-de","12":"product_tag-5-7facher-gegenangriff","13":"product_tag-angriffe-anbwehren","14":"product_tag-arnis","15":"product_tag-datu-dieter","16":"product_tag-dav-de","17":"product_tag-deutscher-arnis-verband-de","18":"product_tag-dieter-knuettel-de","19":"product_tag-download-video","20":"product_tag-effizienz","21":"product_tag-eskrima-de","22":"product_tag-grundlagen-einzelstock","23":"product_tag-handwechsel","24":"product_tag-kali-de","25":"product_tag-karate-de","26":"product_tag-live-video-training","27":"product_tag-lvt","28":"product_tag-modern-arnis-de","29":"product_tag-oekonomie-der-bewegung","30":"product_tag-realistische-selbstverteidigung","31":"product_tag-remy-presas","32":"product_tag-selbstschutz","33":"product_tag-selbstverteidigung-de","34":"product_tag-seminar-video","35":"product_tag-sinawali-de","36":"product_tag-single-sinawali-de","37":"product_tag-stickfighting","38":"product_tag-stock-stock","39":"product_tag-stock-waffenlos","40":"product_tag-stockkampf","41":"product_tag-sv-de","42":"product_tag-tapi-tapi-de","43":"product_tag-training-ohne-partner-in","44":"product_tag-verteidigung-de","45":"product_tag-waffenlose-boecke","47":"first","48":"instock","49":"downloadable","50":"virtual","51":"sold-individually","52":"taxable","53":"purchasable","54":"product-type-simple"},"_links":{"self":[{"href":"https:\/\/www.abanico.de\/abanico\/wp-json\/wp\/v2\/product\/9326","targetHints":{"allow":["GET"]}}],"collection":[{"href":"https:\/\/www.abanico.de\/abanico\/wp-json\/wp\/v2\/product"}],"about":[{"href":"https:\/\/www.abanico.de\/abanico\/wp-json\/wp\/v2\/types\/product"}],"replies":[{"embeddable":true,"href":"https:\/\/www.abanico.de\/abanico\/wp-json\/wp\/v2\/comments?post=9326"}],"wp:featuredmedia":[{"embeddable":true,"href":"https:\/\/www.abanico.de\/abanico\/wp-json\/wp\/v2\/media\/9321"}],"wp:attachment":[{"href":"https:\/\/www.abanico.de\/abanico\/wp-json\/wp\/v2\/media?parent=9326"}],"wp:term":[{"taxonomy":"product_brand","embeddable":true,"href":"https:\/\/www.abanico.de\/abanico\/wp-json\/wp\/v2\/product_brand?post=9326"},{"taxonomy":"product_cat","embeddable":true,"href":"https:\/\/www.abanico.de\/abanico\/wp-json\/wp\/v2\/product_cat?post=9326"},{"taxonomy":"product_tag","embeddable":true,"href":"https:\/\/www.abanico.de\/abanico\/wp-json\/wp\/v2\/product_tag?post=9326"}],"curies":[{"name":"wp","href":"https:\/\/api.w.org\/{rel}","templated":true}]}}