{"id":9319,"date":"2020-11-14T12:43:03","date_gmt":"2020-11-14T11:43:03","guid":{"rendered":"https:\/\/www.abanico.de\/abanico\/?post_type=product&#038;p=9319"},"modified":"2024-08-21T08:46:47","modified_gmt":"2024-08-21T06:46:47","slug":"a-lot-oekonomie-der-bewegung-5-7facher-download-de","status":"publish","type":"product","link":"https:\/\/www.abanico.de\/abanico\/shop\/download-de\/seminar-videos-download-de\/alotarnisliveonlinetraining\/a-lot-oekonomie-der-bewegung-5-7facher-download-de\/","title":{"rendered":"A-LOT-\u00d6konomie der Bewegung &#8211; 5-7facher &#8211; Download &#8211; DE"},"content":{"rendered":"<p>Dies ist das Video vom Arnis Live-Online-Training, A-LOT, das GM Datu Dieter Kn\u00fcttel, 10. Dan Modern Arnis, zum Thema:<\/p>\n<h4><strong>\u00d6konomie der Bewegung<\/strong><\/h4>\n<ul>\n<li>5-7facher Gegenangriff<\/li>\n<li>Methodik f\u00fcrden Fluss<\/li>\n<li>Die Baum Struktur<\/li>\n<\/ul>\n<p>abgehalten hat.<\/p>\n<p>Es wird die Technik, Methodik und Didaktik des Unterrichtens sowie viele Details f\u00fcr die Ausf\u00fchrung der Technik erkl\u00e4rt und demonstriert.<\/p>\n<p>Das Video hat Kapitelmarker.<br \/>\nErkl\u00e4rung hier: <span style=\"color: #ff0000;\"><em><strong><a style=\"color: #ff0000;\" href=\"https:\/\/www.abanico.de\/abanico\/kapitel-in-download-videos\/\">Kapitelmarker<\/a><\/strong><\/em><\/span><\/p>\n<p>Hier der Inhalt des Live-Trainings-Videos:<\/p>\n<p>00:00 Vorspann<br \/>\n00:16 Einleitung<br \/>\n00:46 Der erste Gegenangriff<br \/>\n01:19 1. Schritt f\u00fcr das Ausbrechen aus festen Kombinationen<br \/>\n02:15 Prinzip der 5-7fachen Gegenangriffe<br \/>\n02:27 &#8211; Die tote Phase<br \/>\n02:47 &#8211; Butt-Optionen nach dem ersten Gegenangriff<br \/>\n03:19 &#8211; Stich-Optionen nach dem ersten Gegenangriff<br \/>\n05:21 &#8211; Optionen f\u00fcr weitere Folgetechniken<br \/>\n06:13 &#8211; Positionierung der Stockspitze nach einer Butt-Technik<br \/>\n06:54 &#8211; Im Einzeltraining den angreifenden Stock simulieren<br \/>\n07:40 &#8211; Abanicos<br \/>\n09:29 &#8211; Ausbrechen aus der Routine<br \/>\n12:25 &#8211; Vorbereitung von Stichen<br \/>\n14:13 &#8211; Innehalten und analysieren<br \/>\n15:02 &#8211; \u00c4nderung der 1. Technik &#8211; Butt<br \/>\n17:17 Zusammenfassung des bisherigen Stoffes<br \/>\n18:24 &#8211; \u00c4nderung der 1. Technik &#8211; Stich<br \/>\n20:24 &#8211; Die Kombination \u00e4ndern: anders blocken<br \/>\n23:18 Die Methodik, um in den Fluss zu kommen<br \/>\n25:38 &#8211; Kombinationen nach Angriff 2<br \/>\n29:47 Die Baum-Struktur der Kombinationen<br \/>\n31:17 &#8211; Verteidigung auf Angriff 2: 1. Gegenangriff \u00e4ndern<br \/>\n33:55 Fazit<br \/>\n34:39 Zusammenfassung des Inhalts<br \/>\n35:50 Abspann<br \/>\n36:16 Ende<\/p>\n<h4>Dies alles wird im dem A-LOT (Arnis Live-Online-Training) Video detailliert erkl\u00e4rt und demonstriert.<br \/>\nDas Arnis Live -Online- Trainings Video ist Teil der neuen Serie:\u00a0 Die \u00fcber Internet abgehaltenen Arnis Live-Online-Trainings Videos von und mit GM Datu Dieter Kn\u00fcttel, 10. Dan Modern Arnis.<br \/>\nNicht nur schnelle Demos, von denen es so viele auf Youtube zu sehen gibt, sondern Unterricht mit Erkl\u00e4rungen des &#8222;Was, Warum und Wie&#8220; mit vielen wichtigen Details, die bei reinen Demos verloren gehen.<br \/>\n<strong>Videos, von denen man wirklich lernen kann.<\/strong><\/h4>\n<h4><a href=\"https:\/\/www.abanico.de\/dieterknuettel\/wp\/de\/kurzbiographie\/\"><strong><span style=\"color: #ff0000;\"><em>Gro\u00dfmeister Datu Dieter Kn\u00fcttel<\/em><\/span><\/strong><\/a><br \/>\nist Diplom-Sportlehrer, Bundestrainer f\u00fcr Modern Arnis (seit 1985) und Modern Arnis Repr\u00e4sentant f\u00fcr Europa.<\/h4>\n<p>Er unterrichtet Selbstverteidigung seit Ende der 70er Jahre in ganz Deutschland aber auch weltweit.<\/p>\n<p>1996 wurde ihm der Titel Datu und der Grad Lakan Anim, 6. Dan Modern Arnis, von Gro\u00dfmeister Remy A. Presas (10. Dan) pers\u00f6nlich als 4. Arnis-Lehrer au\u00dferhalb der Philippinen und als erstem au\u00dferhalb der USA, verliehen<br \/>\nNachdem er den 7., 8. und 9. Dan auf den Philippinen verliehen bekommen hatte, wurde m 24.9.2016 in Dortmund \u00f6ffentlich bekanntgegeben, dass er von Gro\u00dfmeister Roberto Presas den 10. Dan Modern Arnis verliehen bekommen hatte.<\/p>\n<p>Dieter Kn\u00fcttel betreibt Kampfsport seit 1967 und philippinische Kampfk\u00fcnste seit 1978. Er unterrichtet Modern Arnis auf Lehrg\u00e4ngen \u00fcberall in Europa, Russland, Australien und in den USA-<\/p>\n<div class=\"avia_textblock avia_textblock_style\" data-update_with=\"content\">\n<hr \/>\n<\/div>\n","protected":false},"excerpt":{"rendered":"<h2><strong>A-LOT-\u00d6konomie der Bewegung &#8211; 5-7facher &#8211; Download &#8211; DE<\/strong><\/h2>\n<p><strong>Sprache: deutsch &#8211; download<\/strong><br \/>\nLaufzeit (Min.): 36<br \/>\n<strong>Produzent: ABANICO<\/strong><\/p>\n","protected":false},"featured_media":9323,"comment_status":"open","ping_status":"closed","template":"","meta":[],"product_brand":[],"product_cat":[9321,39,7329,40,685],"product_tag":[9462,9076,9040,9022,1370,1372,1374,9231,9460,1301,9396,9223,2217,1321,9325,9323,1376,9458,7618,9163,9042,1845,9229,7596,3646,9225,9227,1847,2329,1708,9406],"class_list":{"0":"post-9319","1":"product","2":"type-product","3":"status-publish","4":"has-post-thumbnail","6":"product_cat-alotarnisliveonlinetraining","7":"product_cat-download-de","8":"product_cat-grossmeister-und-meister-des-modern-arnis","9":"product_cat-modern-arnis-download-de","10":"product_cat-seminar-videos-download-de","11":"product_tag-5-7facher-gegenangriff","12":"product_tag-angriffe-anbwehren","13":"product_tag-arnis","14":"product_tag-datu-dieter","15":"product_tag-dav-de","16":"product_tag-deutscher-arnis-verband-de","17":"product_tag-dieter-knuettel-de","18":"product_tag-download-video","19":"product_tag-effizienz","20":"product_tag-eskrima-de","21":"product_tag-grundlagen-einzelstock","22":"product_tag-handwechsel","23":"product_tag-kali-de","24":"product_tag-karate-de","25":"product_tag-live-video-training","26":"product_tag-lvt","27":"product_tag-modern-arnis-de","28":"product_tag-oekonomie-der-bewegung","29":"product_tag-realistische-selbstverteidigung","30":"product_tag-remy-presas","31":"product_tag-selbstschutz","32":"product_tag-selbstverteidigung-de","33":"product_tag-seminar-video","34":"product_tag-sinawali-de","35":"product_tag-single-sinawali-de","36":"product_tag-stickfighting","37":"product_tag-stockkampf","38":"product_tag-sv-de","39":"product_tag-tapi-tapi-de","40":"product_tag-verteidigung-de","41":"product_tag-waffenlose-boecke","43":"first","44":"instock","45":"downloadable","46":"virtual","47":"sold-individually","48":"taxable","49":"purchasable","50":"product-type-simple"},"_links":{"self":[{"href":"https:\/\/www.abanico.de\/abanico\/wp-json\/wp\/v2\/product\/9319","targetHints":{"allow":["GET"]}}],"collection":[{"href":"https:\/\/www.abanico.de\/abanico\/wp-json\/wp\/v2\/product"}],"about":[{"href":"https:\/\/www.abanico.de\/abanico\/wp-json\/wp\/v2\/types\/product"}],"replies":[{"embeddable":true,"href":"https:\/\/www.abanico.de\/abanico\/wp-json\/wp\/v2\/comments?post=9319"}],"wp:featuredmedia":[{"embeddable":true,"href":"https:\/\/www.abanico.de\/abanico\/wp-json\/wp\/v2\/media\/9323"}],"wp:attachment":[{"href":"https:\/\/www.abanico.de\/abanico\/wp-json\/wp\/v2\/media?parent=9319"}],"wp:term":[{"taxonomy":"product_brand","embeddable":true,"href":"https:\/\/www.abanico.de\/abanico\/wp-json\/wp\/v2\/product_brand?post=9319"},{"taxonomy":"product_cat","embeddable":true,"href":"https:\/\/www.abanico.de\/abanico\/wp-json\/wp\/v2\/product_cat?post=9319"},{"taxonomy":"product_tag","embeddable":true,"href":"https:\/\/www.abanico.de\/abanico\/wp-json\/wp\/v2\/product_tag?post=9319"}],"curies":[{"name":"wp","href":"https:\/\/api.w.org\/{rel}","templated":true}]}}