{"id":9117,"date":"2020-09-25T09:01:56","date_gmt":"2020-09-25T07:01:56","guid":{"rendered":"https:\/\/www.abanico.de\/abanico\/?post_type=product&#038;p=9117"},"modified":"2025-01-23T19:00:40","modified_gmt":"2025-01-23T18:00:40","slug":"funktionale-nerventechniken-download-de","status":"publish","type":"product","link":"https:\/\/www.abanico.de\/abanico\/shop\/download-de\/modern-arnis-download-de\/grossmeister-und-meister-des-modern-arnis\/funktionale-nerventechniken-download-de\/","title":{"rendered":"Funktionale Nerventechniken &#8211; Download &#8211; DE"},"content":{"rendered":"<p>Der Einsatz von Nerventechniken im Modern Arnis &#8211; DAV.<br \/>\nDies ist ein Video von einem Lehrgang, auf dem GM Datu Dieter Kn\u00fcttel, 10. Dan Modern Arnis, den Einsatz und die Wirkung von funktionalen Nerventechniken erkl\u00e4rt und demonstriert.<\/p>\n<p>Nerventechniken sind etwas geheimnisumwittert. Aber man muss nicht Medizin studiert haben, um Nerventechniken in der Selbstverteidigung anwenden zu k\u00f6nnen.<\/p>\n<p>Und genau das das wird auf diesem Video unterrichtet: Einfache Techniken, die im Normalfall gut funktionieren und mit anderen Selbstverteidigungs-Techniken gut kombinierbar sind.\u00a0 Die Punkte werden werden direkt auf den Nerven, \u00fcber die Muskeln oder auf der\u00a0 Knochenhaut angesprochen.<\/p>\n<p>Wo die Punkte sind, die sie funktionieren, was man beachten sollte und wie man sie einsetzen kann wird auf diesem Video erkl\u00e4rt und demonstriert.<\/p>\n<p>Einfach, funktional, wirkungsvoll und leicht nachzuvollziehen.<\/p>\n<p>Ein Muss f\u00fcr jeden, der sich ernsthaft mit Selbstverteidigung auseinandersetzt in einem Video, als ob Sie beim Lehrgang dabei gewesen w\u00e4ren!<\/p>\n<p>Das Video hat Kapitelmarker.<br \/>\nErkl\u00e4rung hier: <em><strong><a href=\"https:\/\/www.abanico.de\/abanico\/kapitel-in-download-videos\/\"><span style=\"color: #ff0000;\">Kapitelmarker<\/span><\/a><\/strong><\/em><\/p>\n<p>&nbsp;<\/p>\n<p>Hier der Inhalt des Videos:<\/p>\n<p>00:00\u00a0 Vorspann und Einleitung<br \/>\n00:29\u00a0 Willkommen und Einleitung in das Thema<br \/>\n00:53\u00a0 Nervenpunkte &#8211; Muskelpunkte &#8211; Knochenpunkte: Unterschiede<br \/>\n03:28\u00a0 Unterschiedliche Empfindlichkeiten<br \/>\n04:25\u00a0 Auf dem Unterarm (Muskelpunkt)<br \/>\n05:55\u00a0 Dead hand strike<br \/>\n07:15\u00a0\u00a0 Verst\u00e4rkung des Druckes<br \/>\n09:02 Anwendungen Unterarm Punkt<br \/>\n11:41\u00a0\u00a0 Ablenkung<br \/>\n12:38\u00a0 Nat\u00fcrliche Reaktion auf Schmerz<br \/>\n13:33\u00a0 Mittelhandknochen (Knochenpunkt)<br \/>\n14:28\u00a0 Speiche am Handgelenk (Knochenpunkt)<br \/>\n15:31\u00a0 Daumen (Knochenpunkt)<br \/>\n16:07\u00a0 Finger (Knochenpunkt)<br \/>\n17:32\u00a0 Warum tut es dem Schlagenden nicht weh?<br \/>\n21:09\u00a0 Schienenbein (Knochenpunkt)<br \/>\n23:12\u00a0 Mittelfu\u00dfknochen (Knochenpunkt)<br \/>\n29:27\u00a0 Schienenbein &#8211; Carpaccio (Knochenpunkt)<br \/>\n27:43\u00a0 Punkte um den Ellbogen (Muskelpunkte)<br \/>\n29:03\u00a0 Harfe (Nervenpunkt)<br \/>\n30:16\u00a0 Trizepssehne (Muskelpunkt)<br \/>\n32:11\u00a0 Vielfalt der Werkzeuge<br \/>\n34:21\u00a0 Trapezmuskel (Muskelpunkt)<br \/>\n34:35\u00a0 Kuhle \u00fcber dem Schl\u00fcsselbein: Salzf\u00e4sschen (Nervenpunkt)<br \/>\n34:59\u00a0 Schl\u00fcsselbein (Knochenpunkt)<br \/>\n36:33\u00a0 Schmerzresistenz<br \/>\n38:01\u00a0 Verst\u00e4rker<br \/>\n38:26\u00a0 Anwendung Salzf\u00e4sschen\/Trapezmuskel<br \/>\n36:55\u00a0 Schl\u00fcsselbein mit einem Dulo angreifen (Knochenpunkt)<br \/>\n39:21\u00a0 Was ist ein Dulo (Dulo-Dulo)?<br \/>\n39:55\u00a0 Warnhinweis zur Schl\u00fcsselbeinkuhle<br \/>\n40:53\u00a0 Karotisinus (Nervenpunkt)<br \/>\n41:07\u00a0 Regelkreislauf Karotisinusreflex<br \/>\n42:52\u00a0 Der Kehlkpof ist TABU<br \/>\n45:24\u00a0 Auf den Karotisinus mit Age Uke (&#8222;Block&#8220; nach oben)<br \/>\n46:22\u00a0 Brustbein (Knochenpunkt)<br \/>\n51:58\u00a0 \u00c4u\u00dferer Oberschenkel &#8222;Pferdekuss&#8220; (Muskelpunkt)<br \/>\n54:58\u00a0 Info und Trailer &#8222;Nervenpunkt&#8220; Video von Mangisursuro Mike Inay<br \/>\n56:01\u00a0 Abspann<br \/>\n56:28\u00a0 Ende<\/p>\n<p>Dies alles wird im dem Video detailliert erkl\u00e4rt und demonstriert.<\/p>\n<h4>Das Download-Video ist Teil der neuen Serie:\u00a0 Lehrgangs Videos von und mit GM Datu Dieter Kn\u00fcttel, 10. Dan Modern Arnis.<br \/>\nNicht nur schnelle Demos, von denen es so viele auf Youtube zu sehen gibt, sondern Unterricht mit Erkl\u00e4rungen des &#8222;Was, Warum und Wie&#8220; mit vielen wichtigen Details, die bei reinen Demos verloren gehen.<\/h4>\n<p><strong>Videos, von denen man wirklich lernen kann.<\/strong><\/p>\n<h4><\/h4>\n<h4><a href=\"https:\/\/www.abanico.de\/dieterknuettel\/wp\/de\/kurzbiographie\/\"><strong><span style=\"color: #ff0000;\"><em>Gro\u00dfmeister Datu Dieter Kn\u00fcttel<\/em><\/span><\/strong><\/a><br \/>\nist Diplom-Sportlehrer, Bundestrainer f\u00fcr Modern Arnis (seit 1985) und Modern Arnis Repr\u00e4sentant f\u00fcr Europa.<\/h4>\n<p>Er unterrichtet Selbstverteidigung seit Ende der 70er Jahre in ganz Deutschland aber auch weltweit.<\/p>\n<p>1996 wurde ihm der Titel Datu und der Grad Lakan Anim, 6. Dan Modern Arnis, von Gro\u00dfmeister Remy A. Presas (10. Dan) pers\u00f6nlich als 4. Arnis-Lehrer au\u00dferhalb der Philippinen und als erstem au\u00dferhalb der USA, verliehen<br \/>\nNachdem er den 7., 8. und 9. Dan auf den Philippinen verliehen bekommen hatte, wurde m 24.9.2016 in Dortmund \u00f6ffentlich bekanntgegeben, dass er von Gro\u00dfmeister Roberto Presas den 10. Dan Modern Arnis verliehen bekommen hatte.<\/p>\n<p>Dieter Kn\u00fcttel betreibt Kampfsport seit 1967 und philippinische Kampfk\u00fcnste seit 1978. Er unterrichtet Modern Arnis auf Lehrg\u00e4ngen \u00fcberall in Europa, Russland, Australien und in den USA.<\/p>\n<div class=\"avia_textblock avia_textblock_style\" data-update_with=\"content\">\n<hr \/>\n<\/div>\n<div class=\"avia_textblock avia_textblock_style\" data-update_with=\"content\">\n<h3>Trailer<\/h3>\n<div style=\"width: 640px;\" class=\"wp-video\"><video class=\"wp-video-shortcode\" id=\"video-9117-1\" width=\"640\" height=\"360\" preload=\"metadata\" controls=\"controls\"><source type=\"video\/mp4\" src=\"https:\/\/www.abanico.de\/abanico\/wp-content\/files\/trailer\/D-NT-MA-Trailer.mp4?_=1\" \/><a href=\"https:\/\/www.abanico.de\/abanico\/wp-content\/files\/trailer\/D-NT-MA-Trailer.mp4\">https:\/\/www.abanico.de\/abanico\/wp-content\/files\/trailer\/D-NT-MA-Trailer.mp4<\/a><\/video><\/div>\n<p>Musik:<br \/>\n<b>Rock Intro 3<\/b> von Audionautix ist unter der Lizenz &#8222;Creative Commons Attribution&#8220; (<span style=\"color: #000080;\"><span lang=\"zxx\"><u><a href=\"https:\/\/creativecommons.org\/licenses\/by\/4.0\/\" target=\"_blank\" rel=\"noopener noreferrer\">https:\/\/creativecommons.org\/licenses\/by\/4.0\/<\/a><\/u><\/span><\/span>) lizenziert.<br \/>\nK\u00fcnstler: <span style=\"color: #000080;\"><span lang=\"zxx\"><u><a href=\"http:\/\/audionautix.com\/\" target=\"_blank\" rel=\"noopener noreferrer\">http:\/\/audionautix.com\/<\/a><\/u><\/span><\/span><\/p>\n<\/div>\n","protected":false},"excerpt":{"rendered":"<h2><strong>Funktionale Nerventechniken &#8211; Download &#8211; DE<\/strong><\/h2>\n<p><strong>Sprache: deutsch &#8211; download<\/strong><br \/>\nLaufzeit (Min.): 56<br \/>\n<strong>Produzent: ABANICO<\/strong><\/p>\n","protected":false},"featured_media":9120,"comment_status":"open","ping_status":"closed","template":"","meta":[],"product_brand":[],"product_cat":[39,7329,7336,40,685],"product_tag":[9076,9040,9022,1370,1372,1374,9231,1301,9223,2217,1321,9414,1376,2076,7618,9163,9042,1845,9229,7596,3646,9225,9227,1847,2329,9412,1708],"class_list":{"0":"post-9117","1":"product","2":"type-product","3":"status-publish","4":"has-post-thumbnail","6":"product_cat-download-de","7":"product_cat-grossmeister-und-meister-des-modern-arnis","8":"product_cat-lehrgaenge-mit-gm-datu-dieter-knuettel","9":"product_cat-modern-arnis-download-de","10":"product_cat-seminar-videos-download-de","11":"product_tag-angriffe-anbwehren","12":"product_tag-arnis","13":"product_tag-datu-dieter","14":"product_tag-dav-de","15":"product_tag-deutscher-arnis-verband-de","16":"product_tag-dieter-knuettel-de","17":"product_tag-download-video","18":"product_tag-eskrima-de","19":"product_tag-handwechsel","20":"product_tag-kali-de","21":"product_tag-karate-de","22":"product_tag-kyushu","23":"product_tag-modern-arnis-de","24":"product_tag-nerventechniken-de","25":"product_tag-realistische-selbstverteidigung","26":"product_tag-remy-presas","27":"product_tag-selbstschutz","28":"product_tag-selbstverteidigung-de","29":"product_tag-seminar-video","30":"product_tag-sinawali-de","31":"product_tag-single-sinawali-de","32":"product_tag-stickfighting","33":"product_tag-stockkampf","34":"product_tag-sv-de","35":"product_tag-tapi-tapi-de","36":"product_tag-tuite","37":"product_tag-verteidigung-de","39":"first","40":"instock","41":"downloadable","42":"virtual","43":"sold-individually","44":"taxable","45":"purchasable","46":"product-type-simple"},"_links":{"self":[{"href":"https:\/\/www.abanico.de\/abanico\/wp-json\/wp\/v2\/product\/9117","targetHints":{"allow":["GET"]}}],"collection":[{"href":"https:\/\/www.abanico.de\/abanico\/wp-json\/wp\/v2\/product"}],"about":[{"href":"https:\/\/www.abanico.de\/abanico\/wp-json\/wp\/v2\/types\/product"}],"replies":[{"embeddable":true,"href":"https:\/\/www.abanico.de\/abanico\/wp-json\/wp\/v2\/comments?post=9117"}],"wp:featuredmedia":[{"embeddable":true,"href":"https:\/\/www.abanico.de\/abanico\/wp-json\/wp\/v2\/media\/9120"}],"wp:attachment":[{"href":"https:\/\/www.abanico.de\/abanico\/wp-json\/wp\/v2\/media?parent=9117"}],"wp:term":[{"taxonomy":"product_brand","embeddable":true,"href":"https:\/\/www.abanico.de\/abanico\/wp-json\/wp\/v2\/product_brand?post=9117"},{"taxonomy":"product_cat","embeddable":true,"href":"https:\/\/www.abanico.de\/abanico\/wp-json\/wp\/v2\/product_cat?post=9117"},{"taxonomy":"product_tag","embeddable":true,"href":"https:\/\/www.abanico.de\/abanico\/wp-json\/wp\/v2\/product_tag?post=9117"}],"curies":[{"name":"wp","href":"https:\/\/api.w.org\/{rel}","templated":true}]}}