{"id":8925,"date":"2020-06-26T17:21:28","date_gmt":"2020-06-26T15:21:28","guid":{"rendered":"https:\/\/www.abanico.de\/abanico\/?post_type=product&#038;p=8925"},"modified":"2020-06-26T23:44:09","modified_gmt":"2020-06-26T21:44:09","slug":"modern-arnis-1-einfuehrung-in-die-kampfkunst-modern-arnis-1988-download-de","status":"publish","type":"product","link":"https:\/\/www.abanico.de\/abanico\/shop\/download-de\/modern-arnis-download-de\/modernarnishistorisch\/modern-arnis-1-einfuehrung-in-die-kampfkunst-modern-arnis-1988-download-de\/","title":{"rendered":"Modern Arnis 1 &#8211; Einf\u00fchrung in die Kampfkunst Modern Arnis &#8211; 1988 &#8211; Download &#8211; DE"},"content":{"rendered":"<p>Ich hatte das Gl\u00fcck an der Deutschen Sporthochschule K\u00f6ln meine Diplomarbeit \u00fcber Modern Arnis schreiben zu k\u00f6nnen. Das Thema hie\u00df<\/p>\n<p>&#8222;Einf\u00fchrung in die Kampfkunst Modern Arnis mit Hilfe einer Videoproduktion&#8220;<\/p>\n<p>Dazu habe ich noch eine 160 Seiten Arbeit abgegeben.<br \/>\nDieses Video stammt aus dem Jahr 1988 und ist der Video-Teil meiner Diplom-Arbeit.<\/p>\n<p>Besonderer Schwerpunkt war neben der Technik auch die Fehlerkorrektur zu vielen Techniken.<br \/>\nIch finde es faszinierend, wie viel von dem was ich damals, vor \u00fcber 30 Jahren in diesem Video demonstriert habe, auch heute noch aktuell ist.<br \/>\nViel Spass damit.<\/p>\n<p>Das Video enth\u00e4lt Kapitelmarker.<br \/>\nErkl\u00e4rung hier: <span style=\"color: #ff0000;\"><em><strong><a style=\"color: #ff0000;\" href=\"https:\/\/www.abanico.de\/abanico\/kapitel-in-download-videos\/\">Kapitelmarker<\/a><\/strong><\/em><\/span><\/p>\n<p>Hier der Inhalt des Videos:<\/p>\n<p>00:00:00 Vorspann<br \/>\n00:00:57 Einleitung<br \/>\n00:01:10 Kleidung<br \/>\n00:02:11 Ausr\u00fcstung:<br \/>\n00:02:14 &#8211; Die Waffen<br \/>\n00:03:44 &#8211; Gegenst\u00e4nde, die im Arnis als Waffen eingesetzt werden<br \/>\n00:04:26 Dojo Etiklette: Die Verbeugungen<br \/>\n00:05:45 Technische Grundlagen:<br \/>\n00:06:00 &#8211; Die Vorw\u00e4rtsstellung<br \/>\n00:07:33 &#8211; Der richtige Griff<br \/>\n00:08:47 &#8211; Die Angriffsstellung<br \/>\n00:09:38 &#8211; Die Verteidigungsstellung<br \/>\n00:10:29 Sinawali<br \/>\n00:11:40 &#8211; Singel Sinawali<br \/>\n00:14:38 &#8211; H\u00e4ufige Fehler und Korrekturen Single<br \/>\n00:16:36 &#8211; Doppel Sinawali<br \/>\n00:19:12 &#8211; H\u00e4ufige Fehler und Korrekturen Doppel<br \/>\n00:19:14 Modern Arnis Einzelstock<br \/>\n00:21:00 Die Angriffspunkte und Angriffe des Modern Arnis (6er System)<br \/>\n00:24:16 Die Blocktechniken des Modern Arnis (6er System)<br \/>\n00:27:54 &#8211; H\u00e4ufige Fehler und Korrekturen Bl\u00f6cke<br \/>\n00:30:34 &#8211; Anwendung der 6 Blocktechniken auf die 6 Angriffsschl\u00e4ge<br \/>\n00:32:31 &#8211; H\u00e4ufige Fehler und Korrekturen der Anwendungen<br \/>\n00:34:58 Reaktionstraining:<br \/>\n00:35:24 &#8211; Block auf Reaktion<br \/>\n00:37:02 Block mit Fassen und Gegenangriff<br \/>\n00:37:51 &#8211; Gegen Angriff 1<br \/>\n00:38:25 &#8211; Gegen Angriff 2<br \/>\n00:38:47 &#8211; Gegen Angriff 3<br \/>\n00:39:10 &#8211; Gegen Angriff 4<br \/>\n00:39:34 &#8211; Gegen Angriff 5<br \/>\n00:40:00 &#8211; Gegen Angriff 6<br \/>\n00:42:41 Reaktionstraining: &#8211; 1 &#8211; 1<br \/>\n00:44:19 Befreiungstechniken<br \/>\n00:48:07 &#8211; H\u00e4ufige Fehler und Korrekturen er Befreiungen<br \/>\n00:48:47 Die Entwaffnungstechniken mit dem Prinzip der \u00dcbertragbarkeit der Techniken<br \/>\n00:49:40 &#8211; gegen Angriff 1 mit einem Stock<br \/>\n00:50:12 &#8211; H\u00e4ufige Fehler und Korrekturen 1-Stock<br \/>\n00:51:16 &#8211; gegen Angriff 1 mit einer Zeitschrift<br \/>\n00:51:50 &#8211; H\u00e4ufige Fehler und Korrekturen 1-Zeitschrift<br \/>\n00:52:24 &#8211; gegen Angriff 1 mit einem Schal<br \/>\n00:53:06 &#8211; H\u00e4ufige Fehler und Korrekturen 1-Schal<br \/>\n00:53:40 &#8211; gegen Angriff 1 mit einem Kugelschreiber<br \/>\n00:54:21 &#8211; H\u00e4ufige Fehler und Korrekturen 1-Kugelschreiber<br \/>\n00:55:24 &#8211; gegen Angriff 1, waffenlos<br \/>\n00:56:03 &#8211; H\u00e4ufige Fehler und Korrekturen 1-waffenlos<br \/>\n00:57:17 &#8211; gegen Angriff 2 mit einem Stock<br \/>\n00:57:55 &#8211; H\u00e4ufige Fehler und Korrekturen 2-Stock<br \/>\n00:59:01 &#8211; gegen Angriff 2 mit einer Zeitschrift<br \/>\n00:59:37 &#8211; H\u00e4ufige Fehler und Korrekturen 2-Zeitschrift<br \/>\n01:00:23 &#8211; gegen Angriff 2 mit einem Schal<br \/>\n01:00:59 &#8211; H\u00e4ufige Fehler und Korrekturen 2-Schal<br \/>\n01:01:50 &#8211; gegen Angriff 2 mit einem Kugelschreiber<br \/>\n01:02:26 &#8211; H\u00e4ufige Fehler und Korrekturen 2-Kugelschreiber<br \/>\n01:03:18 &#8211; gegen Angriff 2, waffenlos<br \/>\n01:03:59 &#8211; H\u00e4ufige Fehler und Korrekturen 2-waffenlos<br \/>\n01:04:51 Arnis-Techniken im Vergleich zu anderen Kampfk\u00fcnsten &#8211; Eine Darstellung \u00e4hnlicher Techniken<br \/>\n01:05:33 &#8211; Karate: Gyaku Tsuki (mit Toni Dietl)<br \/>\n01:05:47 &#8211; Arnis &#8211; Handtechnik: Fauststo\u00df nach Block 1<br \/>\n01:06:15 &#8211; Karate: Mawashi Geri (mit Toni Dietl)<br \/>\n01:06:30 &#8211; Arnis &#8211; Handtechnik: Lowkick nach Block 2<br \/>\n01:07:04 &#8211; Judo: H\u00fcftwurf Koshi Guruma (mit Harald Bruns)<br \/>\n01:07:29 &#8211; Arnis &#8211; Wurftechnik: H\u00fcftwurf nach Block 1<br \/>\n01:08:16 &#8211; Judo: Fusswurf O Soto Gari (mit Harald Bruns)<br \/>\n01:08:37 &#8211; Arnis &#8211; Wurftechnik: Fusswurf nach Block 2<br \/>\n01:09:17 &#8211; Ju-Jutsu: Handgelenkhebel: Kipphandhebel (mit Harald Bruns)<br \/>\n01:09:49 &#8211; Arnis &#8211; Handgelenkhebel: Handgelenkhebel nach Block 1<br \/>\n01:10:37 &#8211; Ju-Jutsu: Festlegetechnik: Kreuzfesselgriff (mit Harald Bruns)<br \/>\n01:10:53 &#8211; Arnis &#8211; Festlegetechnik: Festleger nach Block 1<br \/>\n01:11:35 Zusammenfassung<br \/>\n01:12:21 Abspann<br \/>\n01:18:18 Ende<\/p>\n<div class=\"avia_textblock avia_textblock_style\" data-update_with=\"content\">\n<p>&nbsp;<\/p>\n<hr \/>\n<\/div>\n<div class=\"avia_textblock avia_textblock_style\" data-update_with=\"content\">\n<h3>Trailer<\/h3>\n<div style=\"width: 640px;\" class=\"wp-video\"><video class=\"wp-video-shortcode\" id=\"video-8925-1\" width=\"640\" height=\"360\" preload=\"metadata\" controls=\"controls\"><source type=\"video\/mp4\" src=\"https:\/\/www.abanico.de\/abanico\/wp-content\/files\/trailer\/D-MA-1-Trailer.mp4?_=1\" \/><a href=\"https:\/\/www.abanico.de\/abanico\/wp-content\/files\/trailer\/D-MA-1-Trailer.mp4\">https:\/\/www.abanico.de\/abanico\/wp-content\/files\/trailer\/D-MA-1-Trailer.mp4<\/a><\/video><\/div>\n<p>&nbsp;<\/p>\n<\/div>\n<h4><strong>Videos von ABANICO:<\/strong><\/h4>\n<h4><strong>Nicht nur schnelle Demos, von denen es so viele auf Youtube zu sehen gibt, sondern Unterricht mit Erkl\u00e4rungen des &#8222;Was, Warum und Wie&#8220; mit vielen wichtigen Details, die bei reinen Demos verloren gehen.<br \/>\nVideos, von denen man wirklich lernen kann.<\/strong><\/h4>\n<p><a href=\"https:\/\/www.abanico.de\/dieterknuettel\/wp\/de\/kurzbiographie\/\"><strong><span style=\"color: #ff0000;\">Gro\u00dfmeister Datu Dieter Kn\u00fcttel<\/span><\/strong><\/a><br \/>\nist Diplom-Sportlehrer, Bundestrainer f\u00fcr Modern Arnis (seit 1985) und Modern Arnis Repr\u00e4sentant f\u00fcr Europa.<\/p>\n<p>Er unterrichtet Selbstverteidigung seit Ende der 70er Jahre in ganz Deutschland aber auch weltweit.<\/p>\n<p>1996 wurde ihm der Titel Datu und der Grad Lakan Anim, 6. Dan Modern Arnis, von Gro\u00dfmeister Remy A. Presas (10. Dan) pers\u00f6nlich als 4. Arnis-Lehrer au\u00dferhalb der Philippinen und als erstem au\u00dferhalb der USA, verliehen<br \/>\nNachdem er den 7., 8. und 9. Dan auf den Philippinen verliehen bekommen hatte, wurde m 24.9.2016 in Dortmund \u00f6ffentlich bekanntgegeben, dass er von Gro\u00dfmeister Roberto Presas den 10. Dan Modern Arnis verliehen bekommen hatte.<\/p>\n<p>Dieter Kn\u00fcttel betreibt Kampfsport seit 1967 und philippinische Kampfk\u00fcnste seit 1978. Er unterrichtet Modern Arnis auf Lehrg\u00e4ngen \u00fcberall in Europa, Russland, Australien und in den USA.<\/p>\n<div class=\"avia_textblock avia_textblock_style\" data-update_with=\"content\">\n<hr \/>\n<\/div>\n","protected":false},"excerpt":{"rendered":"<h2><strong>Modern Arnis 1 &#8211; Einf\u00fchrung in die Kampfkunst Modern Arnis &#8211; 1988 &#8211; DOWNLOAD &#8211; DE<\/strong><\/h2>\n<p><strong>Sprache: deutsch &#8211; download<\/strong><br \/>\nLaufzeit (Min.): 71<br \/>\n<strong>Produzent: ABANICO<\/strong><\/p>\n","protected":false},"featured_media":8929,"comment_status":"open","ping_status":"closed","template":"","meta":[],"product_brand":[],"product_cat":[39,40,9408],"product_tag":[9335,9369,9365,9363,9371,9367,9357,9040,9022,535,536,42,9361,9359,637,9065,174,499,4691,52,7618,9042,165,166],"class_list":{"0":"post-8925","1":"product","2":"type-product","3":"status-publish","4":"has-post-thumbnail","6":"product_cat-download-de","7":"product_cat-modern-arnis-download-de","8":"product_cat-modernarnishistorisch","9":"product_tag-a-lot","10":"product_tag-anyo-apat","11":"product_tag-anyo-dalawa","12":"product_tag-anyo-isa","13":"product_tag-anyo-lima","14":"product_tag-anyo-tatlo","15":"product_tag-anyos","16":"product_tag-arnis","17":"product_tag-datu-dieter","18":"product_tag-dav","19":"product_tag-deutscher-arnis-verband","20":"product_tag-dieter-knuettel","21":"product_tag-einzelstock-formen","22":"product_tag-ernesto-presas","23":"product_tag-eskrima","24":"product_tag-flexible-gegenstaende","25":"product_tag-kali","26":"product_tag-karate","27":"product_tag-messer-sv","28":"product_tag-modern-arnis","29":"product_tag-realistische-selbstverteidigung","30":"product_tag-selbstschutz","31":"product_tag-selbstverteidigung","32":"product_tag-sv","34":"first","35":"instock","36":"downloadable","37":"virtual","38":"sold-individually","39":"taxable","40":"purchasable","41":"product-type-simple"},"_links":{"self":[{"href":"https:\/\/www.abanico.de\/abanico\/wp-json\/wp\/v2\/product\/8925","targetHints":{"allow":["GET"]}}],"collection":[{"href":"https:\/\/www.abanico.de\/abanico\/wp-json\/wp\/v2\/product"}],"about":[{"href":"https:\/\/www.abanico.de\/abanico\/wp-json\/wp\/v2\/types\/product"}],"replies":[{"embeddable":true,"href":"https:\/\/www.abanico.de\/abanico\/wp-json\/wp\/v2\/comments?post=8925"}],"wp:featuredmedia":[{"embeddable":true,"href":"https:\/\/www.abanico.de\/abanico\/wp-json\/wp\/v2\/media\/8929"}],"wp:attachment":[{"href":"https:\/\/www.abanico.de\/abanico\/wp-json\/wp\/v2\/media?parent=8925"}],"wp:term":[{"taxonomy":"product_brand","embeddable":true,"href":"https:\/\/www.abanico.de\/abanico\/wp-json\/wp\/v2\/product_brand?post=8925"},{"taxonomy":"product_cat","embeddable":true,"href":"https:\/\/www.abanico.de\/abanico\/wp-json\/wp\/v2\/product_cat?post=8925"},{"taxonomy":"product_tag","embeddable":true,"href":"https:\/\/www.abanico.de\/abanico\/wp-json\/wp\/v2\/product_tag?post=8925"}],"curies":[{"name":"wp","href":"https:\/\/api.w.org\/{rel}","templated":true}]}}