{"id":8748,"date":"2020-05-23T13:36:44","date_gmt":"2020-05-23T11:36:44","guid":{"rendered":"https:\/\/www.abanico.de\/abanico\/?post_type=product&#038;p=8748"},"modified":"2021-03-10T16:11:34","modified_gmt":"2021-03-10T15:11:34","slug":"a-lot-trainer-innen-fortbildung-20-05-2020-download-de","status":"publish","type":"product","link":"https:\/\/www.abanico.de\/abanico\/shop\/gemaelde\/9548\/a-lot-trainer-innen-fortbildung-20-05-2020-download-de\/","title":{"rendered":"A-LOT-Trainer\/innen-Fortbildung 20.05.2020 &#8211; Download &#8211; DE"},"content":{"rendered":"<p>Dies ist das Video vom Arnis Live-Online-Training, (A-LOT) das GM Datu Dieter Kn\u00fcttel, 10. Dan Modern Arnis, f\u00fcr die Trainer\/innen und Pr\u00fcfer\/innen des DAV abgehalten hat.<\/p>\n<p>Dieses Video hat Kapitelmarker.<br \/>\nErkl\u00e4rung hier: <em><strong><a href=\"https:\/\/www.abanico.de\/abanico\/kapitel-in-download-videos\/\"><span style=\"color: #ff0000;\">Kapitelmarker<\/span><\/a><\/strong><\/em><\/p>\n<p>Hier der Inhalt des Arnis Live-Online-Trainings-Videos:<\/p>\n<p>00:00 Vorspann<br \/>\n00:15 Frage: Woher kam die DAKO (von der sich die Arnis-Gruppe abgespalten und dann den DAV gegr\u00fcndet hat)<br \/>\n04:58 Frage: Hirada Batangue\u00f1a<br \/>\n05:53 Strukturen von Ernesto und Remy<br \/>\n10:13 Antwort: Hirada Batangue\u00f1a<br \/>\n14:23 Klassische Systeme als Angriffs- und Verteidigungs- Systeme<br \/>\n15:55 Hirada Batangue\u00f1a<br \/>\n16:49 Trainingsinhalte in der Corona-Zeit<br \/>\n17:20 Position der hinteren Ferse in Stellungen und w\u00e4hrend der Beinarbeit<br \/>\n21:56 Ansatzloses schlagen<br \/>\n23:23 H\u00fcftrotation bei Gegenangriffen<br \/>\n24:19 Ferse hoch und Spannung beim V-Schritt<br \/>\n25:28 Weitere Trainingsinhalte in der Corona-Zeit<br \/>\n25:45 Sinawali in der Corona-Zeit<br \/>\n29:03 Funktion der Spannung durch die angehobene Ferse<br \/>\n30:49 Unterschiede: Modern Drill, DeCadena, Modern Freestyle<br \/>\n39:11 Die Werkzeugkiste<br \/>\n42:34 Zusammenfassung &#8211; 1<br \/>\n42:44 Nochmal Hirada<br \/>\n44:44 Zusammenfassung &#8211; 2<br \/>\n44:57 Ferse hoch = Knie zeigt nach unten<br \/>\n46:03 Grundlegende Blocktechniken &#8211; Progression der Bl\u00f6cke<br \/>\n49:59 Aufbau unseres Programmes \u00fcber Remy&#8216; Lebensspanne<br \/>\n50:45 Technik \u00e4ndert sich mit dem Alter des Meisters<br \/>\n54:27 Remy&#8217;s Modern Arnis auf den Philippinen<br \/>\n56:55 Verabschiedung<br \/>\n58:31 Abspann<br \/>\n58:58 Ende<\/p>\n<h4>Das ist A-LOT.\u00a0 Alles wird im dem Arnis Live-Online-Trainings Video detailliert erkl\u00e4rt und demonstriert.<br \/>\nDas Live -Online- Training Video ist Teil der neuen Serie:\u00a0 Die \u00fcber Internet abgehaltenen Arnis Live-Online-Trainings Videos von und mit GM Datu Dieter Kn\u00fcttel, 10. Dan Modern Arnis.<br \/>\nNicht nur schnelle Demos, von denen es so viele auf Youtube zu sehen gibt, sondern Unterricht mit Erkl\u00e4rungen des &#8222;Was, Warum und Wie&#8220; mit vielen wichtigen Details, die bei reinen Demos verloren gehen.<br \/>\n<strong>Videos, von denen man wirklich lernen kann.<\/strong><\/h4>\n<p><a href=\"https:\/\/www.abanico.de\/dieterknuettel\/wp\/de\/kurzbiographie\/\"><strong><span style=\"color: #ff0000;\">Gro\u00dfmeister Datu Dieter Kn\u00fcttel<\/span><\/strong><\/a><br \/>\nist Diplom-Sportlehrer, Bundestrainer f\u00fcr Modern Arnis (seit 1985) und Modern Arnis Repr\u00e4sentant f\u00fcr Europa.<\/p>\n<p>Er unterrichtet Selbstverteidigung seit Ende der 70er Jahre in ganz Deutschland aber auch weltweit.<\/p>\n<p>1996 wurde ihm der Titel Datu und der Grad Lakan Anim, 6. Dan Modern Arnis, von Gro\u00dfmeister Remy A. Presas (10. Dan) pers\u00f6nlich als 4. Arnis-Lehrer au\u00dferhalb der Philippinen und als erstem au\u00dferhalb der USA, verliehen<br \/>\nNachdem er den 7., 8. und 9. Dan auf den Philippinen verliehen bekommen hatte, wurde m 24.9.2016 in Dortmund \u00f6ffentlich bekanntgegeben, dass er von Gro\u00dfmeister Roberto Presas den 10. Dan Modern Arnis verliehen bekommen hatte.<\/p>\n<p>Dieter Kn\u00fcttel betreibt Kampfsport seit 1967 und philippinische Kampfk\u00fcnste seit 1978. Er unterrichtet Modern Arnis auf Lehrg\u00e4ngen \u00fcberall in Europa, Russland, Australien und in den USA.<\/p>\n<div class=\"avia_textblock avia_textblock_style\" data-update_with=\"content\">\n<hr \/>\n<\/div>\n","protected":false},"excerpt":{"rendered":"<h2><strong>A-LOT-Trainer\/innen-Fortbildung 20.05.2020 &#8211; Download &#8211; DE<\/strong><\/h2>\n<p><strong>Sprache: deutsch &#8211; download<\/strong><br \/>\nLaufzeit (Min.): 59<br \/>\n<strong>Produzent: ABANICO<\/strong><\/p>\n","protected":false},"featured_media":8750,"comment_status":"open","ping_status":"closed","template":"","meta":[],"product_brand":[],"product_cat":[9548],"product_tag":[],"class_list":{"0":"post-8748","1":"product","2":"type-product","3":"status-publish","4":"has-post-thumbnail","6":"product_cat-9548","8":"first","9":"instock","10":"downloadable","11":"virtual","12":"sold-individually","13":"taxable","14":"purchasable","15":"product-type-simple"},"_links":{"self":[{"href":"https:\/\/www.abanico.de\/abanico\/wp-json\/wp\/v2\/product\/8748","targetHints":{"allow":["GET"]}}],"collection":[{"href":"https:\/\/www.abanico.de\/abanico\/wp-json\/wp\/v2\/product"}],"about":[{"href":"https:\/\/www.abanico.de\/abanico\/wp-json\/wp\/v2\/types\/product"}],"replies":[{"embeddable":true,"href":"https:\/\/www.abanico.de\/abanico\/wp-json\/wp\/v2\/comments?post=8748"}],"wp:featuredmedia":[{"embeddable":true,"href":"https:\/\/www.abanico.de\/abanico\/wp-json\/wp\/v2\/media\/8750"}],"wp:attachment":[{"href":"https:\/\/www.abanico.de\/abanico\/wp-json\/wp\/v2\/media?parent=8748"}],"wp:term":[{"taxonomy":"product_brand","embeddable":true,"href":"https:\/\/www.abanico.de\/abanico\/wp-json\/wp\/v2\/product_brand?post=8748"},{"taxonomy":"product_cat","embeddable":true,"href":"https:\/\/www.abanico.de\/abanico\/wp-json\/wp\/v2\/product_cat?post=8748"},{"taxonomy":"product_tag","embeddable":true,"href":"https:\/\/www.abanico.de\/abanico\/wp-json\/wp\/v2\/product_tag?post=8748"}],"curies":[{"name":"wp","href":"https:\/\/api.w.org\/{rel}","templated":true}]}}