{"id":8727,"date":"2020-05-22T09:00:01","date_gmt":"2020-05-22T07:00:01","guid":{"rendered":"https:\/\/www.abanico.de\/abanico\/?post_type=product&#038;p=8727"},"modified":"2024-08-21T08:47:19","modified_gmt":"2024-08-21T06:47:19","slug":"a-lot-abanico-download-de","status":"publish","type":"product","link":"https:\/\/www.abanico.de\/abanico\/shop\/download-de\/seminar-videos-download-de\/alotarnisliveonlinetraining\/a-lot-abanico-download-de\/","title":{"rendered":"A-LOT-Abanico &#8211; Download &#8211; DE"},"content":{"rendered":"<p>Dies ist ein A-LOT\u00a0 (Arnis Live-Online-Training) Video, das GM Datu Dieter Kn\u00fcttel, 10. Dan Modern Arnis, zum Thema Abanico-Techniken abgehalten hat.<\/p>\n<p>Er unterrichtete Abanico unter anderem als Largo, Medo\/Corto, Abanico als Schwert Technik, in Verbindung zu Wirbeln und Karanza und vieles mehr.<\/p>\n<p>Dieses Video hat Kapitelmarker.<br \/>\nErkl\u00e4rung hier: <em><strong><a href=\"https:\/\/www.abanico.de\/abanico\/kapitel-in-download-videos\/\"><span style=\"color: #ff0000;\">Kapitelmarker<\/span><\/a><\/strong><\/em><\/p>\n<p>Hier der Inhalt des Arnis Live-Online-Videos:<\/p>\n<p>00:00 Vorspann<br \/>\n00:15 Einleitung<br \/>\n00:49 Largo<br \/>\n03:36 Terminologie: Handr\u00fccken Seite &#8211; Daumen Seite<br \/>\n04:50 Zielorientierung<br \/>\n05:13 Ruheposition<br \/>\n06:40 Medio\/Corto<br \/>\n06:51\u00a0\u00a0\u00a0 &#8211; Abanico Drill mit 4 Ebenen<br \/>\n06:58\u00a0\u00a0\u00a0 &#8211; Horizontale Ebene<br \/>\n07:08\u00a0\u00a0\u00a0 &#8211; K\u00f6rpermechanik<br \/>\n07:28\u00a0\u00a0\u00a0 &#8211; Vertikale Ebene<br \/>\n08:03\u00a0\u00a0\u00a0 &#8211; Diagonale Ebene 1: Handr\u00fccken oben &#8211; Daumen unten<br \/>\n09:19\u00a0\u00a0\u00a0 &#8211; Diagonale Ebene 2: Daumen oben &#8211; Handr\u00fccken unten<br \/>\n10:24\u00a0\u00a0\u00a0 &#8211; Die 4 Ebenen frei mischen<br \/>\n11:17 Abanico: Stock- oder Schwert-Technik?<br \/>\n11:35\u00a0\u00a0\u00a0 &#8211; Abanico als Schwert-Technik<br \/>\n16:15\u00a0\u00a0\u00a0 &#8211; Das Abanico Schwert\/Kris<br \/>\n21:44\u00a0\u00a0 &#8211; Vertikale Abanicos<br \/>\n22:07 Alle Abanicos verbinden<br \/>\n22:46 Tiefe Ziele (Ebenen) angreifen<br \/>\n24:21 Abanicos im Karanza\/Wirbeln einsetzen<br \/>\n25:09\u00a0\u00a0\u00a0 &#8211; Abanicos in Kombination mit Sonquete &#8211; Figure 8<br \/>\n27:10\u00a0\u00a0\u00a0 &#8211; Abanicos mit gradlinigen Stichen<br \/>\n28:14\u00a0\u00a0\u00a0 &#8211; Abanico Medio\/Corto mit Handwechsel<br \/>\n28:39\u00a0\u00a0\u00a0 &#8211; Abanico Largo mit Handwechsel<br \/>\n29:45\u00a0\u00a0\u00a0 &#8211; Verbindung Abanicos mit Stichen<br \/>\n30:37\u00a0\u00a0\u00a0 &#8211; Alles kombinieren<br \/>\n31:17 Zusammenfassung<br \/>\n32:17 Stahl schneidet Fleisch &#8211; Stock trifft Knochen<br \/>\n33:13 Selbstgemachter &#8222;Klassik Stock&#8220;<br \/>\n35:32 Rattan Stock mit Au\u00dfenhaut<br \/>\n36:35 Close Node St\u00f6cke<br \/>\n37:25 Konische St\u00f6cke im Balintawak nach Mongcal<br \/>\n38:33 Warum es beim Stock-Training nach Feuerstein riechen kann<br \/>\n39:59 Abanicos in anderen Stilen<br \/>\n41:54 Abanicos mit der Spitze \u00fcber der Hand<br \/>\n44:15 Warum in anderen Stilen beim Karanza manchmal gekniet wird<br \/>\n48:03 Die langen Kerle von Manila<br \/>\n49:32 Verabschiedung<br \/>\n50:24 Abspann<br \/>\n50:52 Ende<\/p>\n<p>&nbsp;<\/p>\n<p><strong>Alles zusammen<\/strong><\/p>\n<h4>Dies alles wird im dem Live-Online-Trainings Video detailliert erkl\u00e4rt und demonstriert.<br \/>\nA-LOT, Arnis Live -Online- Training Videos ist eine neue Serie:\u00a0 Die \u00fcber Internet abgehaltenen Arnis Live-Online-Trainings Videos von und mit GM Datu Dieter Kn\u00fcttel, 10. Dan Modern Arnis.<br \/>\nNicht nur schnelle Demos, von denen es so viele auf Youtube zu sehen gibt, sondern Unterricht mit Erkl\u00e4rungen des &#8222;Was, Warum und Wie&#8220; mit vielen wichtigen Details, die bei reinen Demos verloren gehen.<br \/>\n<strong>Videos, von denen man wirklich lernen kann.<\/strong><\/h4>\n<h4><a href=\"https:\/\/www.abanico.de\/dieterknuettel\/wp\/de\/kurzbiographie\/\"><strong><span style=\"color: #ff0000;\"><em>Gro\u00dfmeister Datu Dieter Kn\u00fcttel<\/em><\/span><\/strong><\/a><br \/>\nist Diplom-Sportlehrer, Bundestrainer f\u00fcr Modern Arnis (seit 1985) und Modern Arnis Repr\u00e4sentant f\u00fcr Europa.<\/h4>\n<p>Er unterrichtet Selbstverteidigung seit Ende der 70er Jahre in ganz Deutschland aber auch weltweit.<\/p>\n<p>1996 wurde ihm der Titel Datu und der Grad Lakan Anim, 6. Dan Modern Arnis, von Gro\u00dfmeister Remy A. Presas (10. Dan) pers\u00f6nlich als 4. Arnis-Lehrer au\u00dferhalb der Philippinen und als erstem au\u00dferhalb der USA, verliehen<br \/>\nNachdem er den 7., 8. und 9. Dan auf den Philippinen verliehen bekommen hatte, wurde m 24.9.2016 in Dortmund \u00f6ffentlich bekanntgegeben, dass er von Gro\u00dfmeister Roberto Presas den 10. Dan Modern Arnis verliehen bekommen hatte.<\/p>\n<p>Dieter Kn\u00fcttel betreibt Kampfsport seit 1967 und philippinische Kampfk\u00fcnste seit 1978. Er unterrichtet Modern Arnis auf Lehrg\u00e4ngen \u00fcberall in Europa, Russland, Australien und in den USA-<\/p>\n<div class=\"avia_textblock avia_textblock_style\" data-update_with=\"content\">\n<hr \/>\n<\/div>\n","protected":false},"excerpt":{"rendered":"<h2><strong>A-LOT-Abanico &#8211; Download &#8211; DE<br \/>\n<\/strong><\/h2>\n<p><strong>Sprache: deutsch &#8211; download<\/strong><br \/>\nLaufzeit (Min.): 51<br \/>\n<strong>Produzent: ABANICO<\/strong><\/p>\n","protected":false},"featured_media":8729,"comment_status":"open","ping_status":"closed","template":"","meta":[],"product_brand":[],"product_cat":[9321,39,7329,40,685],"product_tag":[9335,4962,9076,9040,9022,1370,1372,1374,9231,9339,1301,9223,2217,9337,1321,9325,9323,1376,9381,9379,7618,9163,9042,1845,9229,7596,3646,9225,9227,1847,2329,1708],"class_list":{"0":"post-8727","1":"product","2":"type-product","3":"status-publish","4":"has-post-thumbnail","6":"product_cat-alotarnisliveonlinetraining","7":"product_cat-download-de","8":"product_cat-grossmeister-und-meister-des-modern-arnis","9":"product_cat-modern-arnis-download-de","10":"product_cat-seminar-videos-download-de","11":"product_tag-a-lot","12":"product_tag-abanico","13":"product_tag-angriffe-anbwehren","14":"product_tag-arnis","15":"product_tag-datu-dieter","16":"product_tag-dav-de","17":"product_tag-deutscher-arnis-verband-de","18":"product_tag-dieter-knuettel-de","19":"product_tag-download-video","20":"product_tag-einzelstock","21":"product_tag-eskrima-de","22":"product_tag-handwechsel","23":"product_tag-kali-de","24":"product_tag-karanza","25":"product_tag-karate-de","26":"product_tag-live-video-training","27":"product_tag-lvt","28":"product_tag-modern-arnis-de","29":"product_tag-pilantic","30":"product_tag-pilantik","31":"product_tag-realistische-selbstverteidigung","32":"product_tag-remy-presas","33":"product_tag-selbstschutz","34":"product_tag-selbstverteidigung-de","35":"product_tag-seminar-video","36":"product_tag-sinawali-de","37":"product_tag-single-sinawali-de","38":"product_tag-stickfighting","39":"product_tag-stockkampf","40":"product_tag-sv-de","41":"product_tag-tapi-tapi-de","42":"product_tag-verteidigung-de","44":"first","45":"instock","46":"downloadable","47":"virtual","48":"sold-individually","49":"taxable","50":"purchasable","51":"product-type-simple"},"_links":{"self":[{"href":"https:\/\/www.abanico.de\/abanico\/wp-json\/wp\/v2\/product\/8727","targetHints":{"allow":["GET"]}}],"collection":[{"href":"https:\/\/www.abanico.de\/abanico\/wp-json\/wp\/v2\/product"}],"about":[{"href":"https:\/\/www.abanico.de\/abanico\/wp-json\/wp\/v2\/types\/product"}],"replies":[{"embeddable":true,"href":"https:\/\/www.abanico.de\/abanico\/wp-json\/wp\/v2\/comments?post=8727"}],"wp:featuredmedia":[{"embeddable":true,"href":"https:\/\/www.abanico.de\/abanico\/wp-json\/wp\/v2\/media\/8729"}],"wp:attachment":[{"href":"https:\/\/www.abanico.de\/abanico\/wp-json\/wp\/v2\/media?parent=8727"}],"wp:term":[{"taxonomy":"product_brand","embeddable":true,"href":"https:\/\/www.abanico.de\/abanico\/wp-json\/wp\/v2\/product_brand?post=8727"},{"taxonomy":"product_cat","embeddable":true,"href":"https:\/\/www.abanico.de\/abanico\/wp-json\/wp\/v2\/product_cat?post=8727"},{"taxonomy":"product_tag","embeddable":true,"href":"https:\/\/www.abanico.de\/abanico\/wp-json\/wp\/v2\/product_tag?post=8727"}],"curies":[{"name":"wp","href":"https:\/\/api.w.org\/{rel}","templated":true}]}}