{"id":8574,"date":"2020-05-09T17:28:06","date_gmt":"2020-05-09T15:28:06","guid":{"rendered":"https:\/\/www.abanico.de\/abanico\/?post_type=product&#038;p=8574"},"modified":"2020-06-26T23:43:47","modified_gmt":"2020-06-26T21:43:47","slug":"modern-arnis-anyos-1-5-download-de","status":"publish","type":"product","link":"https:\/\/www.abanico.de\/abanico\/shop\/download-de\/modern-arnis-download-de\/modernarnishistorisch\/modern-arnis-anyos-1-5-download-de\/","title":{"rendered":"Modern Arnis Anyos 1 &#8211; 5 &#8211; Download &#8211; DE"},"content":{"rendered":"<p>Dies ist ein Video, welches GM Datu Dieter Kn\u00fcttel 1989 f\u00fcr den DAV produziert hat. Daher die entspechende Bild- und Ton-Qualit\u00e4t.<\/p>\n<p>Es zeigt die ersten 5 Einzerstock-Anyos (Formen) von GM Ernesto Presas, die damals f\u00fcr die Modern Arnis Pr\u00fcfungen im DAV vorgeschrieben waren.<\/p>\n<p>Es wierd der Ablauf der Anyos aus verchiedenen Winkeln sowie die Anwendungen demonstriert.<\/p>\n<p>Das Video enth\u00e4lt Kapitelmarker.<br \/>\nErkl\u00e4rung hier: <span style=\"color: #ff0000;\"><em><strong><a style=\"color: #ff0000;\" href=\"https:\/\/www.abanico.de\/abanico\/kapitel-in-download-videos\/\">Kapitelmarker<\/a><\/strong><\/em><\/span><\/p>\n<p>Hier der Inhalt des Videos:<\/p>\n<p>00:00 Vorspann und Einleitung<br \/>\n00:39 Stellungen und Schritte<br \/>\n03:22 Anyo ISA &#8211; 1. Form &#8211; Ablauf<br \/>\n07:59 Anyo ISA &#8211; Anwendungen<br \/>\n11:41 Anyo DALAWA -2. Form &#8211; Ablauf<br \/>\n15:52 Anyo DALAWA &#8211; Anwendungen<br \/>\n18:57 Anyo TATLO &#8211; 3. Form &#8211; Ablauf<br \/>\n22:47 Anyo TATLO &#8211; Anwendungen<br \/>\n25:43 Anyo APAT &#8211; 4. Form &#8211; Ablauf<br \/>\n29:36 Anyo APAT &#8211; Anwendungen<br \/>\n32:43 Anyo LIMA &#8211; 5. Form &#8211; Ablauf<br \/>\n36:48 Anyo LIMA &#8211; Anwendungen<br \/>\n40:44 \u00dcbersicht welche Anyo f\u00fcr welchen Grad (ca. 1985)<br \/>\n41:02 Alle Anyos ind der richtigen Geschwindigkeit<br \/>\n41:03 Anyo ISA<br \/>\n41:40 Anyo DALAWA<br \/>\n42:21 Anyo TATLO<br \/>\n43:04 Anyo APAT<br \/>\n43:40 Anyo LIMA<br \/>\n44:21 Abschlie\u00dfende Worte<br \/>\n45:14 Info \u00fcber andere ABANICO Videos<br \/>\n50:52 Web-Adresse<br \/>\n50:58 Ende<\/p>\n<h4><strong>Videos von ABANICO:<\/strong><\/h4>\n<h4><strong>Nicht nur schnelle Demos, von denen es so viele auf Youtube zu sehen gibt, sondern Unterricht mit Erkl\u00e4rungen des &#8222;Was, Warum und Wie&#8220; mit vielen wichtigen Details, die bei reinen Demos verloren gehen.<br \/>\nVideos, von denen man wirklich lernen kann.<\/strong><\/h4>\n<p><a href=\"https:\/\/www.abanico.de\/dieterknuettel\/wp\/de\/kurzbiographie\/\"><strong><span style=\"color: #ff0000;\">Gro\u00dfmeister Datu Dieter Kn\u00fcttel<\/span><\/strong><\/a><br \/>\nist Diplom-Sportlehrer, Bundestrainer f\u00fcr Modern Arnis (seit 1985) und Modern Arnis Repr\u00e4sentant f\u00fcr Europa.<\/p>\n<p>Er unterrichtet Selbstverteidigung seit Ende der 70er Jahre in ganz Deutschland aber auch weltweit.<\/p>\n<p>1996 wurde ihm der Titel Datu und der Grad Lakan Anim, 6. Dan Modern Arnis, von Gro\u00dfmeister Remy A. Presas (10. Dan) pers\u00f6nlich als 4. Arnis-Lehrer au\u00dferhalb der Philippinen und als erstem au\u00dferhalb der USA, verliehen<br \/>\nNachdem er den 7., 8. und 9. Dan auf den Philippinen verliehen bekommen hatte, wurde m 24.9.2016 in Dortmund \u00f6ffentlich bekanntgegeben, dass er von Gro\u00dfmeister Roberto Presas den 10. Dan Modern Arnis verliehen bekommen hatte.<\/p>\n<p>Dieter Kn\u00fcttel betreibt Kampfsport seit 1967 und philippinische Kampfk\u00fcnste seit 1978. Er unterrichtet Modern Arnis auf Lehrg\u00e4ngen \u00fcberall in Europa, Russland, Australien und in den USA.<\/p>\n<div class=\"avia_textblock avia_textblock_style\" data-update_with=\"content\">\n<hr \/>\n<\/div>\n","protected":false},"excerpt":{"rendered":"<h2><strong>Modern Arnis Anyos 1 &#8211; 5 &#8211; Download &#8211; DE<\/strong><\/h2>\n<p><strong>Sprache: deutsch &#8211; download<\/strong><br \/>\nLaufzeit (Min.): 51<br \/>\n<strong>Produzent: ABANICO<\/strong><\/p>\n","protected":false},"featured_media":8930,"comment_status":"open","ping_status":"closed","template":"","meta":[],"product_brand":[],"product_cat":[39,40,9408],"product_tag":[9335,9369,9365,9363,9371,9367,9357,9040,9022,535,536,42,9361,9359,637,9065,174,499,4691,52,7618,9042,165,166],"class_list":{"0":"post-8574","1":"product","2":"type-product","3":"status-publish","4":"has-post-thumbnail","6":"product_cat-download-de","7":"product_cat-modern-arnis-download-de","8":"product_cat-modernarnishistorisch","9":"product_tag-a-lot","10":"product_tag-anyo-apat","11":"product_tag-anyo-dalawa","12":"product_tag-anyo-isa","13":"product_tag-anyo-lima","14":"product_tag-anyo-tatlo","15":"product_tag-anyos","16":"product_tag-arnis","17":"product_tag-datu-dieter","18":"product_tag-dav","19":"product_tag-deutscher-arnis-verband","20":"product_tag-dieter-knuettel","21":"product_tag-einzelstock-formen","22":"product_tag-ernesto-presas","23":"product_tag-eskrima","24":"product_tag-flexible-gegenstaende","25":"product_tag-kali","26":"product_tag-karate","27":"product_tag-messer-sv","28":"product_tag-modern-arnis","29":"product_tag-realistische-selbstverteidigung","30":"product_tag-selbstschutz","31":"product_tag-selbstverteidigung","32":"product_tag-sv","34":"first","35":"instock","36":"downloadable","37":"virtual","38":"sold-individually","39":"taxable","40":"purchasable","41":"product-type-simple"},"_links":{"self":[{"href":"https:\/\/www.abanico.de\/abanico\/wp-json\/wp\/v2\/product\/8574","targetHints":{"allow":["GET"]}}],"collection":[{"href":"https:\/\/www.abanico.de\/abanico\/wp-json\/wp\/v2\/product"}],"about":[{"href":"https:\/\/www.abanico.de\/abanico\/wp-json\/wp\/v2\/types\/product"}],"replies":[{"embeddable":true,"href":"https:\/\/www.abanico.de\/abanico\/wp-json\/wp\/v2\/comments?post=8574"}],"wp:featuredmedia":[{"embeddable":true,"href":"https:\/\/www.abanico.de\/abanico\/wp-json\/wp\/v2\/media\/8930"}],"wp:attachment":[{"href":"https:\/\/www.abanico.de\/abanico\/wp-json\/wp\/v2\/media?parent=8574"}],"wp:term":[{"taxonomy":"product_brand","embeddable":true,"href":"https:\/\/www.abanico.de\/abanico\/wp-json\/wp\/v2\/product_brand?post=8574"},{"taxonomy":"product_cat","embeddable":true,"href":"https:\/\/www.abanico.de\/abanico\/wp-json\/wp\/v2\/product_cat?post=8574"},{"taxonomy":"product_tag","embeddable":true,"href":"https:\/\/www.abanico.de\/abanico\/wp-json\/wp\/v2\/product_tag?post=8574"}],"curies":[{"name":"wp","href":"https:\/\/api.w.org\/{rel}","templated":true}]}}