{"id":8490,"date":"2020-04-30T18:04:09","date_gmt":"2020-04-30T16:04:09","guid":{"rendered":"https:\/\/www.abanico.de\/abanico\/?post_type=product&#038;p=8490"},"modified":"2024-08-21T08:47:51","modified_gmt":"2024-08-21T06:47:51","slug":"a-lot-einzelstock-karanza-download-de","status":"publish","type":"product","link":"https:\/\/www.abanico.de\/abanico\/shop\/download-de\/seminar-videos-download-de\/alotarnisliveonlinetraining\/a-lot-einzelstock-karanza-download-de\/","title":{"rendered":"A-LOT-Einzelstock-Karanza &#8211; Download &#8211; DE"},"content":{"rendered":"<p>Dies ist ein A-LOT\u00a0 (Arnis Live-Online-Training) Video, das GM Datu Dieter Kn\u00fcttel, 10. Dan Modern Arnis, zum Thema Einzelstock Karanza abgehalten hat.<\/p>\n<p>Als \u00dcberraschungsgast war GM Brian Zawilinski aus Connecticut, USA, zugeschaltet, der Einblicke in Abanico Double Action gegeben hat.<\/p>\n<p>Hier der Inhalt des Arnis Live-Online-Videos:<\/p>\n<p><strong>Largo<\/strong><\/p>\n<ul>\n<li>Figure 8<\/li>\n<li>Figure 8 auch mit Stichen<\/li>\n<li>Largo-Handwechsel<\/li>\n<\/ul>\n<p><strong>Medio<\/strong><\/p>\n<ul>\n<li>Abanico Double Action<\/li>\n<li>Schl\u00e4ge<\/li>\n<li>Bl\u00f6cke<\/li>\n<li>Wirbeln<\/li>\n<li>andere Distanz<\/li>\n<li>Medio-Handwechsel<\/li>\n<li>Entwaffnungen<\/li>\n<\/ul>\n<p><strong>Corto<\/strong><\/p>\n<ul>\n<li>Butt-Techniken + Kombinationen<\/li>\n<li>Wirbeln,<\/li>\n<li>Schl\u00e4ge<\/li>\n<li>Corto-Handwechsel<\/li>\n<\/ul>\n<p><strong>Alles zusammen<\/strong><\/p>\n<h4>Dies alles wird im dem Live-Online-Trainings Video detailliert erkl\u00e4rt und demonstriert.<br \/>\nA-LOT, Arnis Live -Online- Training Videos ist eine neue Serie:\u00a0 Die \u00fcber Internet abgehaltenen Arnis Live-Online-Trainings Videos von und mit GM Datu Dieter Kn\u00fcttel, 10. Dan Modern Arnis.<br \/>\nNicht nur schnelle Demos, von denen es so viele auf Youtube zu sehen gibt, sondern Unterricht mit Erkl\u00e4rungen des &#8222;Was, Warum und Wie&#8220; mit vielen wichtigen Details, die bei reinen Demos verloren gehen.<br \/>\n<strong>Videos, von denen man wirklich lernen kann.<\/strong><\/h4>\n<h4><a href=\"https:\/\/www.abanico.de\/dieterknuettel\/wp\/de\/kurzbiographie\/\"><strong><span style=\"color: #ff0000;\"><em>Gro\u00dfmeister Datu Dieter Kn\u00fcttel<\/em><\/span><\/strong><\/a><br \/>\nist Diplom-Sportlehrer, Bundestrainer f\u00fcr Modern Arnis (seit 1985) und Modern Arnis Repr\u00e4sentant f\u00fcr Europa.<\/h4>\n<p>Er unterrichtet Selbstverteidigung seit Ende der 70er Jahre in ganz Deutschland aber auch weltweit.<\/p>\n<p>1996 wurde ihm der Titel Datu und der Grad Lakan Anim, 6. Dan Modern Arnis, von Gro\u00dfmeister Remy A. Presas (10. Dan) pers\u00f6nlich als 4. Arnis-Lehrer au\u00dferhalb der Philippinen und als erstem au\u00dferhalb der USA, verliehen<br \/>\nNachdem er den 7., 8. und 9. Dan auf den Philippinen verliehen bekommen hatte, wurde m 24.9.2016 in Dortmund \u00f6ffentlich bekanntgegeben, dass er von Gro\u00dfmeister Roberto Presas den 10. Dan Modern Arnis verliehen bekommen hatte.<\/p>\n<p>Dieter Kn\u00fcttel betreibt Kampfsport seit 1967 und philippinische Kampfk\u00fcnste seit 1978. Er unterrichtet Modern Arnis auf Lehrg\u00e4ngen \u00fcberall in Europa, Russland, Australien und in den USA-<\/p>\n<div class=\"avia_textblock avia_textblock_style\" data-update_with=\"content\">\n<hr \/>\n<\/div>\n","protected":false},"excerpt":{"rendered":"<h2><strong>A-LOT-Einzelstock-Karanza &#8211; Download &#8211; DE<br \/>\n<\/strong><\/h2>\n<p><strong>Sprache: deutsch &#8211; download<\/strong><br \/>\nLaufzeit (Min.): 35<br \/>\n<strong>Produzent: ABANICO<\/strong><\/p>\n","protected":false},"featured_media":8507,"comment_status":"open","ping_status":"closed","template":"","meta":[],"product_brand":[],"product_cat":[9321,39,7329,40,685],"product_tag":[9335,9076,9040,9022,1370,1372,1374,9231,9339,1301,9223,2217,9337,1321,9325,9323,1376,7618,9163,9042,1845,9229,7596,3646,9225,9227,1847,2329,1708],"class_list":{"0":"post-8490","1":"product","2":"type-product","3":"status-publish","4":"has-post-thumbnail","6":"product_cat-alotarnisliveonlinetraining","7":"product_cat-download-de","8":"product_cat-grossmeister-und-meister-des-modern-arnis","9":"product_cat-modern-arnis-download-de","10":"product_cat-seminar-videos-download-de","11":"product_tag-a-lot","12":"product_tag-angriffe-anbwehren","13":"product_tag-arnis","14":"product_tag-datu-dieter","15":"product_tag-dav-de","16":"product_tag-deutscher-arnis-verband-de","17":"product_tag-dieter-knuettel-de","18":"product_tag-download-video","19":"product_tag-einzelstock","20":"product_tag-eskrima-de","21":"product_tag-handwechsel","22":"product_tag-kali-de","23":"product_tag-karanza","24":"product_tag-karate-de","25":"product_tag-live-video-training","26":"product_tag-lvt","27":"product_tag-modern-arnis-de","28":"product_tag-realistische-selbstverteidigung","29":"product_tag-remy-presas","30":"product_tag-selbstschutz","31":"product_tag-selbstverteidigung-de","32":"product_tag-seminar-video","33":"product_tag-sinawali-de","34":"product_tag-single-sinawali-de","35":"product_tag-stickfighting","36":"product_tag-stockkampf","37":"product_tag-sv-de","38":"product_tag-tapi-tapi-de","39":"product_tag-verteidigung-de","41":"first","42":"instock","43":"downloadable","44":"virtual","45":"sold-individually","46":"taxable","47":"purchasable","48":"product-type-simple"},"_links":{"self":[{"href":"https:\/\/www.abanico.de\/abanico\/wp-json\/wp\/v2\/product\/8490","targetHints":{"allow":["GET"]}}],"collection":[{"href":"https:\/\/www.abanico.de\/abanico\/wp-json\/wp\/v2\/product"}],"about":[{"href":"https:\/\/www.abanico.de\/abanico\/wp-json\/wp\/v2\/types\/product"}],"replies":[{"embeddable":true,"href":"https:\/\/www.abanico.de\/abanico\/wp-json\/wp\/v2\/comments?post=8490"}],"wp:featuredmedia":[{"embeddable":true,"href":"https:\/\/www.abanico.de\/abanico\/wp-json\/wp\/v2\/media\/8507"}],"wp:attachment":[{"href":"https:\/\/www.abanico.de\/abanico\/wp-json\/wp\/v2\/media?parent=8490"}],"wp:term":[{"taxonomy":"product_brand","embeddable":true,"href":"https:\/\/www.abanico.de\/abanico\/wp-json\/wp\/v2\/product_brand?post=8490"},{"taxonomy":"product_cat","embeddable":true,"href":"https:\/\/www.abanico.de\/abanico\/wp-json\/wp\/v2\/product_cat?post=8490"},{"taxonomy":"product_tag","embeddable":true,"href":"https:\/\/www.abanico.de\/abanico\/wp-json\/wp\/v2\/product_tag?post=8490"}],"curies":[{"name":"wp","href":"https:\/\/api.w.org\/{rel}","templated":true}]}}