{"id":839,"date":"2018-06-27T21:57:38","date_gmt":"2018-06-27T19:57:38","guid":{"rendered":"https:\/\/www.abanico.de\/abanico\/produkt\/import-placeholder-for-1925\/"},"modified":"2019-07-27T14:11:34","modified_gmt":"2019-07-27T12:11:34","slug":"halskette-kris-3","status":"publish","type":"product","link":"https:\/\/www.abanico.de\/abanico\/shop\/ausruestung\/halsketten\/halskette-kris-3\/","title":{"rendered":"Halskette Kris &#8211; Ausr\u00fcstung"},"content":{"rendered":"<p>Diese Halskette in Form eines kleinen Kris ist aus hochwertigem Kamagon Holz handgefertigt.<\/p>\n<p>Die L\u00e4nge der Kette ist variabel.<\/p>\n<p>Ein ausgesprochen sch\u00f6nes Schmuckst\u00fcck, nicht nur f\u00fcr Kampfk\u00fcnstler\/innen der philippinischen Kampfk\u00fcnste<\/p>\n<p>9 x 2 x 0,7 cm<\/p>\n<p>Direktimport aus den Philippinen<\/p>\n","protected":false},"excerpt":{"rendered":"<h2>Halskette Kris &#8211; Ausr\u00fcstung<\/h2>\n<p>Diese Halskette in Form eines kleinen Kris ist aus hochwertigem Kamagon Holz handgefertigt.<\/p>\n","protected":false},"featured_media":6417,"comment_status":"open","ping_status":"closed","template":"","meta":[],"product_brand":[],"product_cat":[688,689],"product_tag":[1287,1291,1293,1358],"class_list":{"0":"post-839","1":"product","2":"type-product","3":"status-publish","4":"has-post-thumbnail","6":"product_cat-ausruestung","7":"product_cat-halsketten","8":"product_tag-ausruestung-de","9":"product_tag-halsketten-de","10":"product_tag-kris-de","11":"product_tag-schmuck","12":"product_shipping_class-4689","14":"first","15":"instock","16":"taxable","17":"shipping-taxable","18":"purchasable","19":"product-type-simple"},"_links":{"self":[{"href":"https:\/\/www.abanico.de\/abanico\/wp-json\/wp\/v2\/product\/839","targetHints":{"allow":["GET"]}}],"collection":[{"href":"https:\/\/www.abanico.de\/abanico\/wp-json\/wp\/v2\/product"}],"about":[{"href":"https:\/\/www.abanico.de\/abanico\/wp-json\/wp\/v2\/types\/product"}],"replies":[{"embeddable":true,"href":"https:\/\/www.abanico.de\/abanico\/wp-json\/wp\/v2\/comments?post=839"}],"wp:featuredmedia":[{"embeddable":true,"href":"https:\/\/www.abanico.de\/abanico\/wp-json\/wp\/v2\/media\/6417"}],"wp:attachment":[{"href":"https:\/\/www.abanico.de\/abanico\/wp-json\/wp\/v2\/media?parent=839"}],"wp:term":[{"taxonomy":"product_brand","embeddable":true,"href":"https:\/\/www.abanico.de\/abanico\/wp-json\/wp\/v2\/product_brand?post=839"},{"taxonomy":"product_cat","embeddable":true,"href":"https:\/\/www.abanico.de\/abanico\/wp-json\/wp\/v2\/product_cat?post=839"},{"taxonomy":"product_tag","embeddable":true,"href":"https:\/\/www.abanico.de\/abanico\/wp-json\/wp\/v2\/product_tag?post=839"}],"curies":[{"name":"wp","href":"https:\/\/api.w.org\/{rel}","templated":true}]}}