{"id":7914,"date":"2020-01-30T17:47:55","date_gmt":"2020-01-30T16:47:55","guid":{"rendered":"https:\/\/www.abanico.de\/abanico\/?post_type=product&#038;p=7914"},"modified":"2020-01-31T17:29:37","modified_gmt":"2020-01-31T16:29:37","slug":"30-jahre-tatort-ulm-angebot-download-de","status":"publish","type":"product","link":"https:\/\/www.abanico.de\/abanico\/shop\/download-de\/modern-arnis-download-de\/grossmeister-und-meister-des-modern-arnis\/30-jahre-tatort-ulm-angebot-download-de\/","title":{"rendered":"30 Jahre Tatort Ulm &#8211; Angebot &#8211; Download &#8211; DE"},"content":{"rendered":"<p>Im November 2019 fand ein Modern Arnis Lehrgang in Ulm statt bei dem das 30j\u00e4hrige Jubil\u00e4um des Tatort Zentrum in Ulm, unter der Leitung von GM Hans Karrer, gefeiert wurde.<\/p>\n<p>Es unterrichteten alle 3 Gro\u00dfmeister des DAV gemeinsam: <strong>GM Datu Dieter Kn\u00fcttel, 10. Dan, GM Hans Karrer, 8. Dan und GM J\u00f8rgen Gydesen, 8. Dan.<\/strong><\/p>\n<p>Es war ein Feuerwerk der Techniken und Prinzipien das unterrichtet wurde.<\/p>\n<p>Dies ist ein Angebot mit Teil 1 und Teil 2 von 2 Videos \u00fcber diesen Lehgang.<\/p>\n<p>Beide Videos haben Kapitelmarker.<br \/>\nErkl\u00e4rung hier: <span style=\"color: #ff0000;\"><em><strong><a style=\"color: #ff0000;\" href=\"https:\/\/www.abanico.de\/abanico\/kapitel-in-download-videos\/\">Kapitelmarker<\/a><\/strong><\/em><\/span><\/p>\n<h4>30 Jahre Tatort Zentrum Ulm &#8211; Teil 1<\/h4>\n<p>Hier der Inhalt des ersten Videos:<\/p>\n<p>00:00\u00a0 Vorspann und Einleitung<br \/>\n00:29\u00a0 Willkommen<br \/>\n00:38\u00a0 <strong>GM Datu Dieter Kn\u00fcttel: Oberarm Quetscher\/Hebel<\/strong><br \/>\n01:26\u00a0\u00a0\u00a0 &#8211; Eingang mit Wurf<br \/>\n04:10\u00a0\u00a0\u00a0 &#8211; Hin und her Drill<br \/>\n04:36\u00a0\u00a0\u00a0 &#8211; Quetscher am Handgelenk (Speiche)<br \/>\n06:23 \u00a0\u00a0\u00a0&#8211; Daumen Unterst\u00fctzung<br \/>\n08:36\u00a0\u00a0\u00a0 &#8211; Hebel mit dem Stock des Gegners<br \/>\n09:34\u00a0\u00a0\u00a0 &#8211; Variation Hebel-Eingang<br \/>\n10:21 \u00a0\u00a0\u00a0&#8211; Eingangs-Variation 1<br \/>\n11:32\u00a0\u00a0\u00a0 &#8211; Eingangs-Variation 2<br \/>\n13:48\u00a0 <strong>GM Hans Karrer: Die 3 Linien<\/strong><br \/>\n14:44 \u00a0\u00a0\u00a0&#8211; Karanza 3 Linien: Nr. 1<br \/>\n14:58 \u00a0\u00a0\u00a0&#8211; Karanza 3 Linien: Nr. 2<br \/>\n15:55 \u00a0\u00a0\u00a0&#8211; Karanza 3 Linien: Nr. 1 + 2<br \/>\n19:41 \u00a0\u00a0\u00a0&#8211; Anwendung: Nr. 1 gegen Angriff 1<br \/>\n22:27 \u00a0\u00a0\u00a0&#8211; Anwendung: Nr. 1 + 2 gegen Angriff 2<br \/>\n25:18 \u00a0\u00a0\u00a0&#8211; Anwendung: Nr. 1 + 2 gegen Angriff 1<br \/>\n27:22\u00a0 <strong>GM J\u00f8rgen Gydesen: Stockhebel Kombinationen<\/strong><br \/>\n27:40 \u00a0\u00a0\u00a0&#8211; Nach au\u00dfen gehen<br \/>\n28:30\u00a0\u00a0\u00a0 &#8211; Oberarm Quetscher<br \/>\n29:21 \u00a0\u00a0\u00a0&#8211; Ellbogenhebel<br \/>\n19:59 \u00a0\u00a0\u00a0&#8211; Handwechsel &#8211; Ellbogenhebel mit Stock<br \/>\n31:00 \u00a0\u00a0\u00a0&#8211; Ellbogenbrecher &#8211; Entwaffnung<br \/>\n32:06 \u00a0\u00a0\u00a0&#8211; Checken &#8211; Figure 8 oder &#8222;42&#8220; etc.<br \/>\n32:48\u00a0 <strong>\u00c4hnlichkeiten und Unterschiede<\/strong><br \/>\n32:59 \u00a0\u00a0\u00a0&#8211; GM Datu Dieter Kn\u00fcttel: Cinco Teros Largo<br \/>\n35:48 \u00a0\u00a0\u00a0&#8211; GM Hans Karrer: Palis-Palis Largo<br \/>\n36:19 \u00a0\u00a0\u00a0&#8211; GM Datu Dieter Kn\u00fcttel: Palis-Palis Largo<br \/>\n37:21 \u00a0\u00a0\u00a0&#8211; &#8222;Largo Angriffe&#8220;<br \/>\n38:34\u00a0\u00a0\u00a0 &#8211; GM Datu Dieter Kn\u00fcttel: Palis-Palis Corto<br \/>\n39:43 \u00a0\u00a0\u00a0&#8211; GM Hans Karrer: Palis-Palis Corto<br \/>\n41:24 \u00a0\u00a0\u00a0&#8211; Tapi-Tapi: Innenbutts<br \/>\n41:34 &#8211;\u00a0\u00a0\u00a0 GM Hans Karrer: Tapi-Tapi 1er Stopper aus den Innenbutts<br \/>\n42:22 \u00a0\u00a0\u00a0&#8211; GM J\u00f8rgen Gydesen: Varianten aus den Innenbutts<br \/>\n45:43 \u00a0\u00a0\u00a0&#8211; GM Datu Dieter Kn\u00fcttel: Peitschenschlag &#8211; nach au\u00dfen gehen &#8211; werfen<br \/>\n47:12\u00a0 Aussicht auf Teil 2<br \/>\n48:24\u00a0 Abspann<br \/>\n48:52\u00a0 Ende<\/p>\n<p>&nbsp;<\/p>\n<div style=\"width: 640px;\" class=\"wp-video\"><video class=\"wp-video-shortcode\" id=\"video-7914-1\" width=\"640\" height=\"360\" preload=\"metadata\" controls=\"controls\"><source type=\"video\/mp4\" src=\"https:\/\/www.abanico.de\/abanico\/wp-content\/files\/trailer\/30-Jahre-Tatort-Teil-1-Trailer-de.mp4?_=1\" \/><a href=\"https:\/\/www.abanico.de\/abanico\/wp-content\/files\/trailer\/30-Jahre-Tatort-Teil-1-Trailer-de.mp4\">https:\/\/www.abanico.de\/abanico\/wp-content\/files\/trailer\/30-Jahre-Tatort-Teil-1-Trailer-de.mp4<\/a><\/video><\/div>\n<p>Musik:<br \/>\n<b>Rock Intro 3<\/b> von Audionautix ist unter der Lizenz &#8222;Creative Commons Attribution&#8220; (<span lang=\"zxx\"><u><a href=\"https:\/\/creativecommons.org\/licenses\/by\/4.0\/\" target=\"_blank\" rel=\"noopener noreferrer\">https:\/\/creativecommons.org\/licenses\/by\/4.0\/<\/a><\/u><\/span>) lizenziert.<br \/>\nK\u00fcnstler: <span lang=\"zxx\"><u><a href=\"http:\/\/audionautix.com\/\" target=\"_blank\" rel=\"noopener noreferrer\">http:\/\/audionautix.com\/<\/a><\/u><\/span><\/p>\n<hr \/>\n<h4>30 Jahre Tatort Zentrum Ulm &#8211; Teil 2<\/h4>\n<p>Hier der Inhalt des zweiten Videos:<\/p>\n<p>00:00\u00a0 Vorspann und Einleitung<br \/>\n00:29\u00a0 <strong>GM Datu Dieter Kn\u00fcttel: Tapi-Tapi &#8211; Clippen<\/strong><br \/>\n00:44\u00a0\u00a0\u00a0 &#8211; Clippen auf Angriff 2: Entwaffnung<br \/>\n02:05\u00a0\u00a0\u00a0 &#8211; Was ist Timing?<br \/>\n03:07 \u00a0\u00a0 &#8211; Definition von Timing<br \/>\n03:10\u00a0\u00a0\u00a0 &#8211; Timing und Griff bei der Entwaffnung<br \/>\n06:04\u00a0\u00a0\u00a0 &#8211; Clippen auf Angriff 2: Ellbogen-Streckhebel<br \/>\n06:57\u00a0\u00a0\u00a0 &#8211; Problem: Distanz<br \/>\n08:20\u00a0\u00a0\u00a0 &#8211; Clippen auf Angriff 2: Nacken-Quetscher<br \/>\n10:24\u00a0\u00a0\u00a0 &#8211; Variante mit Trapping<br \/>\n11:10\u00a0<strong> GM Datu Dieter Kn\u00fcttel: Details zu den Innenbutts im Tapi-Tapi<\/strong><br \/>\n13:31\u00a0\u00a0\u00a0 &#8211; Clippen aus den Innenbutts<br \/>\n15:10\u00a0 <strong>GM Hans Karrer: Verteidigung gegen Jab &#8211; Cross<\/strong><br \/>\n15:32\u00a0\u00a0\u00a0 &#8211; Drill: Jab hin &#8211; her<br \/>\n16:09\u00a0\u00a0\u00a0 &#8211; mit Beinarbeit<br \/>\n17:29\u00a0\u00a0\u00a0 &#8211; seitliches Ausweichen<br \/>\n18:37\u00a0\u00a0\u00a0 &#8211; Scoop und Gegenangriff<br \/>\n20:20\u00a0\u00a0 &#8211; Gunting von innen mit Folgetechniken<br \/>\n21:35\u00a0\u00a0\u00a0 &#8211; Gunting von unten mit Folgetechniken<br \/>\n22:54\u00a0 <strong>GM J\u00f8rgen Gydesen: Waffenlos \u2013 Stock<\/strong><br \/>\n23:03\u00a0\u00a0\u00a0 &#8211; Corto Drill hin \u2013 her mit Entwaffnung<br \/>\n24:23\u00a0\u00a0\u00a0 &#8211; Festleger und Schulterhebel<br \/>\n26:42\u00a0\u00a0\u00a0 &#8211; Z-Hebel<br \/>\n28:19\u00a0\u00a0\u00a0 &#8211; 1. Serie Entwaffnung und Armsteckhebel<br \/>\n29:45 &#8211; \u00a0\u00a0 Trapping mit Mittelhand-Quetscher<br \/>\n31:07\u00a0\u00a0\u00a0 &#8211; Armstreckhebel<br \/>\n32:33\u00a0 <strong>GM Datu Dieter Kn\u00fcttel: Fingerhebel<\/strong><br \/>\n32:46\u00a0\u00a0\u00a0 &#8211; beim H\u00e4ndesch\u00fctteln<br \/>\n34:25\u00a0\u00a0\u00a0 &#8211; nach einem Block<br \/>\n35:32\u00a0\u00a0\u00a0 &#8211; Position der fordernden Hand<br \/>\n37:36\u00a0\u00a0\u00a0 &#8211; Ablenken vor dem Hebel<br \/>\n41:21\u00a0\u00a0\u00a0 &#8211; K\u00f6rperrotation<br \/>\n42:39\u00a0 <strong>3 GMs: Spezialtechniken<\/strong><br \/>\n41:24\u00a0\u00a0\u00a0 &#8211; GM Datu Dieter Kn\u00fcttel: Tapi-Tapi &#8211; Clippen auf Angriff 1<br \/>\n44:54\u00a0\u00a0\u00a0 &#8211; GM Hans Karrer: Klassik aus offener Position<br \/>\n45:54\u00a0\u00a0\u00a0 &#8211; GM J\u00f8rgen Gydesen: Oberarm-Quetscher<br \/>\n47:39\u00a0 Abschlie\u00dfende Worte<br \/>\n49:57\u00a0 Abspann<br \/>\n50:24\u00a0 Ende<\/p>\n<p>&nbsp;<\/p>\n<div style=\"width: 640px;\" class=\"wp-video\"><video class=\"wp-video-shortcode\" id=\"video-7914-2\" width=\"640\" height=\"360\" preload=\"metadata\" controls=\"controls\"><source type=\"video\/mp4\" src=\"https:\/\/www.abanico.de\/abanico\/wp-content\/files\/trailer\/30-Jahre-Tatort-Teil-2-Trailer-de.mp4?_=2\" \/><a href=\"https:\/\/www.abanico.de\/abanico\/wp-content\/files\/trailer\/30-Jahre-Tatort-Teil-2-Trailer-de.mp4\">https:\/\/www.abanico.de\/abanico\/wp-content\/files\/trailer\/30-Jahre-Tatort-Teil-2-Trailer-de.mp4<\/a><\/video><\/div>\n<h4>Musik:<br \/>\n<b>Rock Intro 3<\/b> von Audionautix ist unter der Lizenz &#8222;Creative Commons Attribution&#8220; (<span lang=\"zxx\"><u><a href=\"https:\/\/creativecommons.org\/licenses\/by\/4.0\/\" target=\"_blank\" rel=\"noopener noreferrer\">https:\/\/creativecommons.org\/licenses\/by\/4.0\/<\/a><\/u><\/span>) lizenziert.<br \/>\nK\u00fcnstler: <span lang=\"zxx\"><u><a href=\"http:\/\/audionautix.com\/\" target=\"_blank\" rel=\"noopener noreferrer\">http:\/\/audionautix.com\/<\/a><\/u><\/span><\/h4>\n<p>&nbsp;<\/p>\n<h4><strong>Nicht nur schnelle Demos, von denen es so viele auf Youtube zu sehen gibt, sondern Unterricht mit Erkl\u00e4rungen des &#8222;Was, Warum und Wie&#8220; mit vielen wichtigen Details, die bei reinen Demos verloren gehen.<br \/>\nVideos, von denen man wirklich lernen kann.<\/strong><\/h4>\n<hr \/>\n<h4><strong><em>\u00dcber die Gro\u00dfmeister:<\/em><\/strong><\/h4>\n<h4><a href=\"https:\/\/www.abanico.de\/dieterknuettel\/wp\/de\/kurzbiographie\/\"><strong><em>Gro\u00dfmeister Datu Dieter Kn\u00fcttel<\/em><\/strong><\/a><\/h4>\n<p>ist Diplom-Sportlehrer, Bundestrainer f\u00fcr Modern Arnis (seit 1985) und Modern Arnis Repr\u00e4sentant f\u00fcr Europa.<\/p>\n<p>Er unterrichtet Selbstverteidigung seit Ende der 70er Jahre in ganz Deutschland aber auch weltweit.<\/p>\n<p>1996 wurde ihm der Titel Datu und der Grad Lakan Anim, 6. Dan Modern Arnis, von Gro\u00dfmeister Remy A. Presas (10. Dan) pers\u00f6nlich als 4. Arnis-Lehrer au\u00dferhalb der Philippinen und als erstem au\u00dferhalb der USA, verliehen<br \/>\nNachdem er den 7., 8. und 9. Dan auf den Philippinen verliehen bekommen hatte, wurde m 24.9.2016 in Dortmund \u00f6ffentlich bekanntgegeben, dass er von Gro\u00dfmeister Roberto Presas den 10. Dan Modern Arnis verliehen bekommen hatte.<\/p>\n<p>Dieter Kn\u00fcttel betreibt Kampfsport seit 1967 und philippinische Kampfk\u00fcnste seit 1978. Er unterrichtet Modern Arnis auf Lehrg\u00e4ngen \u00fcberall in Europa, Russland, Australien und in den USA.<\/p>\n<h4><strong>GM Hans Karrer<\/strong><\/h4>\n<p>betreibt Arnis sein 1979 und tr\u00e4gt den 8. Dan im Modern Arnis. Er ist im DAV verantwortlich f\u00fcr S\u00fcddeutschland und gibt bundesweit Lehrg\u00e4nge.<br \/>\nSeit 1989 Jahren betreibt er in Ulm die sehr erfolgreiche Kampfkunst Schule <a href=\"https:\/\/www.tatort-zentrum.de\/\"><em><strong>Tatort Zentrum Ulm<\/strong><\/em><\/a><\/p>\n<div class=\"avia_textblock avia_textblock_style\" data-update_with=\"content\">\n<p><strong>GM J\u00f8rgen Gydesen<\/strong><\/p>\n<p>betreibt Arnis seit 1983. Zuerst hat er das Modern Arnis in D\u00e4nemark aufgebaut, bevor er 1990 nach Ulm umzog, um dort zusammen mit GM Hans Karrer die Arnis Grppen in S\u00fcddeutschland zu betreuen. Er gibt aber in ganz Deutschland Modern Arnis Lehrg\u00e4nge. Er tr\u00e4gt den 8. Dan Modern Arnis.<\/p>\n<\/div>\n<p>&nbsp;<\/p>\n<p>&nbsp;<\/p>\n","protected":false},"excerpt":{"rendered":"<h2><span id=\"result_box\" class=\"\" lang=\"en\" tabindex=\"-1\">30 Jahre Tatort Ulm &#8211; Angebot &#8211; Download &#8211; DE<\/span><\/h2>\n<p><strong>Sprache: deutsch &#8211; download<\/strong><br \/>\nLaufzeit (Min.): 49 + 50<\/p>\n<p><strong>Produzent: ABANICO<\/strong><\/p>\n<p>&nbsp;<\/p>\n<p>&nbsp;<\/p>\n","protected":false},"featured_media":7915,"comment_status":"closed","ping_status":"closed","template":"","meta":[],"product_brand":[],"product_cat":[39,7329,7338,40,685],"product_tag":[9165,8426,9149,42,8532,9167,8440,8534,52,8961,9163,248,8536],"class_list":{"0":"post-7914","1":"product","2":"type-product","3":"status-publish","4":"has-post-thumbnail","6":"product_cat-download-de","7":"product_cat-grossmeister-und-meister-des-modern-arnis","8":"product_cat-lehrgaenge-mit-weiteren-grossmeistern-und-meistern","9":"product_cat-modern-arnis-download-de","10":"product_cat-seminar-videos-download-de","11":"product_tag-balintawak-de","12":"product_tag-balintawak-arnis-de","13":"product_tag-bodyguard","14":"product_tag-dieter-knuettel","15":"product_tag-fingerlocks-de","16":"product_tag-fred-shadian-de","17":"product_tag-grandmaster-bobby-taboada-de","18":"product_tag-locking-techniques-de","19":"product_tag-modern-arnis","20":"product_tag-personenschutz","21":"product_tag-remy-presas","22":"product_tag-self-defense","23":"product_tag-wrist-locks-de","24":"product_shipping_class-45","26":"first","27":"instock","28":"downloadable","29":"virtual","30":"sold-individually","31":"taxable","32":"purchasable","33":"product-type-simple"},"_links":{"self":[{"href":"https:\/\/www.abanico.de\/abanico\/wp-json\/wp\/v2\/product\/7914","targetHints":{"allow":["GET"]}}],"collection":[{"href":"https:\/\/www.abanico.de\/abanico\/wp-json\/wp\/v2\/product"}],"about":[{"href":"https:\/\/www.abanico.de\/abanico\/wp-json\/wp\/v2\/types\/product"}],"replies":[{"embeddable":true,"href":"https:\/\/www.abanico.de\/abanico\/wp-json\/wp\/v2\/comments?post=7914"}],"wp:featuredmedia":[{"embeddable":true,"href":"https:\/\/www.abanico.de\/abanico\/wp-json\/wp\/v2\/media\/7915"}],"wp:attachment":[{"href":"https:\/\/www.abanico.de\/abanico\/wp-json\/wp\/v2\/media?parent=7914"}],"wp:term":[{"taxonomy":"product_brand","embeddable":true,"href":"https:\/\/www.abanico.de\/abanico\/wp-json\/wp\/v2\/product_brand?post=7914"},{"taxonomy":"product_cat","embeddable":true,"href":"https:\/\/www.abanico.de\/abanico\/wp-json\/wp\/v2\/product_cat?post=7914"},{"taxonomy":"product_tag","embeddable":true,"href":"https:\/\/www.abanico.de\/abanico\/wp-json\/wp\/v2\/product_tag?post=7914"}],"curies":[{"name":"wp","href":"https:\/\/api.w.org\/{rel}","templated":true}]}}