{"id":7687,"date":"2019-11-30T15:24:29","date_gmt":"2019-11-30T14:24:29","guid":{"rendered":"https:\/\/www.abanico.de\/abanico\/?post_type=product&#038;p=7687"},"modified":"2021-02-09T11:25:45","modified_gmt":"2021-02-09T10:25:45","slug":"dan-anderson-arnis-6-count-download-de","status":"publish","type":"product","link":"https:\/\/www.abanico.de\/abanico\/shop\/download-de\/modern-arnis-download-de\/grossmeister-und-meister-des-modern-arnis\/dan-anderson-arnis-6-count-download-de\/","title":{"rendered":"Dan-Anderson-Arnis-6-Count &#8211; Download &#8211; DE"},"content":{"rendered":"<p>Modern Arnis: 6-count mit Fassen von Gro\u00dfmeister Dan Anderson, 9. Dan MA 80<\/p>\n<p>Im September 2019 unterrichtete Gro\u00dfmeister Dan Anderson einen Karate-Lehrgang in Paderborn und einen Modern Arnis Lehrgang in Dortmund.<br \/>\nDie Themen des\u00a0 Moden Arnis Lehrgangs waren funktionales Wirbeln mit Stock und waffenlosen Anwendungen sowie der 6 Count Drill mit Fassen.<br \/>\nDas Thema dieses Videos ist der 6 Count Drill.\u00a0 Das andere Thema wird in einem weiteren Video behandelt.<\/p>\n<p>Was man mit und in dem 6 count Drill trainieren kann und wie die linke Hand diesen Drill erweitern kann zeigt diese Video ebenso, wie das Konzept der 3 Kisten beim aus dem Gleichgewicht bringen, sowie Dan Andersons Trapping Konzept.<\/p>\n<p>Das Video hat Kapitelmarker.<br \/>\nErkl\u00e4rung hier: <em><strong><a href=\"https:\/\/www.abanico.de\/abanico\/kapitel-in-download-videos\/\"><span style=\"color: #ff0000;\">Kapitelmarker<\/span><\/a><\/strong><\/em><\/p>\n<p>Hier der Inhalt des Videos:<\/p>\n<p>00:00 Vorspann<br \/>\n00:27 Einf\u00fchrung durch GM Dan Anderson<br \/>\n03:10 6 Count Drill: 1, 12, 4<br \/>\n04:28 Wo man fassen sollte<br \/>\n05:15 Gleichzeitiges Fassen und Schlagen: Nummer 4<br \/>\n07:36 Das Fassen des Stocks: Dan&#8217;s Historie<br \/>\n09:31 Gleichzeitiges Fassen und Schlagen: Nummer 1<br \/>\n17:15 Gleichzeitiges Fassen und Schlagen: Nummer 12<br \/>\n20:21 Timing<br \/>\n23:43 Die unerwartete Bewegung<br \/>\n28:24 Fragen und Antworten<br \/>\n30:00 K\u00f6rpermechanik + Timing: waffenlose Angriffe<br \/>\n32:45 Aus dem Gleichgewicht bringen: Die 3 Kisten<br \/>\n39:54 Trapping &#8211; waffenlos<br \/>\n43:06 Trapping &#8211; mit Stock<br \/>\n45:53 Water &amp; Steel Camp von Datu Kelly Worden<br \/>\n52:23 Wie Dan Anderson Remy Presas kennenlernte<br \/>\n59:23 Abspann<br \/>\n59:52 Ende<\/p>\n<h4><strong>Nicht nur schnelle Demos, von denen es so viele auf Youtube zu sehen gibt, sondern Unterricht mit Erkl\u00e4rungen des &#8222;Was, Warum und Wie&#8220; mit vielen wichtigen Details, die bei reinen Demos verloren gehen.<br \/>\nVideos, von denen man wirklich lernen kann.<\/strong><\/h4>\n<p>Hier finden Sie das <a href=\"https:\/\/www.abanico.de\/abanico\/shop\/download-de\/seminar-videos-download-de\/lehrgaenge-mit-weiteren-grossmeistern-und-meistern\/dan-anderson-arnis-funktinales-wirbeln-download-de\/\"><strong><em><span style=\"color: #ff0000;\">Funktionales Wirbeln Video<\/span><\/em><\/strong><\/a>\u00a0 von GM Dan Anderson.<\/p>\n<h4><strong><em>\u00dcber den Autor:<\/em><\/strong><\/h4>\n<h4><strong><span style=\"color: #ff0000;\"><em>Gro\u00dfmeister Dan Anderson<br \/>\n<\/em><\/span><\/strong><\/h4>\n<p>ist Direktor und Chief-Instructor von Dan Anderson Karate und tr\u00e4gt den 10. Dan Karate, den 9. Dan MA80\u00a0 und den 6. Dan (Senior Master) im Modern Arnis.<\/p>\n<p>Er war 4facher nationaler US-Meister im Karate und hat \u00fcber 70 Grand-Championship Titlel gewonnen. Er ist der Gr\u00fcnder des American Freestyle Karate, einer amerikanischen Kampfkunst und der Autor des Bestsellers \u201cAmerican Freestyle Karate: A Guide To Sparring\u201d, was seit \u00fcber 30 Jahre auf dem Markt ist und immer wieder nachgedruckt wird.<\/p>\n<p>Er wurde als &#8218;Lebende Legende des Karate&#8216; geehrt. Eine Ehrung f\u00fcr sein Lebenswerk, in der er als einer der 50 einflussreichsten Kampfk\u00fcnstler in der 40j\u00e4hrigen Geschichte des Wettkampfkarate in den USA genannt wurde. 1980 lernte er Professor Presas kennen und betreibt Modern Arnis seit dem intensiv.<\/p>\n<p>Er begann schon Anfang der 80er Jahre unter GM Remy Presas zu trainieren und war eier der profiliertesten Sch\u00fc+ler von GM Remy.<\/p>\n<p>Prof. Anderson\u2019s Schule unterrichtet Kampfk\u00fcnste seit \u00fcber 30 Jahren im East County, was sie zur \u00e4ltesten Karateschule der Gegend macht.<\/p>\n<div class=\"avia_textblock avia_textblock_style\" data-update_with=\"content\">\n<hr \/>\n<\/div>\n<div class=\"avia_textblock avia_textblock_style\" data-update_with=\"content\">\n<h3>Trailer<\/h3>\n<div style=\"width: 640px;\" class=\"wp-video\"><video class=\"wp-video-shortcode\" id=\"video-7687-1\" width=\"640\" height=\"360\" preload=\"metadata\" controls=\"controls\"><source type=\"video\/mp4\" src=\"https:\/\/www.abanico.de\/abanico\/wp-content\/files\/trailer\/Dan-Anderson-Trailer-6-Count+Fassen-de.mp4?_=1\" \/><a href=\"https:\/\/www.abanico.de\/abanico\/wp-content\/files\/trailer\/Dan-Anderson-Trailer-6-Count+Fassen-de.mp4\">https:\/\/www.abanico.de\/abanico\/wp-content\/files\/trailer\/Dan-Anderson-Trailer-6-Count+Fassen-de.mp4<\/a><\/video><\/div>\n<p>Musik:<\/p>\n<p><b>Rock Intro 3<\/b> von Audionautix ist unter der Lizenz &#8222;Creative Commons Attribution&#8220; (<span style=\"color: #000080;\"><span lang=\"zxx\"><u><a href=\"https:\/\/creativecommons.org\/licenses\/by\/4.0\/\" target=\"_blank\" rel=\"noopener noreferrer\">https:\/\/creativecommons.org\/licenses\/by\/4.0\/<\/a><\/u><\/span><\/span>) lizenziert.<br \/>\nK\u00fcnstler: <span style=\"color: #000080;\"><span lang=\"zxx\"><u><a href=\"http:\/\/audionautix.com\/\" target=\"_blank\" rel=\"noopener noreferrer\">http:\/\/audionautix.com\/<\/a><\/u><\/span><\/span><\/p>\n<\/div>\n","protected":false},"excerpt":{"rendered":"<h2><strong>Dan-Anderson-Arnis-6-Count-Download-DE<\/strong><\/h2>\n<p><strong>Sprache: deutsch und englisch &#8211; download<\/strong><br \/>\nLaufzeit (Min.): 60<\/p>\n<p><strong>Autor: Gro\u00dfmeister Dan Anderson<\/strong><br \/>\n<strong>Produzent: ABANICO<\/strong><\/p>\n","protected":false},"featured_media":7688,"comment_status":"open","ping_status":"closed","template":"","meta":[],"product_brand":[],"product_cat":[39,7329,7338,40],"product_tag":[9209,9169,9076,9173,9040,9149,9022,535,536,42,637,174,499,9171,52,9213,9147,7618,9042,165,9175,9153,650,9211,9215,166,9151,447],"class_list":{"0":"post-7687","1":"product","2":"type-product","3":"status-publish","4":"has-post-thumbnail","6":"product_cat-download-de","7":"product_cat-grossmeister-und-meister-des-modern-arnis","8":"product_cat-lehrgaenge-mit-weiteren-grossmeistern-und-meistern","9":"product_cat-modern-arnis-download-de","10":"product_tag-6-count","11":"product_tag-american-freestyle-karate","12":"product_tag-angriffe-anbwehren","13":"product_tag-anwendungen-kata","14":"product_tag-arnis","15":"product_tag-bodyguard","16":"product_tag-datu-dieter","17":"product_tag-dav","18":"product_tag-deutscher-arnis-verband","19":"product_tag-dieter-knuettel","20":"product_tag-eskrima","21":"product_tag-kali","22":"product_tag-karate","23":"product_tag-kata-bunkai","24":"product_tag-modern-arnis","25":"product_tag-professor-dan-anderson","26":"product_tag-realistische-hebelketten","27":"product_tag-realistische-selbstverteidigung","28":"product_tag-selbstschutz","29":"product_tag-selbstverteidigung","30":"product_tag-shotokan","31":"product_tag-sicherheitsdienst","32":"product_tag-sinawali","33":"product_tag-sumbrada","34":"product_tag-suoer-dan","35":"product_tag-sv","36":"product_tag-tuersteher","37":"product_tag-verteidigung","39":"first","40":"instock","41":"downloadable","42":"virtual","43":"sold-individually","44":"taxable","45":"purchasable","46":"product-type-simple"},"_links":{"self":[{"href":"https:\/\/www.abanico.de\/abanico\/wp-json\/wp\/v2\/product\/7687","targetHints":{"allow":["GET"]}}],"collection":[{"href":"https:\/\/www.abanico.de\/abanico\/wp-json\/wp\/v2\/product"}],"about":[{"href":"https:\/\/www.abanico.de\/abanico\/wp-json\/wp\/v2\/types\/product"}],"replies":[{"embeddable":true,"href":"https:\/\/www.abanico.de\/abanico\/wp-json\/wp\/v2\/comments?post=7687"}],"wp:featuredmedia":[{"embeddable":true,"href":"https:\/\/www.abanico.de\/abanico\/wp-json\/wp\/v2\/media\/7688"}],"wp:attachment":[{"href":"https:\/\/www.abanico.de\/abanico\/wp-json\/wp\/v2\/media?parent=7687"}],"wp:term":[{"taxonomy":"product_brand","embeddable":true,"href":"https:\/\/www.abanico.de\/abanico\/wp-json\/wp\/v2\/product_brand?post=7687"},{"taxonomy":"product_cat","embeddable":true,"href":"https:\/\/www.abanico.de\/abanico\/wp-json\/wp\/v2\/product_cat?post=7687"},{"taxonomy":"product_tag","embeddable":true,"href":"https:\/\/www.abanico.de\/abanico\/wp-json\/wp\/v2\/product_tag?post=7687"}],"curies":[{"name":"wp","href":"https:\/\/api.w.org\/{rel}","templated":true}]}}