{"id":7632,"date":"2019-11-19T13:27:29","date_gmt":"2019-11-19T12:27:29","guid":{"rendered":"https:\/\/www.abanico.de\/abanico\/?post_type=product&#038;p=7632"},"modified":"2020-01-04T18:17:20","modified_gmt":"2020-01-04T17:17:20","slug":"dan-anderson-bunkai-download-de","status":"publish","type":"product","link":"https:\/\/www.abanico.de\/abanico\/shop\/download-de\/karate-download-de\/dan-anderson-bunkai-download-de\/","title":{"rendered":"Dan-Anderson-Bunkai-Download-DE"},"content":{"rendered":"<p>Bunkai (Anwendungen) von Karate Kata und Einzeltechniken von Gro\u00dfmeister Dan Anderson, 10. Dan Karate<\/p>\n<p>Im September 2019 unterrichtete Gro\u00dfmeister Dan Anderson einen Karate-Lehrgang in Paderborn und einen Arnis-Lehrgang in Dortmund.<br \/>\nDie Themen des Karate-Lehrgangs waren funktionales Bunkai von ausgesuchten Techniken, Sparring\/Kumite und Katas sowie &#8220; Wie Kata Training das Kumite verbessern kann&#8220;.<br \/>\nDas Thema dieses Videos ist das funktionale Bunkai. Die beiden anderen Themen werden in weiteren Videos behandelt.<\/p>\n<p>Gro\u00dfmeister Dan Anderson, einer der bekanntesten und einflussreichsten Karate-Gro\u00dfmeister in den USA, zeigt hier funktionales und anwendbares Bunkai.<\/p>\n<p>Viele Kata Anwendungen sind doch eher theoretisch. GM Dan Anderson erl\u00e4utert Ihnen die wahren Anwendungen von Techniken und ausgew\u00e4hlten Bewegungen verschiedener Katas. Lassen Sie sich \u00fcberraschen, was wirklich hinter den Bewegungen und Techniken der Karate Katas steckt.<\/p>\n<p>Das Video hat Kapitelmarker.<br \/>\nErkl\u00e4rung hier: <em><strong><a href=\"https:\/\/www.abanico.de\/abanico\/kapitel-in-download-videos\/\"><span style=\"color: #ff0000;\">Kapitelmarker<\/span><\/a><\/strong><\/em><\/p>\n<p>Hier der Inhalt des Videos:<\/p>\n<p>00:00 Vorspann<br \/>\n00:32 Einf\u00fchrung durch GM Dan Anderson<br \/>\n04:22 Bunkai: Einzeltechniken<br \/>\n04:32 Gedan Barai<br \/>\n04:55 Age Uke<br \/>\n08:31 Chudan Uke<br \/>\n10:31 Shuto Uke<br \/>\n12:03 Kizami Tsuki<br \/>\n13:49 Kata Bunkai:<br \/>\n13:56 Heian Shodan &#8211; 1<br \/>\n18:10 Heian Shodan &#8211; 2<br \/>\n20:32 Heian Shodan &#8211; 3<br \/>\n22:50 Heian Shodan &#8211; 4<br \/>\n25:36 Heuan Nidan<br \/>\n27:41 Heian Sandan<br \/>\n29:41 Heian Godan<br \/>\n32:19 Tekki Shodan &#8211; 1<br \/>\n34:52 Tekki Shodan &#8211; 2<br \/>\n37:40 Bewegungs Anwendung<br \/>\n40:21 Abspann<br \/>\n40:48 Ende<\/p>\n<h4><strong>Nicht nur schnelle Demos, von denen es so viele auf Youtube zu sehen gibt, sondern Unterricht mit Erkl\u00e4rungen des &#8222;Was, Warum und Wie&#8220; mit vielen wichtigen Details, die bei reinen Demos verloren gehen.<br \/>\nVideos, von denen man wirklich lernen kann.<\/strong><\/h4>\n<p>Hier finden Sie das <a href=\"https:\/\/www.abanico.de\/abanico\/shop\/download-de\/karate-download-de\/dan-anderson-sparring-download-de\/\"><strong><em><span style=\"color: #ff0000;\">Sparring\u00a0 &#8211; Kumite Video<\/span><\/em><\/strong><\/a> und das <a href=\"https:\/\/www.abanico.de\/abanico\/shop\/download-de\/karate-download-de\/dan-anderson-kata-kumite-download-de\/\"><strong><em><span style=\"color: #ff0000;\">Kata\u00a0 &#8211; Kumite Video<\/span><\/em><\/strong><\/a> von GM Dan Anderson.<\/p>\n<h4><strong><em>\u00dcber den Autor:<\/em><\/strong><\/h4>\n<h4><strong><span style=\"color: #ff0000;\"><em>Gro\u00dfmeister Dan Anderson<br \/>\n<\/em><\/span><\/strong><\/h4>\n<p>ist Direktor und Chief-Instructor von Dan Anderson Karate und tr\u00e4gt den 10. Dan Karate, den 9. Dan MA80\u00a0 und den 6. Dan (Senior Master) im Modern Arnis.<\/p>\n<p>Er war 4facher nationaler US-Meister im Karate und hat \u00fcber 70 Grand-Championship Titlel gewonnen. Er ist der Gr\u00fcnder des American Freestyle Karate, einer amerikanischen Kampfkunst und der Autor des Bestsellers \u201cAmerican Freestyle Karate: A Guide To Sparring\u201d, was seit \u00fcber 30 Jahre auf dem Markt ist und immer wieder nachgedruckt wird.<\/p>\n<p>Er wurde als &#8218;Lebende Legende des Karate&#8216; geehrt. Eine Ehrung f\u00fcr sein Lebenswerk, in der er als einer der 50 einflussreichsten Kampfk\u00fcnstler in der 40j\u00e4hrigen Geschichte des Wettkampfkarate in den USA genannt wurde. 1980 lernte er Professor Presas kennen und betreibt Modern Arnis seit dem intensiv.<\/p>\n<p>Prof. Anderson\u2019s Schule unterrichtet Kampfk\u00fcnste seit \u00fcber 30 Jahren im East County, was sie zur \u00e4ltesten Karateschule der Gegend macht.<\/p>\n<div class=\"avia_textblock avia_textblock_style\" data-update_with=\"content\">\n<hr \/>\n<\/div>\n<div class=\"avia_textblock avia_textblock_style\" data-update_with=\"content\">\n<h3>Trailer<\/h3>\n<div style=\"width: 640px;\" class=\"wp-video\"><video class=\"wp-video-shortcode\" id=\"video-7632-1\" width=\"640\" height=\"360\" preload=\"metadata\" controls=\"controls\"><source type=\"video\/mp4\" src=\"https:\/\/www.abanico.de\/abanico\/wp-content\/files\/trailer\/Dan-Anderson-Trailer-Bunkai-de.mp4?_=1\" \/><a href=\"https:\/\/www.abanico.de\/abanico\/wp-content\/files\/trailer\/Dan-Anderson-Trailer-Bunkai-de.mp4\">https:\/\/www.abanico.de\/abanico\/wp-content\/files\/trailer\/Dan-Anderson-Trailer-Bunkai-de.mp4<\/a><\/video><\/div>\n<p>Musik:<\/p>\n<p><b>Rock Intro 3<\/b> von Audionautix ist unter der Lizenz &#8222;Creative Commons Attribution&#8220; (<span style=\"color: #000080;\"><span lang=\"zxx\"><u><a href=\"https:\/\/creativecommons.org\/licenses\/by\/4.0\/\" target=\"_blank\" rel=\"noopener noreferrer\">https:\/\/creativecommons.org\/licenses\/by\/4.0\/<\/a><\/u><\/span><\/span>) lizenziert.<br \/>\nK\u00fcnstler: <span style=\"color: #000080;\"><span lang=\"zxx\"><u><a href=\"http:\/\/audionautix.com\/\" target=\"_blank\" rel=\"noopener noreferrer\">http:\/\/audionautix.com\/<\/a><\/u><\/span><\/span><\/p>\n<\/div>\n","protected":false},"excerpt":{"rendered":"<h2><strong>Dan-Anderson-Bunkai-Download-DE<\/strong><\/h2>\n<p><strong>Sprache: deutsch und englisch &#8211; download<\/strong><br \/>\nLaufzeit (Min.): 41<\/p>\n<p><strong>Autor: Gro\u00dfmeister Dan Anderson<\/strong><br \/>\n<strong>Produzent: ABANICO<\/strong><\/p>\n","protected":false},"featured_media":7623,"comment_status":"open","ping_status":"closed","template":"","meta":[],"product_brand":[],"product_cat":[39,525],"product_tag":[9169,9076,9173,9040,9149,9022,535,536,42,637,174,499,9171,52,9147,7618,9042,165,9175,9153,650,166,9151,447],"class_list":{"0":"post-7632","1":"product","2":"type-product","3":"status-publish","4":"has-post-thumbnail","6":"product_cat-download-de","7":"product_cat-karate-download-de","8":"product_tag-american-freestyle-karate","9":"product_tag-angriffe-anbwehren","10":"product_tag-anwendungen-kata","11":"product_tag-arnis","12":"product_tag-bodyguard","13":"product_tag-datu-dieter","14":"product_tag-dav","15":"product_tag-deutscher-arnis-verband","16":"product_tag-dieter-knuettel","17":"product_tag-eskrima","18":"product_tag-kali","19":"product_tag-karate","20":"product_tag-kata-bunkai","21":"product_tag-modern-arnis","22":"product_tag-realistische-hebelketten","23":"product_tag-realistische-selbstverteidigung","24":"product_tag-selbstschutz","25":"product_tag-selbstverteidigung","26":"product_tag-shotokan","27":"product_tag-sicherheitsdienst","28":"product_tag-sinawali","29":"product_tag-sv","30":"product_tag-tuersteher","31":"product_tag-verteidigung","33":"first","34":"instock","35":"downloadable","36":"virtual","37":"sold-individually","38":"taxable","39":"purchasable","40":"product-type-simple"},"_links":{"self":[{"href":"https:\/\/www.abanico.de\/abanico\/wp-json\/wp\/v2\/product\/7632","targetHints":{"allow":["GET"]}}],"collection":[{"href":"https:\/\/www.abanico.de\/abanico\/wp-json\/wp\/v2\/product"}],"about":[{"href":"https:\/\/www.abanico.de\/abanico\/wp-json\/wp\/v2\/types\/product"}],"replies":[{"embeddable":true,"href":"https:\/\/www.abanico.de\/abanico\/wp-json\/wp\/v2\/comments?post=7632"}],"wp:featuredmedia":[{"embeddable":true,"href":"https:\/\/www.abanico.de\/abanico\/wp-json\/wp\/v2\/media\/7623"}],"wp:attachment":[{"href":"https:\/\/www.abanico.de\/abanico\/wp-json\/wp\/v2\/media?parent=7632"}],"wp:term":[{"taxonomy":"product_brand","embeddable":true,"href":"https:\/\/www.abanico.de\/abanico\/wp-json\/wp\/v2\/product_brand?post=7632"},{"taxonomy":"product_cat","embeddable":true,"href":"https:\/\/www.abanico.de\/abanico\/wp-json\/wp\/v2\/product_cat?post=7632"},{"taxonomy":"product_tag","embeddable":true,"href":"https:\/\/www.abanico.de\/abanico\/wp-json\/wp\/v2\/product_tag?post=7632"}],"curies":[{"name":"wp","href":"https:\/\/api.w.org\/{rel}","templated":true}]}}