{"id":7618,"date":"2019-11-14T15:31:11","date_gmt":"2019-11-14T14:31:11","guid":{"rendered":"https:\/\/www.abanico.de\/abanico\/?post_type=product&#038;p=7618"},"modified":"2019-11-20T11:49:57","modified_gmt":"2019-11-20T10:49:57","slug":"dan-anderson-kata-kumite-download-de","status":"publish","type":"product","link":"https:\/\/www.abanico.de\/abanico\/shop\/download-de\/karate-download-de\/dan-anderson-kata-kumite-download-de\/","title":{"rendered":"Dan-Anderson-Kata-Kumite-Download-DE"},"content":{"rendered":"<p>Wie Kata Kumite verbessern kann von Gro\u00dfmeister Dan Anderson, 10. Dan Karate<\/p>\n<p>Im September 2019 unterrichtete Gro\u00dfmeister Dan Anderson einen Karate-Lehrgang in Paderborn und einen Arnis Lehrgang in Dortmund.<br \/>\nDie Themen des Karate- Lehrgangs waren Kata Training das Kumite verbessern kann,\u00a0 funktionales Bunkai von ausgesuchten Techniken und Katas, sowie Sparring\/Kumite .<br \/>\nDas Thema dieses Videos ist das Bunkai. Die beiden anderen Themen werden in weiteren Videos behandelt.<\/p>\n<p>Kata und Kumite stehen sich normalerweise unvereinbar gegen\u00fcber.\u00a0 Gro\u00dfmeister Dan Anderson, einer der bekanntesten und einflussreichsten Karate-Gro\u00dfmeister der USA, ist der Sache auf den Grund gegangen und hat unter die Oberfl\u00e4che geschaut und vieles gefunden, wie Kata das Kumite nicht nur beeinflussen sondern auch verbessern kann.\u00a0 Lassen Sie sich \u00fcberraschen von den den Verbindungen von Kata und Kumite.<\/p>\n<p>Das Video hat Kapitelmarker.<br \/>\nErkl\u00e4rung hier: <em><strong><a href=\"https:\/\/www.abanico.de\/abanico\/kapitel-in-download-videos\/\"><span style=\"color: #ff0000;\">Kapitelmarker<\/span><\/a><\/strong><\/em><\/p>\n<p>Hier der Inhalt des Videos:<\/p>\n<p>00:00 Vorspann<br \/>\n00:31 Einf\u00fchrung durch GM Dan Anderson<br \/>\n05:43 Distanz: Die Beine bewegen den K\u00f6rper<br \/>\n05:55 Die Absicht<br \/>\n06:36 Distanz: n\u00e4her kommen<br \/>\n17:13 Privatsph\u00e4re<br \/>\n19:44 Kombination: Haltung und Gleichgewicht<br \/>\n25:07 Kombination: Haltung und Distanz<br \/>\n26:26 Guter Stand<br \/>\n32:21 Blickrichtung, nicht zucken<br \/>\n37:53 \u00dcberblick<br \/>\n39:10 Fragen und Antworten:<br \/>\n42:26 Kampf gegen mehrere Gegner<br \/>\n47:15 Roter G\u00fcrtel<br \/>\n49:17 Die 5 S\u00e4ulen von GM Dan Andersons Karate<br \/>\n52:54 Dan&#8217;s Bruce Lee Story<br \/>\n58:10 Was ist ein erfolgreicher Lehrgang?<br \/>\n01:01:12 Abspann<br \/>\n01:01:40 Ende<\/p>\n<h4><strong>Nicht nur schnelle Demos, von denen es so viele auf Youtube zu sehen gibt, sondern Unterricht mit Erkl\u00e4rungen des &#8222;Was, Warum und Wie&#8220; mit vielen wichtigen Details, die bei reinen Demos verloren gehen.<br \/>\nVideos, von denen man wirklich lernen kann.<\/strong><\/h4>\n<p>Hier finden Sie das <a href=\"https:\/\/www.abanico.de\/abanico\/shop\/download-de\/karate-download-de\/dan-anderson-bunkai-download-de\/\"><strong><em><span style=\"color: #ff0000;\">Bunkai Video<\/span><\/em><\/strong><\/a> und das <a href=\"https:\/\/www.abanico.de\/abanico\/shop\/download-de\/karate-download-de\/dan-anderson-sparring-download-de\/\"><strong><em><span style=\"color: #ff0000;\">Sparring\u00a0 &#8211; Kumite Video<\/span><\/em><\/strong><\/a>\u00a0 von GM Dan Anderson.<\/p>\n<h4><strong><em>\u00dcber den Autor:<\/em><\/strong><\/h4>\n<h4><strong><span style=\"color: #ff0000;\"><em>Gro\u00dfmeister Dan Anderson<br \/>\n<\/em><\/span><\/strong><\/h4>\n<p>ist Direktor und Chief-Instructor von Dan Anderson Karate und tr\u00e4gt den 10. Dan Karate, den 9. Dan MA80\u00a0 und den 6. Dan (Senior Master) im Modern Arnis.<\/p>\n<p>Er war 4facher nationaler US-Meister im Karate und hat \u00fcber 70 Grand-Championship Titlel gewonnen. Er ist der Gr\u00fcnder des American Freestyle Karate, einer amerikanischen Kampfkunst und der Autor des Bestsellers \u201cAmerican Freestyle Karate: A Guide To Sparring\u201d, was seit \u00fcber 30 Jahre auf dem Markt ist und immer wieder nachgedruckt wird.<\/p>\n<p>Er wurde als &#8218;Lebende Legende des Karate&#8216; geehrt. Eine Ehrung f\u00fcr sein Lebenswerk, in der er als einer der 50 einflussreichsten Kampfk\u00fcnstler in der 40j\u00e4hrigen Geschichte des Wettkampfkarate in den USA genannt wurde. 1980 lernte er Professor Presas kennen und betreibt Modern Arnis seit dem intensiv.<\/p>\n<p>Prof. Anderson\u2019s Schule unterrichtet Kampfk\u00fcnste seit \u00fcber 30 Jahren im East County, was sie zur \u00e4ltesten Karateschule der Gegend macht.<\/p>\n<div class=\"avia_textblock avia_textblock_style\" data-update_with=\"content\">\n<hr \/>\n<\/div>\n<div class=\"avia_textblock avia_textblock_style\" data-update_with=\"content\">\n<h3>Trailer<\/h3>\n<div style=\"width: 640px;\" class=\"wp-video\"><video class=\"wp-video-shortcode\" id=\"video-7618-1\" width=\"640\" height=\"360\" preload=\"metadata\" controls=\"controls\"><source type=\"video\/mp4\" src=\"https:\/\/www.abanico.de\/abanico\/wp-content\/files\/trailer\/Dan-Anderson-Trailer-Kata-Kumite-de.mp4?_=1\" \/><a href=\"https:\/\/www.abanico.de\/abanico\/wp-content\/files\/trailer\/Dan-Anderson-Trailer-Kata-Kumite-de.mp4\">https:\/\/www.abanico.de\/abanico\/wp-content\/files\/trailer\/Dan-Anderson-Trailer-Kata-Kumite-de.mp4<\/a><\/video><\/div>\n<p>Musik:<\/p>\n<p><b>Rock Intro 3<\/b> von Audionautix ist unter der Lizenz &#8222;Creative Commons Attribution&#8220; (<span style=\"color: #000080;\"><span lang=\"zxx\"><u><a href=\"https:\/\/creativecommons.org\/licenses\/by\/4.0\/\" target=\"_blank\" rel=\"noopener noreferrer\">https:\/\/creativecommons.org\/licenses\/by\/4.0\/<\/a><\/u><\/span><\/span>) lizenziert.<br \/>\nK\u00fcnstler: <span style=\"color: #000080;\"><span lang=\"zxx\"><u><a href=\"http:\/\/audionautix.com\/\" target=\"_blank\" rel=\"noopener noreferrer\">http:\/\/audionautix.com\/<\/a><\/u><\/span><\/span><\/p>\n<\/div>\n","protected":false},"excerpt":{"rendered":"<h2><strong>Dan-Anderson-Kata-Kumite-Download-DE<\/strong><\/h2>\n<p><strong>Sprache: deutsch und englisch &#8211; download<\/strong><br \/>\nLaufzeit (Min.): 62<\/p>\n<p><strong>Autor: Gro\u00dfmeister Dan Anderson<\/strong><br \/>\n<strong>Produzent: ABANICO<\/strong><\/p>\n","protected":false},"featured_media":7625,"comment_status":"open","ping_status":"closed","template":"","meta":[],"product_brand":[],"product_cat":[39,525],"product_tag":[9169,9076,9173,9040,9149,9022,1370,1372,1374,1301,2217,1321,9171,1376,9147,7618,9042,1845,9175,9153,7596,1847,9151,1708],"class_list":{"0":"post-7618","1":"product","2":"type-product","3":"status-publish","4":"has-post-thumbnail","6":"product_cat-download-de","7":"product_cat-karate-download-de","8":"product_tag-american-freestyle-karate","9":"product_tag-angriffe-anbwehren","10":"product_tag-anwendungen-kata","11":"product_tag-arnis","12":"product_tag-bodyguard","13":"product_tag-datu-dieter","14":"product_tag-dav-de","15":"product_tag-deutscher-arnis-verband-de","16":"product_tag-dieter-knuettel-de","17":"product_tag-eskrima-de","18":"product_tag-kali-de","19":"product_tag-karate-de","20":"product_tag-kata-bunkai","21":"product_tag-modern-arnis-de","22":"product_tag-realistische-hebelketten","23":"product_tag-realistische-selbstverteidigung","24":"product_tag-selbstschutz","25":"product_tag-selbstverteidigung-de","26":"product_tag-shotokan","27":"product_tag-sicherheitsdienst","28":"product_tag-sinawali-de","29":"product_tag-sv-de","30":"product_tag-tuersteher","31":"product_tag-verteidigung-de","33":"first","34":"instock","35":"downloadable","36":"virtual","37":"sold-individually","38":"taxable","39":"purchasable","40":"product-type-simple"},"_links":{"self":[{"href":"https:\/\/www.abanico.de\/abanico\/wp-json\/wp\/v2\/product\/7618","targetHints":{"allow":["GET"]}}],"collection":[{"href":"https:\/\/www.abanico.de\/abanico\/wp-json\/wp\/v2\/product"}],"about":[{"href":"https:\/\/www.abanico.de\/abanico\/wp-json\/wp\/v2\/types\/product"}],"replies":[{"embeddable":true,"href":"https:\/\/www.abanico.de\/abanico\/wp-json\/wp\/v2\/comments?post=7618"}],"wp:featuredmedia":[{"embeddable":true,"href":"https:\/\/www.abanico.de\/abanico\/wp-json\/wp\/v2\/media\/7625"}],"wp:attachment":[{"href":"https:\/\/www.abanico.de\/abanico\/wp-json\/wp\/v2\/media?parent=7618"}],"wp:term":[{"taxonomy":"product_brand","embeddable":true,"href":"https:\/\/www.abanico.de\/abanico\/wp-json\/wp\/v2\/product_brand?post=7618"},{"taxonomy":"product_cat","embeddable":true,"href":"https:\/\/www.abanico.de\/abanico\/wp-json\/wp\/v2\/product_cat?post=7618"},{"taxonomy":"product_tag","embeddable":true,"href":"https:\/\/www.abanico.de\/abanico\/wp-json\/wp\/v2\/product_tag?post=7618"}],"curies":[{"name":"wp","href":"https:\/\/api.w.org\/{rel}","templated":true}]}}