{"id":7151,"date":"2019-05-31T15:18:46","date_gmt":"2019-05-31T13:18:46","guid":{"rendered":"https:\/\/www.abanico.de\/abanico\/?post_type=product&#038;p=7151"},"modified":"2025-01-23T19:03:58","modified_gmt":"2025-01-23T18:03:58","slug":"gm-briangm-dieter-teil-1-de-2019-download-de","status":"publish","type":"product","link":"https:\/\/www.abanico.de\/abanico\/shop\/download-de\/modern-arnis-download-de\/grossmeister-und-meister-des-modern-arnis\/gm-briangm-dieter-teil-1-de-2019-download-de\/","title":{"rendered":"GM-Brian+GM-Dieter-Teil-1-DE-2019 &#8211; Download &#8211; DE"},"content":{"rendered":"<p>Im Februar 2019 fand ein Modern Arnis Lehrgang in Dortmund statt, bei dem die beiden Modern Arnis Gro\u00dfmeister, Master of Tapi Tapi Brian Zawilinski und Datu Dieter Kn\u00fcttel, gemeinsamen unterrichteten.<br \/>\nDabei zeigten sie die Gemeinsamkeiten und die Unterschiede ihrer Modern Arnis Techniken, in diesem ersten Video mit dem Schwerpunkt auf Entwaffnungen, Hebeln, und Takedowns.<\/p>\n<p>Die englischen Erkl\u00e4rungen von GM Brian sind auf deutsche \u00fcbersetzt worden.<\/p>\n<p>Dies ist Teil 1 von 2 Videos \u00fcber diesen Lehgang.<\/p>\n<p>Das Video hat Kapitelmarker.<br \/>\nErkl\u00e4rung hier: <em><strong><a href=\"https:\/\/www.abanico.de\/abanico\/kapitel-in-download-videos\/\"><span style=\"color: #ff0000;\">Kapitelmarker<\/span><\/a><\/strong><\/em><\/p>\n<p>Hier der Inhalt des Videos:<\/p>\n<p>00:00 Vorspann und Einleitung<br \/>\n00:59 Gemeinsam &#8211; GM Brian: Go with the Force: Umleiten<br \/>\n02:03 Gemeinsam &#8211; GM Brian: Go with the Force: Entwaffnung 5. Serie<br \/>\n02:51 Gemeinsam &#8211; GM Dieter: Go with the Force: Entwaffnung 5. Serie S- Standing Center lock<br \/>\n04:30 Gemeinsam &#8211; GM Brian: Go with the Force: Entwaffnung 5. Serie &#8211; Ellbogensteckhebel<br \/>\n05:41 Gemeinsam &#8211; GM Dieter: Go with the Force: Entwaffnung 5. Serie &#8211; Beugehebel &#8211; Wurf<br \/>\n09:05 Gemeinsam &#8211; GM Brian: Go with the Force: Entwaffnung 5. Serie &#8211; Beugehebel &#8211; Wurf<br \/>\n12:27 Gemeinsam &#8211; GM Brian: Go with the Force: Entwaffnung 5. Serie &#8211; Fu\u00dftrap &#8211; Wurf<br \/>\n14:38 Gemeinsam &#8211; GM Brian: Go with the Force: W\u00fcrger\/Nackenhebel<br \/>\n16:16 GM Brian &#8211; Eingang mit Entwaffnung 2. Serie: Positionierung und Verkettungen<br \/>\n21:39 GM Brian &#8211; Eingang mit Entwaffnung 2. Serie: Verkettungen und Variationen<br \/>\n23:14 GM Brian &#8211; Eingang mit Entwaffnung 1. Serie: Handwechsel<br \/>\n24:22 GM Brian &#8211; Eingang mit Entwaffnung 1. + 2. Serie: Variationen und Fu\u00dfwurf<br \/>\n28:40 GM Brian &#8211; Entwaffnung nach Angriff<br \/>\n31:26 GM Dieter &#8211; Hebel: Z-Hebel (Center Lock) nach Streckhebel<br \/>\n38:07 GM Dieter &#8211; Hebel: Z-Hebel (Center Lock) nach Streckhebel &#8211; Fu\u00dfw\u00fcrfe<br \/>\n41:03 GM Dieter &#8211; Hebel: Umgekehrter Z-Hebel<br \/>\n45:25 Abspann<br \/>\n46:18 Ende<\/p>\n<p>Dies alles wird im dem Video detailliert erkl\u00e4rt und demonstriert.<\/p>\n<h4>Das Download-Video ist Teil der neuen Serie:\u00a0 Lehrgangs Videos von und mit GM Datu Dieter Kn\u00fcttel, 10. Dan Modern Arnis.<br \/>\nNicht nur schnelle Demos, von denen es so viele auf Youtube zu sehen gibt, sondern Unterricht mit Erkl\u00e4rungen des &#8222;Was, Warum und Wie&#8220; mit vielen wichtigen Details, die bei reinen Demos verloren gehen.<\/h4>\n<p><strong>Videos, von denen man wirklich lernen kann.<\/strong><\/p>\n<p>&nbsp;<\/p>\n<h4><a href=\"https:\/\/www.abanico.de\/dieterknuettel\/wp\/de\/kurzbiographie\/\"><strong><span style=\"color: #ff0000;\"><em>Gro\u00dfmeister Datu Dieter Kn\u00fcttel<\/em><\/span><\/strong><\/a><\/h4>\n<p>ist Diplom-Sportlehrer, Bundestrainer f\u00fcr Modern Arnis (seit 1985) und Modern Arnis Repr\u00e4sentant f\u00fcr Europa.<\/p>\n<p>Er unterrichtet Selbstverteidigung seit Ende der 70er Jahre in ganz Deutschland aber auch weltweit.<\/p>\n<p>1996 wurde ihm der Titel Datu und der Grad Lakan Anim, 6. Dan Modern Arnis, von Gro\u00dfmeister Remy A. Presas (10. Dan) pers\u00f6nlich als 4. Arnis-Lehrer au\u00dferhalb der Philippinen und als erstem au\u00dferhalb der USA, verliehen<br \/>\nNachdem er den 7., 8. und 9. Dan auf den Philippinen verliehen bekommen hatte, wurde m 24.9.2016 in Dortmund \u00f6ffentlich bekanntgegeben, dass er von Gro\u00dfmeister Roberto Presas den 10. Dan Modern Arnis verliehen bekommen hatte.<\/p>\n<p>Dieter Kn\u00fcttel betreibt Kampfsport seit 1967 und philippinische Kampfk\u00fcnste seit 1978. Er unterrichtet Modern Arnis auf Lehrg\u00e4ngen \u00fcberall in Europa, Russland, Australien und in den USA.<\/p>\n<h4><strong>GM MoTT Brian Zawilinski<br \/>\n<\/strong><\/h4>\n<p>Er betreibt die Kampfk\u00fcnste fast sein ganzes Leben lang und da speziell Kenpo und Hun Yuan Tai Chi.<br \/>\nEr begann 1981 mit dem Modern Arnis unter Professor Presas und Sifu Lee Lowery was er bis heute trainiert und unterrichtet.<\/p>\n<p>Es ist einer der 7 originalen Master of Tapi-Tapi.<\/p>\n<div class=\"avia_textblock avia_textblock_style\" data-update_with=\"content\">\n<hr \/>\n<\/div>\n<div class=\"avia_textblock avia_textblock_style\" data-update_with=\"content\">\n<h3>Trailer<\/h3>\n<div style=\"width: 640px;\" class=\"wp-video\"><video class=\"wp-video-shortcode\" id=\"video-7151-1\" width=\"640\" height=\"360\" preload=\"metadata\" controls=\"controls\"><source type=\"video\/mp4\" src=\"https:\/\/www.abanico.de\/abanico\/wp-content\/files\/trailer\/Brian-Dieter-Trailer-Teil-1-de.mp4?_=1\" \/><a href=\"https:\/\/www.abanico.de\/abanico\/wp-content\/files\/trailer\/Brian-Dieter-Trailer-Teil-1-de.mp4\">https:\/\/www.abanico.de\/abanico\/wp-content\/files\/trailer\/Brian-Dieter-Trailer-Teil-1-de.mp4<\/a><\/video><\/div>\n<p>Musik:<br \/>\n<b>Rock Intro 3<\/b> von Audionautix ist unter der Lizenz &#8222;Creative Commons Attribution&#8220; (<span style=\"color: #000080;\"><span lang=\"zxx\"><u><a href=\"https:\/\/creativecommons.org\/licenses\/by\/4.0\/\" target=\"_blank\" rel=\"noopener noreferrer\">https:\/\/creativecommons.org\/licenses\/by\/4.0\/<\/a><\/u><\/span><\/span>) lizenziert.<br \/>\nK\u00fcnstler: <span style=\"color: #000080;\"><span lang=\"zxx\"><u><a href=\"http:\/\/audionautix.com\/\" target=\"_blank\" rel=\"noopener noreferrer\">http:\/\/audionautix.com\/<\/a><\/u><\/span><\/span><\/p>\n<\/div>\n","protected":false},"excerpt":{"rendered":"<h2><strong>GM-Brian+GM-Dieter-Teil-1-DE-2019 &#8211; Download &#8211; DE<\/strong><\/h2>\n<p><strong>Sprache: deutsch und englisch &#8211; download<\/strong><br \/>\nLaufzeit (Min.): 46<br \/>\n<strong>Produzent: ABANICO<\/strong><\/p>\n","protected":false},"featured_media":7173,"comment_status":"open","ping_status":"closed","template":"","meta":[],"product_brand":[],"product_cat":[39,7329,7336,40,2150,685],"product_tag":[9076,9040,9086,9084,9022,1370,1372,1374,1301,2173,2217,1321,9088,1376,9007,7618,9042,1845,7596,3646,9080,1847,9078,1708],"class_list":{"0":"post-7151","1":"product","2":"type-product","3":"status-publish","4":"has-post-thumbnail","6":"product_cat-download-de","7":"product_cat-grossmeister-und-meister-des-modern-arnis","8":"product_cat-lehrgaenge-mit-gm-datu-dieter-knuettel","9":"product_cat-modern-arnis-download-de","10":"product_cat-selbstverteidigung-de","11":"product_cat-seminar-videos-download-de","12":"product_tag-angriffe-anbwehren","13":"product_tag-arnis","14":"product_tag-brian-z","15":"product_tag-brian-zawilinski","16":"product_tag-datu-dieter","17":"product_tag-dav-de","18":"product_tag-deutscher-arnis-verband-de","19":"product_tag-dieter-knuettel-de","20":"product_tag-eskrima-de","21":"product_tag-hans-karrer-de","22":"product_tag-kali-de","23":"product_tag-karate-de","24":"product_tag-master-brian","25":"product_tag-modern-arnis-de","26":"product_tag-mott","27":"product_tag-realistische-selbstverteidigung","28":"product_tag-selbstschutz","29":"product_tag-selbstverteidigung-de","30":"product_tag-sinawali-de","31":"product_tag-single-sinawali-de","32":"product_tag-standing-centerlock","33":"product_tag-sv-de","34":"product_tag-tatort-zentrum","35":"product_tag-verteidigung-de","37":"first","38":"instock","39":"downloadable","40":"virtual","41":"sold-individually","42":"taxable","43":"purchasable","44":"product-type-simple"},"_links":{"self":[{"href":"https:\/\/www.abanico.de\/abanico\/wp-json\/wp\/v2\/product\/7151","targetHints":{"allow":["GET"]}}],"collection":[{"href":"https:\/\/www.abanico.de\/abanico\/wp-json\/wp\/v2\/product"}],"about":[{"href":"https:\/\/www.abanico.de\/abanico\/wp-json\/wp\/v2\/types\/product"}],"replies":[{"embeddable":true,"href":"https:\/\/www.abanico.de\/abanico\/wp-json\/wp\/v2\/comments?post=7151"}],"wp:featuredmedia":[{"embeddable":true,"href":"https:\/\/www.abanico.de\/abanico\/wp-json\/wp\/v2\/media\/7173"}],"wp:attachment":[{"href":"https:\/\/www.abanico.de\/abanico\/wp-json\/wp\/v2\/media?parent=7151"}],"wp:term":[{"taxonomy":"product_brand","embeddable":true,"href":"https:\/\/www.abanico.de\/abanico\/wp-json\/wp\/v2\/product_brand?post=7151"},{"taxonomy":"product_cat","embeddable":true,"href":"https:\/\/www.abanico.de\/abanico\/wp-json\/wp\/v2\/product_cat?post=7151"},{"taxonomy":"product_tag","embeddable":true,"href":"https:\/\/www.abanico.de\/abanico\/wp-json\/wp\/v2\/product_tag?post=7151"}],"curies":[{"name":"wp","href":"https:\/\/api.w.org\/{rel}","templated":true}]}}