{"id":6317,"date":"2018-12-03T10:41:03","date_gmt":"2018-12-03T09:41:03","guid":{"rendered":"https:\/\/www.abanico.de\/abanico\/?post_type=product&#038;p=6317"},"modified":"2019-01-07T09:57:12","modified_gmt":"2019-01-07T08:57:12","slug":"messer-tapping-level-2-dvd-pal-de","status":"publish","type":"product","link":"https:\/\/www.abanico.de\/abanico\/shop\/dvd-pal-de\/modern-arnis-dvd-pal-de-de\/aktuelles-programm-de\/messer-tapping-level-2-dvd-pal-de\/","title":{"rendered":"Messer Tapping Level 2 &#8211; DVD &#8211; PAL &#8211; DE"},"content":{"rendered":"<p><strong>Dieses Video enth\u00e4lt das DAV Messer Tapping Level 2<\/strong> <strong>das im DAV zur Pr\u00fcfung zum 2. Dan verlangt wird.<\/strong><\/p>\n<p>Auf diesem Video sehen Sie:<\/p>\n<p><strong>Training der Verteidigung:<\/strong><br \/>\nLevel 1 mit links,<br \/>\nLevel 1 in der Dolchhaltung,<br \/>\nVariationen auf Angriff 5,<br \/>\nVariationen auf Angriff 12,<br \/>\nHand heben unten schneiden,<\/p>\n<p><strong>Gegenangriffs Techniken:<\/strong><br \/>\nL\u00fccken angreifen,<br \/>\nKrokodile,<br \/>\nTripples als Gegenangriff,<br \/>\nAm Gegner entwaffnen,<br \/>\nEntwaffnungen,<br \/>\nAbschlusstechniken<\/p>\n<p>&nbsp;<\/p>\n<p><strong>\u00dcber den Autor:<\/strong><\/p>\n<p><strong>Gro\u00dfmeister Datu Dieter Kn\u00fcttel<\/strong><\/p>\n<p>ist Diplom-Sportlehrer, Bundestrainer f\u00fcr Modern Arnis (seit 1985) und Modern Arnis Repr\u00e4sentant f\u00fcr Europa.<\/p>\n<p>1996 wurde ihm der Titel Datu und der Grad Lakan Anim, 6. Dan Modern Arnis, von Gro\u00dfmeister Remy A. Presas (10. Dan) pers\u00f6nlich als 4. Arnis-Lehrer au\u00dferhalb der Philippinen und als erstem au\u00dferhalb der USA, verliehen<br \/>\nNachdem er den 7., 8. und 9. Dan auf den Philippinen verliehen bekommen hatte, wurde m 24.9.2016 in Dortmund \u00f6ffentlich bekanntgegeben, dass er von Gro\u00dfmeister Roberto Presas den 10. Dan Modern Arnis verliehen bekommen hatte.<\/p>\n<p>Dieter Kn\u00fcttel betreibt Kampfsport seit 1967 und philippinische Kampfk\u00fcnste seit 1978. Er unterrichtet Modern Arnis auf Lehrg\u00e4ngen \u00fcberall in Europa, Russland, Australien und in den USA.<\/p>\n<div class=\"avia_textblock avia_textblock_style\" data-update_with=\"content\">\n<p>&nbsp;<\/p>\n<hr \/>\n<\/div>\n<div class=\"avia_textblock avia_textblock_style\" data-update_with=\"content\">\n<h3>Trailer<\/h3>\n<div style=\"width: 640px;\" class=\"wp-video\"><video class=\"wp-video-shortcode\" id=\"video-6317-1\" width=\"640\" height=\"360\" preload=\"metadata\" controls=\"controls\"><source type=\"video\/mp4\" src=\"https:\/\/www.abanico.de\/abanico\/wp-content\/files\/trailer\/D-M-Tap-2-HD-deutsch-APP-Vorspann.mp4?_=1\" \/><a href=\"https:\/\/www.abanico.de\/abanico\/wp-content\/files\/trailer\/D-M-Tap-2-HD-deutsch-APP-Vorspann.mp4\">https:\/\/www.abanico.de\/abanico\/wp-content\/files\/trailer\/D-M-Tap-2-HD-deutsch-APP-Vorspann.mp4<\/a><\/video><\/div>\n<p>&nbsp;<\/p>\n<\/div>\n<p>&nbsp;<\/p>\n<p>&nbsp;<\/p>\n","protected":false},"excerpt":{"rendered":"<h2>Messer Tapping Level 2 &#8211; DVD &#8211; PAL &#8211; DE<\/h2>\n<p><strong>Aus dem DAV Programm zum 2. Dan<\/strong><br \/>\n<strong>Sprache: Deutsch &#8211; TV-System: PAL<\/strong><br \/>\nLaufzeit (Min.): 49<br \/>\n<strong>Produzent: ABANICO<\/strong><\/p>\n","protected":false},"featured_media":6314,"comment_status":"open","ping_status":"closed","template":"","meta":[],"product_brand":[],"product_cat":[7377,54,168,55],"product_tag":[1464,1466,1448,1370,1364,1372,1468,1452,1470,8963,1376,1311,1472,2048,1462],"class_list":{"0":"post-6317","1":"product","2":"type-product","3":"status-publish","4":"has-post-thumbnail","6":"product_cat-aktuelles-programm-de","7":"product_cat-dvd-pal-de","8":"product_cat-messer-schusswaffen-dvd-pal-de-de","9":"product_cat-modern-arnis-dvd-pal-de-de","10":"product_tag-360-kreis-de","11":"product_tag-beinarbeit-im-angriff-de","12":"product_tag-clearing-de","13":"product_tag-dav-de","14":"product_tag-deutsch-de","15":"product_tag-deutscher-arnis-verband-de","16":"product_tag-faustangriff-de","17":"product_tag-isolation-de","18":"product_tag-messer-tapping-level-1-de","19":"product_tag-messerentwaffnung","20":"product_tag-modern-arnis-de","21":"product_tag-pal-de","22":"product_tag-seitenwechsel-de","23":"product_tag-trapping-de","24":"product_tag-tripples-de","25":"product_shipping_class-4689","27":"first","28":"instock","29":"taxable","30":"shipping-taxable","31":"purchasable","32":"product-type-simple"},"_links":{"self":[{"href":"https:\/\/www.abanico.de\/abanico\/wp-json\/wp\/v2\/product\/6317","targetHints":{"allow":["GET"]}}],"collection":[{"href":"https:\/\/www.abanico.de\/abanico\/wp-json\/wp\/v2\/product"}],"about":[{"href":"https:\/\/www.abanico.de\/abanico\/wp-json\/wp\/v2\/types\/product"}],"replies":[{"embeddable":true,"href":"https:\/\/www.abanico.de\/abanico\/wp-json\/wp\/v2\/comments?post=6317"}],"wp:featuredmedia":[{"embeddable":true,"href":"https:\/\/www.abanico.de\/abanico\/wp-json\/wp\/v2\/media\/6314"}],"wp:attachment":[{"href":"https:\/\/www.abanico.de\/abanico\/wp-json\/wp\/v2\/media?parent=6317"}],"wp:term":[{"taxonomy":"product_brand","embeddable":true,"href":"https:\/\/www.abanico.de\/abanico\/wp-json\/wp\/v2\/product_brand?post=6317"},{"taxonomy":"product_cat","embeddable":true,"href":"https:\/\/www.abanico.de\/abanico\/wp-json\/wp\/v2\/product_cat?post=6317"},{"taxonomy":"product_tag","embeddable":true,"href":"https:\/\/www.abanico.de\/abanico\/wp-json\/wp\/v2\/product_tag?post=6317"}],"curies":[{"name":"wp","href":"https:\/\/api.w.org\/{rel}","templated":true}]}}