{"id":5902,"date":"2018-11-30T12:49:51","date_gmt":"2018-11-30T11:49:51","guid":{"rendered":"https:\/\/www.abanico.de\/abanico\/?post_type=product&#038;p=5902"},"modified":"2019-01-16T09:26:20","modified_gmt":"2019-01-16T08:26:20","slug":"inayan-serrada-2-dvd-pal-de","status":"publish","type":"product","link":"https:\/\/www.abanico.de\/abanico\/shop\/dvd-pal-de\/inayan-eskrima-dvd-pal-de-de\/inayan-serrada-2-dvd-pal-de\/","title":{"rendered":"Inayan Serrada 2 &#8211; DVD &#8211; PAL &#8211; DE"},"content":{"rendered":"<p>Inhalt dieses Videos:<\/p>\n<ul>\n<li>Grundlegenden Gegenangriffe gegen die Angriffe 7 &#8211; 12<\/li>\n<li>diese Techniken mit &#8222;Verzierungen&#8220;.<\/li>\n<li>Entwaffnungen auf die Angriffe 1 &#8211; 6,<\/li>\n<li>Lock und Block (Level 1, 2 und 3)<\/li>\n<li>erste Level des Flow Sparring<\/li>\n<\/ul>\n<p>Ein weitere wichtiger Teil dieses Videos sind die Hinweise auf die Fehler, die im Serrada Eskrima vermieden werden sollten.<\/p>\n<p><strong>Mangisursuro Mike Inay<\/strong><br \/>\ntrainierte und unterrichtete die philippinische Kampfkunst Eskrima \u00fcber 30 Jahren lang und war einer der qualifiziertesten Meister auf dem Gebiet der philippinischen Kampfk\u00fcnste weltweit. Er lernte das Eskrima von den legend\u00e4ren Gro\u00dfmeistern Max Sarmiento und Angel Cabales und war \u00fcber 15 Jahre lang Privatsch\u00fcler der beiden Gro\u00dfmeister. Er verstarb am 27.9.2000 unerwartet an Herzversagen.<\/p>\n<div class=\"avia_textblock avia_textblock_style\" data-update_with=\"content\">\n<p>&nbsp;<\/p>\n<hr \/>\n<\/div>\n<div class=\"avia_textblock avia_textblock_style\" data-update_with=\"content\">\n<h3>Trailer<\/h3>\n<div style=\"width: 640px;\" class=\"wp-video\"><video class=\"wp-video-shortcode\" id=\"video-5902-1\" width=\"640\" height=\"360\" preload=\"metadata\" controls=\"controls\"><source type=\"video\/mp4\" src=\"https:\/\/www.abanico.de\/abanico\/wp-content\/files\/trailer\/D-Serr2-SD-youPEC-Vorspannt.mp4?_=1\" \/><a href=\"https:\/\/www.abanico.de\/abanico\/wp-content\/files\/trailer\/D-Serr2-SD-youPEC-Vorspannt.mp4\">https:\/\/www.abanico.de\/abanico\/wp-content\/files\/trailer\/D-Serr2-SD-youPEC-Vorspannt.mp4<\/a><\/video><\/div>\n<\/div>\n","protected":false},"excerpt":{"rendered":"<h2>Inayan Serrada 2 &#8211; DVD &#8211; PAL &#8211; DE<\/h2>\n<p><strong>Sprache: Deutsch &#8211; PAL\u00a0 <\/strong><br \/>\nLaufzeit (Min.): 67<br \/>\n<strong>Produzent: ABANICO<\/strong><br \/>\nISBN: 3-89540-457-8<\/p>\n","protected":false},"featured_media":5052,"comment_status":"open","ping_status":"closed","template":"","meta":[],"product_brand":[],"product_cat":[54,107],"product_tag":[],"class_list":{"0":"post-5902","1":"product","2":"type-product","3":"status-publish","4":"has-post-thumbnail","6":"product_cat-dvd-pal-de","7":"product_cat-inayan-eskrima-dvd-pal-de-de","8":"product_shipping_class-4689","10":"first","11":"instock","12":"taxable","13":"shipping-taxable","14":"purchasable","15":"product-type-simple"},"_links":{"self":[{"href":"https:\/\/www.abanico.de\/abanico\/wp-json\/wp\/v2\/product\/5902","targetHints":{"allow":["GET"]}}],"collection":[{"href":"https:\/\/www.abanico.de\/abanico\/wp-json\/wp\/v2\/product"}],"about":[{"href":"https:\/\/www.abanico.de\/abanico\/wp-json\/wp\/v2\/types\/product"}],"replies":[{"embeddable":true,"href":"https:\/\/www.abanico.de\/abanico\/wp-json\/wp\/v2\/comments?post=5902"}],"wp:featuredmedia":[{"embeddable":true,"href":"https:\/\/www.abanico.de\/abanico\/wp-json\/wp\/v2\/media\/5052"}],"wp:attachment":[{"href":"https:\/\/www.abanico.de\/abanico\/wp-json\/wp\/v2\/media?parent=5902"}],"wp:term":[{"taxonomy":"product_brand","embeddable":true,"href":"https:\/\/www.abanico.de\/abanico\/wp-json\/wp\/v2\/product_brand?post=5902"},{"taxonomy":"product_cat","embeddable":true,"href":"https:\/\/www.abanico.de\/abanico\/wp-json\/wp\/v2\/product_cat?post=5902"},{"taxonomy":"product_tag","embeddable":true,"href":"https:\/\/www.abanico.de\/abanico\/wp-json\/wp\/v2\/product_tag?post=5902"}],"curies":[{"name":"wp","href":"https:\/\/api.w.org\/{rel}","templated":true}]}}