{"id":5546,"date":"2018-11-27T15:14:06","date_gmt":"2018-11-27T14:14:06","guid":{"rendered":"https:\/\/www.abanico.de\/abanico\/?post_type=product&#038;p=5546"},"modified":"2019-02-25T11:59:20","modified_gmt":"2019-02-25T10:59:20","slug":"modern-arnis-in-russia-1-download-en-2","status":"publish","type":"product","link":"https:\/\/www.abanico.de\/abanico\/shop\/download-de\/modern-arnis-download-de\/grossmeister-und-meister-des-modern-arnis\/modern-arnis-in-russia-1-download-en-2\/","title":{"rendered":"Modern Arnis in Russia 1 &#8211; download &#8211; EN"},"content":{"rendered":"<p>Dieses Video ist die erste einer Serie, die die Modern Arnis Lehrg\u00e4nge von Gro\u00dfmeister Datu Dieter Kn\u00fcttel in Russland dokumentieren.<br \/>\nDieser LG fand am 2.-3. Juli 2005 in Ekatarinburg statt.<br \/>\nDie Unterrichtssprache ist englisch mit der russischen \u00dcbersetzung des Dolmetschers.<\/p>\n<p>Inhalt:<br \/>\nDie Grundtechnik des Modern Arnis:<br \/>\n&#8211;\u00a0 Sinawali,<br \/>\n&#8211;\u00a0 12 Angriffe,<br \/>\n&#8211;\u00a0 die Technik der Bl\u00f6cke<\/p>\n<p>Entwaffnung mit dem Stock, 1. Serie<br \/>\nMethodik und technische Grundlagen des Tapi-Tapi<br \/>\n\u00dcbertragbarkeit der Sinawali-Technik in den waffenlosen Bereich<\/p>\n<p>Waffenlose Techniken: Hebel-, Trapping- und Kontroll-Techniken<br \/>\nDumog &#8211; die philippinische Form des Nahkampfes<br \/>\nSumbrada mit Messern.<\/p>\n<p>&nbsp;<\/p>\n<p><strong>\u00dcber den Autor:<\/strong><\/p>\n<p><strong>Gro\u00dfmeister Datu Dieter Kn\u00fcttel<\/strong><\/p>\n<p>ist Diplom-Sportlehrer, Bundestrainer f\u00fcr Modern Arnis (seit 1985) und Modern Arnis Repr\u00e4sentant f\u00fcr Europa.<\/p>\n<p>1996 wurde ihm der Titel Datu und der Grad Lakan Anim, 6. Dan Modern Arnis, von Gro\u00dfmeister Remy A. Presas (10. Dan) pers\u00f6nlich als 4. Arnis-Lehrer au\u00dferhalb der Philippinen und als erstem au\u00dferhalb der USA, verliehen<br \/>\nNachdem er den 7., 8. und 9. Dan auf den Philippinen verliehen bekommen hatte, wurde m 24.9.2016 in Dortmund \u00f6ffentlich bekanntgegeben, dass er von Gro\u00dfmeister Roberto Presas den 10. Dan Modern Arnis verliehen bekommen hatte.<\/p>\n<p>Dieter Kn\u00fcttel betreibt Kampfsport seit 1967 und philippinische Kampfk\u00fcnste seit 1978. Er unterrichtet Modern Arnis auf Lehrg\u00e4ngen \u00fcberall in Europa, Russland, Australien und in den USA.<\/p>\n<hr \/>\n<h3>Trailer<\/h3>\n<div style=\"width: 640px;\" class=\"wp-video\"><video class=\"wp-video-shortcode\" id=\"video-5546-1\" width=\"640\" height=\"360\" preload=\"metadata\" controls=\"controls\"><source type=\"video\/mp4\" src=\"https:\/\/www.abanico.de\/abanico\/wp-content\/files\/trailer\/D-RU1-SD-Vorspann-englisch.mp4?_=1\" \/><a href=\"https:\/\/www.abanico.de\/abanico\/wp-content\/files\/trailer\/D-RU1-SD-Vorspann-englisch.mp4\">https:\/\/www.abanico.de\/abanico\/wp-content\/files\/trailer\/D-RU1-SD-Vorspann-englisch.mp4<\/a><\/video><\/div>\n<p>&nbsp;<\/p>\n","protected":false},"excerpt":{"rendered":"<h2>Modern Arnis in Russia 2 &#8211; downoad &#8211; EN<\/h2>\n<p><strong>Erster Modern Arnis LG von GM Datu Dieter Kn\u00fcttel in Russland<\/strong><br \/>\n<strong>Sprache: english \/ russian &#8211; download<\/strong><br \/>\nLaufzeit (Min.): 115<br \/>\n<strong>Produzent: ABANICO<\/strong><\/p>\n","protected":false},"featured_media":5922,"comment_status":"open","ping_status":"closed","template":"","meta":[],"product_brand":[],"product_cat":[39,7329,7336,40,685],"product_tag":[7670,8027,1374,8030,8033,8036,8039,8045,1376,7594,8051,7596,8057,8060,8063,8066],"class_list":{"0":"post-5546","1":"product","2":"type-product","3":"status-publish","4":"has-post-thumbnail","6":"product_cat-download-de","7":"product_cat-grossmeister-und-meister-des-modern-arnis","8":"product_cat-lehrgaenge-mit-gm-datu-dieter-knuettel","9":"product_cat-modern-arnis-download-de","10":"product_cat-seminar-videos-download-de","11":"product_tag-12-attacks-en-de","12":"product_tag-1st-series-en-de","13":"product_tag-dieter-knuettel-de","14":"product_tag-disarming-with-the-stick-en-de","15":"product_tag-dumog-the-filipino-form-of-grappling-en-de","16":"product_tag-empty-hand-techniques-en-de","17":"product_tag-empty-hand-techniques-locks-en-de","18":"product_tag-methodology-and-technical-basics-of-tapi-tapi-en-de","19":"product_tag-modern-arnis-de","20":"product_tag-russia-de","21":"product_tag-russian-en-de","22":"product_tag-sinawali-de","23":"product_tag-sumbrada-with-knives-en-de","24":"product_tag-the-technique-of-blocks-en-de","25":"product_tag-transferability-of-the-sinawali-de","26":"product_tag-trapping-and-control-techniques-en-de","28":"first","29":"instock","30":"downloadable","31":"virtual","32":"sold-individually","33":"taxable","34":"purchasable","35":"product-type-simple"},"_links":{"self":[{"href":"https:\/\/www.abanico.de\/abanico\/wp-json\/wp\/v2\/product\/5546","targetHints":{"allow":["GET"]}}],"collection":[{"href":"https:\/\/www.abanico.de\/abanico\/wp-json\/wp\/v2\/product"}],"about":[{"href":"https:\/\/www.abanico.de\/abanico\/wp-json\/wp\/v2\/types\/product"}],"replies":[{"embeddable":true,"href":"https:\/\/www.abanico.de\/abanico\/wp-json\/wp\/v2\/comments?post=5546"}],"wp:featuredmedia":[{"embeddable":true,"href":"https:\/\/www.abanico.de\/abanico\/wp-json\/wp\/v2\/media\/5922"}],"wp:attachment":[{"href":"https:\/\/www.abanico.de\/abanico\/wp-json\/wp\/v2\/media?parent=5546"}],"wp:term":[{"taxonomy":"product_brand","embeddable":true,"href":"https:\/\/www.abanico.de\/abanico\/wp-json\/wp\/v2\/product_brand?post=5546"},{"taxonomy":"product_cat","embeddable":true,"href":"https:\/\/www.abanico.de\/abanico\/wp-json\/wp\/v2\/product_cat?post=5546"},{"taxonomy":"product_tag","embeddable":true,"href":"https:\/\/www.abanico.de\/abanico\/wp-json\/wp\/v2\/product_tag?post=5546"}],"curies":[{"name":"wp","href":"https:\/\/api.w.org\/{rel}","templated":true}]}}