{"id":5372,"date":"2018-11-27T14:28:46","date_gmt":"2018-11-27T13:28:46","guid":{"rendered":"https:\/\/www.abanico.de\/abanico\/?post_type=product&#038;p=5372"},"modified":"2023-03-19T20:52:21","modified_gmt":"2023-03-19T19:52:21","slug":"taekwon-do-4-download-de","status":"publish","type":"product","link":"https:\/\/www.abanico.de\/abanico\/shop\/download-de\/taekwon-do\/taekwon-do-4-download-de\/","title":{"rendered":"Taekwon Do 4 &#8211; Download &#8211; DE"},"content":{"rendered":"<p>In dieser DVD werden die Spezialtechniken des Taekwon-Do behandelt: Trittkombinationen, Mehrfachtritte, Sprungtritte und Hosinsul, die Taekwon-Do-Selbstverteidigung, werden hier erkl\u00e4rt und demonstriert.<\/p>\n<p><strong>Horst Brandt<\/strong><br \/>\n4. Dan Taekwon-Do, ITF, ist Diplom-Sportlehrer und staatlich gepr\u00fcfter Gymnastiklehrer. Er leitet ein erfolgreiches Taekwon-Do- und Tanz-Studio s\u00fcdlich von K\u00f6ln.<\/p>\n<p>&nbsp;<\/p>\n<div class=\"avia_textblock avia_textblock_style\" data-update_with=\"content\">\n<hr \/>\n<\/div>\n<div class=\"avia_textblock avia_textblock_style\" data-update_with=\"content\">\n<h3>Trailer<\/h3>\n<div style=\"width: 640px;\" class=\"wp-video\"><video class=\"wp-video-shortcode\" id=\"video-5372-1\" width=\"640\" height=\"360\" preload=\"metadata\" controls=\"controls\"><source type=\"video\/mp4\" src=\"https:\/\/www.abanico.de\/abanico\/wp-content\/files\/trailer\/D-TKD4-SD-Vorspann-deutsch.mp4?_=1\" \/><a href=\"https:\/\/www.abanico.de\/abanico\/wp-content\/files\/trailer\/D-TKD4-SD-Vorspann-deutsch.mp4\">https:\/\/www.abanico.de\/abanico\/wp-content\/files\/trailer\/D-TKD4-SD-Vorspann-deutsch.mp4<\/a><\/video><\/div>\n<\/div>\n","protected":false},"excerpt":{"rendered":"<h2>Taekwon Do 4<\/h2>\n<p><strong>Spezialtechniken<\/strong><br \/>\n<strong>Sprache: Deutsch &#8211; Download<\/strong><br \/>\nLaufzeit (Min.): 55<br \/>\n<strong>Produzent: ABANICO<\/strong><\/p>\n","protected":false},"featured_media":5269,"comment_status":"open","ping_status":"closed","template":"","meta":[],"product_brand":[],"product_cat":[39,4231],"product_tag":[41,43,666,667],"class_list":{"0":"post-5372","1":"product","2":"type-product","3":"status-publish","4":"has-post-thumbnail","6":"product_cat-download-de","7":"product_cat-taekwon-do","8":"product_tag-deutsch","9":"product_tag-download","10":"product_tag-horst-brandt","11":"product_tag-taekwon-do","13":"first","14":"instock","15":"downloadable","16":"virtual","17":"sold-individually","18":"taxable","19":"purchasable","20":"product-type-simple"},"_links":{"self":[{"href":"https:\/\/www.abanico.de\/abanico\/wp-json\/wp\/v2\/product\/5372","targetHints":{"allow":["GET"]}}],"collection":[{"href":"https:\/\/www.abanico.de\/abanico\/wp-json\/wp\/v2\/product"}],"about":[{"href":"https:\/\/www.abanico.de\/abanico\/wp-json\/wp\/v2\/types\/product"}],"replies":[{"embeddable":true,"href":"https:\/\/www.abanico.de\/abanico\/wp-json\/wp\/v2\/comments?post=5372"}],"wp:featuredmedia":[{"embeddable":true,"href":"https:\/\/www.abanico.de\/abanico\/wp-json\/wp\/v2\/media\/5269"}],"wp:attachment":[{"href":"https:\/\/www.abanico.de\/abanico\/wp-json\/wp\/v2\/media?parent=5372"}],"wp:term":[{"taxonomy":"product_brand","embeddable":true,"href":"https:\/\/www.abanico.de\/abanico\/wp-json\/wp\/v2\/product_brand?post=5372"},{"taxonomy":"product_cat","embeddable":true,"href":"https:\/\/www.abanico.de\/abanico\/wp-json\/wp\/v2\/product_cat?post=5372"},{"taxonomy":"product_tag","embeddable":true,"href":"https:\/\/www.abanico.de\/abanico\/wp-json\/wp\/v2\/product_tag?post=5372"}],"curies":[{"name":"wp","href":"https:\/\/api.w.org\/{rel}","templated":true}]}}