{"id":5367,"date":"2018-11-27T14:25:41","date_gmt":"2018-11-27T13:25:41","guid":{"rendered":"https:\/\/www.abanico.de\/abanico\/?post_type=product&#038;p=5367"},"modified":"2018-12-03T09:37:29","modified_gmt":"2018-12-03T08:37:29","slug":"taekwon-do-1-download-de","status":"publish","type":"product","link":"https:\/\/www.abanico.de\/abanico\/shop\/download-de\/taekwon-do\/taekwon-do-1-download-de\/","title":{"rendered":"Taekwon Do 1 &#8211; Download &#8211; DE"},"content":{"rendered":"<p>Einf\u00fchrung und Grundlagen (Stellungen) des Taekwon-Do. Die Hauptangriffsarten (mit der Faust, Handkante, Fingerspitzen und dem Ellbogen), Verteidigungen mit Anwendungen, Kontertechniken und Fehlerkorrektur.<\/p>\n<p><strong>Horst Brandt<\/strong><br \/>\n4. Dan Taekwon-Do, ITF, ist Diplom-Sportlehrer und staatlich gepr\u00fcfter Gymnastiklehrer. Er leitet ein erfolgreiches Taekwon-Do- und Tanz-Studio s\u00fcdlich von K\u00f6ln.<\/p>\n<p>&nbsp;<\/p>\n<div class=\"avia_textblock avia_textblock_style\" data-update_with=\"content\">\n<hr \/>\n<\/div>\n<div class=\"avia_textblock avia_textblock_style\" data-update_with=\"content\">\n<h3>Trailer<\/h3>\n<div style=\"width: 640px;\" class=\"wp-video\"><video class=\"wp-video-shortcode\" id=\"video-5367-1\" width=\"640\" height=\"360\" preload=\"metadata\" controls=\"controls\"><source type=\"video\/mp4\" src=\"https:\/\/www.abanico.de\/abanico\/wp-content\/files\/trailer\/D-TKD1-SD-Vorspann-deutsch.mp4?_=1\" \/><a href=\"https:\/\/www.abanico.de\/abanico\/wp-content\/files\/trailer\/D-TKD1-SD-Vorspann-deutsch.mp4\">https:\/\/www.abanico.de\/abanico\/wp-content\/files\/trailer\/D-TKD1-SD-Vorspann-deutsch.mp4<\/a><\/video><\/div>\n<\/div>\n","protected":false},"excerpt":{"rendered":"<h2><strong>Taekwon Do 1 &#8211; Download &#8211; DE<\/strong><\/h2>\n<h2><strong>Grundlagen und Handtechniken &#8211; Download &#8211; DE<\/strong><\/h2>\n<p><strong>Sprache: Deutsch &#8211; Download<\/strong><br \/>\nLaufzeit (Min.): 60<br \/>\n<strong>Produzent: ABANICO<\/strong><br \/>\nISBN: 3-89540-483-7<\/p>\n","protected":false},"featured_media":5266,"comment_status":"open","ping_status":"closed","template":"","meta":[],"product_brand":[],"product_cat":[39,4231],"product_tag":[1364,1440,1819,1311,1825],"class_list":{"0":"post-5367","1":"product","2":"type-product","3":"status-publish","4":"has-post-thumbnail","6":"product_cat-download-de","7":"product_cat-taekwon-do","8":"product_tag-deutsch-de","9":"product_tag-download-de","10":"product_tag-horst-brandt-en-de","11":"product_tag-pal-de","12":"product_tag-taekwon-do-de","14":"first","15":"instock","16":"downloadable","17":"virtual","18":"sold-individually","19":"taxable","20":"purchasable","21":"product-type-simple"},"_links":{"self":[{"href":"https:\/\/www.abanico.de\/abanico\/wp-json\/wp\/v2\/product\/5367","targetHints":{"allow":["GET"]}}],"collection":[{"href":"https:\/\/www.abanico.de\/abanico\/wp-json\/wp\/v2\/product"}],"about":[{"href":"https:\/\/www.abanico.de\/abanico\/wp-json\/wp\/v2\/types\/product"}],"replies":[{"embeddable":true,"href":"https:\/\/www.abanico.de\/abanico\/wp-json\/wp\/v2\/comments?post=5367"}],"wp:featuredmedia":[{"embeddable":true,"href":"https:\/\/www.abanico.de\/abanico\/wp-json\/wp\/v2\/media\/5266"}],"wp:attachment":[{"href":"https:\/\/www.abanico.de\/abanico\/wp-json\/wp\/v2\/media?parent=5367"}],"wp:term":[{"taxonomy":"product_brand","embeddable":true,"href":"https:\/\/www.abanico.de\/abanico\/wp-json\/wp\/v2\/product_brand?post=5367"},{"taxonomy":"product_cat","embeddable":true,"href":"https:\/\/www.abanico.de\/abanico\/wp-json\/wp\/v2\/product_cat?post=5367"},{"taxonomy":"product_tag","embeddable":true,"href":"https:\/\/www.abanico.de\/abanico\/wp-json\/wp\/v2\/product_tag?post=5367"}],"curies":[{"name":"wp","href":"https:\/\/api.w.org\/{rel}","templated":true}]}}