{"id":5344,"date":"2018-11-26T20:52:31","date_gmt":"2018-11-26T19:52:31","guid":{"rendered":"https:\/\/www.abanico.de\/abanico\/?post_type=product&#038;p=5344"},"modified":"2018-12-03T21:37:55","modified_gmt":"2018-12-03T20:37:55","slug":"realistische-selbstverteidigung-2-dvd-pal-de","status":"publish","type":"product","link":"https:\/\/www.abanico.de\/abanico\/shop\/dvd-pal-de\/selbstverteidigung-dvd-pal-de-de\/realistische-selbstverteidigung-2-dvd-pal-de\/","title":{"rendered":"Realistische Selbstverteidigung 2 &#8211; DVD &#8211; PAL &#8211; DE"},"content":{"rendered":"<p>Wie im ersten Teil wird auch in diesem Video die Verteidigung mit neun scheinbar harmlosen Alltagsgegenst\u00e4nde gezeigt, die vor Ihren Augen zu effektiven Waffen werden.<\/p>\n<p>Folgende Gegenst\u00e4nde werden in diesem Video zur Verteidigung eingesetzt:<\/p>\n<ul>\n<li>ein Spazierstock<\/li>\n<li>eine Zeitung<\/li>\n<li>ein Buch<\/li>\n<li>eine Handtasche<\/li>\n<li>ein Kugelschreiber<\/li>\n<li>ein Schl\u00fcsselbund<\/li>\n<li>eine Musikcassette<\/li>\n<li>eine M\u00fcnze<\/li>\n<li>flexible Gegenst\u00e4nde<\/li>\n<li>waffenlose Verteidigung<\/li>\n<\/ul>\n<p>Sie werden gegen folgende Angriffe demonstriert:<\/p>\n<ul>\n<li>W\u00fcrgen von hinten<\/li>\n<li>Schwinger<\/li>\n<li>gerader Fauststo\u00df<\/li>\n<li>Angriffe mit einem Baseballschl\u00e4ger<\/li>\n<\/ul>\n<p>&nbsp;<\/p>\n<p><strong>\u00dcber den Autor:<\/strong><\/p>\n<p><strong>Gro\u00dfmeister Datu Dieter Kn\u00fcttel<\/strong><\/p>\n<p>ist Diplom-Sportlehrer, Bundestrainer f\u00fcr Modern Arnis (seit 1985) und Modern Arnis Repr\u00e4sentant f\u00fcr Europa.<\/p>\n<p>1996 wurde ihm der Titel Datu und der Grad Lakan Anim, 6. Dan Modern Arnis, von Gro\u00dfmeister Remy A. Presas (10. Dan) pers\u00f6nlich als 4. Arnis-Lehrer au\u00dferhalb der Philippinen und als erstem au\u00dferhalb der USA, verliehen<br \/>\nNachdem er den 7., 8. und 9. Dan auf den Philippinen verliehen bekommen hatte, wurde m 24.9.2016 in Dortmund \u00f6ffentlich bekanntgegeben, dass er von Gro\u00dfmeister Roberto Presas den 10. Dan Modern Arnis verliehen bekommen hatte.<\/p>\n<p>Dieter Kn\u00fcttel betreibt Kampfsport seit 1967 und philippinische Kampfk\u00fcnste seit 1978. Er unterrichtet Modern Arnis auf Lehrg\u00e4ngen \u00fcberall in Europa, Russland, Australien und in den USA.<\/p>\n<div class=\"avia_textblock avia_textblock_style\" data-update_with=\"content\">\n<p>&nbsp;<\/p>\n<\/div>\n<div class=\"avia_textblock avia_textblock_style\" data-update_with=\"content\">\n<hr \/>\n<\/div>\n<div class=\"avia_textblock avia_textblock_style\" data-update_with=\"content\">\n<h3>Trailer<\/h3>\n<div style=\"width: 640px;\" class=\"wp-video\"><video class=\"wp-video-shortcode\" id=\"video-5344-1\" width=\"640\" height=\"360\" preload=\"metadata\" controls=\"controls\"><source type=\"video\/mp4\" src=\"https:\/\/www.abanico.de\/abanico\/wp-content\/files\/trailer\/D-SV-2-SD-Vorspann.mp4?_=1\" \/><a href=\"https:\/\/www.abanico.de\/abanico\/wp-content\/files\/trailer\/D-SV-2-SD-Vorspann.mp4\">https:\/\/www.abanico.de\/abanico\/wp-content\/files\/trailer\/D-SV-2-SD-Vorspann.mp4<\/a><\/video><\/div>\n<\/div>\n<p>&nbsp;<\/p>\n","protected":false},"excerpt":{"rendered":"<h2>Realistische Selbstverteidigung 2 &#8211; DVD &#8211; PAL &#8211; DE<\/h2>\n<p><strong>Sprache: deutsch &#8211; TV-System: PAL<\/strong><br \/>\nLaufzeit (Min.): 65<br \/>\n<strong>Produzent: ABANICO<\/strong><br \/>\nISBN: 3-89540-467-5<\/p>\n","protected":false},"featured_media":5262,"comment_status":"open","ping_status":"closed","template":"","meta":[],"product_brand":[],"product_cat":[54,162],"product_tag":[1816,7618,1845,1847],"class_list":{"0":"post-5344","1":"product","2":"type-product","3":"status-publish","4":"has-post-thumbnail","6":"product_cat-dvd-pal-de","7":"product_cat-selbstverteidigung-dvd-pal-de-de","8":"product_tag-dvd-en-de","9":"product_tag-realistische-selbstverteidigung","10":"product_tag-selbstverteidigung-de","11":"product_tag-sv-de","12":"product_shipping_class-4689","14":"first","15":"instock","16":"taxable","17":"shipping-taxable","18":"purchasable","19":"product-type-simple"},"_links":{"self":[{"href":"https:\/\/www.abanico.de\/abanico\/wp-json\/wp\/v2\/product\/5344","targetHints":{"allow":["GET"]}}],"collection":[{"href":"https:\/\/www.abanico.de\/abanico\/wp-json\/wp\/v2\/product"}],"about":[{"href":"https:\/\/www.abanico.de\/abanico\/wp-json\/wp\/v2\/types\/product"}],"replies":[{"embeddable":true,"href":"https:\/\/www.abanico.de\/abanico\/wp-json\/wp\/v2\/comments?post=5344"}],"wp:featuredmedia":[{"embeddable":true,"href":"https:\/\/www.abanico.de\/abanico\/wp-json\/wp\/v2\/media\/5262"}],"wp:attachment":[{"href":"https:\/\/www.abanico.de\/abanico\/wp-json\/wp\/v2\/media?parent=5344"}],"wp:term":[{"taxonomy":"product_brand","embeddable":true,"href":"https:\/\/www.abanico.de\/abanico\/wp-json\/wp\/v2\/product_brand?post=5344"},{"taxonomy":"product_cat","embeddable":true,"href":"https:\/\/www.abanico.de\/abanico\/wp-json\/wp\/v2\/product_cat?post=5344"},{"taxonomy":"product_tag","embeddable":true,"href":"https:\/\/www.abanico.de\/abanico\/wp-json\/wp\/v2\/product_tag?post=5344"}],"curies":[{"name":"wp","href":"https:\/\/api.w.org\/{rel}","templated":true}]}}