{"id":5331,"date":"2018-11-26T19:33:49","date_gmt":"2018-11-26T18:33:49","guid":{"rendered":"https:\/\/www.abanico.de\/abanico\/?post_type=product&#038;p=5331"},"modified":"2018-12-03T22:14:09","modified_gmt":"2018-12-03T21:14:09","slug":"jeff-espinous-angebot-dvd-pal-de","status":"publish","type":"product","link":"https:\/\/www.abanico.de\/abanico\/shop\/dvd-pal-de\/streetfighting-dvd-pal-de-de\/jeff-espinous-angebot-dvd-pal-de\/","title":{"rendered":"Jeff Espinous Angebot &#8211; DVD &#8211; PAL &#8211; DE"},"content":{"rendered":"<p>Diese Angebot enth\u00e4lt das Kali\/Sikaran und das Streetfighting Video von Jeff Espinous.<\/p>\n<h3>Jeff 1: Kali Sikaran<\/h3>\n<p>Dieses Video behandelt das Kali\/Sikaran. Es ist der waffenlose Teil der philippinischen Kampfk\u00fcnste. Es werden offensive und defensive Techniken demonstriert, die Verteidigung gegen Jab-Cross, Wurfeing\u00e4nge in 6 verschiedene &#8222;Gaps&#8220; (Deckungsl\u00fccken), unterschiedliche W\u00fcrfe, Grappling, Hebel und Kontrolltechniken. Verteidigung gegen Tritte bilden mit der Zusammenfassung, in der die Techniken noch einmal mit hervorragenden Zeitlupen gezeigt werden. Dieses Video kann Ihre Einstellung zum Kampf ver\u00e4ndern.<\/p>\n<div style=\"width: 640px;\" class=\"wp-video\"><video class=\"wp-video-shortcode\" id=\"video-5331-1\" width=\"640\" height=\"360\" preload=\"metadata\" controls=\"controls\"><source type=\"video\/mp4\" src=\"https:\/\/www.abanico.de\/abanico\/wp-content\/files\/trailer\/D-Jeff1-SD-Vorspann.mp4?_=1\" \/><a href=\"https:\/\/www.abanico.de\/abanico\/wp-content\/files\/trailer\/D-Jeff1-SD-Vorspann.mp4\">https:\/\/www.abanico.de\/abanico\/wp-content\/files\/trailer\/D-Jeff1-SD-Vorspann.mp4<\/a><\/video><\/div>\n<p>&nbsp;<\/p>\n<hr \/>\n<h3>Jeff 2: Streetfighting<\/h3>\n<p>In seiner einmaligen Art demonstriert Jeff Espinous die verschiedenen Aspekte der Selbstverteidigung und des Stra\u00dfenkampfes. Es werden verschiedene Situationen dargestellt, wie z.B. Verteidigung gegen Fassen, Faustangriffe, Fassen mit Faustangriff, W\u00fcrgen, Haarefassen und Fu\u00dftritte. Nach den Erkl\u00e4rungen der wichtigsten Prinzipien werden die Techniken noch einmal mit vielen Variationen und in allt\u00e4glichen Situationen gezeigt. Zum Abschlu\u00df wird noch die Verteidigung an der Wand und an der Bar gezeigt. Ein Video, , die Sie begeistern wird.<\/p>\n<div style=\"width: 640px;\" class=\"wp-video\"><video class=\"wp-video-shortcode\" id=\"video-5331-2\" width=\"640\" height=\"360\" preload=\"metadata\" controls=\"controls\"><source type=\"video\/mp4\" src=\"https:\/\/www.abanico.de\/abanico\/wp-content\/files\/trailer\/D-Jeff2-SD-Vorspann.mp4?_=2\" \/><a href=\"https:\/\/www.abanico.de\/abanico\/wp-content\/files\/trailer\/D-Jeff2-SD-Vorspann.mp4\">https:\/\/www.abanico.de\/abanico\/wp-content\/files\/trailer\/D-Jeff2-SD-Vorspann.mp4<\/a><\/video><\/div>\n<hr \/>\n<p><strong>Jeff Espinous <\/strong><br \/>\nist ein hochqualifizierter Kampfk\u00fcnstler, der \u00fcber 6 Jahre um die Welt gereist ist und mehrere Jahre in Japan, Thailand, USA und Indonesien gelebt hat, um dort verschiedene Kampfk\u00fcnste zu erlernen. Diese Erfahrung spiegelt sich in seinen realistischen Techniken wieder.<\/p>\n<div class=\"avia_textblock avia_textblock_style\" data-update_with=\"content\"><\/div>\n","protected":false},"excerpt":{"rendered":"<h2><strong>Jeff Espinous Angebot &#8211; DVD &#8211; DE<\/strong><\/h2>\n<p><strong>Sprache: deutsch\u00a0<\/strong><br \/>\n<strong>TV-System: PAL<\/strong><br \/>\nLaufzeit (Min.): 105<br \/>\n<strong>Produzent: ABANICO<\/strong><\/p>\n","protected":false},"featured_media":6236,"comment_status":"open","ping_status":"closed","template":"","meta":[],"product_brand":[],"product_cat":[54,172],"product_tag":[1961,1816,2215,1845,2223],"class_list":{"0":"post-5331","1":"product","2":"type-product","3":"status-publish","4":"has-post-thumbnail","6":"product_cat-dvd-pal-de","7":"product_cat-streetfighting-dvd-pal-de-de","8":"product_tag-angebot-de","9":"product_tag-dvd-en-de","10":"product_tag-jeff-espinous-de","11":"product_tag-selbstverteidigung-de","12":"product_tag-streetfighting-de","13":"product_shipping_class-4689","15":"first","16":"instock","17":"taxable","18":"shipping-taxable","19":"purchasable","20":"product-type-simple"},"_links":{"self":[{"href":"https:\/\/www.abanico.de\/abanico\/wp-json\/wp\/v2\/product\/5331","targetHints":{"allow":["GET"]}}],"collection":[{"href":"https:\/\/www.abanico.de\/abanico\/wp-json\/wp\/v2\/product"}],"about":[{"href":"https:\/\/www.abanico.de\/abanico\/wp-json\/wp\/v2\/types\/product"}],"replies":[{"embeddable":true,"href":"https:\/\/www.abanico.de\/abanico\/wp-json\/wp\/v2\/comments?post=5331"}],"wp:featuredmedia":[{"embeddable":true,"href":"https:\/\/www.abanico.de\/abanico\/wp-json\/wp\/v2\/media\/6236"}],"wp:attachment":[{"href":"https:\/\/www.abanico.de\/abanico\/wp-json\/wp\/v2\/media?parent=5331"}],"wp:term":[{"taxonomy":"product_brand","embeddable":true,"href":"https:\/\/www.abanico.de\/abanico\/wp-json\/wp\/v2\/product_brand?post=5331"},{"taxonomy":"product_cat","embeddable":true,"href":"https:\/\/www.abanico.de\/abanico\/wp-json\/wp\/v2\/product_cat?post=5331"},{"taxonomy":"product_tag","embeddable":true,"href":"https:\/\/www.abanico.de\/abanico\/wp-json\/wp\/v2\/product_tag?post=5331"}],"curies":[{"name":"wp","href":"https:\/\/api.w.org\/{rel}","templated":true}]}}