{"id":5329,"date":"2018-11-26T19:15:18","date_gmt":"2018-11-26T18:15:18","guid":{"rendered":"https:\/\/www.abanico.de\/abanico\/?post_type=product&#038;p=5329"},"modified":"2019-11-29T10:46:21","modified_gmt":"2019-11-29T09:46:21","slug":"modern-arnis-weissgurt-aktuelles-programm-dvd-pal-de","status":"publish","type":"product","link":"https:\/\/www.abanico.de\/abanico\/shop\/dvd-pal-de\/modern-arnis-dvd-pal-de-de\/aktuelles-programm-de\/modern-arnis-weissgurt-aktuelles-programm-dvd-pal-de\/","title":{"rendered":"Modern Arnis Wei\u00dfgurt &#8211; aktuelles Programm &#8211; DVD &#8211; PAL &#8211; DE"},"content":{"rendered":"<p>Dieses <strong>download Video<\/strong> enth\u00e4lt das aktuelle DAV-Wei\u00dfgurtprogramm.<\/p>\n<p>Hier der Inhalt.<\/p>\n<p><strong>Sinawali<\/strong><br \/>\nPeitschenschlag Drill<br \/>\nSingle Sinawali in Bewegung (Geradlinig)<br \/>\nDoppel Sinawali in Bewegung (Geradlinig)<br \/>\nAbwehrtechniken<br \/>\nUnterst\u00fctzte Blocktechniken<\/p>\n<p><strong>Modern Einzelstock<\/strong><br \/>\nTechniken und Kombinationen<br \/>\n12 Angriffe mit rechts und links<br \/>\nGegenangriff: &#8211; Schlag (1-4 Schl\u00e4ge)<br \/>\n&#8211; Butt (1-4 Butts)<br \/>\n1. Entwaffnungsserie (Angriffe nur rechts gegen rechts oder links gegen links) mit einem Stock gegen Angriffe 1 und 2<br \/>\n<strong>Drills<\/strong><br \/>\nBlock auf Reaktion:\u00a0\u00a0 gegen kontinuierliche Angriffe mit Pendelschritt zum Ausweichen<br \/>\nModern 1-1:\u00a0\u00a0\u00a0 mit Pendelschritt zum Ausweichen<\/p>\n<p><strong>Karanza<\/strong><br \/>\nKaranza in freier Bewegung auf Basis der bisher erlernten Beinarbeit, einschlie\u00dflich Richtungswechseln mit:\u00a0 &#8211; Wei\u00dfgurttechniken<br \/>\n&#8211; Wirbeltechnik\/en (rauf &#8211; runter drehen)<br \/>\n&#8211; Handwechsel<\/p>\n<p><strong>Waffenlos<\/strong><br \/>\nVerteidigungen (mit Folgetechnik\/en)<br \/>\nModern Prinzip (mit rechts) gegen: &#8211; waffenlosen Angriff<br \/>\n&#8211; Stockangriff<br \/>\n<strong>Drill<\/strong><br \/>\nModern Drill hin &#8211; her (rechts oder links)<\/p>\n<p><strong>Pratzen (Level 1)<\/strong><br \/>\nFreies Bewegen mit 1-3er Kombinationen im Stand (auf Positionen 0-5 &amp; Kombinationen) in Verbindung mit Anwendung Modern Prinzip (gegen Angriff Schwinger rechts und links)<\/p>\n<p><strong>\u00dcbertragbarkeit (Anwendung\/en) Alltagsgegenst\u00e4nde<\/strong><br \/>\nAbwehr von Angriff 1 &amp; 2, Stock und Waffenlos, soll beispielhaft mit folgendem Alltagsgegenstand demonstriert werden k\u00f6nnen:<br \/>\n&#8211; Kugelschreiber<\/p>\n<p><strong>SV<\/strong><br \/>\nBefreiungstechniken: Die 2 gegenl\u00e4ufigen Prinzipien der Befreiungstechniken gegen Fassen<br \/>\n&#8211; des Stockes mit anschlie\u00dfendem Gegenangriff<br \/>\n&#8211; der Hand mit anschlie\u00dfendem Gegenangriff<br \/>\n3 Prinzipien mit dem Stock gegen waffenlose\/n Angreifer\/In<\/p>\n<p>&nbsp;<\/p>\n<p><strong>\u00dcber den Autor:<\/strong><\/p>\n<p><strong>Gro\u00dfmeister Datu Dieter Kn\u00fcttel<\/strong><\/p>\n<p>ist Diplom-Sportlehrer, Bundestrainer f\u00fcr Modern Arnis (seit 1985) und Modern Arnis Repr\u00e4sentant f\u00fcr Europa.<\/p>\n<p>1996 wurde ihm der Titel Datu und der Grad Lakan Anim, 6. Dan Modern Arnis, von Gro\u00dfmeister Remy A. Presas (10. Dan) pers\u00f6nlich als 4. Arnis-Lehrer au\u00dferhalb der Philippinen und als erstem au\u00dferhalb der USA, verliehen<br \/>\nNachdem er den 7., 8. und 9. Dan auf den Philippinen verliehen bekommen hatte, wurde m 24.9.2016 in Dortmund \u00f6ffentlich bekanntgegeben, dass er von Gro\u00dfmeister Roberto Presas den 10. Dan Modern Arnis verliehen bekommen hatte.<\/p>\n<p>Dieter Kn\u00fcttel betreibt Kampfsport seit 1967 und philippinische Kampfk\u00fcnste seit 1978. Er unterrichtet Modern Arnis auf Lehrg\u00e4ngen \u00fcberall in Europa, Russland, Australien und in den USA.<\/p>\n<div class=\"avia_textblock avia_textblock_style\" data-update_with=\"content\">\n<p>&nbsp;<\/p>\n<hr \/>\n<\/div>\n<div class=\"avia_textblock avia_textblock_style\" data-update_with=\"content\">\n<h3>Trailer<\/h3>\n<div style=\"width: 640px;\" class=\"wp-video\"><video class=\"wp-video-shortcode\" id=\"video-5329-1\" width=\"640\" height=\"360\" preload=\"metadata\" controls=\"controls\"><source type=\"video\/mp4\" src=\"https:\/\/www.abanico.de\/abanico\/wp-content\/files\/trailer\/D-MA-13-Weiss-deutsch%20Vorspann+3.mp4?_=1\" \/><a href=\"https:\/\/www.abanico.de\/abanico\/wp-content\/files\/trailer\/D-MA-13-Weiss-deutsch%20Vorspann+3.mp4\">https:\/\/www.abanico.de\/abanico\/wp-content\/files\/trailer\/D-MA-13-Weiss-deutsch%20Vorspann+3.mp4<\/a><\/video><\/div>\n<p>&nbsp;<\/p>\n<\/div>\n","protected":false},"excerpt":{"rendered":"<h2>Modern Arnis Wei\u00dfgurt &#8211; aktuelles Programm &#8211; DVD &#8211; PAL &#8211; DE<\/h2>\n<p><strong>Aktuelles Programm<\/strong><br \/>\n<strong>TV-System: PAL<\/strong><br \/>\n<strong>Sprache: Deutsch<\/strong><br \/>\nLaufzeit (Min.): 37 Minuten<br \/>\n<strong>Produzent: ABANICO<\/strong><br \/>\nISBN: 97838954089103<\/p>\n","protected":false},"featured_media":5084,"comment_status":"open","ping_status":"closed","template":"","meta":[],"product_brand":[],"product_cat":[7377,54,55],"product_tag":[7606,1370,1372,1816,1376,8405,2339,1442],"class_list":{"0":"post-5329","1":"product","2":"type-product","3":"status-publish","4":"has-post-thumbnail","6":"product_cat-aktuelles-programm-de","7":"product_cat-dvd-pal-de","8":"product_cat-modern-arnis-dvd-pal-de-de","9":"product_tag-aktuelles-programm","10":"product_tag-dav-de","11":"product_tag-deutscher-arnis-verband-de","12":"product_tag-dvd-en-de","13":"product_tag-modern-arnis-de","14":"product_tag-modern-arnis-weissgurt","15":"product_tag-pruefungsprogramm-de","16":"product_tag-video-de","17":"product_shipping_class-4689","19":"first","20":"instock","21":"taxable","22":"shipping-taxable","23":"purchasable","24":"product-type-simple"},"_links":{"self":[{"href":"https:\/\/www.abanico.de\/abanico\/wp-json\/wp\/v2\/product\/5329","targetHints":{"allow":["GET"]}}],"collection":[{"href":"https:\/\/www.abanico.de\/abanico\/wp-json\/wp\/v2\/product"}],"about":[{"href":"https:\/\/www.abanico.de\/abanico\/wp-json\/wp\/v2\/types\/product"}],"replies":[{"embeddable":true,"href":"https:\/\/www.abanico.de\/abanico\/wp-json\/wp\/v2\/comments?post=5329"}],"wp:featuredmedia":[{"embeddable":true,"href":"https:\/\/www.abanico.de\/abanico\/wp-json\/wp\/v2\/media\/5084"}],"wp:attachment":[{"href":"https:\/\/www.abanico.de\/abanico\/wp-json\/wp\/v2\/media?parent=5329"}],"wp:term":[{"taxonomy":"product_brand","embeddable":true,"href":"https:\/\/www.abanico.de\/abanico\/wp-json\/wp\/v2\/product_brand?post=5329"},{"taxonomy":"product_cat","embeddable":true,"href":"https:\/\/www.abanico.de\/abanico\/wp-json\/wp\/v2\/product_cat?post=5329"},{"taxonomy":"product_tag","embeddable":true,"href":"https:\/\/www.abanico.de\/abanico\/wp-json\/wp\/v2\/product_tag?post=5329"}],"curies":[{"name":"wp","href":"https:\/\/api.w.org\/{rel}","templated":true}]}}