{"id":5310,"date":"2018-11-26T15:52:53","date_gmt":"2018-11-26T14:52:53","guid":{"rendered":"https:\/\/www.abanico.de\/abanico\/?post_type=product&#038;p=5310"},"modified":"2018-12-17T13:59:24","modified_gmt":"2018-12-17T12:59:24","slug":"modern-arnis-in-russland-2-dvd-pal-de","status":"publish","type":"product","link":"https:\/\/www.abanico.de\/abanico\/shop\/dvd-pal-de\/modern-arnis-dvd-pal-de-de\/grossmeister-und-meister-des-modern-arnis-de\/modern-arnis-in-russland-2-dvd-pal-de\/","title":{"rendered":"Modern Arnis in Russland 2 &#8211; DVD &#8211; PAL &#8211; EN"},"content":{"rendered":"<p>Diese DVD ist die zweite der Serie, die die Modern Arnis Lehrg\u00e4nge von Gro\u00dfmeister Datu Dieter Kn\u00fcttel in Russland dokumentieren.<br \/>\nDieser LG fand am 18.-19. M\u00e4rz 2006 in Ekatarinburg statt.<br \/>\nDie Unterrichtssprache ist englisch mit der russischen \u00dcbersetzung des Dolmetschers.<\/p>\n<p>Inhalt:<\/p>\n<ul>\n<li>Sinawali<\/li>\n<li>Klassisches Arnis<\/li>\n<li>Entwaffnung mit dem Stock, 2. Serie<\/li>\n<li>SV an der Wand<\/li>\n<li>Tapi-Tapi<\/li>\n<li>Waffenlose Techniken<\/li>\n<li>Messerentwaffnungen<\/li>\n<\/ul>\n<p>&nbsp;<\/p>\n<p><strong>\u00dcber den Autor:<\/strong><\/p>\n<p><strong>Gro\u00dfmeister Datu Dieter Kn\u00fcttel<\/strong><\/p>\n<p>ist Diplom-Sportlehrer, Bundestrainer f\u00fcr Modern Arnis (seit 1985) und Modern Arnis Repr\u00e4sentant f\u00fcr Europa.<\/p>\n<p>1996 wurde ihm der Titel Datu und der Grad Lakan Anim, 6. Dan Modern Arnis, von Gro\u00dfmeister Remy A. Presas (10. Dan) pers\u00f6nlich als 4. Arnis-Lehrer au\u00dferhalb der Philippinen und als erstem au\u00dferhalb der USA, verliehen<br \/>\nNachdem er den 7., 8. und 9. Dan auf den Philippinen verliehen bekommen hatte, wurde m 24.9.2016 in Dortmund \u00f6ffentlich bekanntgegeben, dass er von Gro\u00dfmeister Roberto Presas den 10. Dan Modern Arnis verliehen bekommen hatte.<\/p>\n<p>Dieter Kn\u00fcttel betreibt Kampfsport seit 1967 und philippinische Kampfk\u00fcnste seit 1978. Er unterrichtet Modern Arnis auf Lehrg\u00e4ngen \u00fcberall in Europa, Russland, Australien und in den USA.<\/p>\n<hr \/>\n<h3>Trailer<\/h3>\n<div style=\"width: 640px;\" class=\"wp-video\"><video class=\"wp-video-shortcode\" id=\"video-5310-1\" width=\"640\" height=\"360\" preload=\"metadata\" controls=\"controls\"><source type=\"video\/mp4\" src=\"https:\/\/www.abanico.de\/abanico\/wp-content\/files\/trailer\/D-RU2-SD-Vorspann-englisch.mp4?_=1\" \/><a href=\"https:\/\/www.abanico.de\/abanico\/wp-content\/files\/trailer\/D-RU2-SD-Vorspann-englisch.mp4\">https:\/\/www.abanico.de\/abanico\/wp-content\/files\/trailer\/D-RU2-SD-Vorspann-englisch.mp4<\/a><\/video><\/div>\n<p>&nbsp;<\/p>\n<p>&nbsp;<\/p>\n","protected":false},"excerpt":{"rendered":"<h2>Zweiter Modern Arnis LG von GM Datu Dieter Kn\u00fcttel in Russland &#8211; DVD<\/h2>\n<p><strong>Sprache: english\/russisch &#8211; TV-System: PAL<\/strong><br \/>\n<strong>Laufzeit (Min.): 145<\/strong><br \/>\n<strong>Produzent: ABANICO<\/strong><\/p>\n","protected":false},"featured_media":5317,"comment_status":"open","ping_status":"closed","template":"","meta":[],"product_brand":[],"product_cat":[54,7367,7379,55,7371],"product_tag":[7588,1816,7580,7586,7582,7584,2064,7594,7596,7590,2329,7592],"class_list":{"0":"post-5310","1":"product","2":"type-product","3":"status-publish","4":"has-post-thumbnail","6":"product_cat-dvd-pal-de","7":"product_cat-grossmeister-und-meister-des-modern-arnis-de","8":"product_cat-lehrgaenge-mit-gm-datu-dieter-knuettel-de","9":"product_cat-modern-arnis-dvd-pal-de-de","10":"product_cat-seminar-videos-de","11":"product_tag-2-serie","12":"product_tag-dvd-en-de","13":"product_tag-englisch","14":"product_tag-entwaffnung-mit-dem-stock","15":"product_tag-gm-datu-dieter-knuettel","16":"product_tag-klassisches-arnis","17":"product_tag-messerentwaffnungen-de","18":"product_tag-russia-de","19":"product_tag-sinawali-de","20":"product_tag-sv-an-der-wand","21":"product_tag-tapi-tapi-de","22":"product_tag-waffenlose-techniken","23":"product_shipping_class-4689","25":"first","26":"instock","27":"taxable","28":"shipping-taxable","29":"purchasable","30":"product-type-simple"},"_links":{"self":[{"href":"https:\/\/www.abanico.de\/abanico\/wp-json\/wp\/v2\/product\/5310","targetHints":{"allow":["GET"]}}],"collection":[{"href":"https:\/\/www.abanico.de\/abanico\/wp-json\/wp\/v2\/product"}],"about":[{"href":"https:\/\/www.abanico.de\/abanico\/wp-json\/wp\/v2\/types\/product"}],"replies":[{"embeddable":true,"href":"https:\/\/www.abanico.de\/abanico\/wp-json\/wp\/v2\/comments?post=5310"}],"wp:featuredmedia":[{"embeddable":true,"href":"https:\/\/www.abanico.de\/abanico\/wp-json\/wp\/v2\/media\/5317"}],"wp:attachment":[{"href":"https:\/\/www.abanico.de\/abanico\/wp-json\/wp\/v2\/media?parent=5310"}],"wp:term":[{"taxonomy":"product_brand","embeddable":true,"href":"https:\/\/www.abanico.de\/abanico\/wp-json\/wp\/v2\/product_brand?post=5310"},{"taxonomy":"product_cat","embeddable":true,"href":"https:\/\/www.abanico.de\/abanico\/wp-json\/wp\/v2\/product_cat?post=5310"},{"taxonomy":"product_tag","embeddable":true,"href":"https:\/\/www.abanico.de\/abanico\/wp-json\/wp\/v2\/product_tag?post=5310"}],"curies":[{"name":"wp","href":"https:\/\/api.w.org\/{rel}","templated":true}]}}