{"id":4976,"date":"2018-11-23T17:08:08","date_gmt":"2018-11-23T16:08:08","guid":{"rendered":"https:\/\/www.abanico.de\/abanico\/?post_type=product&#038;p=4976"},"modified":"2018-12-03T21:38:13","modified_gmt":"2018-12-03T20:38:13","slug":"reactive-knife-dvd-pal-de","status":"publish","type":"product","link":"https:\/\/www.abanico.de\/abanico\/shop\/dvd-pal-de\/inayan-eskrima-dvd-pal-de-de\/reactive-knife-dvd-pal-de\/","title":{"rendered":"Reactive Knife &#8211; DVD &#8211; PAL &#8211; DE"},"content":{"rendered":"<p>Das Thema dieses Videos ist ein einfaches auf Reflexen basierendes System zur Abwehr von Messerangriffen, das schnell und sicher zu erlernen ist: das &#8222;Reactive Knife Defense System&#8220;, was auf dem Inayan Kadena de Mano basiert. Dieses System hat Suro Inay \u00fcberall in den USA an Polizei-Akademien und an Polizei-Ausbilder unterrichtet. Auf diesem Video werden einerseits die Techniken und Prinzipien dieses Systems demonstriert, andererseits auch die Drills und \u00dcbungsformen gezeigt, um diese Techniken auch sicher umzusetzen.<\/p>\n<p><strong>Mangisursuro Mike Inay<\/strong><br \/>\ntrainierte und unterrichtete die philippinische Kampfkunst Eskrima \u00fcber 30 Jahren lang und war einer der qualifiziertesten Meister auf dem Gebiet der philippinischen Kampfk\u00fcnste weltweit. Er lernte das Eskrima von den legend\u00e4ren Gro\u00dfmeistern Max Sarmiento und Angel Cabales und war \u00fcber 15 Jahre lang Privatsch\u00fcler der beiden Gro\u00dfmeister. Er verstarb am 27.9.2000 unerwartet an Herzversagen.<\/p>\n<div class=\"avia_textblock avia_textblock_style\" data-update_with=\"content\">\n<p>&nbsp;<\/p>\n<hr \/>\n<\/div>\n<div class=\"avia_textblock avia_textblock_style\" data-update_with=\"content\">\n<h3>Trailer<\/h3>\n<div style=\"width: 640px;\" class=\"wp-video\"><video class=\"wp-video-shortcode\" id=\"video-4976-1\" width=\"640\" height=\"360\" preload=\"metadata\" controls=\"controls\"><source type=\"video\/mp4\" src=\"https:\/\/www.abanico.de\/abanico\/wp-content\/files\/trailer\/D-RK-SD-Vorspann.mp4?_=1\" \/><a href=\"https:\/\/www.abanico.de\/abanico\/wp-content\/files\/trailer\/D-RK-SD-Vorspann.mp4\">https:\/\/www.abanico.de\/abanico\/wp-content\/files\/trailer\/D-RK-SD-Vorspann.mp4<\/a><\/video><\/div>\n<p>&nbsp;<\/p>\n<\/div>\n","protected":false},"excerpt":{"rendered":"<h2>Reactive Knife &#8211; DVD &#8211; PAL &#8211; DE<\/h2>\n<p><strong>Sprache: Deutsch<\/strong><br \/>\n<strong>TV-System: DVD \/ PAL<\/strong><br \/>\nLaufzeit (Min.): 57<br \/>\n<strong>Produzent: ABANICO<\/strong><br \/>\nISBN: 3-89540-406-3<\/p>\n","protected":false},"featured_media":6186,"comment_status":"open","ping_status":"closed","template":"","meta":[],"product_brand":[],"product_cat":[54,107],"product_tag":[1364,1816,1301,1368,2351,1442],"class_list":{"0":"post-4976","1":"product","2":"type-product","3":"status-publish","4":"has-post-thumbnail","6":"product_cat-dvd-pal-de","7":"product_cat-inayan-eskrima-dvd-pal-de-de","8":"product_tag-deutsch-de","9":"product_tag-dvd-en-de","10":"product_tag-eskrima-de","11":"product_tag-inayan-eskrima-de","12":"product_tag-reactive-knife-de","13":"product_tag-video-de","14":"product_shipping_class-4689","16":"first","17":"instock","18":"taxable","19":"shipping-taxable","20":"purchasable","21":"product-type-simple"},"_links":{"self":[{"href":"https:\/\/www.abanico.de\/abanico\/wp-json\/wp\/v2\/product\/4976","targetHints":{"allow":["GET"]}}],"collection":[{"href":"https:\/\/www.abanico.de\/abanico\/wp-json\/wp\/v2\/product"}],"about":[{"href":"https:\/\/www.abanico.de\/abanico\/wp-json\/wp\/v2\/types\/product"}],"replies":[{"embeddable":true,"href":"https:\/\/www.abanico.de\/abanico\/wp-json\/wp\/v2\/comments?post=4976"}],"wp:featuredmedia":[{"embeddable":true,"href":"https:\/\/www.abanico.de\/abanico\/wp-json\/wp\/v2\/media\/6186"}],"wp:attachment":[{"href":"https:\/\/www.abanico.de\/abanico\/wp-json\/wp\/v2\/media?parent=4976"}],"wp:term":[{"taxonomy":"product_brand","embeddable":true,"href":"https:\/\/www.abanico.de\/abanico\/wp-json\/wp\/v2\/product_brand?post=4976"},{"taxonomy":"product_cat","embeddable":true,"href":"https:\/\/www.abanico.de\/abanico\/wp-json\/wp\/v2\/product_cat?post=4976"},{"taxonomy":"product_tag","embeddable":true,"href":"https:\/\/www.abanico.de\/abanico\/wp-json\/wp\/v2\/product_tag?post=4976"}],"curies":[{"name":"wp","href":"https:\/\/api.w.org\/{rel}","templated":true}]}}