{"id":4973,"date":"2018-11-23T16:54:48","date_gmt":"2018-11-23T15:54:48","guid":{"rendered":"https:\/\/www.abanico.de\/abanico\/?post_type=product&#038;p=4973"},"modified":"2018-12-04T11:43:00","modified_gmt":"2018-12-04T10:43:00","slug":"olympisches-wettkampf-taekwon-do-angebot-wtf-dvd-pal-de","status":"publish","type":"product","link":"https:\/\/www.abanico.de\/abanico\/shop\/dvd-pal-de\/taekwon-do-dvd-pal-de-de\/olympisches-wettkampf-taekwon-do-angebot-wtf-dvd-pal-de\/","title":{"rendered":"Olympisches Wettkampf Taekwon Do Angebot (WTF) &#8211; DVD &#8211; PAL &#8211; DE"},"content":{"rendered":"<p>Mit diesem Angebot k\u00f6nnen Sie die 2 Videos \u00fcber Olympisches Taekwon Do von Musa Cicek downloaden.<\/p>\n<p>Die Inhalte:<\/p>\n<p>D-WTF1<\/p>\n<p>zeigt die entsprechenden Step-, Faust- und Blocktechniken. Der Schwerpunkt liegt aber auf der Ausf\u00fchrung und den Trainingsformen der verschiedenen Beintechniken.<\/p>\n<div style=\"width: 640px;\" class=\"wp-video\"><video class=\"wp-video-shortcode\" id=\"video-4973-1\" width=\"640\" height=\"360\" preload=\"metadata\" controls=\"controls\"><source type=\"video\/mp4\" src=\"https:\/\/www.abanico.de\/abanico\/wp-content\/files\/trailer\/D-WFT1-SD-Vorspann.mp4?_=1\" \/><a href=\"https:\/\/www.abanico.de\/abanico\/wp-content\/files\/trailer\/D-WFT1-SD-Vorspann.mp4\">https:\/\/www.abanico.de\/abanico\/wp-content\/files\/trailer\/D-WFT1-SD-Vorspann.mp4<\/a><\/video><\/div>\n<hr \/>\n<p>D-WTF2<\/p>\n<p>Dieses 2. Lehrvideo zeigt Anwendungen und Kombinationen der aus Teil 1 bekannten Techniken.<\/p>\n<p>Diese werden mit Schritt- und Step-Techniken sowohl im Angriff als auch als Konter demonstriert. Sie sehen einige Sparring-Sequenzen ebenso wie das Trainieren dieser Techniken an Hand-Mitt und Handpratzen.<\/p>\n<div style=\"width: 640px;\" class=\"wp-video\"><video class=\"wp-video-shortcode\" id=\"video-4973-2\" width=\"640\" height=\"360\" preload=\"metadata\" controls=\"controls\"><source type=\"video\/mp4\" src=\"https:\/\/www.abanico.de\/abanico\/wp-content\/files\/trailer\/D-WFT2-SD-Vorspann.mp4?_=2\" \/><a href=\"https:\/\/www.abanico.de\/abanico\/wp-content\/files\/trailer\/D-WFT2-SD-Vorspann.mp4\">https:\/\/www.abanico.de\/abanico\/wp-content\/files\/trailer\/D-WFT2-SD-Vorspann.mp4<\/a><\/video><\/div>\n<p><strong>Musa Cicek <\/strong><br \/>\nwar 2facher Europameister und \u00e4u\u00dferst erfolgreicher Wetk\u00e4mpfer der DTU. Seit 2001 ist er Bundestrainer der DTU. Auf diesen DVDs hat er die wettkampfrelevanten Taekwondo-Techniken mit ihren Anwendungs-und Variationsm\u00f6glichkeiten zusammengestellt. Unterst\u00fctzt wird er von folgenden Taekwondokas und Mitgliedern der DTU-Nationalmannschaft: Claudia Rettschalg, Esther Scholten, Erol Denk, G\u00fcnes \u00d6zg\u00fcr, Marius Czech, Kantar Alpaslan, Markus Schwers und Cihan Cavusmann.<\/p>\n","protected":false},"excerpt":{"rendered":"<h2>Olympisches Wettkampf Taekwon Do Angebot (WTF) &#8211; DVD &#8211; PAL &#8211; DE<\/h2>\n<p><strong>2 Videos von Musa Cicek: Olympisches Taekwon Do 1 und 2<\/strong><br \/>\n<strong>TV-System: DVD \/ PAL<\/strong><br \/>\n<strong>Sprache: Deutsch &#8211; Download<\/strong><br \/>\nLaufzeit (Min.): 136<br \/>\n<strong>Produzent: ABANICO<\/strong><\/p>\n","protected":false},"featured_media":6257,"comment_status":"open","ping_status":"closed","template":"","meta":[],"product_brand":[],"product_cat":[54,665],"product_tag":[5892,5878,1364,1816,5882,5880,5884,5888,5886,5890,5876,4233,1822,4235],"class_list":{"0":"post-4973","1":"product","2":"type-product","3":"status-publish","4":"has-post-thumbnail","6":"product_cat-dvd-pal-de","7":"product_cat-taekwon-do-dvd-pal-de-de","8":"product_tag-cihan-cavusmann","9":"product_tag-claudia-rettschalg","10":"product_tag-deutsch-de","11":"product_tag-dvd-en-de","12":"product_tag-erol-denk","13":"product_tag-esther-scholten","14":"product_tag-guenes-oezguer","15":"product_tag-kantar-alpaslan","16":"product_tag-marius-czech","17":"product_tag-markus-schwers","18":"product_tag-musa-cicek","19":"product_tag-olympisches-taekwon-do","20":"product_tag-teakwon-do-en-de","21":"product_tag-wtf","22":"product_shipping_class-4689","24":"first","25":"instock","26":"taxable","27":"shipping-taxable","28":"purchasable","29":"product-type-simple"},"_links":{"self":[{"href":"https:\/\/www.abanico.de\/abanico\/wp-json\/wp\/v2\/product\/4973","targetHints":{"allow":["GET"]}}],"collection":[{"href":"https:\/\/www.abanico.de\/abanico\/wp-json\/wp\/v2\/product"}],"about":[{"href":"https:\/\/www.abanico.de\/abanico\/wp-json\/wp\/v2\/types\/product"}],"replies":[{"embeddable":true,"href":"https:\/\/www.abanico.de\/abanico\/wp-json\/wp\/v2\/comments?post=4973"}],"wp:featuredmedia":[{"embeddable":true,"href":"https:\/\/www.abanico.de\/abanico\/wp-json\/wp\/v2\/media\/6257"}],"wp:attachment":[{"href":"https:\/\/www.abanico.de\/abanico\/wp-json\/wp\/v2\/media?parent=4973"}],"wp:term":[{"taxonomy":"product_brand","embeddable":true,"href":"https:\/\/www.abanico.de\/abanico\/wp-json\/wp\/v2\/product_brand?post=4973"},{"taxonomy":"product_cat","embeddable":true,"href":"https:\/\/www.abanico.de\/abanico\/wp-json\/wp\/v2\/product_cat?post=4973"},{"taxonomy":"product_tag","embeddable":true,"href":"https:\/\/www.abanico.de\/abanico\/wp-json\/wp\/v2\/product_tag?post=4973"}],"curies":[{"name":"wp","href":"https:\/\/api.w.org\/{rel}","templated":true}]}}