{"id":4388,"date":"2018-11-11T21:08:49","date_gmt":"2018-11-11T20:08:49","guid":{"rendered":"https:\/\/www.abanico.de\/abanico\/?post_type=product&#038;p=4388"},"modified":"2023-08-15T10:12:50","modified_gmt":"2023-08-15T08:12:50","slug":"inayan-sinawali-download-de","status":"publish","type":"product","link":"https:\/\/www.abanico.de\/abanico\/shop\/download-de\/inayan-eskrima-download-de\/inayan-sinawali-download-de\/","title":{"rendered":"Inayan Sinawali &#8211; Download &#8211; DE"},"content":{"rendered":"<p>Das Inayan Sinawali ist ein Doppelstock-Stil. Es werden viele verschiedene ineinander verwobene Schlagmuster trainiert, die mit zwei St\u00f6cken ausgef\u00fchrt werden. Mit dieser Methode finden die Sch\u00fcler einen leichten Einstieg in die philippinischen Kampfk\u00fcnste und es macht einfach Spa\u00df. In diesem Video werden neben den Loading-Positionen die Standard Inayan Sinawali Drills vom 2-Schlag- bis zum 9-Schlag Drill demonstriert. Darin sind auch die asymmetrischen 5- und 7-Schlag Sinawalis enthalten. Mit dem Sinawali Training kann man Koordination, Timing, Beinarbeit, Rhythmus, Pr\u00e4zision, Gef\u00fchl f\u00fcr die Aktionen des Partners, Flu\u00df der Bewegung, Konzentration und die Handgelenksbeweglichkeit trainieren. Um Sinawali weiter zu verstehen werden folgende Konzepte demonstriert und erkl\u00e4rt: Synchron, Spiegel, Redondo und Reverse-Redondo, Hoch-Tief, Asymmetrisch, Verbindung der Konzepte, Folgen, Verketten und Verketten mit Spiegeln.<\/p>\n<p><strong>Mangisursuro Mike Inay<\/strong><br \/>\ntrainierte und unterrichtete die philippinische Kampfkunst Eskrima \u00fcber 30 Jahren lang und war einer der qualifiziertesten Meister auf dem Gebiet der philippinischen Kampfk\u00fcnste weltweit. Er lernte das Eskrima von den legend\u00e4ren Gro\u00dfmeistern Max Sarmiento und Angel Cabales und war \u00fcber 15 Jahre lang Privatsch\u00fcler der beiden Gro\u00dfmeister. Er verstarb am 27.9.2000 unerwartet an Herzversagen.<\/p>\n<p>&nbsp;<\/p>\n<div class=\"avia_textblock avia_textblock_style\" data-update_with=\"content\">\n<p>&nbsp;<\/p>\n<hr \/>\n<\/div>\n<div class=\"avia_textblock avia_textblock_style\" data-update_with=\"content\">\n<h3>Trailer<\/h3>\n<div style=\"width: 640px;\" class=\"wp-video\"><video class=\"wp-video-shortcode\" id=\"video-4388-1\" width=\"640\" height=\"360\" preload=\"metadata\" controls=\"controls\"><source type=\"video\/mp4\" src=\"https:\/\/www.abanico.de\/abanico\/wp-content\/files\/trailer\/D-Sin-SD-youPEC-Vorspannt.mp4?_=1\" \/><a href=\"https:\/\/www.abanico.de\/abanico\/wp-content\/files\/trailer\/D-Sin-SD-youPEC-Vorspannt.mp4\">https:\/\/www.abanico.de\/abanico\/wp-content\/files\/trailer\/D-Sin-SD-youPEC-Vorspannt.mp4<\/a><\/video><\/div>\n<\/div>\n<p>&nbsp;<\/p>\n","protected":false},"excerpt":{"rendered":"<h2>Inayan Sinawali &#8211; Download &#8211; DE<\/h2>\n<p><strong>Sprache: Deutsch &#8211; Download<\/strong><br \/>\nLaufzeit (Min.): 56<br \/>\n<strong>Produzent: ABANICO<\/strong><br \/>\nISBN: 3-89540-459-4<\/p>\n","protected":false},"featured_media":5053,"comment_status":"open","ping_status":"closed","template":"","meta":[],"product_brand":[],"product_cat":[39,414],"product_tag":[41,43,637,409,111],"class_list":{"0":"post-4388","1":"product","2":"type-product","3":"status-publish","4":"has-post-thumbnail","6":"product_cat-download-de","7":"product_cat-inayan-eskrima-download-de","8":"product_tag-deutsch","9":"product_tag-download","10":"product_tag-eskrima","11":"product_tag-inayan-eskrima","12":"product_tag-mike-inay","14":"first","15":"instock","16":"downloadable","17":"virtual","18":"sold-individually","19":"taxable","20":"purchasable","21":"product-type-simple"},"_links":{"self":[{"href":"https:\/\/www.abanico.de\/abanico\/wp-json\/wp\/v2\/product\/4388","targetHints":{"allow":["GET"]}}],"collection":[{"href":"https:\/\/www.abanico.de\/abanico\/wp-json\/wp\/v2\/product"}],"about":[{"href":"https:\/\/www.abanico.de\/abanico\/wp-json\/wp\/v2\/types\/product"}],"replies":[{"embeddable":true,"href":"https:\/\/www.abanico.de\/abanico\/wp-json\/wp\/v2\/comments?post=4388"}],"wp:featuredmedia":[{"embeddable":true,"href":"https:\/\/www.abanico.de\/abanico\/wp-json\/wp\/v2\/media\/5053"}],"wp:attachment":[{"href":"https:\/\/www.abanico.de\/abanico\/wp-json\/wp\/v2\/media?parent=4388"}],"wp:term":[{"taxonomy":"product_brand","embeddable":true,"href":"https:\/\/www.abanico.de\/abanico\/wp-json\/wp\/v2\/product_brand?post=4388"},{"taxonomy":"product_cat","embeddable":true,"href":"https:\/\/www.abanico.de\/abanico\/wp-json\/wp\/v2\/product_cat?post=4388"},{"taxonomy":"product_tag","embeddable":true,"href":"https:\/\/www.abanico.de\/abanico\/wp-json\/wp\/v2\/product_tag?post=4388"}],"curies":[{"name":"wp","href":"https:\/\/api.w.org\/{rel}","templated":true}]}}