{"id":3494,"date":"2018-10-31T23:48:48","date_gmt":"2018-10-31T22:48:48","guid":{"rendered":"https:\/\/www.abanico.de\/abanico\/?post_type=product&#038;p=3494"},"modified":"2018-12-03T23:17:38","modified_gmt":"2018-12-03T22:17:38","slug":"vereidigung-gegen-messerangriffe-download-de","status":"publish","type":"product","link":"https:\/\/www.abanico.de\/abanico\/shop\/download-de\/messer-schusswaffen-download-de\/vereidigung-gegen-messerangriffe-download-de\/","title":{"rendered":"Verteidigung gegen Messerangriffe &#8211; Download &#8211; DE"},"content":{"rendered":"<p>Auf diesem Video wird Ihnen ein Konzept zur Abwehr von Angriffen mit Schnitt- und Stichwaffen vorgestellt.<br \/>\nEs werden zun\u00e4chst M\u00f6glichkeiten zur Ablenkung des Angreifers sowie das Erkennen und Schaffen von Fluchtm\u00f6glichkeiten behandelt.<br \/>\nIm zweiten Teil der DVD geht es um Techniken die dann zur Anwendung kommen wenn eine Flucht nicht ohne weiteres m\u00f6glich ist.<br \/>\nHierbei wird auch auf die M\u00f6glichkeit eingegangen, allt\u00e4gliche Gegenst\u00e4nde als Behelfswaffe zu nutzen.<\/p>\n<p>Hauptmen\u00fc:<\/p>\n<p>Vorspann<br \/>\nEinleitung<br \/>\nWaffe<br \/>\n&#8211; Tragweisen<br \/>\n&#8211; Haltungen<br \/>\n&#8211; Angriffe<br \/>\nGefahrerkennung<br \/>\nFlucht<br \/>\nBehelfswaffen<br \/>\n&#8211; Messerwerfen<br \/>\n&#8211; Stock\u00e4hnliche Waffen<br \/>\n&#8211; Flexible Waffen<\/p>\n<p>Men\u00fc: Waffenlose Verteidigung<\/p>\n<p>Grundlagen<br \/>\nMethoden<br \/>\n-1 &#8211; 2 &#8211; 3 &#8211; 4 &#8211; 5 &#8211; 6<br \/>\nTechniken<br \/>\n&#8211; Vorhand Icepick<br \/>\n&#8211; R\u00fcckhand Icepick<br \/>\n&#8211; Stiche Hammer<br \/>\n&#8211; Schnitte S\u00e4bel<br \/>\n&#8211; Kombinationen<br \/>\n&#8211; Fassen Stechen<br \/>\nMesserbedrohung<br \/>\nZiehen verhindern<br \/>\nDrills<br \/>\nPratzentraing<\/p>\n<p><strong>Christian von Praun<br \/>\n<\/strong>besch\u00e4ftigt sich seit \u00fcber 25 Jahren mit der Kampfkunst, seinen Weg zu den philippinischen Kampfk\u00fcnsten fand er 1992.<br \/>\nSeit dem trainierte er Latosa Escrima, Inosanto Kali, Modern Arnis und Warriors Eskrima.<br \/>\nIm Jahre 2001 erhielt er seinen Black Belt im Warriors Eskrima. Von der Einfachheit und Direktheit begeistert lernte er au\u00dferdem diverse italienische Methoden des Kampfes.<br \/>\nWeiterhin gilt sein Interesse dem Sun Stil, einer sehr direkten und kampfbetonten Auspr\u00e4gung des Taijiquan.<\/p>\n<p>Basierend auf seinen Erfahrungen gr\u00fcndete er 2007 das Individual Combat System in welchem Elemente aus philippinischen, chinesischen und italienischen Systemen Verwendung finden.<\/p>\n<div class=\"avia_textblock avia_textblock_style\" data-update_with=\"content\">\n<p>&nbsp;<\/p>\n<hr \/>\n<\/div>\n<div class=\"avia_textblock avia_textblock_style\" data-update_with=\"content\">\n<h3>Trailer<\/h3>\n<div style=\"width: 640px;\" class=\"wp-video\"><video class=\"wp-video-shortcode\" id=\"video-3494-1\" width=\"640\" height=\"360\" preload=\"metadata\" controls=\"controls\"><source type=\"video\/mp4\" src=\"https:\/\/www.abanico.de\/abanico\/wp-content\/files\/trailer\/ICS-deutsch-Vorspann.mp4?_=1\" \/><a href=\"https:\/\/www.abanico.de\/abanico\/wp-content\/files\/trailer\/ICS-deutsch-Vorspann.mp4\">https:\/\/www.abanico.de\/abanico\/wp-content\/files\/trailer\/ICS-deutsch-Vorspann.mp4<\/a><\/video><\/div>\n<\/div>\n<p>&nbsp;<\/p>\n","protected":false},"excerpt":{"rendered":"<h2>Verteidigung gegen Messerangriffe &#8211; Download &#8211; DE<\/h2>\n<p><strong>Sprache: Deutsch &#8211; Download<\/strong><br \/>\nLaufzeit (Min.): 58<br \/>\n<strong>Produzent: ABANICO<\/strong><br \/>\nISBN: 3-89540-496-9<\/p>\n","protected":false},"featured_media":4993,"comment_status":"open","ping_status":"closed","template":"","meta":[],"product_brand":[],"product_cat":[39,75,2150],"product_tag":[2096,1364,1440,2098,1845,1847,2100],"class_list":{"0":"post-3494","1":"product","2":"type-product","3":"status-publish","4":"has-post-thumbnail","6":"product_cat-download-de","7":"product_cat-messer-schusswaffen-download-de","8":"product_cat-selbstverteidigung-de","9":"product_tag-christian-von-praun-de","10":"product_tag-deutsch-de","11":"product_tag-download-de","12":"product_tag-messerangriffe-de","13":"product_tag-selbstverteidigung-de","14":"product_tag-sv-de","15":"product_tag-vereidigung-gegen-messerangriffe-de","17":"first","18":"instock","19":"downloadable","20":"virtual","21":"sold-individually","22":"taxable","23":"purchasable","24":"product-type-simple"},"_links":{"self":[{"href":"https:\/\/www.abanico.de\/abanico\/wp-json\/wp\/v2\/product\/3494","targetHints":{"allow":["GET"]}}],"collection":[{"href":"https:\/\/www.abanico.de\/abanico\/wp-json\/wp\/v2\/product"}],"about":[{"href":"https:\/\/www.abanico.de\/abanico\/wp-json\/wp\/v2\/types\/product"}],"replies":[{"embeddable":true,"href":"https:\/\/www.abanico.de\/abanico\/wp-json\/wp\/v2\/comments?post=3494"}],"wp:featuredmedia":[{"embeddable":true,"href":"https:\/\/www.abanico.de\/abanico\/wp-json\/wp\/v2\/media\/4993"}],"wp:attachment":[{"href":"https:\/\/www.abanico.de\/abanico\/wp-json\/wp\/v2\/media?parent=3494"}],"wp:term":[{"taxonomy":"product_brand","embeddable":true,"href":"https:\/\/www.abanico.de\/abanico\/wp-json\/wp\/v2\/product_brand?post=3494"},{"taxonomy":"product_cat","embeddable":true,"href":"https:\/\/www.abanico.de\/abanico\/wp-json\/wp\/v2\/product_cat?post=3494"},{"taxonomy":"product_tag","embeddable":true,"href":"https:\/\/www.abanico.de\/abanico\/wp-json\/wp\/v2\/product_tag?post=3494"}],"curies":[{"name":"wp","href":"https:\/\/api.w.org\/{rel}","templated":true}]}}