{"id":3491,"date":"2018-10-31T23:41:21","date_gmt":"2018-10-31T22:41:21","guid":{"rendered":"https:\/\/www.abanico.de\/abanico\/?post_type=product&#038;p=3491"},"modified":"2020-02-10T12:48:18","modified_gmt":"2020-02-10T11:48:18","slug":"streetfighting-download-de","status":"publish","type":"product","link":"https:\/\/www.abanico.de\/abanico\/shop\/download-de\/streetfighting-de\/streetfighting-download-de\/","title":{"rendered":"Jeff Espinous: Streetfighting &#8211; Download &#8211; DE"},"content":{"rendered":"<p>Dieses Video behandelt das Kali\/Streetfighting von Jeff Espinous. In seiner einmaligen Art demonstriert Jeff Espinous die verschiedenen Aspekte der Selbstverteidigung und des Stra\u00dfenkampfes. Es werden verschiedene Situationen dargestellt, wie z.B. Verteidigung gegen Fassen, Faustangriffe, Fassen mit Faustangriff, W\u00fcrgen, Haarefassen und Fu\u00dftritte. Nach den Erkl\u00e4rungen der wichtigsten Prinzipien werden die Techniken noch einmal mit vielen Variationen und in allt\u00e4glichen Situationen gezeigt. Zum Abschlu\u00df wird noch die Verteidigung an der Wand und an der Bar gezeigt. Eine DVD, die Sie begeistern wird.<\/p>\n<p><strong>Jeff Espinous <\/strong><br \/>\nist ein hochqualifizierter Kampfk\u00fcnstler, der \u00fcber 6 Jahre um die Welt gereist ist und mehrere Jahre in Japan, Thailand, USA und Indonesien gelebt hat, um dort verschiedene Kampfk\u00fcnste zu erlernen. Diese Erfahrung spiegelt sich in seinen realistischen Techniken wieder.<\/p>\n<div class=\"avia_textblock avia_textblock_style\" data-update_with=\"content\">\n<p>&nbsp;<\/p>\n<hr \/>\n<\/div>\n<div class=\"avia_textblock avia_textblock_style\" data-update_with=\"content\">\n<h3>Trailer<\/h3>\n<div style=\"width: 640px;\" class=\"wp-video\"><video class=\"wp-video-shortcode\" id=\"video-3491-1\" width=\"640\" height=\"360\" preload=\"metadata\" controls=\"controls\"><source type=\"video\/mp4\" src=\"https:\/\/www.abanico.de\/abanico\/wp-content\/files\/trailer\/D-Jeff2-SD-Vorspann.mp4?_=1\" \/><a href=\"https:\/\/www.abanico.de\/abanico\/wp-content\/files\/trailer\/D-Jeff2-SD-Vorspann.mp4\">https:\/\/www.abanico.de\/abanico\/wp-content\/files\/trailer\/D-Jeff2-SD-Vorspann.mp4<\/a><\/video><\/div>\n<\/div>\n","protected":false},"excerpt":{"rendered":"<h2>Jeff Espinous: Streetfighting &#8211; Download &#8211; DE<\/h2>\n<p><strong>Sprache: Deutsch &#8211; Download<\/strong><br \/>\nLaufzeit (Min.): 55<br \/>\n<strong>Produzent: ABANICO<\/strong><br \/>\nISBN: 3-89540-405-5<\/p>\n","protected":false},"featured_media":4996,"comment_status":"open","ping_status":"closed","template":"","meta":[],"product_brand":[],"product_cat":[39,4237],"product_tag":[41,43,173,177,179,180,181,182,183,184,185,186],"class_list":{"0":"post-3491","1":"product","2":"type-product","3":"status-publish","4":"has-post-thumbnail","6":"product_cat-download-de","7":"product_cat-streetfighting-de","8":"product_tag-deutsch","9":"product_tag-download","10":"product_tag-jeff-espinous","11":"product_tag-streetfighting","12":"product_tag-verteidigung-an-der-bar","13":"product_tag-verteidigung-an-der-wand","14":"product_tag-verteidigung-gegen-fassen","15":"product_tag-verteidigung-gegen-fassen-mit-faustangriff","16":"product_tag-verteidigung-gegen-faustangriffe","17":"product_tag-verteidigung-gegen-fusstritte","18":"product_tag-verteidigung-gegen-haarefassen","19":"product_tag-verteidigung-gegen-wuergen","21":"first","22":"instock","23":"downloadable","24":"virtual","25":"sold-individually","26":"taxable","27":"purchasable","28":"product-type-simple"},"_links":{"self":[{"href":"https:\/\/www.abanico.de\/abanico\/wp-json\/wp\/v2\/product\/3491","targetHints":{"allow":["GET"]}}],"collection":[{"href":"https:\/\/www.abanico.de\/abanico\/wp-json\/wp\/v2\/product"}],"about":[{"href":"https:\/\/www.abanico.de\/abanico\/wp-json\/wp\/v2\/types\/product"}],"replies":[{"embeddable":true,"href":"https:\/\/www.abanico.de\/abanico\/wp-json\/wp\/v2\/comments?post=3491"}],"wp:featuredmedia":[{"embeddable":true,"href":"https:\/\/www.abanico.de\/abanico\/wp-json\/wp\/v2\/media\/4996"}],"wp:attachment":[{"href":"https:\/\/www.abanico.de\/abanico\/wp-json\/wp\/v2\/media?parent=3491"}],"wp:term":[{"taxonomy":"product_brand","embeddable":true,"href":"https:\/\/www.abanico.de\/abanico\/wp-json\/wp\/v2\/product_brand?post=3491"},{"taxonomy":"product_cat","embeddable":true,"href":"https:\/\/www.abanico.de\/abanico\/wp-json\/wp\/v2\/product_cat?post=3491"},{"taxonomy":"product_tag","embeddable":true,"href":"https:\/\/www.abanico.de\/abanico\/wp-json\/wp\/v2\/product_tag?post=3491"}],"curies":[{"name":"wp","href":"https:\/\/api.w.org\/{rel}","templated":true}]}}