{"id":3458,"date":"2018-10-31T20:35:55","date_gmt":"2018-10-31T19:35:55","guid":{"rendered":"https:\/\/www.abanico.de\/abanico\/?post_type=product&#038;p=3458"},"modified":"2018-12-04T00:44:54","modified_gmt":"2018-12-03T23:44:54","slug":"tonfa-1-download-de","status":"publish","type":"product","link":"https:\/\/www.abanico.de\/abanico\/shop\/download-de\/tonfa-de\/tonfa-1-download-de\/","title":{"rendered":"Tonfa 1 &#8211; Download &#8211; DE"},"content":{"rendered":"<p>Die Tonfa Lehrvideo Reihe richtet sich an alle, die die Tonfa im Bereich des Sicherheits- und Polizeitrainings anwendungsbezogen einsetzen m\u00f6chten.<\/p>\n<p>Dieses erste download Video umfasst die folgenden grundlegenden Tonfa Themen:<\/p>\n<p>-Trage- und Zieharten<br \/>\n-Stand- und Ausgangspositionen<br \/>\n-Blocktechniken<br \/>\n-Schl\u00e4ge und Stiche<br \/>\n-Grundformen der Hebel- Press- und Hakengriffe<\/p>\n<p>&nbsp;<\/p>\n<p><strong>Uwe Claussen<\/strong><br \/>\n4. Dan Ju-Jutsu, Trainer A-Lizenz, JJ-Lehrer, ist Pr\u00e4sident und Lehrwart des Ju-Jutsu Verbandes in Mecklenburg-Vorpommern. Claussen ist ma\u00dfgeblich an der Einf\u00fchrung der Tonfa bei der Polizei in Meckl.-Vorp. beteiligt. Auch in anderen Bundesl\u00e4ndern hat er Ausbildungsveranstaltungen (auch bei Spezialeinheiten) am MES\/Tonfa geleitet. Er ist Autor eines Tonfa-Polizei-Lehrbuches. Als Direktsch\u00fcler von Gro\u00dfmeister Richard S. Bustillo der IBM Academy, Los Angeles, hat er in den USA unter anderem Lizenzen f\u00fcr Tonfa und ASP-Expandable gemacht. Uwe Claussen ist Polizeihauptkommissar und Leiter der Fachgruppe &#8222;Einsatzbezogenes Training&#8220; an der Landespolizeischule Meckl.-Vorp.<\/p>\n<div class=\"avia_textblock avia_textblock_style\" data-update_with=\"content\">\n<p>&nbsp;<\/p>\n<hr \/>\n<\/div>\n<div class=\"avia_textblock avia_textblock_style\" data-update_with=\"content\">\n<h3>Trailer<\/h3>\n<div style=\"width: 640px;\" class=\"wp-video\"><video class=\"wp-video-shortcode\" id=\"video-3458-1\" width=\"640\" height=\"360\" preload=\"metadata\" controls=\"controls\"><source type=\"video\/mp4\" src=\"https:\/\/www.abanico.de\/abanico\/wp-content\/files\/trailer\/D-TF1-SD-Vorspann.mp4?_=1\" \/><a href=\"https:\/\/www.abanico.de\/abanico\/wp-content\/files\/trailer\/D-TF1-SD-Vorspann.mp4\">https:\/\/www.abanico.de\/abanico\/wp-content\/files\/trailer\/D-TF1-SD-Vorspann.mp4<\/a><\/video><\/div>\n<\/div>\n","protected":false},"excerpt":{"rendered":"<h2>Tonfa 1 &#8211; Download &#8211; DE<\/h2>\n<p><strong>Grundtechniken<\/strong><br \/>\n<strong>Sprache: Deutsch &#8211; Download<\/strong><br \/>\nLaufzeit (Min.): 55<br \/>\n<strong>Produzent: ABANICO<\/strong><br \/>\nISBN: 3-89540-445-4<\/p>\n","protected":false},"featured_media":5058,"comment_status":"open","ping_status":"closed","template":"","meta":[],"product_brand":[],"product_cat":[39,4213],"product_tag":[1364,1440,4215,4217],"class_list":{"0":"post-3458","1":"product","2":"type-product","3":"status-publish","4":"has-post-thumbnail","6":"product_cat-download-de","7":"product_cat-tonfa-de","8":"product_tag-deutsch-de","9":"product_tag-download-de","10":"product_tag-tonfa-de","11":"product_tag-uwe-claussen-de","13":"first","14":"instock","15":"downloadable","16":"virtual","17":"sold-individually","18":"taxable","19":"purchasable","20":"product-type-simple"},"_links":{"self":[{"href":"https:\/\/www.abanico.de\/abanico\/wp-json\/wp\/v2\/product\/3458","targetHints":{"allow":["GET"]}}],"collection":[{"href":"https:\/\/www.abanico.de\/abanico\/wp-json\/wp\/v2\/product"}],"about":[{"href":"https:\/\/www.abanico.de\/abanico\/wp-json\/wp\/v2\/types\/product"}],"replies":[{"embeddable":true,"href":"https:\/\/www.abanico.de\/abanico\/wp-json\/wp\/v2\/comments?post=3458"}],"wp:featuredmedia":[{"embeddable":true,"href":"https:\/\/www.abanico.de\/abanico\/wp-json\/wp\/v2\/media\/5058"}],"wp:attachment":[{"href":"https:\/\/www.abanico.de\/abanico\/wp-json\/wp\/v2\/media?parent=3458"}],"wp:term":[{"taxonomy":"product_brand","embeddable":true,"href":"https:\/\/www.abanico.de\/abanico\/wp-json\/wp\/v2\/product_brand?post=3458"},{"taxonomy":"product_cat","embeddable":true,"href":"https:\/\/www.abanico.de\/abanico\/wp-json\/wp\/v2\/product_cat?post=3458"},{"taxonomy":"product_tag","embeddable":true,"href":"https:\/\/www.abanico.de\/abanico\/wp-json\/wp\/v2\/product_tag?post=3458"}],"curies":[{"name":"wp","href":"https:\/\/api.w.org\/{rel}","templated":true}]}}