{"id":3453,"date":"2018-10-31T03:48:52","date_gmt":"2018-10-31T02:48:52","guid":{"rendered":"https:\/\/www.abanico.de\/abanico\/?post_type=product&#038;p=3453"},"modified":"2022-12-19T00:00:17","modified_gmt":"2022-12-18T23:00:17","slug":"ju-jutsu-boden-angebot-download-de","status":"publish","type":"product","link":"https:\/\/www.abanico.de\/abanico\/shop\/download-de\/ju-jutsu-de-download-de\/ju-jutsu-boden-angebot-download-de\/","title":{"rendered":"Ju-Jutsu Boden Angebot &#8211; Download &#8211; DE"},"content":{"rendered":"<p>Mit diesem Angebot erhalten Sie die 5 Ju Jutsu Boden Videos von Achim Hanke, Joe Tumfahrt und Michael Korn.\u00a0 Diese Serie umfasst den Ju Jutsu Bodenkampf mit unglaublich vielen Details.<\/p>\n<p>Die Inhalte:<\/p>\n<h3>D-JuJB1<\/h3>\n<p>\u00dcbungs- und Gymnastikformen zur Technikschulung, Bewegungslehre am Boden (Verteidigungsstellung, Gleiten, Rollen etc.), Haltetechniken in Grundform und Variationen, Positionswechsel in den Haltegriffen, Halten mit Hebeln und W\u00fcrgen, Befreiungen aus den Haltetechniken, Randori\u00fcbungsformen.<\/p>\n<div class=\"avia_textblock avia_textblock_style\" data-update_with=\"content\">\n<div style=\"width: 640px;\" class=\"wp-video\"><video class=\"wp-video-shortcode\" id=\"video-3453-1\" width=\"640\" height=\"360\" preload=\"metadata\" controls=\"controls\"><source type=\"video\/mp4\" src=\"https:\/\/www.abanico.de\/abanico\/wp-content\/files\/trailer\/D-JuJB1-SD-Vorspann.mp4?_=1\" \/><a href=\"https:\/\/www.abanico.de\/abanico\/wp-content\/files\/trailer\/D-JuJB1-SD-Vorspann.mp4\">https:\/\/www.abanico.de\/abanico\/wp-content\/files\/trailer\/D-JuJB1-SD-Vorspann.mp4<\/a><\/video><\/div>\n<p>Trailer Ju-Jutsu Boden 1<\/p>\n<hr \/>\n<\/div>\n<h3>D-JuJB2<\/h3>\n<p>Hebeltechniken (Armstreckhebel, Armbeugehebel, Handhebel) Grundtechniken, Drill, Flow und Anwendung, W\u00fcrgetechniken mit und ohne Gi, Angriffe gegen Bank- oder Bauchlage, Verteidigungen aus der eigenen R\u00fcckenlage, \u00dcbungsk\u00e4mpfe.<\/p>\n<div class=\"avia_textblock avia_textblock_style\" data-update_with=\"content\">\n<div style=\"width: 640px;\" class=\"wp-video\"><video class=\"wp-video-shortcode\" id=\"video-3453-2\" width=\"640\" height=\"360\" preload=\"metadata\" controls=\"controls\"><source type=\"video\/mp4\" src=\"https:\/\/www.abanico.de\/abanico\/wp-content\/files\/trailer\/D-JuJB2-SD-Vorspann.mp4?_=2\" \/><a href=\"https:\/\/www.abanico.de\/abanico\/wp-content\/files\/trailer\/D-JuJB2-SD-Vorspann.mp4\">https:\/\/www.abanico.de\/abanico\/wp-content\/files\/trailer\/D-JuJB2-SD-Vorspann.mp4<\/a><\/video><\/div>\n<p>Trailer Ju-Jutsu Boden 2<\/p>\n<hr \/>\n<\/div>\n<h3>D-JuJB3<\/h3>\n<p>&nbsp;<\/p>\n<p>Genickhebel und Anwendungen, Fu\u00df-, Bein-, H\u00fcfthebel und Anwendungen, W\u00fcrgetechniken mit Beinen mit Anwendungen, Sankakuformen, Flows und \u00dcbungskampf.<\/p>\n<div class=\"avia_textblock avia_textblock_style\" data-update_with=\"content\">\n<div style=\"width: 640px;\" class=\"wp-video\"><video class=\"wp-video-shortcode\" id=\"video-3453-3\" width=\"640\" height=\"360\" preload=\"metadata\" controls=\"controls\"><source type=\"video\/mp4\" src=\"https:\/\/www.abanico.de\/abanico\/wp-content\/files\/trailer\/D-JuJB3-SD-Vorspann.mp4?_=3\" \/><a href=\"https:\/\/www.abanico.de\/abanico\/wp-content\/files\/trailer\/D-JuJB3-SD-Vorspann.mp4\">https:\/\/www.abanico.de\/abanico\/wp-content\/files\/trailer\/D-JuJB3-SD-Vorspann.mp4<\/a><\/video><\/div>\n<p>Trailer Ju-Jutsu Boden 3<\/p>\n<hr \/>\n<\/div>\n<h3>D-JuJB4<\/h3>\n<p>Verteidigung aus der Bodenlage Takedowns, \u00dcberg\u00e4nge vom Stand zum Boden, Anwendungen im Alltag, Randori.<\/p>\n<div class=\"avia_textblock avia_textblock_style\" data-update_with=\"content\">\n<div style=\"width: 640px;\" class=\"wp-video\"><video class=\"wp-video-shortcode\" id=\"video-3453-4\" width=\"640\" height=\"360\" preload=\"metadata\" controls=\"controls\"><source type=\"video\/mp4\" src=\"https:\/\/www.abanico.de\/abanico\/wp-content\/files\/trailer\/D-JuJB4-SD-Vorspann.mp4?_=4\" \/><a href=\"https:\/\/www.abanico.de\/abanico\/wp-content\/files\/trailer\/D-JuJB4-SD-Vorspann.mp4\">https:\/\/www.abanico.de\/abanico\/wp-content\/files\/trailer\/D-JuJB4-SD-Vorspann.mp4<\/a><\/video><\/div>\n<p>Trailer Ju-Jutsu Boden 4<\/p>\n<hr \/>\n<\/div>\n<h3>D-JuJB5<\/h3>\n<p>Spezialtechniken und Randori mit Gi, Spezialtechniken und Randori ohne Gi.<\/p>\n<div class=\"avia_textblock avia_textblock_style\" data-update_with=\"content\">\n<div style=\"width: 640px;\" class=\"wp-video\"><video class=\"wp-video-shortcode\" id=\"video-3453-5\" width=\"640\" height=\"360\" preload=\"metadata\" controls=\"controls\"><source type=\"video\/mp4\" src=\"https:\/\/www.abanico.de\/abanico\/wp-content\/files\/trailer\/D-JuJB5-SD-Vorspann.mp4?_=5\" \/><a href=\"https:\/\/www.abanico.de\/abanico\/wp-content\/files\/trailer\/D-JuJB5-SD-Vorspann.mp4\">https:\/\/www.abanico.de\/abanico\/wp-content\/files\/trailer\/D-JuJB5-SD-Vorspann.mp4<\/a><\/video><\/div>\n<p>Trailer Ju-Jutsu Boden 5<\/p>\n<p>&nbsp;<\/p>\n<p><strong>\u00dcber die Autoren:<\/strong><\/p>\n<\/div>\n<h3><strong>Achim Hanke, Joe Tumfahrt, Michael Korn<\/strong><br \/>\n<strong>Achim Hanke<\/strong>, 8. Dan JJ ist einer der herausragendsten Ju-Jutsu-Lehrer des DJJV. Es ist f\u00fcr u.A. f\u00fcr seien ausgezeichneten Bodenarbeit bekannt<br \/>\n<strong>Joachim Thumfart<\/strong>, 7. Dan JJ, Diplomtrainer des DSB, staatlich gepr\u00fcfter Trainer f\u00fcr Pr\u00e4vention, Ju-Jutsu Lehrer\/ Trainer A.<br \/>\nEr ist 9-facher Deutscher Meister in allen 3 JJ-Wettkampf-Formen. Seine weiteren Erfolge sind: Vize &#8211; Europameister 1996 Brazilian Jiu-Jitsu -80kg, 3. Platz EM 1997 Ju-Jutsu Fighting -72kg, Weltmeister 1998 Ju-Jutsu Duo, Europa Cup Sieger 1998 Brazilian Jiu-Jitsu -78kg<br \/>\n<strong>Michael Korn<\/strong>, 4. Dan JJ ist Bundesjugendwart des DJJV<\/h3>\n","protected":false},"excerpt":{"rendered":"<h2>Ju-Jutsu Boden Angebot &#8211; Download &#8211; DE<\/h2>\n<p><strong>5 DVDs \u00fcber die Bodenkampf und Stand-Boden Techniken und Grappling im Ju Jutsu<\/strong><br \/>\n<strong>Sprache: deutsch &#8211; Download<\/strong><br \/>\nLaufzeit (Min.): 330<br \/>\n<strong>Produzent: ABANICO<\/strong><\/p>\n","protected":false},"featured_media":6359,"comment_status":"open","ping_status":"closed","template":"","meta":[],"product_brand":[],"product_cat":[39,4210],"product_tag":[1380,1917,1919,1364,1440,1921,1923,1859,1384,1925],"class_list":{"0":"post-3453","1":"product","2":"type-product","3":"status-publish","4":"has-post-thumbnail","6":"product_cat-download-de","7":"product_cat-ju-jutsu-de-download-de","8":"product_tag-achim-hanke-de","9":"product_tag-bodenkampf-de","10":"product_tag-bodentechniken-de","11":"product_tag-deutsch-de","12":"product_tag-download-de","13":"product_tag-grappling-de","14":"product_tag-joe-tumfahrt-de","15":"product_tag-ju-jutsu-de","16":"product_tag-michael-korn-de","17":"product_tag-standtechniken-de","19":"first","20":"instock","21":"downloadable","22":"virtual","23":"sold-individually","24":"taxable","25":"purchasable","26":"product-type-simple"},"_links":{"self":[{"href":"https:\/\/www.abanico.de\/abanico\/wp-json\/wp\/v2\/product\/3453","targetHints":{"allow":["GET"]}}],"collection":[{"href":"https:\/\/www.abanico.de\/abanico\/wp-json\/wp\/v2\/product"}],"about":[{"href":"https:\/\/www.abanico.de\/abanico\/wp-json\/wp\/v2\/types\/product"}],"replies":[{"embeddable":true,"href":"https:\/\/www.abanico.de\/abanico\/wp-json\/wp\/v2\/comments?post=3453"}],"wp:featuredmedia":[{"embeddable":true,"href":"https:\/\/www.abanico.de\/abanico\/wp-json\/wp\/v2\/media\/6359"}],"wp:attachment":[{"href":"https:\/\/www.abanico.de\/abanico\/wp-json\/wp\/v2\/media?parent=3453"}],"wp:term":[{"taxonomy":"product_brand","embeddable":true,"href":"https:\/\/www.abanico.de\/abanico\/wp-json\/wp\/v2\/product_brand?post=3453"},{"taxonomy":"product_cat","embeddable":true,"href":"https:\/\/www.abanico.de\/abanico\/wp-json\/wp\/v2\/product_cat?post=3453"},{"taxonomy":"product_tag","embeddable":true,"href":"https:\/\/www.abanico.de\/abanico\/wp-json\/wp\/v2\/product_tag?post=3453"}],"curies":[{"name":"wp","href":"https:\/\/api.w.org\/{rel}","templated":true}]}}