{"id":3438,"date":"2018-10-31T03:10:37","date_gmt":"2018-10-31T02:10:37","guid":{"rendered":"https:\/\/www.abanico.de\/abanico\/?post_type=product&#038;p=3438"},"modified":"2018-12-03T10:59:19","modified_gmt":"2018-12-03T09:59:19","slug":"kata-bunkai-9-download-de","status":"publish","type":"product","link":"https:\/\/www.abanico.de\/abanico\/shop\/download-de\/karate-download-de\/kata-bunkai-9-download-de\/","title":{"rendered":"Kata Bunkai 9 &#8211; Download &#8211; DE"},"content":{"rendered":"<p>Die Kata Gankaku ist eine Ableitung aus der okinawanischen Chinto, die auf Okinawa haupts\u00e4chlich in drei Versionen \u00fcberliefert wurde:<\/p>\n<p>Tomari no chinto, Matsumora no chinto (Kiyatake no chinto) und Matsumura no chinto (Itosu no chinto).<\/p>\n<p>Die drei Versionen sind sehr unterschiedlich und haben kaum \u00c4hnlichkeiten miteinander. Auf ihrer Basis wurden noch viele weitere Versionen gegr\u00fcndet, von denen wir auf diesem Video einige darstellen.<\/p>\n<p>Bis zur\u00fcck nach China werden diese komplexen Methoden des Kranichstils (Baihequan) recherchiert und in all ihren Facetten nachvollzogen.<\/p>\n<p>Kihon-Bunkai, fortgeschrittenes Bunkai, Oyo-Bunkai und komplexes Bunkai werden in allen Einzelheiten auf diesem Video gezeigt.<\/p>\n<p><strong>Werner Lind<\/strong><br \/>\nist einer der f\u00fchrenden Karate-Meister f\u00fcr klassisches Karate in Deutschland. Er demonstriert hier mit seinem Team der BSK Lehrer die wahre Bedeutung der Katas: Bunkai in Perfektion. Diese Videos repr\u00e4sentieren das komplette Bunkai-System von einfachem \u00fcber fortgeschrittenes bis zu komplexem Bunkai der bezeichneten klassischen Kata. Neben klaren Erkl\u00e4rungen zu Kihon- und Jiyu- \u00dcbungsformen werden jeweils s\u00e4mtliche Anwendungsmethoden der Atemi waza (Schlagtechniken), Tuite waza (Greiftechniken), Kansetsu waza (Hebeltechniken), Renzoku waza (Routinetechniken), Kakie waza (Klebende H\u00e4nde) und Kyushojutsu (Vitalpunkttechniken) des klassischen Karate in diesen Videos demonstriert.<\/p>\n<div class=\"avia_textblock avia_textblock_style\" data-update_with=\"content\">\n<p>&nbsp;<\/p>\n<hr \/>\n<\/div>\n<div class=\"avia_textblock avia_textblock_style\" data-update_with=\"content\">\n<h3>Trailer<\/h3>\n<div style=\"width: 640px;\" class=\"wp-video\"><video class=\"wp-video-shortcode\" id=\"video-3438-1\" width=\"640\" height=\"360\" preload=\"metadata\" controls=\"controls\"><source type=\"video\/mp4\" src=\"https:\/\/www.abanico.de\/abanico\/wp-content\/files\/trailer\/D-KKB9-SD-Vorspann.mp4?_=1\" \/><a href=\"https:\/\/www.abanico.de\/abanico\/wp-content\/files\/trailer\/D-KKB9-SD-Vorspann.mp4\">https:\/\/www.abanico.de\/abanico\/wp-content\/files\/trailer\/D-KKB9-SD-Vorspann.mp4<\/a><\/video><\/div>\n<\/div>\n","protected":false},"excerpt":{"rendered":"<h2>Kata Bunkai 9 &#8211; Download &#8211; DE<\/h2>\n<p><strong>Gankaku und Chinto<\/strong><br \/>\n<strong>Sprache: Deutsch &#8211; Download<\/strong><br \/>\nLaufzeit (Min.): 78<br \/>\n<strong>Produzent: ABANICO<\/strong><br \/>\nISBN: 3-89540-430-6<\/p>\n","protected":false},"featured_media":5031,"comment_status":"open","ping_status":"closed","template":"","meta":[],"product_brand":[],"product_cat":[39,525],"product_tag":[1364,1440,1321,1518,1486],"class_list":{"0":"post-3438","1":"product","2":"type-product","3":"status-publish","4":"has-post-thumbnail","6":"product_cat-download-de","7":"product_cat-karate-download-de","8":"product_tag-deutsch-de","9":"product_tag-download-de","10":"product_tag-karate-de","11":"product_tag-kata-de","12":"product_tag-werner-lind-de","14":"first","15":"instock","16":"downloadable","17":"virtual","18":"sold-individually","19":"taxable","20":"purchasable","21":"product-type-simple"},"_links":{"self":[{"href":"https:\/\/www.abanico.de\/abanico\/wp-json\/wp\/v2\/product\/3438","targetHints":{"allow":["GET"]}}],"collection":[{"href":"https:\/\/www.abanico.de\/abanico\/wp-json\/wp\/v2\/product"}],"about":[{"href":"https:\/\/www.abanico.de\/abanico\/wp-json\/wp\/v2\/types\/product"}],"replies":[{"embeddable":true,"href":"https:\/\/www.abanico.de\/abanico\/wp-json\/wp\/v2\/comments?post=3438"}],"wp:featuredmedia":[{"embeddable":true,"href":"https:\/\/www.abanico.de\/abanico\/wp-json\/wp\/v2\/media\/5031"}],"wp:attachment":[{"href":"https:\/\/www.abanico.de\/abanico\/wp-json\/wp\/v2\/media?parent=3438"}],"wp:term":[{"taxonomy":"product_brand","embeddable":true,"href":"https:\/\/www.abanico.de\/abanico\/wp-json\/wp\/v2\/product_brand?post=3438"},{"taxonomy":"product_cat","embeddable":true,"href":"https:\/\/www.abanico.de\/abanico\/wp-json\/wp\/v2\/product_cat?post=3438"},{"taxonomy":"product_tag","embeddable":true,"href":"https:\/\/www.abanico.de\/abanico\/wp-json\/wp\/v2\/product_tag?post=3438"}],"curies":[{"name":"wp","href":"https:\/\/api.w.org\/{rel}","templated":true}]}}