{"id":3432,"date":"2018-10-31T03:01:47","date_gmt":"2018-10-31T02:01:47","guid":{"rendered":"https:\/\/www.abanico.de\/abanico\/?post_type=product&#038;p=3432"},"modified":"2018-12-03T11:03:01","modified_gmt":"2018-12-03T10:03:01","slug":"kata-bunkai-6-download-de","status":"publish","type":"product","link":"https:\/\/www.abanico.de\/abanico\/shop\/download-de\/karate-download-de\/kata-bunkai-6-download-de\/","title":{"rendered":"Kata Bunkai 6 &#8211; Download &#8211; DE"},"content":{"rendered":"<p>Dieses Video zeigt die 3 Tekki-Varianten des Shotokan Kempo Karate aus dem BSK mit Werner Lind, Peter Sch\u00f6mbs, Ursel Arnold, Christian Lind und Markus Neudert.<\/p>\n<p>Sehen Sie weiter fortgeschrittene Methoden des Tuitejutsu (Gelenkmanipulationen) und Kyushojutsu (Vitalpunktstimulationen) des komplexen Bunkai der Tekki aus dem Budo Studien Kreis.<\/p>\n<p>Weiter sehen Sie die 3 Okinawa Naihanchi Varianten des Kobayashi Shorin Ryu Shidokan. Diesen okinawanischen Stil vertritt in Deutschland Sensei Joachim Laupp, ein direkter Sch\u00fcler des okinawanischen Grossmeisters Miyahira Katsuya (10. Dan Hanshi).<\/p>\n<p>Um die fortgeschrittenen Bunkai-Methoden dieser Kata verstehen zu k\u00f6nnen, sollten die vorausgangenen Heian-Videos von Werner Lind eingehend studiert werden.<\/p>\n<p><strong>Werner Lind<\/strong><br \/>\nist einer der f\u00fchrenden Karate-Meister f\u00fcr klassisches Karate in Deutschland. Er demonstriert hier mit seinem Team der BSK Lehrer die wahre Bedeutung der Katas: Bunkai in Perfektion. Diese Videos repr\u00e4sentieren das komplette Bunkai-System von einfachem \u00fcber fortgeschrittenes bis zu komplexem Bunkai der bezeichneten klassischen Kata. Neben klaren Erkl\u00e4rungen zu Kihon- und Jiyu- \u00dcbungsformen werden jeweils s\u00e4mtliche Anwendungsmethoden der Atemi waza (Schlagtechniken), Tuite waza (Greiftechniken), Kansetsu waza (Hebeltechniken), Renzoku waza (Routinetechniken), Kakie waza (Klebende H\u00e4nde) und Kyushojutsu (Vitalpunkttechniken) des klassischen Karate in diesen Videos demonstriert.<\/p>\n<div class=\"avia_textblock avia_textblock_style\" data-update_with=\"content\">\n<p>&nbsp;<\/p>\n<hr \/>\n<\/div>\n<div class=\"avia_textblock avia_textblock_style\" data-update_with=\"content\">\n<h3>Trailer<\/h3>\n<div style=\"width: 640px;\" class=\"wp-video\"><video class=\"wp-video-shortcode\" id=\"video-3432-1\" width=\"640\" height=\"360\" preload=\"metadata\" controls=\"controls\"><source type=\"video\/mp4\" src=\"https:\/\/www.abanico.de\/abanico\/wp-content\/files\/trailer\/D-KKB6-SD-Vorspann.mp4?_=1\" \/><a href=\"https:\/\/www.abanico.de\/abanico\/wp-content\/files\/trailer\/D-KKB6-SD-Vorspann.mp4\">https:\/\/www.abanico.de\/abanico\/wp-content\/files\/trailer\/D-KKB6-SD-Vorspann.mp4<\/a><\/video><\/div>\n<\/div>\n","protected":false},"excerpt":{"rendered":"<h2>Kata Bunkai 6 &#8211; Download\u00a0 &#8211; DE<\/h2>\n<p><strong>Tekki 1 2<\/strong><br \/>\n<strong>Sprache: Deutsch &#8211; Download<\/strong><br \/>\nLaufzeit (Min.): 72<br \/>\n<strong>Produzent: ABANICO<\/strong><br \/>\nISBN: 3-89540-412-8<\/p>\n","protected":false},"featured_media":5028,"comment_status":"open","ping_status":"closed","template":"","meta":[],"product_brand":[],"product_cat":[39,525],"product_tag":[1364,1440,1321,1518,1486],"class_list":{"0":"post-3432","1":"product","2":"type-product","3":"status-publish","4":"has-post-thumbnail","6":"product_cat-download-de","7":"product_cat-karate-download-de","8":"product_tag-deutsch-de","9":"product_tag-download-de","10":"product_tag-karate-de","11":"product_tag-kata-de","12":"product_tag-werner-lind-de","14":"first","15":"instock","16":"downloadable","17":"virtual","18":"sold-individually","19":"taxable","20":"purchasable","21":"product-type-simple"},"_links":{"self":[{"href":"https:\/\/www.abanico.de\/abanico\/wp-json\/wp\/v2\/product\/3432","targetHints":{"allow":["GET"]}}],"collection":[{"href":"https:\/\/www.abanico.de\/abanico\/wp-json\/wp\/v2\/product"}],"about":[{"href":"https:\/\/www.abanico.de\/abanico\/wp-json\/wp\/v2\/types\/product"}],"replies":[{"embeddable":true,"href":"https:\/\/www.abanico.de\/abanico\/wp-json\/wp\/v2\/comments?post=3432"}],"wp:featuredmedia":[{"embeddable":true,"href":"https:\/\/www.abanico.de\/abanico\/wp-json\/wp\/v2\/media\/5028"}],"wp:attachment":[{"href":"https:\/\/www.abanico.de\/abanico\/wp-json\/wp\/v2\/media?parent=3432"}],"wp:term":[{"taxonomy":"product_brand","embeddable":true,"href":"https:\/\/www.abanico.de\/abanico\/wp-json\/wp\/v2\/product_brand?post=3432"},{"taxonomy":"product_cat","embeddable":true,"href":"https:\/\/www.abanico.de\/abanico\/wp-json\/wp\/v2\/product_cat?post=3432"},{"taxonomy":"product_tag","embeddable":true,"href":"https:\/\/www.abanico.de\/abanico\/wp-json\/wp\/v2\/product_tag?post=3432"}],"curies":[{"name":"wp","href":"https:\/\/api.w.org\/{rel}","templated":true}]}}