{"id":3427,"date":"2018-10-31T02:51:53","date_gmt":"2018-10-31T01:51:53","guid":{"rendered":"https:\/\/www.abanico.de\/abanico\/?post_type=product&#038;p=3427"},"modified":"2018-12-04T00:10:46","modified_gmt":"2018-12-03T23:10:46","slug":"kata-bunkai-3-download-de","status":"publish","type":"product","link":"https:\/\/www.abanico.de\/abanico\/shop\/download-de\/karate-download-de\/kata-bunkai-3-download-de\/","title":{"rendered":"Kata Bunkai 3 &#8211; Download &#8211; DE"},"content":{"rendered":"<p>Heian sandan und Pinan sandan werden hier von einfach zu schwierig aufgebaut und nach dem vorausgegangenen Schema im Bunkai analysiert. Da diese Kata urspr\u00fcnglich als Einf\u00fchrung in die nahe Distanz gedacht war, behandelt dieses Video ausf\u00fchrlich die Techniken der nahen Distanz.<\/p>\n<p>Diese Grundlagen sind wichtig, um die Bunkai-Methoden der fortgeschrittenen Kata zu verstehen. Neben der kompletten Kata f\u00fcr Kakie (Kata der Klebenden H\u00e4nde), vielen klassischen Methoden der Technik-Routine (Renzoku waza) und Kyushojutsu (Vitalpunktlehre) demonstrieren die Lehrer des Budo Studien Kreises auch ein ausgefeiltes System f\u00fcr die Selbstverteidigung gegen Haltegriffe (Goshin kumite).<\/p>\n<p><strong>Werner Lind<\/strong><br \/>\nist einer der f\u00fchrenden Karate-Meister f\u00fcr klassisches Karate in Deutschland. Er demonstriert hier mit seinem Team der BSK Lehrer die wahre Bedeutung der Katas: Bunkai in Perfektion. Diese Videos repr\u00e4sentieren das komplette Bunkai-System von einfachem \u00fcber fortgeschrittenes bis zu komplexem Bunkai der bezeichneten klassischen Kata. Neben klaren Erkl\u00e4rungen zu Kihon- und Jiyu- \u00dcbungsformen werden jeweils s\u00e4mtliche Anwendungsmethoden der Atemi waza (Schlagtechniken), Tuite waza (Greiftechniken), Kansetsu waza (Hebeltechniken), Renzoku waza (Routinetechniken), Kakie waza (Klebende H\u00e4nde) und Kyushojutsu (Vitalpunkttechniken) des klassischen Karate in diesen Videos demonstriert.<\/p>\n<div class=\"avia_textblock avia_textblock_style\" data-update_with=\"content\">\n<p>&nbsp;<\/p>\n<hr \/>\n<\/div>\n<div class=\"avia_textblock avia_textblock_style\" data-update_with=\"content\">\n<h3>Trailer<\/h3>\n<div style=\"width: 640px;\" class=\"wp-video\"><video class=\"wp-video-shortcode\" id=\"video-3427-1\" width=\"640\" height=\"360\" preload=\"metadata\" controls=\"controls\"><source type=\"video\/mp4\" src=\"https:\/\/www.abanico.de\/abanico\/wp-content\/files\/trailer\/D-KKB3-SD-Vorspann.mp4?_=1\" \/><a href=\"https:\/\/www.abanico.de\/abanico\/wp-content\/files\/trailer\/D-KKB3-SD-Vorspann.mp4\">https:\/\/www.abanico.de\/abanico\/wp-content\/files\/trailer\/D-KKB3-SD-Vorspann.mp4<\/a><\/video><\/div>\n<\/div>\n","protected":false},"excerpt":{"rendered":"<h2>Kata Bunkai 3 &#8211; Download &#8211; DE<\/h2>\n<p><strong>Heian sandan<\/strong><br \/>\n<strong>Sprache: Deutsch &#8211; TV-System: PAL<\/strong><br \/>\nLaufzeit (Min.): 68<br \/>\n<strong>Produzent: ABANICO<\/strong><br \/>\nISBN: 3-89540-402-0<\/p>\n","protected":false},"featured_media":5025,"comment_status":"open","ping_status":"closed","template":"","meta":[],"product_brand":[],"product_cat":[39,525],"product_tag":[1364,1440,1321,1518,1486],"class_list":{"0":"post-3427","1":"product","2":"type-product","3":"status-publish","4":"has-post-thumbnail","6":"product_cat-download-de","7":"product_cat-karate-download-de","8":"product_tag-deutsch-de","9":"product_tag-download-de","10":"product_tag-karate-de","11":"product_tag-kata-de","12":"product_tag-werner-lind-de","14":"first","15":"instock","16":"downloadable","17":"virtual","18":"sold-individually","19":"taxable","20":"purchasable","21":"product-type-simple"},"_links":{"self":[{"href":"https:\/\/www.abanico.de\/abanico\/wp-json\/wp\/v2\/product\/3427","targetHints":{"allow":["GET"]}}],"collection":[{"href":"https:\/\/www.abanico.de\/abanico\/wp-json\/wp\/v2\/product"}],"about":[{"href":"https:\/\/www.abanico.de\/abanico\/wp-json\/wp\/v2\/types\/product"}],"replies":[{"embeddable":true,"href":"https:\/\/www.abanico.de\/abanico\/wp-json\/wp\/v2\/comments?post=3427"}],"wp:featuredmedia":[{"embeddable":true,"href":"https:\/\/www.abanico.de\/abanico\/wp-json\/wp\/v2\/media\/5025"}],"wp:attachment":[{"href":"https:\/\/www.abanico.de\/abanico\/wp-json\/wp\/v2\/media?parent=3427"}],"wp:term":[{"taxonomy":"product_brand","embeddable":true,"href":"https:\/\/www.abanico.de\/abanico\/wp-json\/wp\/v2\/product_brand?post=3427"},{"taxonomy":"product_cat","embeddable":true,"href":"https:\/\/www.abanico.de\/abanico\/wp-json\/wp\/v2\/product_cat?post=3427"},{"taxonomy":"product_tag","embeddable":true,"href":"https:\/\/www.abanico.de\/abanico\/wp-json\/wp\/v2\/product_tag?post=3427"}],"curies":[{"name":"wp","href":"https:\/\/api.w.org\/{rel}","templated":true}]}}