{"id":3422,"date":"2018-10-31T02:42:44","date_gmt":"2018-10-31T01:42:44","guid":{"rendered":"https:\/\/www.abanico.de\/abanico\/?post_type=product&#038;p=3422"},"modified":"2022-11-24T19:42:28","modified_gmt":"2022-11-24T18:42:28","slug":"kata-bunkai-1-download-de","status":"publish","type":"product","link":"https:\/\/www.abanico.de\/abanico\/shop\/download-de\/karate-download-de\/kata-bunkai-1-download-de\/","title":{"rendered":"Kata Bunkai 1 &#8211; Download &#8211; DE"},"content":{"rendered":"<p>Auf diesem Video demonstriert Werner Lind, wie man durch die Analyse der Kata (Heian und Pinan) den Weg zu den Inhalten der Techniken und zur effektiven Selbstverteidigung finden kann.<\/p>\n<p>Es werden erstmals Entschl\u00fcsselungskonzepte f\u00fcr die Kata Heian shodan vorgestellt.<\/p>\n<p>Es werden nicht nur die Anwendungen der Techniken, sondern auch ihre Interpretationen und Hintergr\u00fcnde aufgezeigt.<\/p>\n<p>Die Heian shodan lehrt bevorzugt den Kampf aus der langen Distanz.<\/p>\n<p><strong>Werner Lind<\/strong><br \/>\nist einer der f\u00fchrenden Karate-Meister f\u00fcr klassisches Karate in Deutschland. Er demonstriert hier mit seinem Team der BSK Lehrer die wahre Bedeutung der Katas: Bunkai in Perfektion. Diese Videos repr\u00e4sentieren das komplette Bunkai-System von einfachem \u00fcber fortgeschrittenes bis zu komplexem Bunkai der bezeichneten klassischen Kata. Neben klaren Erkl\u00e4rungen zu Kihon- und Jiyu- \u00dcbungsformen werden jeweils s\u00e4mtliche Anwendungsmethoden der Atemi waza (Schlagtechniken), Tuite waza (Greiftechniken), Kansetsu waza (Hebeltechniken), Renzoku waza (Routinetechniken), Kakie waza (Klebende H\u00e4nde) und Kyushojutsu (Vitalpunkttechniken) des klassischen Karate in diesen Videos demonstriert.<\/p>\n<div class=\"avia_textblock avia_textblock_style\" data-update_with=\"content\">\n<p>&nbsp;<\/p>\n<hr \/>\n<\/div>\n<div class=\"avia_textblock avia_textblock_style\" data-update_with=\"content\">\n<h3>Trailer<\/h3>\n<div style=\"width: 640px;\" class=\"wp-video\"><video class=\"wp-video-shortcode\" id=\"video-3422-1\" width=\"640\" height=\"360\" preload=\"metadata\" controls=\"controls\"><source type=\"video\/mp4\" src=\"https:\/\/www.abanico.de\/abanico\/wp-content\/files\/trailer\/D-KKB1-SD-Vorspann.mp4?_=1\" \/><a href=\"https:\/\/www.abanico.de\/abanico\/wp-content\/files\/trailer\/D-KKB1-SD-Vorspann.mp4\">https:\/\/www.abanico.de\/abanico\/wp-content\/files\/trailer\/D-KKB1-SD-Vorspann.mp4<\/a><\/video><\/div>\n<\/div>\n","protected":false},"excerpt":{"rendered":"<h2>Kata Bunkai 1 &#8211; Download &#8211; DE<\/h2>\n<p><strong>Heian shodan<\/strong><br \/>\n<strong>Sprache: Deutsch &#8211; Download<\/strong><br \/>\nLaufzeit (Min.): 54<br \/>\n<strong>Produzent: ABANICO<\/strong><br \/>\nISBN: 3-89540-400-4<\/p>\n","protected":false},"featured_media":5023,"comment_status":"open","ping_status":"closed","template":"","meta":[],"product_brand":[],"product_cat":[39,525],"product_tag":[1364,1440,1321,1518,1536,1486],"class_list":{"0":"post-3422","1":"product","2":"type-product","3":"status-publish","4":"has-post-thumbnail","6":"product_cat-download-de","7":"product_cat-karate-download-de","8":"product_tag-deutsch-de","9":"product_tag-download-de","10":"product_tag-karate-de","11":"product_tag-kata-de","12":"product_tag-kata-bunkai-1-de","13":"product_tag-werner-lind-de","15":"first","16":"instock","17":"downloadable","18":"virtual","19":"sold-individually","20":"taxable","21":"purchasable","22":"product-type-simple"},"_links":{"self":[{"href":"https:\/\/www.abanico.de\/abanico\/wp-json\/wp\/v2\/product\/3422","targetHints":{"allow":["GET"]}}],"collection":[{"href":"https:\/\/www.abanico.de\/abanico\/wp-json\/wp\/v2\/product"}],"about":[{"href":"https:\/\/www.abanico.de\/abanico\/wp-json\/wp\/v2\/types\/product"}],"replies":[{"embeddable":true,"href":"https:\/\/www.abanico.de\/abanico\/wp-json\/wp\/v2\/comments?post=3422"}],"wp:featuredmedia":[{"embeddable":true,"href":"https:\/\/www.abanico.de\/abanico\/wp-json\/wp\/v2\/media\/5023"}],"wp:attachment":[{"href":"https:\/\/www.abanico.de\/abanico\/wp-json\/wp\/v2\/media?parent=3422"}],"wp:term":[{"taxonomy":"product_brand","embeddable":true,"href":"https:\/\/www.abanico.de\/abanico\/wp-json\/wp\/v2\/product_brand?post=3422"},{"taxonomy":"product_cat","embeddable":true,"href":"https:\/\/www.abanico.de\/abanico\/wp-json\/wp\/v2\/product_cat?post=3422"},{"taxonomy":"product_tag","embeddable":true,"href":"https:\/\/www.abanico.de\/abanico\/wp-json\/wp\/v2\/product_tag?post=3422"}],"curies":[{"name":"wp","href":"https:\/\/api.w.org\/{rel}","templated":true}]}}