{"id":3417,"date":"2018-10-31T02:30:28","date_gmt":"2018-10-31T01:30:28","guid":{"rendered":"https:\/\/www.abanico.de\/abanico\/?post_type=product&#038;p=3417"},"modified":"2018-12-04T00:16:31","modified_gmt":"2018-12-03T23:16:31","slug":"muay-thai-2-download-de","status":"publish","type":"product","link":"https:\/\/www.abanico.de\/abanico\/shop\/download-de\/muay-thai-de\/muay-thai-2-download-de\/","title":{"rendered":"Muay Thai 2 &#8211; IAMTF Programm &#8211; Download &#8211; DE"},"content":{"rendered":"<p>In diesem Video f\u00fchrt Master Woody, h\u00f6chster Muay Thai Experte in Europa, unterst\u00fctzt von Ralf Ku\u00dfler, durch das Ausbildungsprogramm der IAMTF. Alle wichtigen Aspekte werden demonstriert und erkl\u00e4rt.<\/p>\n<p>0:00:00 Vorspann<br \/>\n0:02:30 Einleitung<br \/>\n0:06:15 Vorstellung Meister Woody<br \/>\n0:06:50 Dehnungs- und Kr\u00e4ftigungs \u00dcbungen<br \/>\n0:09:10 Wai Kru Ram Muai<br \/>\n0:13:24 Khow Bung &#8211; Knie Bl\u00f6cke<br \/>\nBei allen folgenden Techniken wird demonstriert Training:<br \/>\n&#8211; Technik, &#8211; Anwendung &#8211; Verteidigung gegen diese Technik &#8211; Gegenangriffe mit dieser Technik<br \/>\n0:20:50 Fausttechniken<br \/>\n0:27:00 Ellbogentechniken<br \/>\n0:34:20 Knietechniken<br \/>\n0:43:17 Clinch<br \/>\n0:46:15 Tritttechniken<br \/>\n1:03:23 Meditation<br \/>\n1:06:15 Mongkon Zeremonie<br \/>\n1:07:00 Ende<\/p>\n<p>Wenn Sie wissen wollen, wie Muay Thai richtig trainiert wird, kommen Sie um dieses Video nicht herum!<\/p>\n<p><strong>Ajarn Chinawut Sirisompan<\/strong><br \/>\nauch bekannt als Meister Woody ist der h\u00f6chste Repr\u00e4sentant f\u00fcr Muay Thai in Europa. Er ist von der International Amateur Muay Thai Federation (IAMTF), dem einzigen von der thail\u00e4ndischen Regierung anerkannten Muay Thai Verband f\u00fcr Amateure, als Bevollm\u00e4chtigter f\u00fcr Europa und seit kurzem sogar als International Commissioner eingesetzt worden, was neben Europa auch die Betreuung des Nahen- und ferneren Ostens, wie z.B. Indien, umfa\u00dft. Er tr\u00e4gt den h\u00f6chsten, den 15. Grad und ist die Muay Thai Autorit\u00e4t in Europa.<\/p>\n<div class=\"avia_textblock avia_textblock_style\" data-update_with=\"content\">\n<p>&nbsp;<\/p>\n<hr \/>\n<\/div>\n<div class=\"avia_textblock avia_textblock_style\" data-update_with=\"content\">\n<h3>Trailer<\/h3>\n<div style=\"width: 640px;\" class=\"wp-video\"><video class=\"wp-video-shortcode\" id=\"video-3417-1\" width=\"640\" height=\"360\" preload=\"metadata\" controls=\"controls\"><source type=\"video\/mp4\" src=\"https:\/\/www.abanico.de\/abanico\/wp-content\/files\/trailer\/D-MT2-SD-Vorspann.mp4?_=1\" \/><a href=\"https:\/\/www.abanico.de\/abanico\/wp-content\/files\/trailer\/D-MT2-SD-Vorspann.mp4\">https:\/\/www.abanico.de\/abanico\/wp-content\/files\/trailer\/D-MT2-SD-Vorspann.mp4<\/a><\/video><\/div>\n<p>&nbsp;<\/p>\n<\/div>\n<p>&nbsp;<\/p>\n","protected":false},"excerpt":{"rendered":"<h2><strong>Muay Thai 2 &#8211; IAMTF Programm <\/strong>&#8211; Download &#8211; DE<\/h2>\n<p><strong>Sprache: Deutsch &#8211; Download<\/strong><br \/>\nLaufzeit (Min.): 60<br \/>\n<strong>Produzent: ABANICO<\/strong><br \/>\nISBN: 3-89540-482-9<\/p>\n","protected":false},"featured_media":5295,"comment_status":"open","ping_status":"closed","template":"","meta":[],"product_brand":[],"product_cat":[39,4188],"product_tag":[4190,4192,1424,1806,1364,1440,4194,4196,1646,4198,4200,4202],"class_list":{"0":"post-3417","1":"product","2":"type-product","3":"status-publish","4":"has-post-thumbnail","6":"product_cat-download-de","7":"product_cat-muay-thai-de","8":"product_tag-ajarn-chinawut-sirisompan-de","9":"product_tag-aufwaermen-de","10":"product_tag-beinarbeit-de","11":"product_tag-beintechniken-de","12":"product_tag-deutsch-de","13":"product_tag-download-de","14":"product_tag-ellbogentechniken-de","15":"product_tag-fausttechniken-de","16":"product_tag-fusstechniken-de","17":"product_tag-muay-thai-de","18":"product_tag-pratzentraining-und-die-clinch-techniken-de","19":"product_tag-verteidigung-gegen-und-gegenangriffe-mit-diesen-techniken-de","21":"first","22":"instock","23":"downloadable","24":"virtual","25":"sold-individually","26":"taxable","27":"purchasable","28":"product-type-simple"},"_links":{"self":[{"href":"https:\/\/www.abanico.de\/abanico\/wp-json\/wp\/v2\/product\/3417","targetHints":{"allow":["GET"]}}],"collection":[{"href":"https:\/\/www.abanico.de\/abanico\/wp-json\/wp\/v2\/product"}],"about":[{"href":"https:\/\/www.abanico.de\/abanico\/wp-json\/wp\/v2\/types\/product"}],"replies":[{"embeddable":true,"href":"https:\/\/www.abanico.de\/abanico\/wp-json\/wp\/v2\/comments?post=3417"}],"wp:featuredmedia":[{"embeddable":true,"href":"https:\/\/www.abanico.de\/abanico\/wp-json\/wp\/v2\/media\/5295"}],"wp:attachment":[{"href":"https:\/\/www.abanico.de\/abanico\/wp-json\/wp\/v2\/media?parent=3417"}],"wp:term":[{"taxonomy":"product_brand","embeddable":true,"href":"https:\/\/www.abanico.de\/abanico\/wp-json\/wp\/v2\/product_brand?post=3417"},{"taxonomy":"product_cat","embeddable":true,"href":"https:\/\/www.abanico.de\/abanico\/wp-json\/wp\/v2\/product_cat?post=3417"},{"taxonomy":"product_tag","embeddable":true,"href":"https:\/\/www.abanico.de\/abanico\/wp-json\/wp\/v2\/product_tag?post=3417"}],"curies":[{"name":"wp","href":"https:\/\/api.w.org\/{rel}","templated":true}]}}