{"id":2624,"date":"2018-10-17T12:29:46","date_gmt":"2018-10-17T10:29:46","guid":{"rendered":"https:\/\/www.abanico.de\/abanico\/?post_type=product&#038;p=2624"},"modified":"2018-12-04T00:38:24","modified_gmt":"2018-12-03T23:38:24","slug":"sv-mit-dem-palmstick-download-deutsch-2","status":"publish","type":"product","link":"https:\/\/www.abanico.de\/abanico\/shop\/download-de\/modern-arnis-download-de\/sv-mit-dem-palmstick-download-deutsch-2\/","title":{"rendered":"SV mit dem Palmstick &#8211; Download &#8211; DE"},"content":{"rendered":"<p>Auf diesem download Video lernen Sie den Umgang mit dem Palmstick oder, wie er im Modern Arnis genannt wird, dem Dulo.<\/p>\n<p>Dabei handelt es sich um einen kleinen Stock in der Gr\u00f6\u00dfe eines Kugelschreibers.<br \/>\nViele verschiedene Gegenst\u00e4nde k\u00f6nnen als Dulo fungieren und sind so eine sehr effektive Waffe in der Selbstverteidigung.<br \/>\nJederzeit verf\u00fcgbar, sehr flexibel und extrem wirksam gegen die verschiedensten Angriffe.<br \/>\nNeben den Techniken und Verteidigungen sind auch \u00dcbungsformen zu den unterschiedlichen Einsatzm\u00f6glichkeiten des Palmsticks auf der DVD enthalten.<\/p>\n<p>Als Bonus finden Sie am Ende Einsatzm\u00f6glichkeiten und Techniken mit dem Impakt Kerambit der auch Travel Wrench genannt wird.<\/p>\n<p>&nbsp;<\/p>\n<p><strong>\u00dcber den Autor:<\/strong><\/p>\n<p><strong>Gro\u00dfmeister Datu Dieter Kn\u00fcttel<\/strong><\/p>\n<p>ist Diplom-Sportlehrer, Bundestrainer f\u00fcr Modern Arnis (seit 1985) und Modern Arnis Repr\u00e4sentant f\u00fcr Europa.<\/p>\n<p>1996 wurde ihm der Titel Datu und der Grad Lakan Anim, 6. Dan Modern Arnis, von Gro\u00dfmeister Remy A. Presas (10. Dan) pers\u00f6nlich als 4. Arnis-Lehrer au\u00dferhalb der Philippinen und als erstem au\u00dferhalb der USA, verliehen<br \/>\nNachdem er den 7., 8. und 9. Dan auf den Philippinen verliehen bekommen hatte, wurde m 24.9.2016 in Dortmund \u00f6ffentlich bekanntgegeben, dass er von Gro\u00dfmeister Roberto Presas den 10. Dan Modern Arnis verliehen bekommen hatte.<\/p>\n<p>Dieter Kn\u00fcttel betreibt Kampfsport seit 1967 und philippinische Kampfk\u00fcnste seit 1978. Er unterrichtet Modern Arnis auf Lehrg\u00e4ngen \u00fcberall in Europa, Russland, Australien und in den USA.<\/p>\n<div class=\"avia_textblock avia_textblock_style\" data-update_with=\"content\">\n<p>&nbsp;<\/p>\n<hr \/>\n<\/div>\n<div class=\"avia_textblock avia_textblock_style\" data-update_with=\"content\">\n<h3>Trailer<\/h3>\n<div style=\"width: 640px;\" class=\"wp-video\"><video class=\"wp-video-shortcode\" id=\"video-2624-1\" width=\"640\" height=\"360\" preload=\"metadata\" controls=\"controls\"><source type=\"video\/mp4\" src=\"https:\/\/www.abanico.de\/abanico\/wp-content\/files\/trailer\/D-Dulo-SD-Vorspann.mp4?_=1\" \/><a href=\"https:\/\/www.abanico.de\/abanico\/wp-content\/files\/trailer\/D-Dulo-SD-Vorspann.mp4\">https:\/\/www.abanico.de\/abanico\/wp-content\/files\/trailer\/D-Dulo-SD-Vorspann.mp4<\/a><\/video><\/div>\n<p>&nbsp;<\/p>\n<\/div>\n<p>&nbsp;<\/p>\n","protected":false},"excerpt":{"rendered":"<h2>SV mit dem Palmstick &#8211; Download &#8211; DE<\/h2>\n<p><strong>Sprache: Deutsch &#8211; download<\/strong><br \/>\nLaufzeit (Min.): 80<br \/>\n<strong>Produzent: ABANICO<\/strong><\/p>\n","protected":false},"featured_media":4989,"comment_status":"open","ping_status":"closed","template":"","meta":[],"product_brand":[],"product_cat":[39,40,2150],"product_tag":[1364,1374,1440,2144,2146,1376,2148,1442],"class_list":{"0":"post-2624","1":"product","2":"type-product","3":"status-publish","4":"has-post-thumbnail","6":"product_cat-download-de","7":"product_cat-modern-arnis-download-de","8":"product_cat-selbstverteidigung-de","9":"product_tag-deutsch-de","10":"product_tag-dieter-knuettel-de","11":"product_tag-download-de","12":"product_tag-dulo-de","13":"product_tag-flexible-gegenstaene-de","14":"product_tag-modern-arnis-de","15":"product_tag-palmstick-de","16":"product_tag-video-de","18":"first","19":"instock","20":"downloadable","21":"virtual","22":"sold-individually","23":"taxable","24":"purchasable","25":"product-type-simple"},"_links":{"self":[{"href":"https:\/\/www.abanico.de\/abanico\/wp-json\/wp\/v2\/product\/2624","targetHints":{"allow":["GET"]}}],"collection":[{"href":"https:\/\/www.abanico.de\/abanico\/wp-json\/wp\/v2\/product"}],"about":[{"href":"https:\/\/www.abanico.de\/abanico\/wp-json\/wp\/v2\/types\/product"}],"replies":[{"embeddable":true,"href":"https:\/\/www.abanico.de\/abanico\/wp-json\/wp\/v2\/comments?post=2624"}],"wp:featuredmedia":[{"embeddable":true,"href":"https:\/\/www.abanico.de\/abanico\/wp-json\/wp\/v2\/media\/4989"}],"wp:attachment":[{"href":"https:\/\/www.abanico.de\/abanico\/wp-json\/wp\/v2\/media?parent=2624"}],"wp:term":[{"taxonomy":"product_brand","embeddable":true,"href":"https:\/\/www.abanico.de\/abanico\/wp-json\/wp\/v2\/product_brand?post=2624"},{"taxonomy":"product_cat","embeddable":true,"href":"https:\/\/www.abanico.de\/abanico\/wp-json\/wp\/v2\/product_cat?post=2624"},{"taxonomy":"product_tag","embeddable":true,"href":"https:\/\/www.abanico.de\/abanico\/wp-json\/wp\/v2\/product_tag?post=2624"}],"curies":[{"name":"wp","href":"https:\/\/api.w.org\/{rel}","templated":true}]}}