{"id":2610,"date":"2018-10-17T11:33:47","date_gmt":"2018-10-17T09:33:47","guid":{"rendered":"https:\/\/www.abanico.de\/abanico\/?post_type=product&#038;p=2610"},"modified":"2019-02-28T19:45:11","modified_gmt":"2019-02-28T18:45:11","slug":"modern-arnis-blaugurt-programm-2014-download-de","status":"publish","type":"product","link":"https:\/\/www.abanico.de\/abanico\/shop\/download-de\/modern-arnis-download-de\/aktuelles-programm\/modern-arnis-blaugurt-programm-2014-download-de\/","title":{"rendered":"Modern Arnis Blaugurt &#8211; aktuelles Programm &#8211; Download &#8211; DE"},"content":{"rendered":"<p><strong>Dieses Download-Video enth\u00e4lt das aktuelle DAV-Blaugurt Programm.\u00a0 <\/strong><\/p>\n<p>Das Video hat Kapitelmarker.<br \/>\nErkl\u00e4rung hier: <em><strong><a href=\"https:\/\/www.abanico.de\/abanico\/kapitel-in-download-videos\/\"><span style=\"color: #ff0000;\">Kapitelmarker<\/span><\/a><\/strong><\/em><\/p>\n<p>Hier der Inhalt:<\/p>\n<p><strong>Sinawali<\/strong><br \/>\nSinawali in Bewegung (frei auf Basis der Schrittarbeit)<br \/>\nVerbindung von Sinawali mit und ohne Zwischenschlag<br \/>\nVariation(en): &#8211; 3. &amp; 4. Doppelstock Serie<br \/>\n&#8211; Prinzip der H\u00f6henvariation (auf Single und X Sinawali = 16er Sinawali)<\/p>\n<p><strong>Modern Einzelstock<\/strong><br \/>\nTechniken und Kombinationen<br \/>\nStock-Hebel: Aus Anwendungssituationen<br \/>\nKombination: Schlag, Butt, Stich, Abanico u. Entwaffnung (5-7facher Gegenangriff)<br \/>\n3. Entwaffnungsserie<br \/>\n&#8211; mit einem Stock<br \/>\n&#8211; waffenlos<br \/>\n4. Entwaffnungsserie<br \/>\n&#8211; mit einem Stock<br \/>\n&#8211; waffenlos<br \/>\n<strong>Drills<\/strong><br \/>\n<strong>Modern 1-1:<\/strong><br \/>\n&#8211; Distanzwechsel ins Karanza mit Schlag (und zur\u00fcck)<br \/>\n&#8211; Stock-Hebel<br \/>\n&#8211; Entwaffnung-Gegenentwaffnung (Stock-Waffenlos)<br \/>\n<strong>Tapi-Tapi:<\/strong><br \/>\n&#8211; Abanico aus Butt-Finte (rechts und links)<br \/>\n&#8211; Freie Hand Technik: Faustr\u00fcckenschlag mit rechts im Corto<br \/>\n&#8211; min. 4 Stock-Hebel<\/p>\n<p><strong>Messer<\/strong><br \/>\nVerteidigung:<br \/>\n&#8211; Stock gegen Messer<br \/>\n&#8211; Reactive Knife Program mit Abschlusstechniken<\/p>\n<p><strong>Klassisches Arnis<\/strong><br \/>\n<strong>Klassische Stile und Techniken<\/strong><br \/>\nPalis Palis:<br \/>\n&#8211; largo (Force to Force)<br \/>\n&#8211; corto (Force to Force; schlagend)<br \/>\n&#8211; corto (Go with the Force; mit Eingang zu Hebeln)<br \/>\nAbanico Corto (mit Eingang zu Hebeln)<\/p>\n<p><strong>Doppelstock:<\/strong><br \/>\n&#8211; 3. Serie<br \/>\n&#8211; 4. Serie<br \/>\n<strong>Drill<\/strong><br \/>\nklassisch 1-1: im Medio\/Corto mit Distanzwechsel aus dem Drill ins Karanza (und zur\u00fcck)<\/p>\n<p><strong>Karanza<\/strong><br \/>\nKaranza in freier Bewegung auf Basis der bisher erlernten Beinarbeit, einschlie\u00dflich Richtungswechseln mit<br \/>\n&#8211; Stocktechniken<br \/>\n&#8211; klassischen Techniken (Schwert)<br \/>\n&#8211; Waffenlos<\/p>\n<p><strong>Waffenlos<\/strong><br \/>\nVerteidigungen (mit Folgetechnik\/en):<br \/>\nPrinzip der 4. Doppelstockserie gegen<br \/>\n&#8211; Stockangriff<br \/>\n&#8211; Faustangriff<br \/>\nGunting<br \/>\nHebeltechniken (alle Techniken m\u00fcssen mit Anwendungsbeispielen gezeigt werden k\u00f6nnen)<br \/>\n1. Hebelkette<br \/>\n<strong>Drill<\/strong><br \/>\nModern Drill:<br \/>\n&#8211; mit Ellbogentechniken<br \/>\n&#8211; mit Befreiungstechniken<\/p>\n<p><strong>Pratzen (Level 4)<\/strong><br \/>\nFreies Bewegen mit Mehrfachkombinationen (Faust &amp; Fu\u00df) nach vorheriger, freier Abwehr von Faustangriffen (Gerade, Schwinger und Kombinationen)<\/p>\n<p><strong>\u00dcbertragbarkeit (Anwendung\/en) Alltagsgegenst\u00e4nde<\/strong><br \/>\nBisherige im Programm enthaltene Techniken und Anwendungen sollen beispielhaft mit folgendem Alltagsgegenstand demonstriert werden k\u00f6nnen:<br \/>\n&#8211; beidh\u00e4ndig zu f\u00fchrender Alltagsgegenstand (z.B. Ordner \/ Hefter \/ Tasche \/ Rucksack)<\/p>\n<p><strong>SV<\/strong><br \/>\nBefreiungstechniken:<br \/>\n&#8211; Verteidigung gegen Reversfassen mit Faustangriff<br \/>\n&#8211; Verteidigung gegen Schwitzkasten von vorne und hinten<\/p>\n<p><strong>Aufgaben<\/strong><br \/>\n&#8211; 2 durchgezogene Diagonalangriffe v. oben (L\u00f6sungen aus bisher erlernten Techniken)<br \/>\n&#8211; Jab &#8211; Gerade (L\u00f6sungen aus bisher erlernten Techniken)<br \/>\n&#8211; Freie Selbstverteidigung mit allen bisherigen Techniken nach Vorgabe der Pr\u00fcfer<br \/>\n&#8211; Chaostraining<\/p>\n<p>&nbsp;<\/p>\n<p>&nbsp;<\/p>\n<p>&nbsp;<\/p>\n<p><strong>\u00dcber den Autor:<\/strong><\/p>\n<p><strong>Gro\u00dfmeister Datu Dieter Kn\u00fcttel<\/strong><\/p>\n<p>ist Diplom-Sportlehrer, Bundestrainer f\u00fcr Modern Arnis (seit 1985) und Modern Arnis Repr\u00e4sentant f\u00fcr Europa.<\/p>\n<p>1996 wurde ihm der Titel Datu und der Grad Lakan Anim, 6. Dan Modern Arnis, von Gro\u00dfmeister Remy A. Presas (10. Dan) pers\u00f6nlich als 4. Arnis-Lehrer au\u00dferhalb der Philippinen und als erstem au\u00dferhalb der USA, verliehen<br \/>\nNachdem er den 7., 8. und 9. Dan auf den Philippinen verliehen bekommen hatte, wurde m 24.9.2016 in Dortmund \u00f6ffentlich bekanntgegeben, dass er von Gro\u00dfmeister Roberto Presas den 10. Dan Modern Arnis verliehen bekommen hatte.<\/p>\n<p>Dieter Kn\u00fcttel betreibt Kampfsport seit 1967 und philippinische Kampfk\u00fcnste seit 1978. Er unterrichtet Modern Arnis auf Lehrg\u00e4ngen \u00fcberall in Europa, Russland, Australien und in den USA.<\/p>\n<div class=\"avia_textblock avia_textblock_style\" data-update_with=\"content\">\n<p>&nbsp;<\/p>\n<hr \/>\n<\/div>\n<div class=\"avia_textblock avia_textblock_style\" data-update_with=\"content\">\n<h3>Trailer<\/h3>\n<div style=\"width: 640px;\" class=\"wp-video\"><video class=\"wp-video-shortcode\" id=\"video-2610-1\" width=\"640\" height=\"360\" preload=\"metadata\" controls=\"controls\"><source type=\"video\/mp4\" src=\"https:\/\/www.abanico.de\/abanico\/wp-content\/files\/trailer\/D-MA16-Blau-deutsch-Vorspann+3.mp4?_=1\" \/><a href=\"https:\/\/www.abanico.de\/abanico\/wp-content\/files\/trailer\/D-MA16-Blau-deutsch-Vorspann+3.mp4\">https:\/\/www.abanico.de\/abanico\/wp-content\/files\/trailer\/D-MA16-Blau-deutsch-Vorspann+3.mp4<\/a><\/video><\/div>\n<p>&nbsp;<\/p>\n<\/div>\n<p>&nbsp;<\/p>\n","protected":false},"excerpt":{"rendered":"<h2>Modern Arnis Blaugurt &#8211; aktuelles Programm &#8211; download DE<\/h2>\n<p><strong>Sprache: Deutsch<\/strong><br \/>\nLaufzeit (Min.): HD 99<br \/>\n<strong>Produzent: ABANICO<\/strong><br \/>\nISBN: 97838954089134<\/p>\n","protected":false},"featured_media":5087,"comment_status":"open","ping_status":"closed","template":"","meta":[],"product_brand":[],"product_cat":[7325,39,40],"product_tag":[2335,1370,1372,1374,1440,1376,2337,2339,1442],"class_list":{"0":"post-2610","1":"product","2":"type-product","3":"status-publish","4":"has-post-thumbnail","6":"product_cat-aktuelles-programm","7":"product_cat-download-de","8":"product_cat-modern-arnis-download-de","9":"product_tag-blaugurt-de","10":"product_tag-dav-de","11":"product_tag-deutscher-arnis-verband-de","12":"product_tag-dieter-knuettel-de","13":"product_tag-download-de","14":"product_tag-modern-arnis-de","15":"product_tag-programm-2014-de","16":"product_tag-pruefungsprogramm-de","17":"product_tag-video-de","19":"first","20":"instock","21":"downloadable","22":"virtual","23":"sold-individually","24":"taxable","25":"purchasable","26":"product-type-simple"},"_links":{"self":[{"href":"https:\/\/www.abanico.de\/abanico\/wp-json\/wp\/v2\/product\/2610","targetHints":{"allow":["GET"]}}],"collection":[{"href":"https:\/\/www.abanico.de\/abanico\/wp-json\/wp\/v2\/product"}],"about":[{"href":"https:\/\/www.abanico.de\/abanico\/wp-json\/wp\/v2\/types\/product"}],"replies":[{"embeddable":true,"href":"https:\/\/www.abanico.de\/abanico\/wp-json\/wp\/v2\/comments?post=2610"}],"wp:featuredmedia":[{"embeddable":true,"href":"https:\/\/www.abanico.de\/abanico\/wp-json\/wp\/v2\/media\/5087"}],"wp:attachment":[{"href":"https:\/\/www.abanico.de\/abanico\/wp-json\/wp\/v2\/media?parent=2610"}],"wp:term":[{"taxonomy":"product_brand","embeddable":true,"href":"https:\/\/www.abanico.de\/abanico\/wp-json\/wp\/v2\/product_brand?post=2610"},{"taxonomy":"product_cat","embeddable":true,"href":"https:\/\/www.abanico.de\/abanico\/wp-json\/wp\/v2\/product_cat?post=2610"},{"taxonomy":"product_tag","embeddable":true,"href":"https:\/\/www.abanico.de\/abanico\/wp-json\/wp\/v2\/product_tag?post=2610"}],"curies":[{"name":"wp","href":"https:\/\/api.w.org\/{rel}","templated":true}]}}