{"id":2606,"date":"2018-10-17T11:18:59","date_gmt":"2018-10-17T09:18:59","guid":{"rendered":"https:\/\/www.abanico.de\/abanico\/?post_type=product&#038;p=2606"},"modified":"2024-06-18T01:48:22","modified_gmt":"2024-06-17T23:48:22","slug":"modern-arnis-tapi-tapi-programm-2014-download-de","status":"publish","type":"product","link":"https:\/\/www.abanico.de\/abanico\/shop\/download-de\/modern-arnis-download-de\/aktuelles-programm\/modern-arnis-tapi-tapi-programm-2014-download-de\/","title":{"rendered":"Modern Arnis &#8211; Tapi-Tapi &#8211; aktuelles Programm &#8211; Download &#8211; DE"},"content":{"rendered":"<p>In diesem Video wird in \u00a080 Minuten alle Tapi-Tapi Techniken und Konzepte demonstriert, \u00a0die im Pr\u00fcfungsprogramm 2014 des DAV bis zum Braungurt erforderlich sind.<\/p>\n<p>Von der grundlegenden Struktur mit Largo, Medio und Corto, den \u00dcberg\u00e4ngen. rechte- und linke Hand Techniken, Hebel, Festleger und Dopplestock Tapi, 2 St\u00f6cke gegen 1 Stock.<\/p>\n<p>Hier der detaillierte Inhalt des Videos:<\/p>\n<p><strong>Vorspann<\/strong><\/p>\n<p><strong>Gelbgurt Programm<\/strong><\/p>\n<p>&#8211; Tapi Tapi Aufgel\u00f6ste Reihenfolge recht<\/p>\n<p>&#8211; Tapi Tapi Aufgel\u00f6ste Reihenfolge links<\/p>\n<p>&#8211; Einser Stopper (F\u00fchrende\/r: Stock rechts)<\/p>\n<p>&#8211; Zweier Stopper (F\u00fchrende\/r: Stock links)<\/p>\n<p>&#8211; Single Sinawali mit Handwechsel<\/p>\n<p>&#8211; Distanzwechsel Largo &#8211; Medio<\/p>\n<p>&#8211; F\u00fchrende Person entwaffnet<\/p>\n<p><strong>Gr\u00fcngurt Programm<\/strong><\/p>\n<p>&#8211; Distanzwechsel Medio \u2013 Corto 3 Butttechniken jeweils mit rechts und links<\/p>\n<p>&#8211; Abanico aus Reversebl\u00f6cken (rechts und links)<\/p>\n<p>&#8211; Handwechsel in allen drei Distanzen<\/p>\n<p>&#8211; Entwaffnungsans\u00e4tze (alle bekannten Serien) mit Fortf\u00fchrung des Drills<\/p>\n<p>&#8211; Gr\u00fcngurtprogramm komplett<\/p>\n<p><strong>Blaugurt Programm<\/strong><\/p>\n<p>&#8211; Abanico aus Butt-Finte &#8211; rechts<\/p>\n<p>&#8211; Abanico aus Butt-Finte &#8211; links<\/p>\n<p>&#8211; Freie Hand Technik: Faustr\u00fcckenschlag mit rechts im Corto<\/p>\n<p>&#8211; 4 Stock-Hebel<\/p>\n<p>&#8211; Blaugurtprogramm komplett<\/p>\n<p><strong>Braungurt Programm<\/strong><\/p>\n<p>&#8211; 6 Hebeltechniken<\/p>\n<p>&#8211; 4 Stocktrappings nach Prof. Presas<\/p>\n<p>&#8211; 2 Festleger aus Butttechniken (F\u00fchrende\/r mit links)<\/p>\n<p>&#8211; Braungurtprogramm Einzelstock komplett<\/p>\n<p>&#8211; F\u00fchrender mit zwei St\u00f6cken<\/p>\n<p>&#8211; Abspann<\/p>\n<p>&nbsp;<\/p>\n<p><strong>\u00dcber den Autor:<\/strong><\/p>\n<p><strong>Gro\u00dfmeister Datu Dieter Kn\u00fcttel<\/strong><\/p>\n<p>ist Diplom-Sportlehrer, Bundestrainer f\u00fcr Modern Arnis (seit 1985) und Modern Arnis Repr\u00e4sentant f\u00fcr Europa.<\/p>\n<p>1996 wurde ihm der Titel Datu und der Grad Lakan Anim, 6. Dan Modern Arnis, von Gro\u00dfmeister Remy A. Presas (10. Dan) pers\u00f6nlich als 4. Arnis-Lehrer au\u00dferhalb der Philippinen und als erstem au\u00dferhalb der USA, verliehen<br \/>\nNachdem er den 7., 8. und 9. Dan auf den Philippinen verliehen bekommen hatte, wurde m 24.9.2016 in Dortmund \u00f6ffentlich bekanntgegeben, dass er von Gro\u00dfmeister Roberto Presas den 10. Dan Modern Arnis verliehen bekommen hatte.<\/p>\n<p>Dieter Kn\u00fcttel betreibt Kampfsport seit 1967 und philippinische Kampfk\u00fcnste seit 1978. Er unterrichtet Modern Arnis auf Lehrg\u00e4ngen \u00fcberall in Europa, Russland, Australien und in den USA.<\/p>\n<div class=\"avia_textblock avia_textblock_style\" data-update_with=\"content\">\n<p>&nbsp;<\/p>\n<hr \/>\n<\/div>\n<div class=\"avia_textblock avia_textblock_style\" data-update_with=\"content\">\n<h3>Trailer<\/h3>\n<div style=\"width: 640px;\" class=\"wp-video\"><video class=\"wp-video-shortcode\" id=\"video-2606-1\" width=\"640\" height=\"360\" preload=\"metadata\" controls=\"controls\"><source type=\"video\/mp4\" src=\"https:\/\/www.abanico.de\/abanico\/wp-content\/files\/trailer\/Tapi-deutsch-Trailer.mp4?_=1\" \/><a href=\"https:\/\/www.abanico.de\/abanico\/wp-content\/files\/trailer\/Tapi-deutsch-Trailer.mp4\">https:\/\/www.abanico.de\/abanico\/wp-content\/files\/trailer\/Tapi-deutsch-Trailer.mp4<\/a><\/video><\/div>\n<p>&nbsp;<\/p>\n<\/div>\n<p>&nbsp;<\/p>\n","protected":false},"excerpt":{"rendered":"<h2>Modern Arnis &#8211; Tapi-Tapi &#8211; aktuelles Programm &#8211; Download &#8211; DE<\/h2>\n<p><strong>Tapi-Tapi <\/strong>&#8211; <strong>download<br \/>\nSprache: Deutsch<\/strong><br \/>\nLaufzeit (Min.): HD, 80 Minuten<br \/>\n<strong>Produzent: ABANICO<\/strong><\/p>\n","protected":false},"featured_media":5078,"comment_status":"open","ping_status":"closed","template":"","meta":[],"product_brand":[],"product_cat":[7325,39,40],"product_tag":[2321,2319,1370,1364,1372,1374,2323,1440,2325,2062,2327,2317,1376,2349,2329,1442],"class_list":{"0":"post-2606","1":"product","2":"type-product","3":"status-publish","4":"has-post-thumbnail","6":"product_cat-aktuelles-programm","7":"product_cat-download-de","8":"product_cat-modern-arnis-download-de","9":"product_tag-2-stoecke-gegen-1-stock-de","10":"product_tag-corto","11":"product_tag-dav-de","12":"product_tag-deutsch-de","13":"product_tag-deutscher-arnis-verband-de","14":"product_tag-dieter-knuettel-de","15":"product_tag-dopplestock-tapi-de","16":"product_tag-download-de","17":"product_tag-festleger-de","18":"product_tag-hebel-de","19":"product_tag-largo-de","20":"product_tag-medio","21":"product_tag-modern-arnis-de","22":"product_tag-rechte-und-linke-hand-techniken-de","23":"product_tag-tapi-tapi-de","24":"product_tag-video-de","26":"first","27":"instock","28":"downloadable","29":"virtual","30":"sold-individually","31":"taxable","32":"purchasable","33":"product-type-simple"},"_links":{"self":[{"href":"https:\/\/www.abanico.de\/abanico\/wp-json\/wp\/v2\/product\/2606","targetHints":{"allow":["GET"]}}],"collection":[{"href":"https:\/\/www.abanico.de\/abanico\/wp-json\/wp\/v2\/product"}],"about":[{"href":"https:\/\/www.abanico.de\/abanico\/wp-json\/wp\/v2\/types\/product"}],"replies":[{"embeddable":true,"href":"https:\/\/www.abanico.de\/abanico\/wp-json\/wp\/v2\/comments?post=2606"}],"wp:featuredmedia":[{"embeddable":true,"href":"https:\/\/www.abanico.de\/abanico\/wp-json\/wp\/v2\/media\/5078"}],"wp:attachment":[{"href":"https:\/\/www.abanico.de\/abanico\/wp-json\/wp\/v2\/media?parent=2606"}],"wp:term":[{"taxonomy":"product_brand","embeddable":true,"href":"https:\/\/www.abanico.de\/abanico\/wp-json\/wp\/v2\/product_brand?post=2606"},{"taxonomy":"product_cat","embeddable":true,"href":"https:\/\/www.abanico.de\/abanico\/wp-json\/wp\/v2\/product_cat?post=2606"},{"taxonomy":"product_tag","embeddable":true,"href":"https:\/\/www.abanico.de\/abanico\/wp-json\/wp\/v2\/product_tag?post=2606"}],"curies":[{"name":"wp","href":"https:\/\/api.w.org\/{rel}","templated":true}]}}