{"id":1753,"date":"2018-03-05T16:03:36","date_gmt":"2018-03-05T15:03:36","guid":{"rendered":"http:\/\/localhost:8888\/projekt4\/produkt\/import-placeholder-for-3915\/"},"modified":"2018-12-04T00:19:27","modified_gmt":"2018-12-03T23:19:27","slug":"modern-arnis-entwaffnungen-download-video-2","status":"publish","type":"product","link":"https:\/\/www.abanico.de\/abanico\/shop\/download-de\/modern-arnis-download-de\/aktuelles-programm\/modern-arnis-entwaffnungen-download-video-2\/","title":{"rendered":"Modern Arnis &#8211; Entwaffnungen &#8211; Download &#8211; DE"},"content":{"rendered":"<p>Dieses download Video ist sehr interessant f\u00fcr alle Kampfsportler und Kampfk\u00fcnstler. F\u00fcr Arnis und FMA trainierenden sowieso, aber auch f\u00fcr alle, die keine philippinischen Kampfk\u00fcnste betreiben, sich \u00a0aber f\u00fcr Waffen und Entwaffnungstechniken interessieren.<\/p>\n<p>F\u00fcr all jene ist dieses Video ist eine wahre Schatztruhe f\u00fcr Entwaffnungstechniken!<\/p>\n<p>In diesem Video werden in 97 Minuten alle Entwaffnungstechniken demonstriert, die im aktuellen Pr\u00fcfungsprogramm DAV bis zum Braungurt erforderlich sind.<\/p>\n<p>Alle Serien 1 &#8211; 5, die 1. und 2. Serie zus\u00e4tzlich auch gegen links und mit flexiblen Gegenst\u00e4nden.<\/p>\n<p>Zu allen Serien werden die waffenlosen Techniken ebenso wie nicht pr\u00fcfungsrelevante Varianten demonstriert.<\/p>\n<p><strong>Vorspann<\/strong><\/p>\n<p><strong>Gelbgurt Programm<\/strong><\/p>\n<p>&#8211; 1. Entwaffnungsserie: mit rechts gegen rechts und links<\/p>\n<p>&#8211; 1. Serie: Variationen<\/p>\n<p>&#8211; 1. Serie: mit flexiblem Gegenstand<\/p>\n<p>&#8211; 1. Serie: waffenos<\/p>\n<p><strong>Gr\u00fcngurt Programm<\/strong><\/p>\n<p>&#8211; 2. Entwaffnungsserie: mit rechts gegen rechts und links<\/p>\n<p>&#8211; 2. Serie: Variationen<\/p>\n<p>&#8211; 1. und 2. Serie: Stock in der anderen Hand<\/p>\n<p>&#8211; 2. Serie: mit flexiblem Gegenstand<\/p>\n<p>&#8211; 2. Serie: waffenos<\/p>\n<p><strong>Blaugurt Programm<\/strong><\/p>\n<p>&#8211; 3. Entwaffnungsserie<\/p>\n<p>&#8211; 3. Serie: mit Stock und waffenlos<\/p>\n<p>&#8211; 3. Serie: Variationen<\/p>\n<p>&#8211; 4. Entwaffnungsserie<\/p>\n<p>&#8211; 4. Serie: mit Stock und waffenlos<\/p>\n<p>&#8211; 4. Serie: Variationen<\/p>\n<p><strong>Braungurt Programm<\/strong><\/p>\n<p>&#8211; 5. Entwaffnungsserie: Prinzip: Peel<\/p>\n<p>&#8211; 5. Entwaffnungsserie: Prinzip: Strip<\/p>\n<p>&#8211; 5. Entwaffnungsserie<\/p>\n<p>&#8211; 5. Serie: Variationen<\/p>\n<p>&#8211; 5. Serie: waffenos<\/p>\n<p>&#8211; Freies entwaffnen mit Stock: alle Serien<\/p>\n<p>&#8211; Abspann<\/p>\n<p>&nbsp;<\/p>\n<p><strong>\u00dcber den Autor:<\/strong><\/p>\n<p><strong>Gro\u00dfmeister Datu Dieter Kn\u00fcttel<\/strong><\/p>\n<p>ist Diplom-Sportlehrer, Bundestrainer f\u00fcr Modern Arnis (seit 1985) und Modern Arnis Repr\u00e4sentant f\u00fcr Europa.<\/p>\n<p>1996 wurde ihm der Titel Datu und der Grad Lakan Anim, 6. Dan Modern Arnis, von Gro\u00dfmeister Remy A. Presas (10. Dan) pers\u00f6nlich als 4. Arnis-Lehrer au\u00dferhalb der Philippinen und als erstem au\u00dferhalb der USA, verliehen<br \/>\nNachdem er den 7., 8. und 9. Dan auf den Philippinen verliehen bekommen hatte, wurde m 24.9.2016 in Dortmund \u00f6ffentlich bekanntgegeben, dass er von Gro\u00dfmeister Roberto Presas den 10. Dan Modern Arnis verliehen bekommen hatte.<\/p>\n<p>Dieter Kn\u00fcttel betreibt Kampfsport seit 1967 und philippinische Kampfk\u00fcnste seit 1978. Er unterrichtet Modern Arnis auf Lehrg\u00e4ngen \u00fcberall in Europa, Russland, Australien und in den USA.<\/p>\n<div class=\"avia_textblock avia_textblock_style\" data-update_with=\"content\">\n<p>&nbsp;<\/p>\n<hr \/>\n<\/div>\n<div class=\"avia_textblock avia_textblock_style\" data-update_with=\"content\">\n<h3>Trailer<\/h3>\n<div style=\"width: 640px;\" class=\"wp-video\"><video class=\"wp-video-shortcode\" id=\"video-1753-1\" width=\"640\" height=\"360\" preload=\"metadata\" controls=\"controls\"><source type=\"video\/mp4\" src=\"https:\/\/www.abanico.de\/abanico\/wp-content\/files\/trailer\/Entwaffnungen-deutsch-Trailer.mp4?_=1\" \/><a href=\"https:\/\/www.abanico.de\/abanico\/wp-content\/files\/trailer\/Entwaffnungen-deutsch-Trailer.mp4\">https:\/\/www.abanico.de\/abanico\/wp-content\/files\/trailer\/Entwaffnungen-deutsch-Trailer.mp4<\/a><\/video><\/div>\n<p>&nbsp;<\/p>\n<\/div>\n<p>&nbsp;<\/p>\n<p>&nbsp;<\/p>\n","protected":false},"excerpt":{"rendered":"<h2>Modern Arnis &#8211; Entwaffnungen &#8211; Download &#8211; DE<\/h2>\n<p><strong>Stock-Entwaffnungen &#8211;<\/strong> <strong>download<br \/>\nSprache: Deutsch<\/strong><br \/>\nLaufzeit (Min.): HD, 97 Minuten<br \/>\n<strong>Produzent: ABANICO<\/strong><\/p>\n","protected":false},"featured_media":5074,"comment_status":"closed","ping_status":"closed","template":"","meta":[],"product_brand":[],"product_cat":[7325,39,40],"product_tag":[1430,1432,1434,1436,1438,1370,1364,1372,1374,1440,1426,1376,1442],"class_list":{"0":"post-1753","1":"product","2":"type-product","3":"status-publish","4":"has-post-thumbnail","6":"product_cat-aktuelles-programm","7":"product_cat-download-de","8":"product_cat-modern-arnis-download-de","9":"product_tag-1-entwaffnungsserie-de","10":"product_tag-2-entwaffnungsserie-de","11":"product_tag-3-entwaffnungsserie-de","12":"product_tag-4-entwaffnungsserie-de","13":"product_tag-5-entwaffnungsserie-de","14":"product_tag-dav-de","15":"product_tag-deutsch-de","16":"product_tag-deutscher-arnis-verband-de","17":"product_tag-dieter-knuettel-de","18":"product_tag-download-de","19":"product_tag-entwaffnungen-de","20":"product_tag-modern-arnis-de","21":"product_tag-video-de","22":"product_shipping_class-45","24":"first","25":"instock","26":"downloadable","27":"virtual","28":"sold-individually","29":"taxable","30":"purchasable","31":"product-type-simple"},"_links":{"self":[{"href":"https:\/\/www.abanico.de\/abanico\/wp-json\/wp\/v2\/product\/1753","targetHints":{"allow":["GET"]}}],"collection":[{"href":"https:\/\/www.abanico.de\/abanico\/wp-json\/wp\/v2\/product"}],"about":[{"href":"https:\/\/www.abanico.de\/abanico\/wp-json\/wp\/v2\/types\/product"}],"replies":[{"embeddable":true,"href":"https:\/\/www.abanico.de\/abanico\/wp-json\/wp\/v2\/comments?post=1753"}],"wp:featuredmedia":[{"embeddable":true,"href":"https:\/\/www.abanico.de\/abanico\/wp-json\/wp\/v2\/media\/5074"}],"wp:attachment":[{"href":"https:\/\/www.abanico.de\/abanico\/wp-json\/wp\/v2\/media?parent=1753"}],"wp:term":[{"taxonomy":"product_brand","embeddable":true,"href":"https:\/\/www.abanico.de\/abanico\/wp-json\/wp\/v2\/product_brand?post=1753"},{"taxonomy":"product_cat","embeddable":true,"href":"https:\/\/www.abanico.de\/abanico\/wp-json\/wp\/v2\/product_cat?post=1753"},{"taxonomy":"product_tag","embeddable":true,"href":"https:\/\/www.abanico.de\/abanico\/wp-json\/wp\/v2\/product_tag?post=1753"}],"curies":[{"name":"wp","href":"https:\/\/api.w.org\/{rel}","templated":true}]}}